{"id":25062,"date":"2023-05-17T04:35:56","date_gmt":"2023-05-17T04:35:56","guid":{"rendered":"https:\/\/www.alonaboholdiversclub.com\/?page_id=24859"},"modified":"2024-03-21T01:46:44","modified_gmt":"2024-03-21T01:46:44","slug":"plongee-en-apnee","status":"publish","type":"page","link":"https:\/\/www.alonaboholdiversclub.com\/fr\/plongee-en-apnee\/","title":{"rendered":"Excursion D&#8217;une Journ\u00e9e de Plong\u00e9e en Apn\u00e9e"},"content":{"rendered":"<p>[vc_row css_animation=\u00bb\u00bb row_type=\u00bbrow\u00bb use_row_as_full_screen_section=\u00bbno\u00bb type=\u00bbfull_width\u00bb anchor=\u00bbportfolio\u00bb angled_section=\u00bbno\u00bb text_align=\u00bbcenter\u00bb background_image_as_pattern=\u00bbwithout_pattern\u00bb][vc_column][vc_single_image image=\u00bb25038&#8243; img_size=\u00bb1000&#215;1000&#8243; alignment=\u00bbcenter\u00bb qode_css_animation=\u00bb\u00bb][vc_row_inner row_type=\u00bbrow\u00bb type=\u00bbfull_width\u00bb text_align=\u00bbleft\u00bb css_animation=\u00bb\u00bb][vc_column_inner width=\u00bb1\/2&#8243;][vc_empty_space height=\u00bb40px\u00bb][vc_column_text]<\/p>\n<h1 style=\"text-align: center;\"><span style=\"color: #ffffff;\">INFORMATIONS G\u00c9N\u00c9RALES<\/span><\/h1>\n<p>&nbsp;<\/p>\n<p><span style=\"color: #ffffff;\">D\u00e9couvrez de magnifiques paysages sous-marins et la vie marine avec une journ\u00e9e de plong\u00e9e en apn\u00e9e ! Nous proposons des sorties de snorkeling sur les \u00eeles de Balicasag et de Pamilacan.<\/span><\/p>\n<p>&nbsp;<\/p>\n<p><span style=\"color: #ffffff;\">Sauf si une excursion priv\u00e9e est r\u00e9serv\u00e9e, les snorkelers embarquent \u00e0 bord des m\u00eames bateaux que nos plongeurs. Nous visiterons trois sites tout au long de la journ\u00e9e et d\u00e9gusterons un d\u00e9licieux d\u00e9jeuner local de style philippin, pr\u00e9par\u00e9 fra\u00eechement pour vous sur notre spacieux bateau \u00e0 2 niveaux.<\/span><\/p>\n<p>&nbsp;<\/p>\n<p><span style=\"color: #ffffff;\">(Repas v\u00e9g\u00e9tariens disponibles, veuillez informer des restrictions alimentaires.) Masque, tuba et palmes fournis. Le caf\u00e9, le th\u00e9, l&#8217;eau potable et le d\u00e9jeuner sont inclus.<\/span>[\/vc_column_text][vc_empty_space height=\u00bb40px\u00bb]<a  href=\"https:\/\/www.alonaboholdiversclub.com\/fr\/reserver\" target=\"_self\" data-hover-background-color=#ffffff data-hover-border-color=#04937e data-hover-color=#04937e class=\"qbutton  large center\" style=\"color: #ffffff; border-color: #04937e; font-style: normal; font-weight: 700; background-color: #04937e;\">R\u00c9SERVER MAINTENANT<\/a>[\/vc_column_inner][vc_column_inner width=\u00bb1\/2&#8243;][vc_empty_space height=\u00bb40px\u00bb][vc_column_text]<\/p>\n<h1 style=\"text-align: center;\"><span style=\"color: #ffffff;\">D\u00c9TAILS DE L\u2019\u00c9XCURSION<\/span><\/h1>\n<p>&nbsp;<\/p>\n<p style=\"text-align: left;\"><span style=\"color: #ffffff;\"><strong>Heure d&#8217;arriv\u00e9e :<\/strong> Arriv\u00e9e au centre de plong\u00e9e \u00e0 7h45. Le bateau partira \u00e0 8h00. Les clients n\u2019ayant pas s\u00e9lectionn\u00e9 de masque et de palmes la veille devront arriver \u00e0 7h30.<\/span><\/p>\n<p>&nbsp;<\/p>\n<p style=\"text-align: left;\"><span style=\"color: #ffffff;\"><strong>Heure de retour :<\/strong> Entre 14h00 et 15h30, selon la plong\u00e9e et les conditions m\u00e9t\u00e9orologiques.<\/span><\/p>\n<p>&nbsp;<\/p>\n<p style=\"text-align: left;\"><span style=\"color: #ffffff;\"><strong>Itin\u00e9raire :<\/strong> Trois sorties snorkeling au total avec une pause collation ou d\u00e9jeuner entre chaque saut.<\/span><\/p>\n<p>&nbsp;<\/p>\n<p style=\"text-align: left;\"><span style=\"color: #ffffff;\"><strong>Inclus :<\/strong> Caf\u00e9, th\u00e9, eau potable, d\u00e9jeuner et collation du matin.<\/span><\/p>\n<p>&nbsp;<\/p>\n<p style=\"text-align: left;\"><span style=\"color: #ffffff;\"><strong>Non inclus\u00a0:<\/strong> Si vous d\u00e9sirez des boissons gazeuses, des boissons alcoolis\u00e9es, des collations suppl\u00e9mentaires, des photographies ou des vid\u00e9os, celles-ci doivent \u00eatre fournies par vous-m\u00eame.<\/span><\/p>\n<p>&nbsp;<\/p>\n<p style=\"text-align: left;\"><span style=\"color: #ffffff;\"><strong>Quoi apporter :<\/strong> Vous-m\u00eame et un maillot de bain ! Nous vous demanderons de laisser vos chaussures au centre de plong\u00e9e. Vous pouvez apporter un sac contenant d&#8217;autres objets personnels si vous le souhaitez. Si vous portez un \u00e9cran solaire, il doit \u00eatre appliqu\u00e9 au moins 30 minutes avant d&#8217;entrer dans l&#8217;eau. Les produits chimiques de protection solaire sont nocifs pour les r\u00e9cifs coralliens, utilisez donc si possible des options \u00e0 base de zinc.<\/span><\/p>\n<p>&nbsp;<\/p>\n<p style=\"text-align: left;\"><span style=\"color: #ffffff;\"><strong>Comp\u00e9tences en natation\u00a0:<\/strong> Vous devez \u00eatre \u00e0 l\u2019aise dans l\u2019eau. Si vous \u00eates un nageur nerveux et que vous souhaitez une le\u00e7on de plong\u00e9e en apn\u00e9e \u00ab skin diving\u00a0\u00bb pour vous aider \u00e0 vous pr\u00e9parer, veuillez vous renseigner aupr\u00e8s du centre de plong\u00e9e \u00e0 l&#8217;avance et nous serons heureux de vous instruire la veille de votre voyage.<\/span><\/p>\n<p>[\/vc_column_text][\/vc_column_inner][\/vc_row_inner][vc_empty_space height=\u00bb50px\u00bb][\/vc_column][\/vc_row][vc_row css_animation=\u00bb\u00bb row_type=\u00bbrow\u00bb use_row_as_full_screen_section=\u00bbno\u00bb type=\u00bbfull_width\u00bb angled_section=\u00bbno\u00bb text_align=\u00bbleft\u00bb background_image_as_pattern=\u00bbwithout_pattern\u00bb][vc_column][\/vc_column][\/vc_row]<\/p>\n","protected":false},"excerpt":{"rendered":"<p>[vc_row css_animation=\u00bb\u00bb row_type=\u00bbrow\u00bb use_row_as_full_screen_section=\u00bbno\u00bb type=\u00bbfull_width\u00bb anchor=\u00bbportfolio\u00bb angled_section=\u00bbno\u00bb text_align=\u00bbcenter\u00bb background_image_as_pattern=\u00bbwithout_pattern\u00bb][vc_column][vc_single_image image=\u00bb25038&#8243; img_size=\u00bb1000&#215;1000&#8243; alignment=\u00bbcenter\u00bb qode_css_animation=\u00bb\u00bb][vc_row_inner row_type=\u00bbrow\u00bb type=\u00bbfull_width\u00bb text_align=\u00bbleft\u00bb css_animation=\u00bb\u00bb][vc_column_inner width=\u00bb1\/2&#8243;][vc_empty_space height=\u00bb40px\u00bb][vc_column_text] INFORMATIONS G\u00c9N\u00c9RALES &nbsp; D\u00e9couvrez de magnifiques paysages sous-marins et la vie marine avec une journ\u00e9e de plong\u00e9e en apn\u00e9e ! Nous proposons des sorties de snorkeling&#8230;<\/p>\n","protected":false},"author":2,"featured_media":15690,"parent":0,"menu_order":0,"comment_status":"open","ping_status":"open","template":"full_width.php","meta":{"footnotes":""},"_links":{"self":[{"href":"https:\/\/www.alonaboholdiversclub.com\/fr\/wp-json\/wp\/v2\/pages\/25062"}],"collection":[{"href":"https:\/\/www.alonaboholdiversclub.com\/fr\/wp-json\/wp\/v2\/pages"}],"about":[{"href":"https:\/\/www.alonaboholdiversclub.com\/fr\/wp-json\/wp\/v2\/types\/page"}],"author":[{"embeddable":true,"href":"https:\/\/www.alonaboholdiversclub.com\/fr\/wp-json\/wp\/v2\/users\/2"}],"replies":[{"embeddable":true,"href":"https:\/\/www.alonaboholdiversclub.com\/fr\/wp-json\/wp\/v2\/comments?post=25062"}],"version-history":[{"count":7,"href":"https:\/\/www.alonaboholdiversclub.com\/fr\/wp-json\/wp\/v2\/pages\/25062\/revisions"}],"predecessor-version":[{"id":25082,"href":"https:\/\/www.alonaboholdiversclub.com\/fr\/wp-json\/wp\/v2\/pages\/25062\/revisions\/25082"}],"wp:featuredmedia":[{"embeddable":true,"href":"https:\/\/www.alonaboholdiversclub.com\/fr\/wp-json\/wp\/v2\/media\/15690"}],"wp:attachment":[{"href":"https:\/\/www.alonaboholdiversclub.com\/fr\/wp-json\/wp\/v2\/media?parent=25062"}],"curies":[{"name":"wp","href":"https:\/\/api.w.org\/{rel}","templated":true}]}}