{"id":24757,"date":"2023-05-14T10:17:53","date_gmt":"2023-05-14T10:17:53","guid":{"rendered":"https:\/\/www.alonaboholdiversclub.com\/?page_id=24757"},"modified":"2024-04-01T04:43:34","modified_gmt":"2024-04-01T04:43:34","slug":"excurions-journee","status":"publish","type":"page","link":"https:\/\/www.alonaboholdiversclub.com\/fr\/excurions-journee\/","title":{"rendered":"Excursions D&#8217;une Journ\u00e9e Sur l&#8217;\u00eele"},"content":{"rendered":"<p>[vc_row css_animation=\u00bb\u00bb row_type=\u00bbrow\u00bb use_row_as_full_screen_section=\u00bbno\u00bb type=\u00bbfull_width\u00bb anchor=\u00bbportfolio\u00bb angled_section=\u00bbno\u00bb text_align=\u00bbcenter\u00bb background_image_as_pattern=\u00bbwithout_pattern\u00bb][vc_column][vc_single_image image=\u00bb25252&#8243; img_size=\u00bbfull\u00bb alignment=\u00bbcenter\u00bb qode_css_animation=\u00bb\u00bb][vc_row_inner row_type=\u00bbrow\u00bb type=\u00bbfull_width\u00bb text_align=\u00bbleft\u00bb css_animation=\u00bb\u00bb][vc_column_inner width=\u00bb1\/2&#8243;][vc_empty_space height=\u00bb40px\u00bb][vc_column_text]<\/p>\n<h1 style=\"text-align: center;\">Informations G\u00e9n\u00e9rales<\/h1>\n<p>&nbsp;<\/p>\n<p><span data-sheets-root=\"1\" data-sheets-value=\"{&quot;1&quot;:2,&quot;2&quot;:&quot;Rejoignez-nous pour une excursion d'une journ\u00e9e de plong\u00e9e sous-marine m\u00e9morable sur les \u00eeles de Balicasag ou de Pamilacan pour d\u00e9couvrir les joyaux de la couronne du r\u00e9cif de notre r\u00e9gion. Notre vedette vous transportera jusqu'au grand et confortable Bangka (bateau) o\u00f9 vous passerez la journ\u00e9e. Sur les spacieux Bangkas, vous trouverez du caf\u00e9 et du th\u00e9, de l'eau potable fra\u00eeche, des espaces de d\u00e9tente et une terrasse bien expos\u00e9e. Chaque excursion d'une journ\u00e9e comprend trois plong\u00e9es\u00a0: deux sur les \u00eeles et une aux alentours de l\u2019\u00eele de Panglao.\\n\\nDans les sanctuaires marins de Balicasag et de Pamilacan, vous aurez l'occasion de voir et de profiter des jardins de coraux, de nombreuses tortues marines, des bancs de carangues, des barracudas, des maquereaux \u00e0 grande bouche, mais aussi des animaux color\u00e9s et rares tel que des anguilles ruban, des seiches flamboyantes ou des nudibranches.\\n\\nLes excursions d'une journ\u00e9e comprennent \u00e9galement un d\u00e9jeuner de style local, compos\u00e9 soit d'un rago\u00fbt local comme le curry ou l'adobo, soit de viandes et de l\u00e9gumes frais grill\u00e9s au feu avec du riz. Des options v\u00e9g\u00e9tariennes sont disponibles. Veuillez nous informer de toute restriction alimentaire lors de la r\u00e9servation de votre voyage.\\n&quot;}\" data-sheets-userformat=\"{&quot;2&quot;:14593,&quot;3&quot;:{&quot;1&quot;:0,&quot;3&quot;:1},&quot;11&quot;:4,&quot;14&quot;:{&quot;1&quot;:2,&quot;2&quot;:0},&quot;15&quot;:&quot;Tahoma&quot;,&quot;16&quot;:10}\">Rejoignez-nous pour une excursion d&#8217;une journ\u00e9e de plong\u00e9e sous-marine m\u00e9morable sur les \u00eeles de Balicasag ou de Pamilacan pour d\u00e9couvrir les joyaux de la couronne du r\u00e9cif de notre r\u00e9gion. Notre vedette vous transportera jusqu&#8217;au grand et confortable Bangka (bateau) o\u00f9 vous passerez la journ\u00e9e. <\/span><\/p>\n<p>&nbsp;<\/p>\n<p><span data-sheets-root=\"1\" data-sheets-value=\"{&quot;1&quot;:2,&quot;2&quot;:&quot;Rejoignez-nous pour une excursion d'une journ\u00e9e de plong\u00e9e sous-marine m\u00e9morable sur les \u00eeles de Balicasag ou de Pamilacan pour d\u00e9couvrir les joyaux de la couronne du r\u00e9cif de notre r\u00e9gion. Notre vedette vous transportera jusqu'au grand et confortable Bangka (bateau) o\u00f9 vous passerez la journ\u00e9e. Sur les spacieux Bangkas, vous trouverez du caf\u00e9 et du th\u00e9, de l'eau potable fra\u00eeche, des espaces de d\u00e9tente et une terrasse bien expos\u00e9e. Chaque excursion d'une journ\u00e9e comprend trois plong\u00e9es\u00a0: deux sur les \u00eeles et une aux alentours de l\u2019\u00eele de Panglao.\\n\\nDans les sanctuaires marins de Balicasag et de Pamilacan, vous aurez l'occasion de voir et de profiter des jardins de coraux, de nombreuses tortues marines, des bancs de carangues, des barracudas, des maquereaux \u00e0 grande bouche, mais aussi des animaux color\u00e9s et rares tel que des anguilles ruban, des seiches flamboyantes ou des nudibranches.\\n\\nLes excursions d'une journ\u00e9e comprennent \u00e9galement un d\u00e9jeuner de style local, compos\u00e9 soit d'un rago\u00fbt local comme le curry ou l'adobo, soit de viandes et de l\u00e9gumes frais grill\u00e9s au feu avec du riz. Des options v\u00e9g\u00e9tariennes sont disponibles. Veuillez nous informer de toute restriction alimentaire lors de la r\u00e9servation de votre voyage.\\n&quot;}\" data-sheets-userformat=\"{&quot;2&quot;:14593,&quot;3&quot;:{&quot;1&quot;:0,&quot;3&quot;:1},&quot;11&quot;:4,&quot;14&quot;:{&quot;1&quot;:2,&quot;2&quot;:0},&quot;15&quot;:&quot;Tahoma&quot;,&quot;16&quot;:10}\">Sur les spacieux Bangkas, vous trouverez du caf\u00e9 et du th\u00e9, de l&#8217;eau potable fra\u00eeche, des espaces de d\u00e9tente et une terrasse bien expos\u00e9e. Chaque excursion d&#8217;une journ\u00e9e comprend trois plong\u00e9es\u00a0: deux sur les \u00eeles et une aux alentours de l\u2019\u00eele de Panglao.<\/span><\/p>\n<p>&nbsp;<\/p>\n<p>Dans les sanctuaires marins de Balicasag et de Pamilacan, vous aurez l&#8217;occasion de voir et de profiter des jardins de coraux, de nombreuses tortues marines, des bancs de carangues, des barracudas, des maquereaux \u00e0 grande bouche, mais aussi des animaux color\u00e9s et rares tel que des anguilles ruban, des seiches flamboyantes ou des nudibranches.<\/p>\n<p><span data-sheets-root=\"1\" data-sheets-value=\"{&quot;1&quot;:2,&quot;2&quot;:&quot;Rejoignez-nous pour une excursion d'une journ\u00e9e de plong\u00e9e sous-marine m\u00e9morable sur les \u00eeles de Balicasag ou de Pamilacan pour d\u00e9couvrir les joyaux de la couronne du r\u00e9cif de notre r\u00e9gion. Notre vedette vous transportera jusqu'au grand et confortable Bangka (bateau) o\u00f9 vous passerez la journ\u00e9e. Sur les spacieux Bangkas, vous trouverez du caf\u00e9 et du th\u00e9, de l'eau potable fra\u00eeche, des espaces de d\u00e9tente et une terrasse bien expos\u00e9e. Chaque excursion d'une journ\u00e9e comprend trois plong\u00e9es\u00a0: deux sur les \u00eeles et une aux alentours de l\u2019\u00eele de Panglao.\\n\\nDans les sanctuaires marins de Balicasag et de Pamilacan, vous aurez l'occasion de voir et de profiter des jardins de coraux, de nombreuses tortues marines, des bancs de carangues, des barracudas, des maquereaux \u00e0 grande bouche, mais aussi des animaux color\u00e9s et rares tel que des anguilles ruban, des seiches flamboyantes ou des nudibranches.\\n\\nLes excursions d'une journ\u00e9e comprennent \u00e9galement un d\u00e9jeuner de style local, compos\u00e9 soit d'un rago\u00fbt local comme le curry ou l'adobo, soit de viandes et de l\u00e9gumes frais grill\u00e9s au feu avec du riz. Des options v\u00e9g\u00e9tariennes sont disponibles. Veuillez nous informer de toute restriction alimentaire lors de la r\u00e9servation de votre voyage.\\n&quot;}\" data-sheets-userformat=\"{&quot;2&quot;:14593,&quot;3&quot;:{&quot;1&quot;:0,&quot;3&quot;:1},&quot;11&quot;:4,&quot;14&quot;:{&quot;1&quot;:2,&quot;2&quot;:0},&quot;15&quot;:&quot;Tahoma&quot;,&quot;16&quot;:10}\"><br \/>\nLes excursions d&#8217;une journ\u00e9e comprennent \u00e9galement un d\u00e9jeuner de style local, compos\u00e9 soit d&#8217;un rago\u00fbt local comme le curry ou l&#8217;adobo, soit de viandes et de l\u00e9gumes frais grill\u00e9s au feu avec du riz. Des options v\u00e9g\u00e9tariennes sont disponibles. Veuillez nous informer de toute restriction alimentaire lors de la r\u00e9servation de votre voyage.<br \/>\n<\/span>[\/vc_column_text][\/vc_column_inner][vc_column_inner width=\u00bb1\/2&#8243;][vc_empty_space height=\u00bb103px\u00bb][vc_column_text]<strong>Heure d&#8217;arriv\u00e9e:<\/strong> Arriv\u00e9e au centre de plong\u00e9e \u00e0 7h45. Le bateau partira \u00e0 8h00. Les clients n\u2019ayant pas pr\u00e9par\u00e9 de mat\u00e9riel la veille devront arriver \u00e0 7h30.<\/p>\n<p>&nbsp;<\/p>\n<p><strong>Heure de retour:<\/strong> Entre 14h00 et 15h30, selon la plong\u00e9e et les conditions m\u00e9t\u00e9orologiques.<\/p>\n<p>&nbsp;<\/p>\n<p><strong>Itin\u00e9raire:<\/strong> Trois plong\u00e9es au total avec un intervalle minimum d&#8217;une heure en surface entre chaque plong\u00e9e.<\/p>\n<p>&nbsp;<\/p>\n<p><strong>Inclus:<\/strong> Caf\u00e9, th\u00e9, eau potable, d\u00e9jeuner et collation du matin.<\/p>\n<p>&nbsp;<\/p>\n<p><strong>Non inclus:<\/strong> Si vous d\u00e9sirez des boissons gazeuses, des boissons alcoolis\u00e9es, des collations suppl\u00e9mentaires, des photographies ou des vid\u00e9os, celles-ci doivent \u00eatre fournies par vous-m\u00eame.[\/vc_column_text][\/vc_column_inner][\/vc_row_inner][vc_empty_space height=\u00bb50px\u00bb][vc_separator type=\u00bbnormal\u00bb][vc_empty_space height=\u00bb50px\u00bb][vc_column_text]<\/p>\n<h1 style=\"text-align: center;\">Choix:<\/h1>\n<p>[\/vc_column_text][vc_empty_space height=\u00bb50px\u00bb][vc_row_inner row_type=\u00bbrow\u00bb type=\u00bbfull_width\u00bb text_align=\u00bbleft\u00bb css_animation=\u00bb\u00bb][vc_column_inner width=\u00bb1\/2&#8243;][vc_single_image image=\u00bb25253&#8243; img_size=\u00bb900&#215;500&#8243; alignment=\u00bbcenter\u00bb qode_css_animation=\u00bb\u00bb][vc_separator type=\u00bbnormal\u00bb][vc_column_text]<\/p>\n<h4 style=\"text-align: center;\"><span data-sheets-root=\"1\" data-sheets-value=\"{&quot;1&quot;:2,&quot;2&quot;:&quot;Excursion d'une journ\u00e9e sur l'\u00eele Balicasag&quot;}\" data-sheets-userformat=\"{&quot;2&quot;:30783,&quot;3&quot;:{&quot;1&quot;:0,&quot;3&quot;:1},&quot;4&quot;:{&quot;1&quot;:2,&quot;2&quot;:16724889},&quot;5&quot;:{&quot;1&quot;:[{&quot;1&quot;:2,&quot;2&quot;:0,&quot;5&quot;:{&quot;1&quot;:0}},{&quot;1&quot;:0,&quot;2&quot;:0,&quot;3&quot;:3},{&quot;1&quot;:1,&quot;2&quot;:0,&quot;4&quot;:1}]},&quot;6&quot;:{&quot;1&quot;:[{&quot;1&quot;:2,&quot;2&quot;:0,&quot;5&quot;:{&quot;1&quot;:0}},{&quot;1&quot;:0,&quot;2&quot;:0,&quot;3&quot;:3},{&quot;1&quot;:1,&quot;2&quot;:0,&quot;4&quot;:1}]},&quot;7&quot;:{&quot;1&quot;:[{&quot;1&quot;:2,&quot;2&quot;:0,&quot;5&quot;:{&quot;1&quot;:0}},{&quot;1&quot;:0,&quot;2&quot;:0,&quot;3&quot;:3},{&quot;1&quot;:1,&quot;2&quot;:0,&quot;4&quot;:1}]},&quot;8&quot;:{&quot;1&quot;:[{&quot;1&quot;:2,&quot;2&quot;:0,&quot;5&quot;:{&quot;1&quot;:0}},{&quot;1&quot;:0,&quot;2&quot;:0,&quot;3&quot;:3},{&quot;1&quot;:1,&quot;2&quot;:0,&quot;4&quot;:1}]},&quot;14&quot;:{&quot;1&quot;:2,&quot;2&quot;:0},&quot;15&quot;:&quot;Arial&quot;,&quot;16&quot;:10,&quot;17&quot;:1}\">Excursion d&#8217;une journ\u00e9e sur l&#8217;\u00eele Balicasag<\/span><\/h4>\n<p>[\/vc_column_text][vc_separator type=\u00bbnormal\u00bb][vc_column_text]<\/p>\n<p style=\"text-align: left;\">Lors de votre voyage sur l&#8217;\u00eele de Balicasag, vous pourrez observer de magnifiques coraux et la vie marine le long des r\u00e9cifs en pente qui entourent la petite \u00eele ronde. Ce sanctuaire marin offre la possibilit\u00e9 d&#8217;observer plusieurs types de coraux, une grande faune comme des tortues vertes, des bancs de carangues, de barracudas et d&#8217;autres poissons de r\u00e9cif, ainsi qu&#8217;une vie macro diversifi\u00e9e comme des nudibranches ou des crevettes.<\/p>\n<p>&nbsp;<\/p>\n<p style=\"text-align: left;\">Ce magnifique sanctuaire marin est situ\u00e9 \u00e0 environ 30 minutes en bateau de notre centre de plong\u00e9e. Vous n\u2019oublierez pas de sit\u00f4t cette exp\u00e9rience de plong\u00e9e magique !<\/p>\n<p>[\/vc_column_text][vc_empty_space height=\u00bb30px\u00bb]<a  href=\"https:\/\/www.alonaboholdiversclub.com\/fr\/sites-plongees-bohol\/zones-de-plongee-balicasag\/\" target=\"_self\" data-hover-background-color=#ffffff data-hover-border-color=#04937e data-hover-color=#04937e class=\"qbutton  large center\" style=\"color: #ffffff; border-color: #04937e; font-style: normal; font-weight: 700; background-color: #04937e;\">EN SAVOIR PLUS<\/a>[vc_empty_space height=\u00bb30px\u00bb]<a  href=\"https:\/\/www.alonaboholdiversclub.com\/fr\/reserver\/\" target=\"_self\" data-hover-background-color=#ffffff data-hover-border-color=#04937e data-hover-color=#04937e class=\"qbutton  large center\" style=\"color: #ffffff; border-color: #04937e; font-style: normal; font-weight: 700; background-color: #04937e;\">R\u00c9SERVER MAINTENANT<\/a>[\/vc_column_inner][vc_column_inner width=\u00bb1\/2&#8243;][vc_single_image image=\u00bb25254&#8243; img_size=\u00bb900&#215;500&#8243; alignment=\u00bbcenter\u00bb qode_css_animation=\u00bb\u00bb][vc_separator type=\u00bbnormal\u00bb][vc_column_text]<\/p>\n<h4 style=\"text-align: center;\"><span data-sheets-root=\"1\" data-sheets-value=\"{&quot;1&quot;:2,&quot;2&quot;:&quot;Excursion d'une journ\u00e9e sur l'\u00eele Pamilacan&quot;}\" data-sheets-userformat=\"{&quot;2&quot;:30783,&quot;3&quot;:{&quot;1&quot;:0,&quot;3&quot;:1},&quot;4&quot;:{&quot;1&quot;:2,&quot;2&quot;:16724889},&quot;5&quot;:{&quot;1&quot;:[{&quot;1&quot;:2,&quot;2&quot;:0,&quot;5&quot;:{&quot;1&quot;:0}},{&quot;1&quot;:0,&quot;2&quot;:0,&quot;3&quot;:3},{&quot;1&quot;:1,&quot;2&quot;:0,&quot;4&quot;:1}]},&quot;6&quot;:{&quot;1&quot;:[{&quot;1&quot;:2,&quot;2&quot;:0,&quot;5&quot;:{&quot;1&quot;:0}},{&quot;1&quot;:0,&quot;2&quot;:0,&quot;3&quot;:3},{&quot;1&quot;:1,&quot;2&quot;:0,&quot;4&quot;:1}]},&quot;7&quot;:{&quot;1&quot;:[{&quot;1&quot;:2,&quot;2&quot;:0,&quot;5&quot;:{&quot;1&quot;:0}},{&quot;1&quot;:0,&quot;2&quot;:0,&quot;3&quot;:3},{&quot;1&quot;:1,&quot;2&quot;:0,&quot;4&quot;:1}]},&quot;8&quot;:{&quot;1&quot;:[{&quot;1&quot;:2,&quot;2&quot;:0,&quot;5&quot;:{&quot;1&quot;:0}},{&quot;1&quot;:0,&quot;2&quot;:0,&quot;3&quot;:3},{&quot;1&quot;:1,&quot;2&quot;:0,&quot;4&quot;:1}]},&quot;14&quot;:{&quot;1&quot;:2,&quot;2&quot;:0},&quot;15&quot;:&quot;Arial&quot;,&quot;16&quot;:10,&quot;17&quot;:1}\">Excursion d&#8217;une journ\u00e9e sur l&#8217;\u00eele Pamilacan<\/span><\/h4>\n<p>[\/vc_column_text][vc_separator type=\u00bbnormal\u00bb][vc_column_text]<\/p>\n<p style=\"text-align: left;\"><span data-sheets-root=\"1\" data-sheets-value=\"{&quot;1&quot;:2,&quot;2&quot;:&quot;Lors de votre voyage sur l'\u00eele de Pamilacan, plongez le long des r\u00e9cifs en pente raide qui entourent l'\u00eele. D\u00e9couvrez de grands coraux durs et mous regorgeant de poissons et d'une vie macro rare. Vous aurez \u00e9galement l'occasion de voir de gros animaux comme des tortues imbriqu\u00e9es et des tortues vertes ainsi que des bancs de barracudas, de carangues et de poissons empereurs. L\u2019\u00eele est situ\u00e9 \u00e0 environ 40 minutes en bateau de notre centre de plong\u00e9e sur la plage d'Alona. Sur le chemin vers et depuis l'\u00eele, il est \u00e9galement possible d'apercevoir des dauphins si vous avez de la chance !\\n&quot;}\" data-sheets-userformat=\"{&quot;2&quot;:14593,&quot;3&quot;:{&quot;1&quot;:0,&quot;3&quot;:1},&quot;11&quot;:4,&quot;14&quot;:{&quot;1&quot;:2,&quot;2&quot;:0},&quot;15&quot;:&quot;Tahoma&quot;,&quot;16&quot;:10}\">Lors de votre voyage sur l&#8217;\u00eele de Pamilacan, plongez le long des r\u00e9cifs en pente raide qui entourent l&#8217;\u00eele. D\u00e9couvrez de grands coraux durs et mous regorgeant de poissons et d&#8217;une vie macro rare. <\/span><\/p>\n<p>&nbsp;<\/p>\n<p style=\"text-align: left;\"><span data-sheets-root=\"1\" data-sheets-value=\"{&quot;1&quot;:2,&quot;2&quot;:&quot;Lors de votre voyage sur l'\u00eele de Pamilacan, plongez le long des r\u00e9cifs en pente raide qui entourent l'\u00eele. D\u00e9couvrez de grands coraux durs et mous regorgeant de poissons et d'une vie macro rare. Vous aurez \u00e9galement l'occasion de voir de gros animaux comme des tortues imbriqu\u00e9es et des tortues vertes ainsi que des bancs de barracudas, de carangues et de poissons empereurs. L\u2019\u00eele est situ\u00e9 \u00e0 environ 40 minutes en bateau de notre centre de plong\u00e9e sur la plage d'Alona. Sur le chemin vers et depuis l'\u00eele, il est \u00e9galement possible d'apercevoir des dauphins si vous avez de la chance !\\n&quot;}\" data-sheets-userformat=\"{&quot;2&quot;:14593,&quot;3&quot;:{&quot;1&quot;:0,&quot;3&quot;:1},&quot;11&quot;:4,&quot;14&quot;:{&quot;1&quot;:2,&quot;2&quot;:0},&quot;15&quot;:&quot;Tahoma&quot;,&quot;16&quot;:10}\">Vous aurez \u00e9galement l&#8217;occasion de voir de gros animaux comme des tortues imbriqu\u00e9es et des tortues vertes ainsi que des bancs de barracudas, de carangues et de poissons empereurs. L\u2019\u00eele est situ\u00e9 \u00e0 environ 40 minutes en bateau de notre centre de plong\u00e9e sur la plage d&#8217;Alona. Sur le chemin vers et depuis l&#8217;\u00eele, il est \u00e9galement possible d&#8217;apercevoir des dauphins si vous avez de la chance !<br \/>\n<\/span><\/p>\n<p>[\/vc_column_text][vc_empty_space height=\u00bb30px\u00bb]<a  href=\"https:\/\/www.alonaboholdiversclub.com\/fr\/sites-plongees-bohol\/zones-de-plongee-pamilacan\/\" target=\"_self\" data-hover-background-color=#ffffff data-hover-border-color=#04937e data-hover-color=#04937e class=\"qbutton  large center\" style=\"color: #ffffff; border-color: #04937e; font-style: normal; font-weight: 700; background-color: #04937e;\">EN SAVOIR PLUS<\/a>[vc_empty_space height=\u00bb30px\u00bb]<a  href=\"https:\/\/www.alonaboholdiversclub.com\/fr\/reserver\/\" target=\"_self\" data-hover-background-color=#ffffff data-hover-border-color=#04937e data-hover-color=#04937e class=\"qbutton  large center\" style=\"color: #ffffff; border-color: #04937e; font-style: normal; font-weight: 700; background-color: #04937e;\">R\u00c9SERVER MAINTENANT<\/a>[vc_empty_space height=\u00bb30px\u00bb][\/vc_column_inner][\/vc_row_inner][vc_empty_space height=\u00bb50px\u00bb][vc_separator type=\u00bbnormal\u00bb][vc_empty_space height=\u00bb50px\u00bb]<div class=\"call_to_action normal\" style=\"background-color: #611194;padding-top: 57px;padding-bottom: 59px;\"><div class=\"container_inner\"><div class=\"two_columns_75_25 clearfix\"><div class=\"text_wrapper column1\"><div class=\"call_to_action_text\" style=\"font-size:20px;font-weight: 400;\"><\/p>\n<h4>VOUS N&#8217;AVEZ PAS LE TEMPS POUR UNE JOURN\u00c9E PLONG\u00c9E SUR LES \u00ceLES DES PHILIPPINES\u00a0?<\/h4>\n<p>&nbsp;<\/p>\n<h4>Cliquez ici pour notre autre option permettant de s\u00e9lectionner votre nombre de plong\u00e9es.<\/h4>\n<p><\/div><\/div><div class=\"button_wrapper column2\"><a href=\"https:\/\/www.alonaboholdiversclub.com\/fr\/sites-plongees-bohol\/zones-de-plongee-panglao\/\" class=\"qbutton white \" target=\"\" style=\"color: #611194;border-color: #ffffff;background-color: #ffffff;\"data-hover-background-color=#611194 data-hover-border-color=#ffffff data-hover-color=#ffffff>PANGLAO<\/a><\/div><\/div><\/div><\/div>[\/vc_column][\/vc_row][vc_row css_animation=\u00bb\u00bb row_type=\u00bbrow\u00bb use_row_as_full_screen_section=\u00bbno\u00bb type=\u00bbfull_width\u00bb angled_section=\u00bbno\u00bb text_align=\u00bbleft\u00bb background_image_as_pattern=\u00bbwithout_pattern\u00bb][vc_column][\/vc_column][\/vc_row]<\/p>\n","protected":false},"excerpt":{"rendered":"<p>[vc_row css_animation=\u00bb\u00bb row_type=\u00bbrow\u00bb use_row_as_full_screen_section=\u00bbno\u00bb type=\u00bbfull_width\u00bb anchor=\u00bbportfolio\u00bb angled_section=\u00bbno\u00bb text_align=\u00bbcenter\u00bb background_image_as_pattern=\u00bbwithout_pattern\u00bb][vc_column][vc_single_image image=\u00bb25252&#8243; img_size=\u00bbfull\u00bb alignment=\u00bbcenter\u00bb qode_css_animation=\u00bb\u00bb][vc_row_inner row_type=\u00bbrow\u00bb type=\u00bbfull_width\u00bb text_align=\u00bbleft\u00bb css_animation=\u00bb\u00bb][vc_column_inner width=\u00bb1\/2&#8243;][vc_empty_space height=\u00bb40px\u00bb][vc_column_text] Informations G\u00e9n\u00e9rales &nbsp; Rejoignez-nous pour une excursion d&#8217;une journ\u00e9e de plong\u00e9e sous-marine m\u00e9morable sur les \u00eeles de Balicasag ou de Pamilacan pour d\u00e9couvrir les joyaux de&#8230;<\/p>\n","protected":false},"author":2,"featured_media":25016,"parent":0,"menu_order":0,"comment_status":"open","ping_status":"open","template":"full_width.php","meta":{"footnotes":""},"_links":{"self":[{"href":"https:\/\/www.alonaboholdiversclub.com\/fr\/wp-json\/wp\/v2\/pages\/24757"}],"collection":[{"href":"https:\/\/www.alonaboholdiversclub.com\/fr\/wp-json\/wp\/v2\/pages"}],"about":[{"href":"https:\/\/www.alonaboholdiversclub.com\/fr\/wp-json\/wp\/v2\/types\/page"}],"author":[{"embeddable":true,"href":"https:\/\/www.alonaboholdiversclub.com\/fr\/wp-json\/wp\/v2\/users\/2"}],"replies":[{"embeddable":true,"href":"https:\/\/www.alonaboholdiversclub.com\/fr\/wp-json\/wp\/v2\/comments?post=24757"}],"version-history":[{"count":9,"href":"https:\/\/www.alonaboholdiversclub.com\/fr\/wp-json\/wp\/v2\/pages\/24757\/revisions"}],"predecessor-version":[{"id":25316,"href":"https:\/\/www.alonaboholdiversclub.com\/fr\/wp-json\/wp\/v2\/pages\/24757\/revisions\/25316"}],"wp:featuredmedia":[{"embeddable":true,"href":"https:\/\/www.alonaboholdiversclub.com\/fr\/wp-json\/wp\/v2\/media\/25016"}],"wp:attachment":[{"href":"https:\/\/www.alonaboholdiversclub.com\/fr\/wp-json\/wp\/v2\/media?parent=24757"}],"curies":[{"name":"wp","href":"https:\/\/api.w.org\/{rel}","templated":true}]}}