{"id":24743,"date":"2023-05-11T04:38:20","date_gmt":"2023-05-11T04:38:20","guid":{"rendered":"https:\/\/www.alonaboholdiversclub.com\/?page_id=24743"},"modified":"2024-03-24T07:35:58","modified_gmt":"2024-03-24T07:35:58","slug":"yoga-plage","status":"publish","type":"page","link":"https:\/\/www.alonaboholdiversclub.com\/fr\/yoga-plage\/","title":{"rendered":"Yoga Sur la Plage au Coucher du Soleil"},"content":{"rendered":"<p>[vc_row css_animation=\u00bb\u00bb row_type=\u00bbrow\u00bb use_row_as_full_screen_section=\u00bbno\u00bb type=\u00bbfull_width\u00bb angled_section=\u00bbno\u00bb text_align=\u00bbleft\u00bb background_image_as_pattern=\u00bbwithout_pattern\u00bb][vc_column][vc_single_image image=\u00bb25243&#8243; img_size=\u00bbfull\u00bb alignment=\u00bbcenter\u00bb qode_css_animation=\u00bb\u00bb][\/vc_column][\/vc_row][vc_row css_animation=\u00bb\u00bb row_type=\u00bbrow\u00bb use_row_as_full_screen_section=\u00bbno\u00bb type=\u00bbfull_width\u00bb angled_section=\u00bbno\u00bb text_align=\u00bbleft\u00bb background_image_as_pattern=\u00bbwithout_pattern\u00bb][vc_column width=\u00bb1\/6&#8243;][\/vc_column][vc_column width=\u00bb2\/3&#8243;][vc_empty_space height=\u00bb40px\u00bb][vc_column_text]<strong>Yoga sur la plage au coucher du soleil au Bohol Divers Club.<\/strong><\/p>\n<p>&nbsp;<\/p>\n<p>Saviez-vous que le Bohol Divers Club propose des s\u00e9ances de yoga au coucher du soleil sur la plage d&#8217;Alona, \u200b\u200bchaque semaine? Rejoignez-nous pour du yoga tous les lundis et jeudis \u00e0 17h30. Tous les niveaux sont les bienvenus et les tapis de yoga sont fournis.<\/p>\n<p>&nbsp;<\/p>\n<p><strong>Un centre de plong\u00e9e et un centre communautaire:<\/strong><\/p>\n<p>Nous vivons et respirons la plong\u00e9e sous-marine ! Chez Bohol Divers, nous proposons <a href=\"https:\/\/www.alonaboholdiversclub.com\/courses-padi\/\">des cours de plong\u00e9e sous-marine<\/a>, des plong\u00e9es loisirs, des cours de Divemaster et d\u2019Instructeur ainsi que des excursions sur les \u00eeles. Mais la plong\u00e9e ne fait pas tout, et apr\u00e8s avoir port\u00e9 du mat\u00e9riel et des bouteilles d\u2019air toute la journ\u00e9e, un peu de yoga relaxant est exactement ce que le m\u00e9decin vous prescrirez. Nous aimons voir nos invit\u00e9s se d\u00e9tendre enfin de journ\u00e9e avec un cours de yoga face \u00e0 un magnifique coucher de soleil, autant que nous aimons qu&#8217;ils voient un sp\u00e9cial syngnathe ou de rares coraux.<\/p>\n<p>&nbsp;<\/p>\n<p>Nous consid\u00e9rons \u00e9galement nos cours de yoga et les rencontres sociales comme une occasion de redonner aux habitants de Panglao. Nous aimons \u00eatre un endroit o\u00f9 les gens qui vivent et travaillent dans notre communaut\u00e9 viennent nous rendre visite et nous dire bonjour. Cela nous aide \u00e0 faire partie d\u2019une communaut\u00e9 forte et \u00e0 lui offrir quelque chose en retour.<\/p>\n<p>&nbsp;<\/p>\n<p><strong>Nous aimons aider nos amis:<\/strong><\/p>\n<p>Notre collaboration avec <a href=\"https:\/\/www.instagram.com\/yogawithjing\">Jing<\/a>, notre professeur de yoga r\u00e9sident, a commenc\u00e9 avant la pand\u00e9mie et s\u2019est transform\u00e9e en une v\u00e9ritable amiti\u00e9. Nous avons fait la connaissance de Jing au fil des ann\u00e9es de partenariat de yoga, et elle vit aussi pour plonger avec nous maintenant ! Elle fait v\u00e9ritablement partie de la famille BDC. Ce fut un plaisir pour nous de la voir \u00e9voluer en tant que professeur de yoga et elle a eu la gentillesse de traiter nos plongeurs avec soin.<\/p>\n<p>&nbsp;<\/p>\n<p>Nous sommes heureux de f\u00e9liciter Jing pour l&#8217;ouverture de son <a href=\"https:\/\/www.panglaoyoga.com\/\">nouveau studio de yoga \u00e0 Panglao<\/a> et lui souhaitons tout le meilleur ! Nous aimons croire que nous avons \u00e9t\u00e9 l\u00e0 comme un tremplin vers son d\u00e9veloppement. Nous tenons \u00e9galement \u00e0 la remercier de continuer \u00e0 offrir le yoga \u00e0 notre communaut\u00e9 jusqu&#8217;\u00e0 ce jour.<\/p>\n<p>&nbsp;<\/p>\n<p><strong>Tarifs r\u00e9duits pour nos plongeurs:<\/strong><\/p>\n<p>Nos plongeurs b\u00e9n\u00e9ficient de tarifs r\u00e9duits pour les s\u00e9ances de yoga sur la plage. Les plongeurs paient 250php par session et le prix pour les non-plongeurs est de 350php. Alors venez plonger, d\u00eener, pratiquer le yoga avec nous, et bien plus encore. Nous vous invitons \u00e0 faire partie de la communaut\u00e9 aimante du Bohol Divers Club.[\/vc_column_text][vc_empty_space height=\u00bb40px\u00bb]<a  href=\"https:\/\/www.alonaboholdiversclub.com\/fr\/reserver\/\" target=\"_self\" data-hover-border-color=#04937e data-hover-color=#04937e class=\"qbutton  center\" style=\"color: #ffffff; border-color: #04937e; font-style: normal; font-weight: 700; background-color: #04937e;\">R\u00c9SERVER<\/a>[vc_empty_space height=\u00bb50px\u00bb][\/vc_column][vc_column width=\u00bb1\/6&#8243;][\/vc_column][\/vc_row][vc_row css_animation=\u00bb\u00bb row_type=\u00bbrow\u00bb use_row_as_full_screen_section=\u00bbno\u00bb type=\u00bbfull_width\u00bb angled_section=\u00bbno\u00bb text_align=\u00bbleft\u00bb background_image_as_pattern=\u00bbwithout_pattern\u00bb][vc_column][\/vc_column][\/vc_row]<\/p>\n","protected":false},"excerpt":{"rendered":"<p>[vc_row css_animation=\u00bb\u00bb row_type=\u00bbrow\u00bb use_row_as_full_screen_section=\u00bbno\u00bb type=\u00bbfull_width\u00bb angled_section=\u00bbno\u00bb text_align=\u00bbleft\u00bb background_image_as_pattern=\u00bbwithout_pattern\u00bb][vc_column][vc_single_image image=\u00bb25243&#8243; img_size=\u00bbfull\u00bb alignment=\u00bbcenter\u00bb qode_css_animation=\u00bb\u00bb][\/vc_column][\/vc_row][vc_row css_animation=\u00bb\u00bb row_type=\u00bbrow\u00bb use_row_as_full_screen_section=\u00bbno\u00bb type=\u00bbfull_width\u00bb angled_section=\u00bbno\u00bb text_align=\u00bbleft\u00bb background_image_as_pattern=\u00bbwithout_pattern\u00bb][vc_column width=\u00bb1\/6&#8243;][\/vc_column][vc_column width=\u00bb2\/3&#8243;][vc_empty_space height=\u00bb40px\u00bb][vc_column_text]Yoga sur la plage au coucher du soleil au Bohol Divers Club. &nbsp; Saviez-vous que le Bohol Divers Club propose des s\u00e9ances de yoga&#8230;<\/p>\n","protected":false},"author":2,"featured_media":25039,"parent":0,"menu_order":0,"comment_status":"closed","ping_status":"closed","template":"","meta":{"footnotes":""},"_links":{"self":[{"href":"https:\/\/www.alonaboholdiversclub.com\/fr\/wp-json\/wp\/v2\/pages\/24743"}],"collection":[{"href":"https:\/\/www.alonaboholdiversclub.com\/fr\/wp-json\/wp\/v2\/pages"}],"about":[{"href":"https:\/\/www.alonaboholdiversclub.com\/fr\/wp-json\/wp\/v2\/types\/page"}],"author":[{"embeddable":true,"href":"https:\/\/www.alonaboholdiversclub.com\/fr\/wp-json\/wp\/v2\/users\/2"}],"replies":[{"embeddable":true,"href":"https:\/\/www.alonaboholdiversclub.com\/fr\/wp-json\/wp\/v2\/comments?post=24743"}],"version-history":[{"count":4,"href":"https:\/\/www.alonaboholdiversclub.com\/fr\/wp-json\/wp\/v2\/pages\/24743\/revisions"}],"predecessor-version":[{"id":25244,"href":"https:\/\/www.alonaboholdiversclub.com\/fr\/wp-json\/wp\/v2\/pages\/24743\/revisions\/25244"}],"wp:featuredmedia":[{"embeddable":true,"href":"https:\/\/www.alonaboholdiversclub.com\/fr\/wp-json\/wp\/v2\/media\/25039"}],"wp:attachment":[{"href":"https:\/\/www.alonaboholdiversclub.com\/fr\/wp-json\/wp\/v2\/media?parent=24743"}],"curies":[{"name":"wp","href":"https:\/\/api.w.org\/{rel}","templated":true}]}}