{"id":24693,"date":"2023-05-10T11:23:56","date_gmt":"2023-05-10T11:23:56","guid":{"rendered":"https:\/\/www.alonaboholdiversclub.com\/?page_id=24693"},"modified":"2025-12-14T04:16:16","modified_gmt":"2025-12-14T04:16:16","slug":"plongeur-sauvetage","status":"publish","type":"page","link":"https:\/\/www.alonaboholdiversclub.com\/fr\/plongeur-sauvetage\/","title":{"rendered":"RESCUE DIVER"},"content":{"rendered":"<p>[vc_row css_animation=\u00bb\u00bb row_type=\u00bbrow\u00bb use_row_as_full_screen_section=\u00bbno\u00bb type=\u00bbfull_width\u00bb angled_section=\u00bbno\u00bb text_align=\u00bbleft\u00bb background_image_as_pattern=\u00bbwithout_pattern\u00bb][vc_column][vc_single_image image=\u00bb25234&#8243; img_size=\u00bbfull\u00bb alignment=\u00bbcenter\u00bb qode_css_animation=\u00bb\u00bb][vc_empty_space height=\u00bb40px\u00bb][vc_column_text]<span style=\"font-weight: 400;\">Comme dans tout sport, des incidents de sant\u00e9 et de s\u00e9curit\u00e9 sont possibles en plong\u00e9e sous-marine. Ce cours \u00e9largit vos connaissances sur la fa\u00e7on de pr\u00e9venir les probl\u00e8mes et de les g\u00e9rer s&#8217;ils surviennent. En tant que Rescue Diver certifi\u00e9, vous saurez comment r\u00e9agir et aider en cas d\u2019urgence, pour vous-m\u00eame et votre entourage, afin de plonger en toute s\u00e9curit\u00e9. Les plongeurs d\u00e9crivent souvent ce cours comme le cours le plus difficile, mais aussi le plus gratifiant, qu\u2019ils aient jamais suivi.<\/span><\/p>\n<p>&nbsp;<\/p>\n<p><b>Contenu:<\/b><\/p>\n<p><span style=\"font-weight: 400;\">Comp\u00e9tences d&#8217;auto-sauvetage<\/span><\/p>\n<p><span style=\"font-weight: 400;\">Reconna\u00eetre et g\u00e9rer le stress chez les autres plongeurs<\/span><\/p>\n<p><span style=\"font-weight: 400;\">Gestion et \u00e9quipement des urgences<\/span><\/p>\n<p><span style=\"font-weight: 400;\">Sauver des plongeurs paniqu\u00e9s<\/span><\/p>\n<p><span style=\"font-weight: 400;\">Sauver les plongeurs inconscients<\/span><\/p>\n<p>&nbsp;<\/p>\n<p><b>Inclus:<\/b><\/p>\n<p><span style=\"font-weight: 400;\">Manuel d&#8217;apprentissage en ligne Rescue Diver<\/span><\/p>\n<p><span style=\"font-weight: 400;\">Comp\u00e9tences en eau confin\u00e9e<\/span><\/p>\n<p><span style=\"font-weight: 400;\">2 sc\u00e9narios de secours d&#8217;urgence<\/span><\/p>\n<p><span style=\"font-weight: 400;\">Certification PADI<\/span><\/p>\n<p>&nbsp;<\/p>\n<p><b>\u00c2ge minimum :<\/b><span style=\"font-weight: 400;\"> 12 ans<\/span><\/p>\n<p>&nbsp;<\/p>\n<p><b>Conditions pr\u00e9alables:<\/b><\/p>\n<p><span style=\"font-weight: 400;\">Certification Advanced Open Water ou certification PADI Adventure Diver avec trois plong\u00e9es aventure incluant la navigation sous-marine. Form\u00e9 \u00e0 la RCR au cours des deux ann\u00e9es pr\u00e9c\u00e9dentes.<\/span><\/p>\n<p>&nbsp;<\/p>\n<p><b>Dur\u00e9e : <\/b>2<b>&#8211;<\/b><span style=\"font-weight: 400;\">3 jours<\/span><\/p>\n<p><strong>Prix:<\/strong> 20.800PHP[\/vc_column_text][vc_empty_space height=\u00bb50px\u00bb]<a  href=\"https:\/\/www.alonaboholdiversclub.com\/fr\/reserver\/\" target=\"_self\" data-hover-border-color=#04937e data-hover-color=#04937e class=\"qbutton  center\" style=\"color: #ffffff; border-color: #04937e; font-style: normal; font-weight: 700; background-color: #04937e;\">R\u00c9server maintenant<\/a>[vc_empty_space height=\u00bb50px\u00bb][\/vc_column][\/vc_row]<\/p>\n","protected":false},"excerpt":{"rendered":"<p>[vc_row css_animation=\u00bb\u00bb row_type=\u00bbrow\u00bb use_row_as_full_screen_section=\u00bbno\u00bb type=\u00bbfull_width\u00bb angled_section=\u00bbno\u00bb text_align=\u00bbleft\u00bb background_image_as_pattern=\u00bbwithout_pattern\u00bb][vc_column][vc_single_image image=\u00bb25234&#8243; img_size=\u00bbfull\u00bb alignment=\u00bbcenter\u00bb qode_css_animation=\u00bb\u00bb][vc_empty_space height=\u00bb40px\u00bb][vc_column_text]Comme dans tout sport, des incidents de sant\u00e9 et de s\u00e9curit\u00e9 sont possibles en plong\u00e9e sous-marine. Ce cours \u00e9largit vos connaissances sur la fa\u00e7on de pr\u00e9venir les probl\u00e8mes et de les g\u00e9rer s&#8217;ils&#8230;<\/p>\n","protected":false},"author":2,"featured_media":24961,"parent":0,"menu_order":0,"comment_status":"closed","ping_status":"closed","template":"","meta":{"footnotes":""},"_links":{"self":[{"href":"https:\/\/www.alonaboholdiversclub.com\/fr\/wp-json\/wp\/v2\/pages\/24693"}],"collection":[{"href":"https:\/\/www.alonaboholdiversclub.com\/fr\/wp-json\/wp\/v2\/pages"}],"about":[{"href":"https:\/\/www.alonaboholdiversclub.com\/fr\/wp-json\/wp\/v2\/types\/page"}],"author":[{"embeddable":true,"href":"https:\/\/www.alonaboholdiversclub.com\/fr\/wp-json\/wp\/v2\/users\/2"}],"replies":[{"embeddable":true,"href":"https:\/\/www.alonaboholdiversclub.com\/fr\/wp-json\/wp\/v2\/comments?post=24693"}],"version-history":[{"count":6,"href":"https:\/\/www.alonaboholdiversclub.com\/fr\/wp-json\/wp\/v2\/pages\/24693\/revisions"}],"predecessor-version":[{"id":25339,"href":"https:\/\/www.alonaboholdiversclub.com\/fr\/wp-json\/wp\/v2\/pages\/24693\/revisions\/25339"}],"wp:featuredmedia":[{"embeddable":true,"href":"https:\/\/www.alonaboholdiversclub.com\/fr\/wp-json\/wp\/v2\/media\/24961"}],"wp:attachment":[{"href":"https:\/\/www.alonaboholdiversclub.com\/fr\/wp-json\/wp\/v2\/media?parent=24693"}],"curies":[{"name":"wp","href":"https:\/\/api.w.org\/{rel}","templated":true}]}}