{"id":24673,"date":"2023-05-10T10:45:26","date_gmt":"2023-05-10T10:45:26","guid":{"rendered":"https:\/\/www.alonaboholdiversclub.com\/?page_id=24673"},"modified":"2024-04-01T03:23:56","modified_gmt":"2024-04-01T03:23:56","slug":"formation-premier-intervenant","status":"publish","type":"page","link":"https:\/\/www.alonaboholdiversclub.com\/fr\/formation-premier-intervenant\/","title":{"rendered":"Emergency First Responder I Formation Premier Intervenant"},"content":{"rendered":"<p>[vc_row css_animation=\u00bb\u00bb row_type=\u00bbrow\u00bb use_row_as_full_screen_section=\u00bbno\u00bb type=\u00bbfull_width\u00bb angled_section=\u00bbno\u00bb text_align=\u00bbleft\u00bb background_image_as_pattern=\u00bbwithout_pattern\u00bb][vc_column][vc_single_image image=\u00bb25233&#8243; img_size=\u00bb1200&#215;700&#8243; alignment=\u00bbcenter\u00bb qode_css_animation=\u00bb\u00bb][vc_empty_space height=\u00bb30px\u00bb][vc_column_text]<span style=\"font-weight: 400;\">Le cours PADI Emergency First Responder est un programme de formation d&#8217;une journ\u00e9e qui vous forme aux premiers secours et \u00e0 la RCR, y compris le fonctionnement de base de l&#8217;oxyg\u00e8ne d&#8217;urgence et de l&#8217;\u00e9quipement AED. Vous apprendrez \u00e0 surveiller et \u00e0 stabiliser un patient en attendant l&#8217;arriv\u00e9e des services m\u00e9dicaux d&#8217;urgence. Ces comp\u00e9tences pourraient s\u2019av\u00e9rer vitales dans votre vie quotidienne ainsi que pour la plong\u00e9e.<\/span><\/p>\n<p>&nbsp;<\/p>\n<p><span style=\"font-weight: 400;\">Ce dont vous avez besoin : Tout le monde peut s&#8217;inscrire au cours PADI EFR.<\/span><\/p>\n<p>&nbsp;<\/p>\n<p><b>Inclus:<\/b><\/p>\n<p><span style=\"font-weight: 400;\">Manuel d&#8217;apprentissage en ligne de l&#8217;EFR<\/span><\/p>\n<p><span style=\"font-weight: 400;\">S\u00e9ances d&#8217;entra\u00eenement et simulations d&#8217;accidents<\/span><\/p>\n<p><span style=\"font-weight: 400;\">Attestation<\/span><\/p>\n<p>&nbsp;<\/p>\n<p><b>\u00c2ge minimum :<\/b><span style=\"font-weight: 400;\"> Aucun.<\/span><\/p>\n<p>&nbsp;<\/p>\n<p><b>Pr\u00e9-requis : <\/b><span style=\"font-weight: 400;\">Aucun.<\/span><\/p>\n<p>&nbsp;<\/p>\n<p><b>Dur\u00e9e :<\/b><span style=\"font-weight: 400;\"> Une journ\u00e9e<\/span><\/p>\n<p>&nbsp;<\/p>\n<p><strong>Prix:<\/strong> 8.800 PHP[\/vc_column_text][vc_empty_space height=\u00bb50px\u00bb]<a  href=\"https:\/\/www.alonaboholdiversclub.com\/fr\/reserver\" target=\"_self\" data-hover-border-color=#04937e data-hover-color=#04937e class=\"qbutton  center\" style=\"color: #ffffff; border-color: #04937e; font-style: normal; font-weight: 700; background-color: #04937e;\">R\u00c9SERVER MAINTENANT<\/a>[vc_empty_space height=\u00bb50px\u00bb][\/vc_column][\/vc_row]<\/p>\n","protected":false},"excerpt":{"rendered":"<p>[vc_row css_animation=\u00bb\u00bb row_type=\u00bbrow\u00bb use_row_as_full_screen_section=\u00bbno\u00bb type=\u00bbfull_width\u00bb angled_section=\u00bbno\u00bb text_align=\u00bbleft\u00bb background_image_as_pattern=\u00bbwithout_pattern\u00bb][vc_column][vc_single_image image=\u00bb25233&#8243; img_size=\u00bb1200&#215;700&#8243; alignment=\u00bbcenter\u00bb qode_css_animation=\u00bb\u00bb][vc_empty_space height=\u00bb30px\u00bb][vc_column_text]Le cours PADI Emergency First Responder est un programme de formation d&#8217;une journ\u00e9e qui vous forme aux premiers secours et \u00e0 la RCR, y compris le fonctionnement de base de l&#8217;oxyg\u00e8ne d&#8217;urgence et&#8230;<\/p>\n","protected":false},"author":2,"featured_media":0,"parent":0,"menu_order":0,"comment_status":"closed","ping_status":"closed","template":"","meta":{"footnotes":""},"_links":{"self":[{"href":"https:\/\/www.alonaboholdiversclub.com\/fr\/wp-json\/wp\/v2\/pages\/24673"}],"collection":[{"href":"https:\/\/www.alonaboholdiversclub.com\/fr\/wp-json\/wp\/v2\/pages"}],"about":[{"href":"https:\/\/www.alonaboholdiversclub.com\/fr\/wp-json\/wp\/v2\/types\/page"}],"author":[{"embeddable":true,"href":"https:\/\/www.alonaboholdiversclub.com\/fr\/wp-json\/wp\/v2\/users\/2"}],"replies":[{"embeddable":true,"href":"https:\/\/www.alonaboholdiversclub.com\/fr\/wp-json\/wp\/v2\/comments?post=24673"}],"version-history":[{"count":9,"href":"https:\/\/www.alonaboholdiversclub.com\/fr\/wp-json\/wp\/v2\/pages\/24673\/revisions"}],"predecessor-version":[{"id":25298,"href":"https:\/\/www.alonaboholdiversclub.com\/fr\/wp-json\/wp\/v2\/pages\/24673\/revisions\/25298"}],"wp:attachment":[{"href":"https:\/\/www.alonaboholdiversclub.com\/fr\/wp-json\/wp\/v2\/media?parent=24673"}],"curies":[{"name":"wp","href":"https:\/\/api.w.org\/{rel}","templated":true}]}}