{"id":24659,"date":"2023-05-10T07:56:04","date_gmt":"2023-05-10T07:56:04","guid":{"rendered":"https:\/\/www.alonaboholdiversclub.com\/?page_id=24659"},"modified":"2025-12-14T04:12:10","modified_gmt":"2025-12-14T04:12:10","slug":"eau-libre-avancee","status":"publish","type":"page","link":"https:\/\/www.alonaboholdiversclub.com\/fr\/eau-libre-avancee\/","title":{"rendered":"ADVENTURE DIVER \/ eau libre avanc\u00e9e"},"content":{"rendered":"<p>[vc_row css_animation=\u00bb\u00bb row_type=\u00bbrow\u00bb use_row_as_full_screen_section=\u00bbno\u00bb type=\u00bbfull_width\u00bb angled_section=\u00bbno\u00bb text_align=\u00bbleft\u00bb background_image_as_pattern=\u00bbwithout_pattern\u00bb][vc_column][vc_single_image image=\u00bb15609&#8243; img_size=\u00bbfull\u00bb alignment=\u00bbcenter\u00bb qode_css_animation=\u00bb\u00bb][vc_empty_space height=\u00bb20px\u00bb][vc_column_text]<\/p>\n<p style=\"text-align: justify;\"><span data-sheets-root=\"1\" data-sheets-value=\"{&quot;1&quot;:2,&quot;2&quot;:&quot;Le cours Advanced Open Water Diver vous aide \u00e0 perfectionner vos comp\u00e9tences et \u00e0 accro\u00eetre votre confiance. Avec les conseils de votre instructeur exp\u00e9riment\u00e9, vous acquerrez de nouvelles connaissances en mati\u00e8re de s\u00e9curit\u00e9 et d\u00e9velopperez votre capacit\u00e9 \u00e0 plonger dans des conditions difficiles. Vous aurez la chance d\u2019acqu\u00e9rir des comp\u00e9tences telles que la maitrise de la flottabilit\u00e9, la plong\u00e9e de nuit, la plong\u00e9e profonde, l\u2019identification des poissons, la plong\u00e9e d\u00e9rivante, et bien plus encore.\\n\\n\\nInclus:\\nManuel d'apprentissage en ligne PADI Advanced et Adventure Diving\\nLes Adventure Divers doivent choisir 3 plong\u00e9es Adventure\\nLes plongeurs Advanced Open water doivent choisir 5 plong\u00e9es aventure (la plong\u00e9e profonde et la plong\u00e9e de navigation sous-marine sont obligatoires, et la plong\u00e9e nocturne avec flottabilit\u00e9 maximale et la plong\u00e9e d\u00e9rivante sont fortement recommand\u00e9es.)\\n(La plong\u00e9e profonde et la plong\u00e9e de navigation sous-marine sont obligatoires, la maitrise de la flottabilit\u00e9 et la plong\u00e9e de nuit sont fortement recommand\u00e9es, la plong\u00e9e d\u00e9rivante, la recherche et la r\u00e9cup\u00e9ration, l'identification des poissons ou le naturaliste sous-marin sont d'autres options disponibles)\\nTout l'\u00e9quipement de plong\u00e9e n\u00e9cessaire\\nCertification PADI.\\n\\n\u00c2ge minimum : 15 ans pour Advanced Open Water, ou 12 ans pour Junior Advanced Open Water\\n\\nConditions pr\u00e9alables\u00a0: Pour vous inscrire \u00e0 ce cours, vous devez \u00eatre un PADI Open Water Diver (ou une certification qualifiante d'un autre organisme de formation). Vous devez \u00eatre en bonne sant\u00e9 physique pour pouvoir participer en toute s\u00e9curit\u00e9.\\n\\nDur\u00e9e:\\nAdventure Diver (3 plong\u00e9es) : 1 \u2013 2 jours\\nAdvanced Open Water (5 plong\u00e9es) : 2 \u2013 3 jours\\nAdventure Dive (1 plong\u00e9e) : 3 heures&quot;}\" data-sheets-userformat=\"{&quot;2&quot;:15105,&quot;3&quot;:{&quot;1&quot;:0},&quot;11&quot;:4,&quot;12&quot;:0,&quot;14&quot;:{&quot;1&quot;:2,&quot;2&quot;:0},&quot;15&quot;:&quot;Arial&quot;,&quot;16&quot;:10}\" data-sheets-textstyleruns=\"{&quot;1&quot;:0}\uee10{&quot;1&quot;:507,&quot;2&quot;:{&quot;5&quot;:1}}\uee10{&quot;1&quot;:515}\uee10{&quot;1&quot;:1265,&quot;2&quot;:{&quot;5&quot;:1}}\uee10{&quot;1&quot;:1278}\uee10{&quot;1&quot;:1355,&quot;2&quot;:{&quot;5&quot;:1}}\uee10{&quot;1&quot;:1378}\uee10{&quot;1&quot;:1605,&quot;2&quot;:{&quot;5&quot;:1}}\uee10{&quot;1&quot;:1612}\">Le cours Advanced Open Water Diver vous aide \u00e0 perfectionner vos comp\u00e9tences et \u00e0 accro\u00eetre votre confiance. Avec les conseils de votre instructeur exp\u00e9riment\u00e9, vous acquerrez de nouvelles connaissances en mati\u00e8re de s\u00e9curit\u00e9 et d\u00e9velopperez votre capacit\u00e9 \u00e0 plonger dans des conditions difficiles. Vous aurez la chance d\u2019acqu\u00e9rir des comp\u00e9tences telles que la maitrise de la flottabilit\u00e9, la plong\u00e9e de nuit, la plong\u00e9e profonde, l\u2019identification des poissons, la plong\u00e9e d\u00e9rivante, et bien plus encore.<\/span><\/p>\n<p>&nbsp;<\/p>\n<p><strong>Inclus:<\/strong><\/p>\n<ul>\n<li style=\"text-align: justify;\"><span data-sheets-root=\"1\" data-sheets-value=\"{&quot;1&quot;:2,&quot;2&quot;:&quot;Le cours Advanced Open Water Diver vous aide \u00e0 perfectionner vos comp\u00e9tences et \u00e0 accro\u00eetre votre confiance. Avec les conseils de votre instructeur exp\u00e9riment\u00e9, vous acquerrez de nouvelles connaissances en mati\u00e8re de s\u00e9curit\u00e9 et d\u00e9velopperez votre capacit\u00e9 \u00e0 plonger dans des conditions difficiles. Vous aurez la chance d\u2019acqu\u00e9rir des comp\u00e9tences telles que la maitrise de la flottabilit\u00e9, la plong\u00e9e de nuit, la plong\u00e9e profonde, l\u2019identification des poissons, la plong\u00e9e d\u00e9rivante, et bien plus encore.\\n\\n\\nInclus:\\nManuel d'apprentissage en ligne PADI Advanced et Adventure Diving\\nLes Adventure Divers doivent choisir 3 plong\u00e9es Adventure\\nLes plongeurs Advanced Open water doivent choisir 5 plong\u00e9es aventure (la plong\u00e9e profonde et la plong\u00e9e de navigation sous-marine sont obligatoires, et la plong\u00e9e nocturne avec flottabilit\u00e9 maximale et la plong\u00e9e d\u00e9rivante sont fortement recommand\u00e9es.)\\n(La plong\u00e9e profonde et la plong\u00e9e de navigation sous-marine sont obligatoires, la maitrise de la flottabilit\u00e9 et la plong\u00e9e de nuit sont fortement recommand\u00e9es, la plong\u00e9e d\u00e9rivante, la recherche et la r\u00e9cup\u00e9ration, l'identification des poissons ou le naturaliste sous-marin sont d'autres options disponibles)\\nTout l'\u00e9quipement de plong\u00e9e n\u00e9cessaire\\nCertification PADI.\\n\\n\u00c2ge minimum : 15 ans pour Advanced Open Water, ou 12 ans pour Junior Advanced Open Water\\n\\nConditions pr\u00e9alables\u00a0: Pour vous inscrire \u00e0 ce cours, vous devez \u00eatre un PADI Open Water Diver (ou une certification qualifiante d'un autre organisme de formation). Vous devez \u00eatre en bonne sant\u00e9 physique pour pouvoir participer en toute s\u00e9curit\u00e9.\\n\\nDur\u00e9e:\\nAdventure Diver (3 plong\u00e9es) : 1 \u2013 2 jours\\nAdvanced Open Water (5 plong\u00e9es) : 2 \u2013 3 jours\\nAdventure Dive (1 plong\u00e9e) : 3 heures&quot;}\" data-sheets-userformat=\"{&quot;2&quot;:15105,&quot;3&quot;:{&quot;1&quot;:0},&quot;11&quot;:4,&quot;12&quot;:0,&quot;14&quot;:{&quot;1&quot;:2,&quot;2&quot;:0},&quot;15&quot;:&quot;Arial&quot;,&quot;16&quot;:10}\" data-sheets-textstyleruns=\"{&quot;1&quot;:0}\uee10{&quot;1&quot;:507,&quot;2&quot;:{&quot;5&quot;:1}}\uee10{&quot;1&quot;:515}\uee10{&quot;1&quot;:1265,&quot;2&quot;:{&quot;5&quot;:1}}\uee10{&quot;1&quot;:1278}\uee10{&quot;1&quot;:1355,&quot;2&quot;:{&quot;5&quot;:1}}\uee10{&quot;1&quot;:1378}\uee10{&quot;1&quot;:1605,&quot;2&quot;:{&quot;5&quot;:1}}\uee10{&quot;1&quot;:1612}\">Manuel d&#8217;apprentissage en ligne PADI Advanced et Adventure Diving<\/span><\/li>\n<li style=\"text-align: justify;\"><span data-sheets-root=\"1\" data-sheets-value=\"{&quot;1&quot;:2,&quot;2&quot;:&quot;Le cours Advanced Open Water Diver vous aide \u00e0 perfectionner vos comp\u00e9tences et \u00e0 accro\u00eetre votre confiance. Avec les conseils de votre instructeur exp\u00e9riment\u00e9, vous acquerrez de nouvelles connaissances en mati\u00e8re de s\u00e9curit\u00e9 et d\u00e9velopperez votre capacit\u00e9 \u00e0 plonger dans des conditions difficiles. Vous aurez la chance d\u2019acqu\u00e9rir des comp\u00e9tences telles que la maitrise de la flottabilit\u00e9, la plong\u00e9e de nuit, la plong\u00e9e profonde, l\u2019identification des poissons, la plong\u00e9e d\u00e9rivante, et bien plus encore.\\n\\n\\nInclus:\\nManuel d'apprentissage en ligne PADI Advanced et Adventure Diving\\nLes Adventure Divers doivent choisir 3 plong\u00e9es Adventure\\nLes plongeurs Advanced Open water doivent choisir 5 plong\u00e9es aventure (la plong\u00e9e profonde et la plong\u00e9e de navigation sous-marine sont obligatoires, et la plong\u00e9e nocturne avec flottabilit\u00e9 maximale et la plong\u00e9e d\u00e9rivante sont fortement recommand\u00e9es.)\\n(La plong\u00e9e profonde et la plong\u00e9e de navigation sous-marine sont obligatoires, la maitrise de la flottabilit\u00e9 et la plong\u00e9e de nuit sont fortement recommand\u00e9es, la plong\u00e9e d\u00e9rivante, la recherche et la r\u00e9cup\u00e9ration, l'identification des poissons ou le naturaliste sous-marin sont d'autres options disponibles)\\nTout l'\u00e9quipement de plong\u00e9e n\u00e9cessaire\\nCertification PADI.\\n\\n\u00c2ge minimum : 15 ans pour Advanced Open Water, ou 12 ans pour Junior Advanced Open Water\\n\\nConditions pr\u00e9alables\u00a0: Pour vous inscrire \u00e0 ce cours, vous devez \u00eatre un PADI Open Water Diver (ou une certification qualifiante d'un autre organisme de formation). Vous devez \u00eatre en bonne sant\u00e9 physique pour pouvoir participer en toute s\u00e9curit\u00e9.\\n\\nDur\u00e9e:\\nAdventure Diver (3 plong\u00e9es) : 1 \u2013 2 jours\\nAdvanced Open Water (5 plong\u00e9es) : 2 \u2013 3 jours\\nAdventure Dive (1 plong\u00e9e) : 3 heures&quot;}\" data-sheets-userformat=\"{&quot;2&quot;:15105,&quot;3&quot;:{&quot;1&quot;:0},&quot;11&quot;:4,&quot;12&quot;:0,&quot;14&quot;:{&quot;1&quot;:2,&quot;2&quot;:0},&quot;15&quot;:&quot;Arial&quot;,&quot;16&quot;:10}\" data-sheets-textstyleruns=\"{&quot;1&quot;:0}\uee10{&quot;1&quot;:507,&quot;2&quot;:{&quot;5&quot;:1}}\uee10{&quot;1&quot;:515}\uee10{&quot;1&quot;:1265,&quot;2&quot;:{&quot;5&quot;:1}}\uee10{&quot;1&quot;:1278}\uee10{&quot;1&quot;:1355,&quot;2&quot;:{&quot;5&quot;:1}}\uee10{&quot;1&quot;:1378}\uee10{&quot;1&quot;:1605,&quot;2&quot;:{&quot;5&quot;:1}}\uee10{&quot;1&quot;:1612}\">Les Adventure Divers doivent choisir 3 plong\u00e9es Adventure<\/span><\/li>\n<li style=\"text-align: justify;\"><span data-sheets-root=\"1\" data-sheets-value=\"{&quot;1&quot;:2,&quot;2&quot;:&quot;Le cours Advanced Open Water Diver vous aide \u00e0 perfectionner vos comp\u00e9tences et \u00e0 accro\u00eetre votre confiance. Avec les conseils de votre instructeur exp\u00e9riment\u00e9, vous acquerrez de nouvelles connaissances en mati\u00e8re de s\u00e9curit\u00e9 et d\u00e9velopperez votre capacit\u00e9 \u00e0 plonger dans des conditions difficiles. Vous aurez la chance d\u2019acqu\u00e9rir des comp\u00e9tences telles que la maitrise de la flottabilit\u00e9, la plong\u00e9e de nuit, la plong\u00e9e profonde, l\u2019identification des poissons, la plong\u00e9e d\u00e9rivante, et bien plus encore.\\n\\n\\nInclus:\\nManuel d'apprentissage en ligne PADI Advanced et Adventure Diving\\nLes Adventure Divers doivent choisir 3 plong\u00e9es Adventure\\nLes plongeurs Advanced Open water doivent choisir 5 plong\u00e9es aventure (la plong\u00e9e profonde et la plong\u00e9e de navigation sous-marine sont obligatoires, et la plong\u00e9e nocturne avec flottabilit\u00e9 maximale et la plong\u00e9e d\u00e9rivante sont fortement recommand\u00e9es.)\\n(La plong\u00e9e profonde et la plong\u00e9e de navigation sous-marine sont obligatoires, la maitrise de la flottabilit\u00e9 et la plong\u00e9e de nuit sont fortement recommand\u00e9es, la plong\u00e9e d\u00e9rivante, la recherche et la r\u00e9cup\u00e9ration, l'identification des poissons ou le naturaliste sous-marin sont d'autres options disponibles)\\nTout l'\u00e9quipement de plong\u00e9e n\u00e9cessaire\\nCertification PADI.\\n\\n\u00c2ge minimum : 15 ans pour Advanced Open Water, ou 12 ans pour Junior Advanced Open Water\\n\\nConditions pr\u00e9alables\u00a0: Pour vous inscrire \u00e0 ce cours, vous devez \u00eatre un PADI Open Water Diver (ou une certification qualifiante d'un autre organisme de formation). Vous devez \u00eatre en bonne sant\u00e9 physique pour pouvoir participer en toute s\u00e9curit\u00e9.\\n\\nDur\u00e9e:\\nAdventure Diver (3 plong\u00e9es) : 1 \u2013 2 jours\\nAdvanced Open Water (5 plong\u00e9es) : 2 \u2013 3 jours\\nAdventure Dive (1 plong\u00e9e) : 3 heures&quot;}\" data-sheets-userformat=\"{&quot;2&quot;:15105,&quot;3&quot;:{&quot;1&quot;:0},&quot;11&quot;:4,&quot;12&quot;:0,&quot;14&quot;:{&quot;1&quot;:2,&quot;2&quot;:0},&quot;15&quot;:&quot;Arial&quot;,&quot;16&quot;:10}\" data-sheets-textstyleruns=\"{&quot;1&quot;:0}\uee10{&quot;1&quot;:507,&quot;2&quot;:{&quot;5&quot;:1}}\uee10{&quot;1&quot;:515}\uee10{&quot;1&quot;:1265,&quot;2&quot;:{&quot;5&quot;:1}}\uee10{&quot;1&quot;:1278}\uee10{&quot;1&quot;:1355,&quot;2&quot;:{&quot;5&quot;:1}}\uee10{&quot;1&quot;:1378}\uee10{&quot;1&quot;:1605,&quot;2&quot;:{&quot;5&quot;:1}}\uee10{&quot;1&quot;:1612}\">Les plongeurs Advanced Open water doivent choisir 5 plong\u00e9es aventure (la plong\u00e9e profonde et la plong\u00e9e de navigation sous-marine sont obligatoires, et la plong\u00e9e nocturne avec flottabilit\u00e9 maximale et la plong\u00e9e d\u00e9rivante sont fortement recommand\u00e9es.)<br \/>\n(La plong\u00e9e profonde et la plong\u00e9e de navigation sous-marine sont obligatoires, la maitrise de la flottabilit\u00e9 et la plong\u00e9e de nuit sont fortement recommand\u00e9es, la plong\u00e9e d\u00e9rivante, la recherche et la r\u00e9cup\u00e9ration, l&#8217;identification des poissons ou le naturaliste sous-marin sont d&#8217;autres options disponibles)<\/span><\/li>\n<li style=\"text-align: justify;\"><span data-sheets-root=\"1\" data-sheets-value=\"{&quot;1&quot;:2,&quot;2&quot;:&quot;Le cours Advanced Open Water Diver vous aide \u00e0 perfectionner vos comp\u00e9tences et \u00e0 accro\u00eetre votre confiance. Avec les conseils de votre instructeur exp\u00e9riment\u00e9, vous acquerrez de nouvelles connaissances en mati\u00e8re de s\u00e9curit\u00e9 et d\u00e9velopperez votre capacit\u00e9 \u00e0 plonger dans des conditions difficiles. Vous aurez la chance d\u2019acqu\u00e9rir des comp\u00e9tences telles que la maitrise de la flottabilit\u00e9, la plong\u00e9e de nuit, la plong\u00e9e profonde, l\u2019identification des poissons, la plong\u00e9e d\u00e9rivante, et bien plus encore.\\n\\n\\nInclus:\\nManuel d'apprentissage en ligne PADI Advanced et Adventure Diving\\nLes Adventure Divers doivent choisir 3 plong\u00e9es Adventure\\nLes plongeurs Advanced Open water doivent choisir 5 plong\u00e9es aventure (la plong\u00e9e profonde et la plong\u00e9e de navigation sous-marine sont obligatoires, et la plong\u00e9e nocturne avec flottabilit\u00e9 maximale et la plong\u00e9e d\u00e9rivante sont fortement recommand\u00e9es.)\\n(La plong\u00e9e profonde et la plong\u00e9e de navigation sous-marine sont obligatoires, la maitrise de la flottabilit\u00e9 et la plong\u00e9e de nuit sont fortement recommand\u00e9es, la plong\u00e9e d\u00e9rivante, la recherche et la r\u00e9cup\u00e9ration, l'identification des poissons ou le naturaliste sous-marin sont d'autres options disponibles)\\nTout l'\u00e9quipement de plong\u00e9e n\u00e9cessaire\\nCertification PADI.\\n\\n\u00c2ge minimum : 15 ans pour Advanced Open Water, ou 12 ans pour Junior Advanced Open Water\\n\\nConditions pr\u00e9alables\u00a0: Pour vous inscrire \u00e0 ce cours, vous devez \u00eatre un PADI Open Water Diver (ou une certification qualifiante d'un autre organisme de formation). Vous devez \u00eatre en bonne sant\u00e9 physique pour pouvoir participer en toute s\u00e9curit\u00e9.\\n\\nDur\u00e9e:\\nAdventure Diver (3 plong\u00e9es) : 1 \u2013 2 jours\\nAdvanced Open Water (5 plong\u00e9es) : 2 \u2013 3 jours\\nAdventure Dive (1 plong\u00e9e) : 3 heures&quot;}\" data-sheets-userformat=\"{&quot;2&quot;:15105,&quot;3&quot;:{&quot;1&quot;:0},&quot;11&quot;:4,&quot;12&quot;:0,&quot;14&quot;:{&quot;1&quot;:2,&quot;2&quot;:0},&quot;15&quot;:&quot;Arial&quot;,&quot;16&quot;:10}\" data-sheets-textstyleruns=\"{&quot;1&quot;:0}\uee10{&quot;1&quot;:507,&quot;2&quot;:{&quot;5&quot;:1}}\uee10{&quot;1&quot;:515}\uee10{&quot;1&quot;:1265,&quot;2&quot;:{&quot;5&quot;:1}}\uee10{&quot;1&quot;:1278}\uee10{&quot;1&quot;:1355,&quot;2&quot;:{&quot;5&quot;:1}}\uee10{&quot;1&quot;:1378}\uee10{&quot;1&quot;:1605,&quot;2&quot;:{&quot;5&quot;:1}}\uee10{&quot;1&quot;:1612}\">Tout l&#8217;\u00e9quipement de plong\u00e9e n\u00e9cessaire<\/span><\/li>\n<li style=\"text-align: justify;\">Certification PADI.<\/li>\n<\/ul>\n<p>&nbsp;<\/p>\n<p><span data-sheets-root=\"1\" data-sheets-value=\"{&quot;1&quot;:2,&quot;2&quot;:&quot;Le cours Advanced Open Water Diver vous aide \u00e0 perfectionner vos comp\u00e9tences et \u00e0 accro\u00eetre votre confiance. Avec les conseils de votre instructeur exp\u00e9riment\u00e9, vous acquerrez de nouvelles connaissances en mati\u00e8re de s\u00e9curit\u00e9 et d\u00e9velopperez votre capacit\u00e9 \u00e0 plonger dans des conditions difficiles. Vous aurez la chance d\u2019acqu\u00e9rir des comp\u00e9tences telles que la maitrise de la flottabilit\u00e9, la plong\u00e9e de nuit, la plong\u00e9e profonde, l\u2019identification des poissons, la plong\u00e9e d\u00e9rivante, et bien plus encore.\\n\\n\\nInclus:\\nManuel d'apprentissage en ligne PADI Advanced et Adventure Diving\\nLes Adventure Divers doivent choisir 3 plong\u00e9es Adventure\\nLes plongeurs Advanced Open water doivent choisir 5 plong\u00e9es aventure (la plong\u00e9e profonde et la plong\u00e9e de navigation sous-marine sont obligatoires, et la plong\u00e9e nocturne avec flottabilit\u00e9 maximale et la plong\u00e9e d\u00e9rivante sont fortement recommand\u00e9es.)\\n(La plong\u00e9e profonde et la plong\u00e9e de navigation sous-marine sont obligatoires, la maitrise de la flottabilit\u00e9 et la plong\u00e9e de nuit sont fortement recommand\u00e9es, la plong\u00e9e d\u00e9rivante, la recherche et la r\u00e9cup\u00e9ration, l'identification des poissons ou le naturaliste sous-marin sont d'autres options disponibles)\\nTout l'\u00e9quipement de plong\u00e9e n\u00e9cessaire\\nCertification PADI.\\n\\n\u00c2ge minimum : 15 ans pour Advanced Open Water, ou 12 ans pour Junior Advanced Open Water\\n\\nConditions pr\u00e9alables\u00a0: Pour vous inscrire \u00e0 ce cours, vous devez \u00eatre un PADI Open Water Diver (ou une certification qualifiante d'un autre organisme de formation). Vous devez \u00eatre en bonne sant\u00e9 physique pour pouvoir participer en toute s\u00e9curit\u00e9.\\n\\nDur\u00e9e:\\nAdventure Diver (3 plong\u00e9es) : 1 \u2013 2 jours\\nAdvanced Open Water (5 plong\u00e9es) : 2 \u2013 3 jours\\nAdventure Dive (1 plong\u00e9e) : 3 heures&quot;}\" data-sheets-userformat=\"{&quot;2&quot;:15105,&quot;3&quot;:{&quot;1&quot;:0},&quot;11&quot;:4,&quot;12&quot;:0,&quot;14&quot;:{&quot;1&quot;:2,&quot;2&quot;:0},&quot;15&quot;:&quot;Arial&quot;,&quot;16&quot;:10}\" data-sheets-textstyleruns=\"{&quot;1&quot;:0}\uee10{&quot;1&quot;:507,&quot;2&quot;:{&quot;5&quot;:1}}\uee10{&quot;1&quot;:515}\uee10{&quot;1&quot;:1265,&quot;2&quot;:{&quot;5&quot;:1}}\uee10{&quot;1&quot;:1278}\uee10{&quot;1&quot;:1355,&quot;2&quot;:{&quot;5&quot;:1}}\uee10{&quot;1&quot;:1378}\uee10{&quot;1&quot;:1605,&quot;2&quot;:{&quot;5&quot;:1}}\uee10{&quot;1&quot;:1612}\"><br \/>\n<strong>\u00c2ge minimum:<\/strong> 15 ans pour Advanced Open Water, ou 12 ans pour Junior Advanced Open Water<\/span><\/p>\n<p>&nbsp;<\/p>\n<p><strong>Conditions pr\u00e9alables:<\/strong> Pour vous inscrire \u00e0 ce cours, vous devez \u00eatre un PADI Open Water Diver (ou une certification qualifiante d&#8217;un autre organisme de formation). Vous devez \u00eatre en bonne sant\u00e9 physique pour pouvoir participer en toute s\u00e9curit\u00e9.<\/p>\n<p>&nbsp;<\/p>\n<p><strong>Dur\u00e9e:<\/strong><br \/>\nAdventure Diver (3 plong\u00e9es): 1 \u2013 2 jours<br \/>\nAdvanced Open Water (5 plong\u00e9es): 2 \u2013 3 jours<br \/>\nAdventure Dive (1 plong\u00e9e): 3 heures<\/p>\n<p>&nbsp;<\/p>\n<p><strong>Prix:<\/strong><\/p>\n<p>Adventure Diver cours: 13.800 PHP<\/p>\n<p>Advanced Open Water cours: 17.800 PHP<\/p>\n<p>Adventure Dive: 3.500 PHP chacune[\/vc_column_text][vc_empty_space height=\u00bb50px\u00bb]<a  href=\"https:\/\/www.alonaboholdiversclub.com\/fr\/reserver\/\" target=\"_self\" data-hover-border-color=#04937e data-hover-color=#04937e class=\"qbutton  center\" style=\"color: #ffffff; border-color: #04937e; font-style: normal; font-weight: 700; background-color: #04937e;\">R\u00c9SERVER MAINTENANT<\/a>[vc_empty_space height=\u00bb50px\u00bb][\/vc_column][\/vc_row]<\/p>\n","protected":false},"excerpt":{"rendered":"<p>[vc_row css_animation=\u00bb\u00bb row_type=\u00bbrow\u00bb use_row_as_full_screen_section=\u00bbno\u00bb type=\u00bbfull_width\u00bb angled_section=\u00bbno\u00bb text_align=\u00bbleft\u00bb background_image_as_pattern=\u00bbwithout_pattern\u00bb][vc_column][vc_single_image image=\u00bb15609&#8243; img_size=\u00bbfull\u00bb alignment=\u00bbcenter\u00bb qode_css_animation=\u00bb\u00bb][vc_empty_space height=\u00bb20px\u00bb][vc_column_text] Le cours Advanced Open Water Diver vous aide \u00e0 perfectionner vos comp\u00e9tences et \u00e0 accro\u00eetre votre confiance. Avec les conseils de votre instructeur exp\u00e9riment\u00e9, vous acquerrez de nouvelles connaissances en mati\u00e8re de&#8230;<\/p>\n","protected":false},"author":2,"featured_media":0,"parent":0,"menu_order":0,"comment_status":"closed","ping_status":"closed","template":"","meta":{"footnotes":""},"_links":{"self":[{"href":"https:\/\/www.alonaboholdiversclub.com\/fr\/wp-json\/wp\/v2\/pages\/24659"}],"collection":[{"href":"https:\/\/www.alonaboholdiversclub.com\/fr\/wp-json\/wp\/v2\/pages"}],"about":[{"href":"https:\/\/www.alonaboholdiversclub.com\/fr\/wp-json\/wp\/v2\/types\/page"}],"author":[{"embeddable":true,"href":"https:\/\/www.alonaboholdiversclub.com\/fr\/wp-json\/wp\/v2\/users\/2"}],"replies":[{"embeddable":true,"href":"https:\/\/www.alonaboholdiversclub.com\/fr\/wp-json\/wp\/v2\/comments?post=24659"}],"version-history":[{"count":7,"href":"https:\/\/www.alonaboholdiversclub.com\/fr\/wp-json\/wp\/v2\/pages\/24659\/revisions"}],"predecessor-version":[{"id":25337,"href":"https:\/\/www.alonaboholdiversclub.com\/fr\/wp-json\/wp\/v2\/pages\/24659\/revisions\/25337"}],"wp:attachment":[{"href":"https:\/\/www.alonaboholdiversclub.com\/fr\/wp-json\/wp\/v2\/media?parent=24659"}],"curies":[{"name":"wp","href":"https:\/\/api.w.org\/{rel}","templated":true}]}}