{"id":24658,"date":"2023-05-10T07:53:47","date_gmt":"2023-05-10T07:53:47","guid":{"rendered":"https:\/\/www.alonaboholdiversclub.com\/?page_id=24658"},"modified":"2024-04-01T03:03:56","modified_gmt":"2024-04-01T03:03:56","slug":"scuba-diver","status":"publish","type":"page","link":"https:\/\/www.alonaboholdiversclub.com\/fr\/scuba-diver\/","title":{"rendered":"SCUBA DIVER"},"content":{"rendered":"<p>[vc_row css_animation=\u00bb\u00bb row_type=\u00bbrow\u00bb use_row_as_full_screen_section=\u00bbno\u00bb type=\u00bbfull_width\u00bb angled_section=\u00bbno\u00bb text_align=\u00bbleft\u00bb background_image_as_pattern=\u00bbwithout_pattern\u00bb][vc_column][vc_single_image image=\u00bb16595&#8243; img_size=\u00bbfull\u00bb alignment=\u00bbcenter\u00bb qode_css_animation=\u00bb\u00bb][vc_empty_space height=\u00bb40px\u00bb][\/vc_column][\/vc_row][vc_row css_animation=\u00bb\u00bb row_type=\u00bbrow\u00bb use_row_as_full_screen_section=\u00bbno\u00bb type=\u00bbfull_width\u00bb angled_section=\u00bbno\u00bb text_align=\u00bbleft\u00bb background_image_as_pattern=\u00bbwithout_pattern\u00bb][vc_column][vc_column_text]<span data-sheets-root=\"1\" data-sheets-value=\"{&quot;1&quot;:2,&quot;2&quot;:&quot;La certification Scuba Diver pourrait vous convenir si vous souhaitez devenir plongeur certifi\u00e9 mais que vous n'avez pas suffisamment de temps pour obtenir votre certification Open Water. Dans ce programme, vous commencerez votre progression vers la certification Open Water en suivant une partie des le\u00e7ons th\u00e9oriques en classe et des comp\u00e9tences en eau confin\u00e9e (eaux peu profondes) requises pour la certification Open Water, ainsi que deux plong\u00e9es en eau libre.\\n\\nAvec une certification Scuba Diver, vous pouvez suivre les le\u00e7ons restantes en vue de votre Open Water \u00e0 une date ult\u00e9rieure et avec n'importe quel centre de plong\u00e9e PADI. Avec cette certification, vous serez qualifi\u00e9 pour plonger sous la supervision directe d'un Divemaster ou d'un assistant instructeur PADI jusqu'\u00e0 une profondeur maximale de 12 m\u00e8tres (40 pieds).\\n\\nInclus:\\nManuel d'apprentissage en ligne PADI Open Water (peut \u00eatre utilis\u00e9 pour la certification Open Water \u00e0 une date ult\u00e9rieure)\\nTrois plong\u00e9es d'instruction en eau confin\u00e9e\\nDeux plong\u00e9es en eau libre\\nTout l'\u00e9quipement de plong\u00e9e n\u00e9cessaire\\nCarnet de plong\u00e9e\\nCertification PADI.\\n\\n\\n\u00c2ge minimum : 10 ans\\n\\n\\nPr\u00e9-requis : Aucune exp\u00e9rience pr\u00e9alable en plong\u00e9e sous-marine n'est n\u00e9cessaire. Vous devez \u00eatre en assez bonne sant\u00e9 physique pour pouvoir participer en toute s\u00e9curit\u00e9. Les \u00e9tudiants doivent \u00eatre capables de flotter confortablement sur le dos pendant 2 minutes et de nager 300 m\u00e8tres avec un masque, un tuba et des palmes avant de commencer le cours. (Il s'agit d'une exigence PADI.)\\n\\nDur\u00e9e : 1 \u00e0 2 jours&quot;}\" data-sheets-userformat=\"{&quot;2&quot;:15169,&quot;3&quot;:{&quot;1&quot;:0},&quot;9&quot;:0,&quot;11&quot;:4,&quot;12&quot;:0,&quot;14&quot;:{&quot;1&quot;:2,&quot;2&quot;:4276545},&quot;15&quot;:&quot;Arial&quot;,&quot;16&quot;:10}\" data-sheets-textstyleruns=\"{&quot;1&quot;:0}\uee10{&quot;1&quot;:835,&quot;2&quot;:{&quot;5&quot;:1}}\uee10{&quot;1&quot;:843}\uee10{&quot;1&quot;:1118,&quot;2&quot;:{&quot;5&quot;:1}}\uee10{&quot;1&quot;:1131}\uee10{&quot;1&quot;:1141,&quot;2&quot;:{&quot;5&quot;:1}}\uee10{&quot;1&quot;:1153}\uee10{&quot;1&quot;:1528,&quot;2&quot;:{&quot;5&quot;:1}}\uee10{&quot;1&quot;:1535}\">La certification Scuba Diver pourrait vous convenir si vous souhaitez devenir plongeur certifi\u00e9 mais que vous n&#8217;avez pas suffisamment de temps pour obtenir votre certification Open Water. Dans ce programme, vous commencerez votre progression vers la certification Open Water en suivant une partie des le\u00e7ons th\u00e9oriques en classe et des comp\u00e9tences en eau confin\u00e9e (eaux peu profondes) requises pour la certification Open Water, ainsi que deux plong\u00e9es en eau libre.<\/span><\/p>\n<p>&nbsp;<\/p>\n<p>Avec une certification Scuba Diver, vous pouvez suivre les le\u00e7ons restantes en vue de votre Open Water \u00e0 une date ult\u00e9rieure et avec n&#8217;importe quel centre de plong\u00e9e PADI. Avec cette certification, vous serez qualifi\u00e9 pour plonger sous la supervision directe d&#8217;un Divemaster ou d&#8217;un assistant instructeur PADI jusqu&#8217;\u00e0 une profondeur maximale de 12 m\u00e8tres (40 pieds).<\/p>\n<p>&nbsp;<\/p>\n<p><strong>Inclus:<\/strong><\/p>\n<ul>\n<li><span data-sheets-root=\"1\" data-sheets-value=\"{&quot;1&quot;:2,&quot;2&quot;:&quot;La certification Scuba Diver pourrait vous convenir si vous souhaitez devenir plongeur certifi\u00e9 mais que vous n'avez pas suffisamment de temps pour obtenir votre certification Open Water. Dans ce programme, vous commencerez votre progression vers la certification Open Water en suivant une partie des le\u00e7ons th\u00e9oriques en classe et des comp\u00e9tences en eau confin\u00e9e (eaux peu profondes) requises pour la certification Open Water, ainsi que deux plong\u00e9es en eau libre.\\n\\nAvec une certification Scuba Diver, vous pouvez suivre les le\u00e7ons restantes en vue de votre Open Water \u00e0 une date ult\u00e9rieure et avec n'importe quel centre de plong\u00e9e PADI. Avec cette certification, vous serez qualifi\u00e9 pour plonger sous la supervision directe d'un Divemaster ou d'un assistant instructeur PADI jusqu'\u00e0 une profondeur maximale de 12 m\u00e8tres (40 pieds).\\n\\nInclus:\\nManuel d'apprentissage en ligne PADI Open Water (peut \u00eatre utilis\u00e9 pour la certification Open Water \u00e0 une date ult\u00e9rieure)\\nTrois plong\u00e9es d'instruction en eau confin\u00e9e\\nDeux plong\u00e9es en eau libre\\nTout l'\u00e9quipement de plong\u00e9e n\u00e9cessaire\\nCarnet de plong\u00e9e\\nCertification PADI.\\n\\n\\n\u00c2ge minimum : 10 ans\\n\\n\\nPr\u00e9-requis : Aucune exp\u00e9rience pr\u00e9alable en plong\u00e9e sous-marine n'est n\u00e9cessaire. Vous devez \u00eatre en assez bonne sant\u00e9 physique pour pouvoir participer en toute s\u00e9curit\u00e9. Les \u00e9tudiants doivent \u00eatre capables de flotter confortablement sur le dos pendant 2 minutes et de nager 300 m\u00e8tres avec un masque, un tuba et des palmes avant de commencer le cours. (Il s'agit d'une exigence PADI.)\\n\\nDur\u00e9e : 1 \u00e0 2 jours&quot;}\" data-sheets-userformat=\"{&quot;2&quot;:15169,&quot;3&quot;:{&quot;1&quot;:0},&quot;9&quot;:0,&quot;11&quot;:4,&quot;12&quot;:0,&quot;14&quot;:{&quot;1&quot;:2,&quot;2&quot;:4276545},&quot;15&quot;:&quot;Arial&quot;,&quot;16&quot;:10}\" data-sheets-textstyleruns=\"{&quot;1&quot;:0}\uee10{&quot;1&quot;:835,&quot;2&quot;:{&quot;5&quot;:1}}\uee10{&quot;1&quot;:843}\uee10{&quot;1&quot;:1118,&quot;2&quot;:{&quot;5&quot;:1}}\uee10{&quot;1&quot;:1131}\uee10{&quot;1&quot;:1141,&quot;2&quot;:{&quot;5&quot;:1}}\uee10{&quot;1&quot;:1153}\uee10{&quot;1&quot;:1528,&quot;2&quot;:{&quot;5&quot;:1}}\uee10{&quot;1&quot;:1535}\">Manuel d&#8217;apprentissage en ligne PADI Open Water (peut \u00eatre utilis\u00e9 pour la certification Open Water \u00e0 une date ult\u00e9rieure)<\/span><\/li>\n<li><span data-sheets-root=\"1\" data-sheets-value=\"{&quot;1&quot;:2,&quot;2&quot;:&quot;La certification Scuba Diver pourrait vous convenir si vous souhaitez devenir plongeur certifi\u00e9 mais que vous n'avez pas suffisamment de temps pour obtenir votre certification Open Water. Dans ce programme, vous commencerez votre progression vers la certification Open Water en suivant une partie des le\u00e7ons th\u00e9oriques en classe et des comp\u00e9tences en eau confin\u00e9e (eaux peu profondes) requises pour la certification Open Water, ainsi que deux plong\u00e9es en eau libre.\\n\\nAvec une certification Scuba Diver, vous pouvez suivre les le\u00e7ons restantes en vue de votre Open Water \u00e0 une date ult\u00e9rieure et avec n'importe quel centre de plong\u00e9e PADI. Avec cette certification, vous serez qualifi\u00e9 pour plonger sous la supervision directe d'un Divemaster ou d'un assistant instructeur PADI jusqu'\u00e0 une profondeur maximale de 12 m\u00e8tres (40 pieds).\\n\\nInclus:\\nManuel d'apprentissage en ligne PADI Open Water (peut \u00eatre utilis\u00e9 pour la certification Open Water \u00e0 une date ult\u00e9rieure)\\nTrois plong\u00e9es d'instruction en eau confin\u00e9e\\nDeux plong\u00e9es en eau libre\\nTout l'\u00e9quipement de plong\u00e9e n\u00e9cessaire\\nCarnet de plong\u00e9e\\nCertification PADI.\\n\\n\\n\u00c2ge minimum : 10 ans\\n\\n\\nPr\u00e9-requis : Aucune exp\u00e9rience pr\u00e9alable en plong\u00e9e sous-marine n'est n\u00e9cessaire. Vous devez \u00eatre en assez bonne sant\u00e9 physique pour pouvoir participer en toute s\u00e9curit\u00e9. Les \u00e9tudiants doivent \u00eatre capables de flotter confortablement sur le dos pendant 2 minutes et de nager 300 m\u00e8tres avec un masque, un tuba et des palmes avant de commencer le cours. (Il s'agit d'une exigence PADI.)\\n\\nDur\u00e9e : 1 \u00e0 2 jours&quot;}\" data-sheets-userformat=\"{&quot;2&quot;:15169,&quot;3&quot;:{&quot;1&quot;:0},&quot;9&quot;:0,&quot;11&quot;:4,&quot;12&quot;:0,&quot;14&quot;:{&quot;1&quot;:2,&quot;2&quot;:4276545},&quot;15&quot;:&quot;Arial&quot;,&quot;16&quot;:10}\" data-sheets-textstyleruns=\"{&quot;1&quot;:0}\uee10{&quot;1&quot;:835,&quot;2&quot;:{&quot;5&quot;:1}}\uee10{&quot;1&quot;:843}\uee10{&quot;1&quot;:1118,&quot;2&quot;:{&quot;5&quot;:1}}\uee10{&quot;1&quot;:1131}\uee10{&quot;1&quot;:1141,&quot;2&quot;:{&quot;5&quot;:1}}\uee10{&quot;1&quot;:1153}\uee10{&quot;1&quot;:1528,&quot;2&quot;:{&quot;5&quot;:1}}\uee10{&quot;1&quot;:1535}\">Trois plong\u00e9es d&#8217;instruction en eau confin\u00e9e<\/span><\/li>\n<li><span data-sheets-root=\"1\" data-sheets-value=\"{&quot;1&quot;:2,&quot;2&quot;:&quot;La certification Scuba Diver pourrait vous convenir si vous souhaitez devenir plongeur certifi\u00e9 mais que vous n'avez pas suffisamment de temps pour obtenir votre certification Open Water. Dans ce programme, vous commencerez votre progression vers la certification Open Water en suivant une partie des le\u00e7ons th\u00e9oriques en classe et des comp\u00e9tences en eau confin\u00e9e (eaux peu profondes) requises pour la certification Open Water, ainsi que deux plong\u00e9es en eau libre.\\n\\nAvec une certification Scuba Diver, vous pouvez suivre les le\u00e7ons restantes en vue de votre Open Water \u00e0 une date ult\u00e9rieure et avec n'importe quel centre de plong\u00e9e PADI. Avec cette certification, vous serez qualifi\u00e9 pour plonger sous la supervision directe d'un Divemaster ou d'un assistant instructeur PADI jusqu'\u00e0 une profondeur maximale de 12 m\u00e8tres (40 pieds).\\n\\nInclus:\\nManuel d'apprentissage en ligne PADI Open Water (peut \u00eatre utilis\u00e9 pour la certification Open Water \u00e0 une date ult\u00e9rieure)\\nTrois plong\u00e9es d'instruction en eau confin\u00e9e\\nDeux plong\u00e9es en eau libre\\nTout l'\u00e9quipement de plong\u00e9e n\u00e9cessaire\\nCarnet de plong\u00e9e\\nCertification PADI.\\n\\n\\n\u00c2ge minimum : 10 ans\\n\\n\\nPr\u00e9-requis : Aucune exp\u00e9rience pr\u00e9alable en plong\u00e9e sous-marine n'est n\u00e9cessaire. Vous devez \u00eatre en assez bonne sant\u00e9 physique pour pouvoir participer en toute s\u00e9curit\u00e9. Les \u00e9tudiants doivent \u00eatre capables de flotter confortablement sur le dos pendant 2 minutes et de nager 300 m\u00e8tres avec un masque, un tuba et des palmes avant de commencer le cours. (Il s'agit d'une exigence PADI.)\\n\\nDur\u00e9e : 1 \u00e0 2 jours&quot;}\" data-sheets-userformat=\"{&quot;2&quot;:15169,&quot;3&quot;:{&quot;1&quot;:0},&quot;9&quot;:0,&quot;11&quot;:4,&quot;12&quot;:0,&quot;14&quot;:{&quot;1&quot;:2,&quot;2&quot;:4276545},&quot;15&quot;:&quot;Arial&quot;,&quot;16&quot;:10}\" data-sheets-textstyleruns=\"{&quot;1&quot;:0}\uee10{&quot;1&quot;:835,&quot;2&quot;:{&quot;5&quot;:1}}\uee10{&quot;1&quot;:843}\uee10{&quot;1&quot;:1118,&quot;2&quot;:{&quot;5&quot;:1}}\uee10{&quot;1&quot;:1131}\uee10{&quot;1&quot;:1141,&quot;2&quot;:{&quot;5&quot;:1}}\uee10{&quot;1&quot;:1153}\uee10{&quot;1&quot;:1528,&quot;2&quot;:{&quot;5&quot;:1}}\uee10{&quot;1&quot;:1535}\">Deux plong\u00e9es en eau libre<\/span><\/li>\n<li><span data-sheets-root=\"1\" data-sheets-value=\"{&quot;1&quot;:2,&quot;2&quot;:&quot;La certification Scuba Diver pourrait vous convenir si vous souhaitez devenir plongeur certifi\u00e9 mais que vous n'avez pas suffisamment de temps pour obtenir votre certification Open Water. Dans ce programme, vous commencerez votre progression vers la certification Open Water en suivant une partie des le\u00e7ons th\u00e9oriques en classe et des comp\u00e9tences en eau confin\u00e9e (eaux peu profondes) requises pour la certification Open Water, ainsi que deux plong\u00e9es en eau libre.\\n\\nAvec une certification Scuba Diver, vous pouvez suivre les le\u00e7ons restantes en vue de votre Open Water \u00e0 une date ult\u00e9rieure et avec n'importe quel centre de plong\u00e9e PADI. Avec cette certification, vous serez qualifi\u00e9 pour plonger sous la supervision directe d'un Divemaster ou d'un assistant instructeur PADI jusqu'\u00e0 une profondeur maximale de 12 m\u00e8tres (40 pieds).\\n\\nInclus:\\nManuel d'apprentissage en ligne PADI Open Water (peut \u00eatre utilis\u00e9 pour la certification Open Water \u00e0 une date ult\u00e9rieure)\\nTrois plong\u00e9es d'instruction en eau confin\u00e9e\\nDeux plong\u00e9es en eau libre\\nTout l'\u00e9quipement de plong\u00e9e n\u00e9cessaire\\nCarnet de plong\u00e9e\\nCertification PADI.\\n\\n\\n\u00c2ge minimum : 10 ans\\n\\n\\nPr\u00e9-requis : Aucune exp\u00e9rience pr\u00e9alable en plong\u00e9e sous-marine n'est n\u00e9cessaire. Vous devez \u00eatre en assez bonne sant\u00e9 physique pour pouvoir participer en toute s\u00e9curit\u00e9. Les \u00e9tudiants doivent \u00eatre capables de flotter confortablement sur le dos pendant 2 minutes et de nager 300 m\u00e8tres avec un masque, un tuba et des palmes avant de commencer le cours. (Il s'agit d'une exigence PADI.)\\n\\nDur\u00e9e : 1 \u00e0 2 jours&quot;}\" data-sheets-userformat=\"{&quot;2&quot;:15169,&quot;3&quot;:{&quot;1&quot;:0},&quot;9&quot;:0,&quot;11&quot;:4,&quot;12&quot;:0,&quot;14&quot;:{&quot;1&quot;:2,&quot;2&quot;:4276545},&quot;15&quot;:&quot;Arial&quot;,&quot;16&quot;:10}\" data-sheets-textstyleruns=\"{&quot;1&quot;:0}\uee10{&quot;1&quot;:835,&quot;2&quot;:{&quot;5&quot;:1}}\uee10{&quot;1&quot;:843}\uee10{&quot;1&quot;:1118,&quot;2&quot;:{&quot;5&quot;:1}}\uee10{&quot;1&quot;:1131}\uee10{&quot;1&quot;:1141,&quot;2&quot;:{&quot;5&quot;:1}}\uee10{&quot;1&quot;:1153}\uee10{&quot;1&quot;:1528,&quot;2&quot;:{&quot;5&quot;:1}}\uee10{&quot;1&quot;:1535}\">Tout l&#8217;\u00e9quipement de plong\u00e9e n\u00e9cessaire<\/span><\/li>\n<li><span data-sheets-root=\"1\" data-sheets-value=\"{&quot;1&quot;:2,&quot;2&quot;:&quot;La certification Scuba Diver pourrait vous convenir si vous souhaitez devenir plongeur certifi\u00e9 mais que vous n'avez pas suffisamment de temps pour obtenir votre certification Open Water. Dans ce programme, vous commencerez votre progression vers la certification Open Water en suivant une partie des le\u00e7ons th\u00e9oriques en classe et des comp\u00e9tences en eau confin\u00e9e (eaux peu profondes) requises pour la certification Open Water, ainsi que deux plong\u00e9es en eau libre.\\n\\nAvec une certification Scuba Diver, vous pouvez suivre les le\u00e7ons restantes en vue de votre Open Water \u00e0 une date ult\u00e9rieure et avec n'importe quel centre de plong\u00e9e PADI. Avec cette certification, vous serez qualifi\u00e9 pour plonger sous la supervision directe d'un Divemaster ou d'un assistant instructeur PADI jusqu'\u00e0 une profondeur maximale de 12 m\u00e8tres (40 pieds).\\n\\nInclus:\\nManuel d'apprentissage en ligne PADI Open Water (peut \u00eatre utilis\u00e9 pour la certification Open Water \u00e0 une date ult\u00e9rieure)\\nTrois plong\u00e9es d'instruction en eau confin\u00e9e\\nDeux plong\u00e9es en eau libre\\nTout l'\u00e9quipement de plong\u00e9e n\u00e9cessaire\\nCarnet de plong\u00e9e\\nCertification PADI.\\n\\n\\n\u00c2ge minimum : 10 ans\\n\\n\\nPr\u00e9-requis : Aucune exp\u00e9rience pr\u00e9alable en plong\u00e9e sous-marine n'est n\u00e9cessaire. Vous devez \u00eatre en assez bonne sant\u00e9 physique pour pouvoir participer en toute s\u00e9curit\u00e9. Les \u00e9tudiants doivent \u00eatre capables de flotter confortablement sur le dos pendant 2 minutes et de nager 300 m\u00e8tres avec un masque, un tuba et des palmes avant de commencer le cours. (Il s'agit d'une exigence PADI.)\\n\\nDur\u00e9e : 1 \u00e0 2 jours&quot;}\" data-sheets-userformat=\"{&quot;2&quot;:15169,&quot;3&quot;:{&quot;1&quot;:0},&quot;9&quot;:0,&quot;11&quot;:4,&quot;12&quot;:0,&quot;14&quot;:{&quot;1&quot;:2,&quot;2&quot;:4276545},&quot;15&quot;:&quot;Arial&quot;,&quot;16&quot;:10}\" data-sheets-textstyleruns=\"{&quot;1&quot;:0}\uee10{&quot;1&quot;:835,&quot;2&quot;:{&quot;5&quot;:1}}\uee10{&quot;1&quot;:843}\uee10{&quot;1&quot;:1118,&quot;2&quot;:{&quot;5&quot;:1}}\uee10{&quot;1&quot;:1131}\uee10{&quot;1&quot;:1141,&quot;2&quot;:{&quot;5&quot;:1}}\uee10{&quot;1&quot;:1153}\uee10{&quot;1&quot;:1528,&quot;2&quot;:{&quot;5&quot;:1}}\uee10{&quot;1&quot;:1535}\">Carnet de plong\u00e9e<\/span><\/li>\n<li><span data-sheets-root=\"1\" data-sheets-value=\"{&quot;1&quot;:2,&quot;2&quot;:&quot;La certification Scuba Diver pourrait vous convenir si vous souhaitez devenir plongeur certifi\u00e9 mais que vous n'avez pas suffisamment de temps pour obtenir votre certification Open Water. Dans ce programme, vous commencerez votre progression vers la certification Open Water en suivant une partie des le\u00e7ons th\u00e9oriques en classe et des comp\u00e9tences en eau confin\u00e9e (eaux peu profondes) requises pour la certification Open Water, ainsi que deux plong\u00e9es en eau libre.\\n\\nAvec une certification Scuba Diver, vous pouvez suivre les le\u00e7ons restantes en vue de votre Open Water \u00e0 une date ult\u00e9rieure et avec n'importe quel centre de plong\u00e9e PADI. Avec cette certification, vous serez qualifi\u00e9 pour plonger sous la supervision directe d'un Divemaster ou d'un assistant instructeur PADI jusqu'\u00e0 une profondeur maximale de 12 m\u00e8tres (40 pieds).\\n\\nInclus:\\nManuel d'apprentissage en ligne PADI Open Water (peut \u00eatre utilis\u00e9 pour la certification Open Water \u00e0 une date ult\u00e9rieure)\\nTrois plong\u00e9es d'instruction en eau confin\u00e9e\\nDeux plong\u00e9es en eau libre\\nTout l'\u00e9quipement de plong\u00e9e n\u00e9cessaire\\nCarnet de plong\u00e9e\\nCertification PADI.\\n\\n\\n\u00c2ge minimum : 10 ans\\n\\n\\nPr\u00e9-requis : Aucune exp\u00e9rience pr\u00e9alable en plong\u00e9e sous-marine n'est n\u00e9cessaire. Vous devez \u00eatre en assez bonne sant\u00e9 physique pour pouvoir participer en toute s\u00e9curit\u00e9. Les \u00e9tudiants doivent \u00eatre capables de flotter confortablement sur le dos pendant 2 minutes et de nager 300 m\u00e8tres avec un masque, un tuba et des palmes avant de commencer le cours. (Il s'agit d'une exigence PADI.)\\n\\nDur\u00e9e : 1 \u00e0 2 jours&quot;}\" data-sheets-userformat=\"{&quot;2&quot;:15169,&quot;3&quot;:{&quot;1&quot;:0},&quot;9&quot;:0,&quot;11&quot;:4,&quot;12&quot;:0,&quot;14&quot;:{&quot;1&quot;:2,&quot;2&quot;:4276545},&quot;15&quot;:&quot;Arial&quot;,&quot;16&quot;:10}\" data-sheets-textstyleruns=\"{&quot;1&quot;:0}\uee10{&quot;1&quot;:835,&quot;2&quot;:{&quot;5&quot;:1}}\uee10{&quot;1&quot;:843}\uee10{&quot;1&quot;:1118,&quot;2&quot;:{&quot;5&quot;:1}}\uee10{&quot;1&quot;:1131}\uee10{&quot;1&quot;:1141,&quot;2&quot;:{&quot;5&quot;:1}}\uee10{&quot;1&quot;:1153}\uee10{&quot;1&quot;:1528,&quot;2&quot;:{&quot;5&quot;:1}}\uee10{&quot;1&quot;:1535}\">Certification PADI<\/span><\/li>\n<\/ul>\n<p>&nbsp;<\/p>\n<p><span data-sheets-root=\"1\" data-sheets-value=\"{&quot;1&quot;:2,&quot;2&quot;:&quot;La certification Scuba Diver pourrait vous convenir si vous souhaitez devenir plongeur certifi\u00e9 mais que vous n'avez pas suffisamment de temps pour obtenir votre certification Open Water. Dans ce programme, vous commencerez votre progression vers la certification Open Water en suivant une partie des le\u00e7ons th\u00e9oriques en classe et des comp\u00e9tences en eau confin\u00e9e (eaux peu profondes) requises pour la certification Open Water, ainsi que deux plong\u00e9es en eau libre.\\n\\nAvec une certification Scuba Diver, vous pouvez suivre les le\u00e7ons restantes en vue de votre Open Water \u00e0 une date ult\u00e9rieure et avec n'importe quel centre de plong\u00e9e PADI. Avec cette certification, vous serez qualifi\u00e9 pour plonger sous la supervision directe d'un Divemaster ou d'un assistant instructeur PADI jusqu'\u00e0 une profondeur maximale de 12 m\u00e8tres (40 pieds).\\n\\nInclus:\\nManuel d'apprentissage en ligne PADI Open Water (peut \u00eatre utilis\u00e9 pour la certification Open Water \u00e0 une date ult\u00e9rieure)\\nTrois plong\u00e9es d'instruction en eau confin\u00e9e\\nDeux plong\u00e9es en eau libre\\nTout l'\u00e9quipement de plong\u00e9e n\u00e9cessaire\\nCarnet de plong\u00e9e\\nCertification PADI.\\n\\n\\n\u00c2ge minimum : 10 ans\\n\\n\\nPr\u00e9-requis : Aucune exp\u00e9rience pr\u00e9alable en plong\u00e9e sous-marine n'est n\u00e9cessaire. Vous devez \u00eatre en assez bonne sant\u00e9 physique pour pouvoir participer en toute s\u00e9curit\u00e9. Les \u00e9tudiants doivent \u00eatre capables de flotter confortablement sur le dos pendant 2 minutes et de nager 300 m\u00e8tres avec un masque, un tuba et des palmes avant de commencer le cours. (Il s'agit d'une exigence PADI.)\\n\\nDur\u00e9e : 1 \u00e0 2 jours&quot;}\" data-sheets-userformat=\"{&quot;2&quot;:15169,&quot;3&quot;:{&quot;1&quot;:0},&quot;9&quot;:0,&quot;11&quot;:4,&quot;12&quot;:0,&quot;14&quot;:{&quot;1&quot;:2,&quot;2&quot;:4276545},&quot;15&quot;:&quot;Arial&quot;,&quot;16&quot;:10}\" data-sheets-textstyleruns=\"{&quot;1&quot;:0}\uee10{&quot;1&quot;:835,&quot;2&quot;:{&quot;5&quot;:1}}\uee10{&quot;1&quot;:843}\uee10{&quot;1&quot;:1118,&quot;2&quot;:{&quot;5&quot;:1}}\uee10{&quot;1&quot;:1131}\uee10{&quot;1&quot;:1141,&quot;2&quot;:{&quot;5&quot;:1}}\uee10{&quot;1&quot;:1153}\uee10{&quot;1&quot;:1528,&quot;2&quot;:{&quot;5&quot;:1}}\uee10{&quot;1&quot;:1535}\"><strong>\u00c2ge minimum:<\/strong> 10 ans<\/span><\/p>\n<p>&nbsp;<\/p>\n<p><strong>Pr\u00e9-requis<\/strong>: Aucune exp\u00e9rience pr\u00e9alable en plong\u00e9e sous-marine n&#8217;est n\u00e9cessaire. Vous devez \u00eatre en assez bonne sant\u00e9 physique pour pouvoir participer en toute s\u00e9curit\u00e9. Les \u00e9tudiants doivent \u00eatre capables de flotter confortablement sur le dos pendant 2 minutes et de nager 300 m\u00e8tres avec un masque, un tuba et des palmes avant de commencer le cours. (Il s&#8217;agit d&#8217;une exigence PADI.)<\/p>\n<p>&nbsp;<\/p>\n<p><strong>Dur\u00e9e:<\/strong> 1 \u00e0 2 jours<\/p>\n<p>&nbsp;<\/p>\n<p><strong>Prix:<\/strong> 13.800PHP[\/vc_column_text][vc_empty_space height=\u00bb50px\u00bb]<a  href=\"https:\/\/www.alonaboholdiversclub.com\/fr\/reserver\/\" target=\"_self\" data-hover-border-color=#04937e data-hover-color=#04937e class=\"qbutton  center\" style=\"color: #ffffff; border-color: #04937e; font-style: normal; font-weight: 700; background-color: #04937e;\">R\u00c9SERVER MAINTENANT<\/a>[vc_empty_space height=\u00bb50px\u00bb][\/vc_column][\/vc_row]<\/p>\n","protected":false},"excerpt":{"rendered":"<p>[vc_row css_animation=\u00bb\u00bb row_type=\u00bbrow\u00bb use_row_as_full_screen_section=\u00bbno\u00bb type=\u00bbfull_width\u00bb angled_section=\u00bbno\u00bb text_align=\u00bbleft\u00bb background_image_as_pattern=\u00bbwithout_pattern\u00bb][vc_column][vc_single_image image=\u00bb16595&#8243; img_size=\u00bbfull\u00bb alignment=\u00bbcenter\u00bb qode_css_animation=\u00bb\u00bb][vc_empty_space height=\u00bb40px\u00bb][\/vc_column][\/vc_row][vc_row css_animation=\u00bb\u00bb row_type=\u00bbrow\u00bb use_row_as_full_screen_section=\u00bbno\u00bb type=\u00bbfull_width\u00bb angled_section=\u00bbno\u00bb text_align=\u00bbleft\u00bb background_image_as_pattern=\u00bbwithout_pattern\u00bb][vc_column][vc_column_text]La certification Scuba Diver pourrait vous convenir si vous souhaitez devenir plongeur certifi\u00e9 mais que vous n&#8217;avez pas suffisamment de temps pour obtenir votre certification Open&#8230;<\/p>\n","protected":false},"author":2,"featured_media":24992,"parent":0,"menu_order":0,"comment_status":"closed","ping_status":"closed","template":"","meta":{"footnotes":""},"_links":{"self":[{"href":"https:\/\/www.alonaboholdiversclub.com\/fr\/wp-json\/wp\/v2\/pages\/24658"}],"collection":[{"href":"https:\/\/www.alonaboholdiversclub.com\/fr\/wp-json\/wp\/v2\/pages"}],"about":[{"href":"https:\/\/www.alonaboholdiversclub.com\/fr\/wp-json\/wp\/v2\/types\/page"}],"author":[{"embeddable":true,"href":"https:\/\/www.alonaboholdiversclub.com\/fr\/wp-json\/wp\/v2\/users\/2"}],"replies":[{"embeddable":true,"href":"https:\/\/www.alonaboholdiversclub.com\/fr\/wp-json\/wp\/v2\/comments?post=24658"}],"version-history":[{"count":4,"href":"https:\/\/www.alonaboholdiversclub.com\/fr\/wp-json\/wp\/v2\/pages\/24658\/revisions"}],"predecessor-version":[{"id":25294,"href":"https:\/\/www.alonaboholdiversclub.com\/fr\/wp-json\/wp\/v2\/pages\/24658\/revisions\/25294"}],"wp:featuredmedia":[{"embeddable":true,"href":"https:\/\/www.alonaboholdiversclub.com\/fr\/wp-json\/wp\/v2\/media\/24992"}],"wp:attachment":[{"href":"https:\/\/www.alonaboholdiversclub.com\/fr\/wp-json\/wp\/v2\/media?parent=24658"}],"curies":[{"name":"wp","href":"https:\/\/api.w.org\/{rel}","templated":true}]}}