{"id":24646,"date":"2023-05-10T07:48:02","date_gmt":"2023-05-10T07:48:02","guid":{"rendered":"https:\/\/www.alonaboholdiversclub.com\/?page_id=24646"},"modified":"2024-04-01T02:57:43","modified_gmt":"2024-04-01T02:57:43","slug":"les-enfants-bubblemaker","status":"publish","type":"page","link":"https:\/\/www.alonaboholdiversclub.com\/fr\/les-enfants-bubblemaker\/","title":{"rendered":"POUR LES ENFANTS"},"content":{"rendered":"<p>[vc_row css_animation=\u00bb\u00bb row_type=\u00bbrow\u00bb use_row_as_full_screen_section=\u00bbno\u00bb type=\u00bbfull_width\u00bb angled_section=\u00bbno\u00bb text_align=\u00bbleft\u00bb background_image_as_pattern=\u00bbwithout_pattern\u00bb][vc_column][vc_single_image image=\u00bb25237&#8243; img_size=\u00bbfull\u00bb alignment=\u00bbcenter\u00bb qode_css_animation=\u00bb\u00bb][vc_empty_space height=\u00bb40px\u00bb][vc_column_text]<span data-sheets-root=\"1\" data-sheets-value=\"{&quot;1&quot;:2,&quot;2&quot;:&quot;Les enfants de moins de 10 ans peuvent \u00e9galement s'amuser en plongeant gr\u00e2ce \u00e0 l'exp\u00e9rience \u00ab Bubblemaker \u00bb de PADI. L'exp\u00e9rience se d\u00e9roule uniquement sur terre et en eau peu profonde, jusqu'\u00e0 une profondeur maximale de 2 m\u00e8tres.\\n\\nInclus:\\nLe\u00e7on de s\u00e9curit\u00e9 amusante\\nPratique des comp\u00e9tences de base et activit\u00e9s \u00ab\u00a0missions\u00a0\u00bb en eau peu profonde\\n \\n\u00c2ge minimum : 8 ans\\n\\nPr\u00e9-requis : Aucune exp\u00e9rience pr\u00e9alable en plong\u00e9e sous-marine n'est n\u00e9cessaire. Les enfants qui participent doivent \u00eatre des nageurs comp\u00e9tents.\\n\\nDur\u00e9e : 2 \u00e0 3 heures&quot;}\" data-sheets-userformat=\"{&quot;2&quot;:15169,&quot;3&quot;:{&quot;1&quot;:0},&quot;9&quot;:0,&quot;11&quot;:4,&quot;12&quot;:0,&quot;14&quot;:{&quot;1&quot;:2,&quot;2&quot;:4276545},&quot;15&quot;:&quot;Arial&quot;,&quot;16&quot;:10}\" data-sheets-textstyleruns=\"{&quot;1&quot;:0}\uee10{&quot;1&quot;:232,&quot;2&quot;:{&quot;5&quot;:1}}\uee10{&quot;1&quot;:238}\uee10{&quot;1&quot;:348,&quot;2&quot;:{&quot;5&quot;:1}}\uee10{&quot;1&quot;:360}\uee10{&quot;1&quot;:369,&quot;2&quot;:{&quot;5&quot;:1}}\uee10{&quot;1&quot;:379}\uee10{&quot;1&quot;:517,&quot;2&quot;:{&quot;5&quot;:1}}\uee10{&quot;1&quot;:522}\">Les enfants de moins de 10 ans peuvent \u00e9galement s&#8217;amuser en plongeant gr\u00e2ce \u00e0 l&#8217;exp\u00e9rience \u00ab Bubblemaker \u00bb de PADI. L&#8217;exp\u00e9rience se d\u00e9roule uniquement sur terre et en eau peu profonde, jusqu&#8217;\u00e0 une profondeur maximale de 2 m\u00e8tres.<\/span><\/p>\n<p>&nbsp;<\/p>\n<p><span data-sheets-root=\"1\" data-sheets-value=\"{&quot;1&quot;:2,&quot;2&quot;:&quot;Les enfants de moins de 10 ans peuvent \u00e9galement s'amuser en plongeant gr\u00e2ce \u00e0 l'exp\u00e9rience \u00ab Bubblemaker \u00bb de PADI. L'exp\u00e9rience se d\u00e9roule uniquement sur terre et en eau peu profonde, jusqu'\u00e0 une profondeur maximale de 2 m\u00e8tres.\\n\\nInclus:\\nLe\u00e7on de s\u00e9curit\u00e9 amusante\\nPratique des comp\u00e9tences de base et activit\u00e9s \u00ab\u00a0missions\u00a0\u00bb en eau peu profonde\\n \\n\u00c2ge minimum : 8 ans\\n\\nPr\u00e9-requis : Aucune exp\u00e9rience pr\u00e9alable en plong\u00e9e sous-marine n'est n\u00e9cessaire. Les enfants qui participent doivent \u00eatre des nageurs comp\u00e9tents.\\n\\nDur\u00e9e : 2 \u00e0 3 heures&quot;}\" data-sheets-userformat=\"{&quot;2&quot;:15169,&quot;3&quot;:{&quot;1&quot;:0},&quot;9&quot;:0,&quot;11&quot;:4,&quot;12&quot;:0,&quot;14&quot;:{&quot;1&quot;:2,&quot;2&quot;:4276545},&quot;15&quot;:&quot;Arial&quot;,&quot;16&quot;:10}\" data-sheets-textstyleruns=\"{&quot;1&quot;:0}\uee10{&quot;1&quot;:232,&quot;2&quot;:{&quot;5&quot;:1}}\uee10{&quot;1&quot;:238}\uee10{&quot;1&quot;:348,&quot;2&quot;:{&quot;5&quot;:1}}\uee10{&quot;1&quot;:360}\uee10{&quot;1&quot;:369,&quot;2&quot;:{&quot;5&quot;:1}}\uee10{&quot;1&quot;:379}\uee10{&quot;1&quot;:517,&quot;2&quot;:{&quot;5&quot;:1}}\uee10{&quot;1&quot;:522}\"><strong>Inclus:<\/strong><\/span><\/p>\n<ul>\n<li><span data-sheets-root=\"1\" data-sheets-value=\"{&quot;1&quot;:2,&quot;2&quot;:&quot;Les enfants de moins de 10 ans peuvent \u00e9galement s'amuser en plongeant gr\u00e2ce \u00e0 l'exp\u00e9rience \u00ab Bubblemaker \u00bb de PADI. L'exp\u00e9rience se d\u00e9roule uniquement sur terre et en eau peu profonde, jusqu'\u00e0 une profondeur maximale de 2 m\u00e8tres.\\n\\nInclus:\\nLe\u00e7on de s\u00e9curit\u00e9 amusante\\nPratique des comp\u00e9tences de base et activit\u00e9s \u00ab\u00a0missions\u00a0\u00bb en eau peu profonde\\n \\n\u00c2ge minimum : 8 ans\\n\\nPr\u00e9-requis : Aucune exp\u00e9rience pr\u00e9alable en plong\u00e9e sous-marine n'est n\u00e9cessaire. Les enfants qui participent doivent \u00eatre des nageurs comp\u00e9tents.\\n\\nDur\u00e9e : 2 \u00e0 3 heures&quot;}\" data-sheets-userformat=\"{&quot;2&quot;:15169,&quot;3&quot;:{&quot;1&quot;:0},&quot;9&quot;:0,&quot;11&quot;:4,&quot;12&quot;:0,&quot;14&quot;:{&quot;1&quot;:2,&quot;2&quot;:4276545},&quot;15&quot;:&quot;Arial&quot;,&quot;16&quot;:10}\" data-sheets-textstyleruns=\"{&quot;1&quot;:0}\uee10{&quot;1&quot;:232,&quot;2&quot;:{&quot;5&quot;:1}}\uee10{&quot;1&quot;:238}\uee10{&quot;1&quot;:348,&quot;2&quot;:{&quot;5&quot;:1}}\uee10{&quot;1&quot;:360}\uee10{&quot;1&quot;:369,&quot;2&quot;:{&quot;5&quot;:1}}\uee10{&quot;1&quot;:379}\uee10{&quot;1&quot;:517,&quot;2&quot;:{&quot;5&quot;:1}}\uee10{&quot;1&quot;:522}\">Le\u00e7on de s\u00e9curit\u00e9 amusante<\/span><\/li>\n<li><span data-sheets-root=\"1\" data-sheets-value=\"{&quot;1&quot;:2,&quot;2&quot;:&quot;Les enfants de moins de 10 ans peuvent \u00e9galement s'amuser en plongeant gr\u00e2ce \u00e0 l'exp\u00e9rience \u00ab Bubblemaker \u00bb de PADI. L'exp\u00e9rience se d\u00e9roule uniquement sur terre et en eau peu profonde, jusqu'\u00e0 une profondeur maximale de 2 m\u00e8tres.\\n\\nInclus:\\nLe\u00e7on de s\u00e9curit\u00e9 amusante\\nPratique des comp\u00e9tences de base et activit\u00e9s \u00ab\u00a0missions\u00a0\u00bb en eau peu profonde\\n \\n\u00c2ge minimum : 8 ans\\n\\nPr\u00e9-requis : Aucune exp\u00e9rience pr\u00e9alable en plong\u00e9e sous-marine n'est n\u00e9cessaire. Les enfants qui participent doivent \u00eatre des nageurs comp\u00e9tents.\\n\\nDur\u00e9e : 2 \u00e0 3 heures&quot;}\" data-sheets-userformat=\"{&quot;2&quot;:15169,&quot;3&quot;:{&quot;1&quot;:0},&quot;9&quot;:0,&quot;11&quot;:4,&quot;12&quot;:0,&quot;14&quot;:{&quot;1&quot;:2,&quot;2&quot;:4276545},&quot;15&quot;:&quot;Arial&quot;,&quot;16&quot;:10}\" data-sheets-textstyleruns=\"{&quot;1&quot;:0}\uee10{&quot;1&quot;:232,&quot;2&quot;:{&quot;5&quot;:1}}\uee10{&quot;1&quot;:238}\uee10{&quot;1&quot;:348,&quot;2&quot;:{&quot;5&quot;:1}}\uee10{&quot;1&quot;:360}\uee10{&quot;1&quot;:369,&quot;2&quot;:{&quot;5&quot;:1}}\uee10{&quot;1&quot;:379}\uee10{&quot;1&quot;:517,&quot;2&quot;:{&quot;5&quot;:1}}\uee10{&quot;1&quot;:522}\">Pratique des comp\u00e9tences de base et activit\u00e9s \u00ab\u00a0missions\u00a0\u00bb en eau peu profonde<\/span><\/li>\n<\/ul>\n<p>&nbsp;<\/p>\n<p><strong>\u00c2ge minimum:<\/strong> 8 ans<\/p>\n<p>&nbsp;<\/p>\n<p><strong>Pr\u00e9-requis:<\/strong> Aucune exp\u00e9rience pr\u00e9alable en plong\u00e9e sous-marine n&#8217;est n\u00e9cessaire. Les enfants qui participent doivent \u00eatre des nageurs comp\u00e9tents.<\/p>\n<p>&nbsp;<\/p>\n<p><strong>Dur\u00e9e:<\/strong> 2 \u00e0 3 heures<\/p>\n<p>&nbsp;<\/p>\n<p><strong>Prix:<\/strong> 3.500PHP[\/vc_column_text][vc_empty_space height=\u00bb50px\u00bb]<a  href=\"https:\/\/www.alonaboholdiversclub.com\/fr\/reserver\/\" target=\"_self\" data-hover-border-color=#04937e data-hover-color=#04937e class=\"qbutton  center\" style=\"color: #ffffff; border-color: #04937e; font-style: normal; font-weight: 700; background-color: #04937e;\">R\u00c9SERVER MAINTENANT<\/a>[vc_empty_space height=\u00bb50px\u00bb][\/vc_column][\/vc_row]<\/p>\n","protected":false},"excerpt":{"rendered":"<p>[vc_row css_animation=\u00bb\u00bb row_type=\u00bbrow\u00bb use_row_as_full_screen_section=\u00bbno\u00bb type=\u00bbfull_width\u00bb angled_section=\u00bbno\u00bb text_align=\u00bbleft\u00bb background_image_as_pattern=\u00bbwithout_pattern\u00bb][vc_column][vc_single_image image=\u00bb25237&#8243; img_size=\u00bbfull\u00bb alignment=\u00bbcenter\u00bb qode_css_animation=\u00bb\u00bb][vc_empty_space height=\u00bb40px\u00bb][vc_column_text]Les enfants de moins de 10 ans peuvent \u00e9galement s&#8217;amuser en plongeant gr\u00e2ce \u00e0 l&#8217;exp\u00e9rience \u00ab Bubblemaker \u00bb de PADI. L&#8217;exp\u00e9rience se d\u00e9roule uniquement sur terre et en eau peu profonde, jusqu&#8217;\u00e0 une&#8230;<\/p>\n","protected":false},"author":2,"featured_media":0,"parent":0,"menu_order":0,"comment_status":"closed","ping_status":"closed","template":"","meta":{"footnotes":""},"_links":{"self":[{"href":"https:\/\/www.alonaboholdiversclub.com\/fr\/wp-json\/wp\/v2\/pages\/24646"}],"collection":[{"href":"https:\/\/www.alonaboholdiversclub.com\/fr\/wp-json\/wp\/v2\/pages"}],"about":[{"href":"https:\/\/www.alonaboholdiversclub.com\/fr\/wp-json\/wp\/v2\/types\/page"}],"author":[{"embeddable":true,"href":"https:\/\/www.alonaboholdiversclub.com\/fr\/wp-json\/wp\/v2\/users\/2"}],"replies":[{"embeddable":true,"href":"https:\/\/www.alonaboholdiversclub.com\/fr\/wp-json\/wp\/v2\/comments?post=24646"}],"version-history":[{"count":5,"href":"https:\/\/www.alonaboholdiversclub.com\/fr\/wp-json\/wp\/v2\/pages\/24646\/revisions"}],"predecessor-version":[{"id":25155,"href":"https:\/\/www.alonaboholdiversclub.com\/fr\/wp-json\/wp\/v2\/pages\/24646\/revisions\/25155"}],"wp:attachment":[{"href":"https:\/\/www.alonaboholdiversclub.com\/fr\/wp-json\/wp\/v2\/media?parent=24646"}],"curies":[{"name":"wp","href":"https:\/\/api.w.org\/{rel}","templated":true}]}}