{"id":24637,"date":"2023-05-10T12:02:16","date_gmt":"2023-05-10T12:02:16","guid":{"rendered":"https:\/\/www.alonaboholdiversclub.com\/?page_id=24637"},"modified":"2024-04-01T02:55:56","modified_gmt":"2024-04-01T02:55:56","slug":"initiation-a-la-plongee","status":"publish","type":"page","link":"https:\/\/www.alonaboholdiversclub.com\/fr\/initiation-a-la-plongee\/","title":{"rendered":"DISCOVER SCUBA DIVING \/ BAPT\u00caME: INITIATION \u00c0 LA PLONG\u00c9E"},"content":{"rendered":"<p>[vc_row css_animation=\u00bb\u00bb row_type=\u00bbrow\u00bb use_row_as_full_screen_section=\u00bbno\u00bb type=\u00bbfull_width\u00bb angled_section=\u00bbno\u00bb text_align=\u00bbleft\u00bb background_image_as_pattern=\u00bbwithout_pattern\u00bb][vc_column][vc_single_image image=\u00bb16561&#8243; img_size=\u00bbfull\u00bb alignment=\u00bbcenter\u00bb qode_css_animation=\u00bb\u00bb][vc_empty_space height=\u00bb40px\u00bb][vc_column_text]Si la plong\u00e9e sous-marine \u00e0 Bohol vous int\u00e9resse mais que vous n\u2019\u00eates pas encore pr\u00eat \u00e0 vous inscrire pour votre certification Scuba Diver ou Open Water, Discover Scuba Diving sera parfait pour vous ! Con\u00e7ue pour s&#8217;initier \u00e0 la plong\u00e9e sous-marine, cette exp\u00e9rience vous fera d\u00e9couvrir les bases de la plong\u00e9e et vous aidera \u00e0 respirer sous l&#8217;eau pour la premi\u00e8re fois !<\/p>\n<p>&nbsp;<\/p>\n<p>Si vous souhaitez continuer \u00e0 plonger apr\u00e8s votre plong\u00e9e d\u00e9couverte, vous pouvez facilement prolonger votre le\u00e7on vers un cours de certification Scuba Diver ou Open Water Diver pour vous appuyer sur ce que vous avez d\u00e9j\u00e0 appris, plut\u00f4t que de recommencer. Cependant, ces le\u00e7ons ne sont pas transf\u00e9rables vers une certification aupr\u00e8s d\u2019un autre pourvoyeur de plong\u00e9e ou \u00e0 une date ult\u00e9rieure.<\/p>\n<p>&nbsp;<\/p>\n<p><strong>Inclus:<\/strong><\/p>\n<ul>\n<li>Une le\u00e7on de s\u00e9curit\u00e9 \u00e0 terre<\/li>\n<li>Pratique des comp\u00e9tences de base en eau peu profonde<\/li>\n<li>Une plong\u00e9e guid\u00e9e \u00e0 Panglao<\/li>\n<\/ul>\n<p>&nbsp;<\/p>\n<p><strong>\u00c2ge minimum:<\/strong> 10 ans<\/p>\n<p>&nbsp;<\/p>\n<p><strong>Pr\u00e9-requis:<\/strong> Aucune exp\u00e9rience pr\u00e9alable en plong\u00e9e sous-marine n&#8217;est n\u00e9cessaire. Vous devez \u00eatre en assez bonne sant\u00e9 physique pour pouvoir participer en toute s\u00e9curit\u00e9.<\/p>\n<p>&nbsp;<\/p>\n<p><strong>Dur\u00e9e:<\/strong> 2 \u00e0 3 heures<\/p>\n<p>&nbsp;<\/p>\n<p><strong>Prix:<\/strong> 3.500 PHP[\/vc_column_text][vc_empty_space height=\u00bb50px\u00bb]<a  href=\"https:\/\/www.alonaboholdiversclub.com\/fr\/reserver\/\" target=\"_self\" data-hover-border-color=#04937e data-hover-color=#04937e class=\"qbutton  center\" style=\"color: #ffffff; border-color: #04937e; font-style: normal; font-weight: 700; background-color: #04937e;\">R\u00c9SERVER MAINTENANT<\/a>[vc_empty_space height=\u00bb50px\u00bb][\/vc_column][\/vc_row][vc_row css_animation=\u00bb\u00bb row_type=\u00bbrow\u00bb use_row_as_full_screen_section=\u00bbno\u00bb type=\u00bbfull_width\u00bb angled_section=\u00bbno\u00bb text_align=\u00bbleft\u00bb background_image_as_pattern=\u00bbwithout_pattern\u00bb][vc_column][\/vc_column][\/vc_row]<\/p>\n","protected":false},"excerpt":{"rendered":"<p>[vc_row css_animation=\u00bb\u00bb row_type=\u00bbrow\u00bb use_row_as_full_screen_section=\u00bbno\u00bb type=\u00bbfull_width\u00bb angled_section=\u00bbno\u00bb text_align=\u00bbleft\u00bb background_image_as_pattern=\u00bbwithout_pattern\u00bb][vc_column][vc_single_image image=\u00bb16561&#8243; img_size=\u00bbfull\u00bb alignment=\u00bbcenter\u00bb qode_css_animation=\u00bb\u00bb][vc_empty_space height=\u00bb40px\u00bb][vc_column_text]Si la plong\u00e9e sous-marine \u00e0 Bohol vous int\u00e9resse mais que vous n\u2019\u00eates pas encore pr\u00eat \u00e0 vous inscrire pour votre certification Scuba Diver ou Open Water, Discover Scuba Diving sera parfait pour vous&#8230;<\/p>\n","protected":false},"author":2,"featured_media":0,"parent":0,"menu_order":0,"comment_status":"closed","ping_status":"closed","template":"","meta":{"footnotes":""},"_links":{"self":[{"href":"https:\/\/www.alonaboholdiversclub.com\/fr\/wp-json\/wp\/v2\/pages\/24637"}],"collection":[{"href":"https:\/\/www.alonaboholdiversclub.com\/fr\/wp-json\/wp\/v2\/pages"}],"about":[{"href":"https:\/\/www.alonaboholdiversclub.com\/fr\/wp-json\/wp\/v2\/types\/page"}],"author":[{"embeddable":true,"href":"https:\/\/www.alonaboholdiversclub.com\/fr\/wp-json\/wp\/v2\/users\/2"}],"replies":[{"embeddable":true,"href":"https:\/\/www.alonaboholdiversclub.com\/fr\/wp-json\/wp\/v2\/comments?post=24637"}],"version-history":[{"count":7,"href":"https:\/\/www.alonaboholdiversclub.com\/fr\/wp-json\/wp\/v2\/pages\/24637\/revisions"}],"predecessor-version":[{"id":25221,"href":"https:\/\/www.alonaboholdiversclub.com\/fr\/wp-json\/wp\/v2\/pages\/24637\/revisions\/25221"}],"wp:attachment":[{"href":"https:\/\/www.alonaboholdiversclub.com\/fr\/wp-json\/wp\/v2\/media?parent=24637"}],"curies":[{"name":"wp","href":"https:\/\/api.w.org\/{rel}","templated":true}]}}