{"id":20445,"date":"2019-08-21T14:33:09","date_gmt":"2019-08-21T14:33:09","guid":{"rendered":"https:\/\/www.alonaboholdiversclub.com\/?page_id=20445"},"modified":"2024-04-01T04:04:09","modified_gmt":"2024-04-01T04:04:09","slug":"cours-padi","status":"publish","type":"page","link":"https:\/\/www.alonaboholdiversclub.com\/fr\/cours-padi\/","title":{"rendered":"Cours PADI"},"content":{"rendered":"<p>[vc_row css_animation=\u00bb\u00bb row_type=\u00bbrow\u00bb use_row_as_full_screen_section=\u00bbno\u00bb type=\u00bbfull_width\u00bb anchor=\u00bbportfolio\u00bb angled_section=\u00bbno\u00bb text_align=\u00bbcenter\u00bb background_image_as_pattern=\u00bbwithout_pattern\u00bb][vc_column][vc_single_image image=\u00bb25239&#8243; img_size=\u00bbfull\u00bb alignment=\u00bbcenter\u00bb qode_css_animation=\u00bb\u00bb][vc_row_inner row_type=\u00bbrow\u00bb type=\u00bbfull_width\u00bb text_align=\u00bbleft\u00bb css_animation=\u00bb\u00bb][vc_column_inner width=\u00bb1\/6&#8243;][\/vc_column_inner][vc_column_inner width=\u00bb2\/3&#8243;][vc_empty_space height=\u00bb40px\u00bb][vc_column_text]<\/p>\n<h1 style=\"text-align: center;\"><span data-sheets-root=\"1\" data-sheets-value=\"{&quot;1&quot;:2,&quot;2&quot;:&quot;VENEZ APPRENDRE AVEC NOUS&quot;}\">VENEZ APPRENDRE AVEC NOUS<\/span><\/h1>\n<p>&nbsp;<\/p>\n<p style=\"text-align: justify;\">Que vous soyez nouveau dans la plong\u00e9e sous-marine ou que vous souhaitiez perfectionner vos comp\u00e9tences avec des certifications PADI suppl\u00e9mentaires, nos instructeurs passionn\u00e9s et professionnels sont impatients de vous aider \u00e0 poursuivre votre voyage de plong\u00e9e.<\/p>\n<p>&nbsp;<\/p>\n<p style=\"text-align: justify;\">Bohol Divers Club propose des cours d&#8217;introduction \u00e0 la plong\u00e9e, des exp\u00e9riences de plong\u00e9e pour les enfants, des certifications avanc\u00e9es et sp\u00e9cialis\u00e9es PADI, une formation de premier intervenant d&#8217;urgence et une formation de divemaster pour les aspirants professionnels de la plong\u00e9e ou pour devenir instructeur (cours PADI IDC).<\/p>\n<p>[\/vc_column_text][vc_empty_space height=\u00bb40px\u00bb][\/vc_column_inner][vc_column_inner width=\u00bb1\/6&#8243;][\/vc_column_inner][\/vc_row_inner][vc_separator type=\u00bbnormal\u00bb][vc_empty_space height=\u00bb40px\u00bb][vc_column_text]<\/p>\n<h1 style=\"text-align: center;\">Non-Certification Programs<\/h1>\n<p>[\/vc_column_text][vc_empty_space height=\u00bb50px\u00bb][vc_row_inner row_type=\u00bbrow\u00bb type=\u00bbfull_width\u00bb text_align=\u00bbleft\u00bb css_animation=\u00bb\u00bb][vc_column_inner width=\u00bb1\/2&#8243;][vc_single_image image=\u00bb25236&#8243; img_size=\u00bb900x500px\u00bb alignment=\u00bbcenter\u00bb qode_css_animation=\u00bb\u00bb][vc_separator type=\u00bbnormal\u00bb][vc_column_text]<\/p>\n<h4 style=\"text-align: center;\"><span data-sheets-root=\"1\" data-sheets-value=\"{&quot;1&quot;:2,&quot;2&quot;:&quot;DISCOVER SCUBA DIVING \/ BAPT\u00caME : INITIATION \u00c0 LA PLONG\u00c9E&quot;}\" data-sheets-userformat=\"{&quot;2&quot;:30783,&quot;3&quot;:{&quot;1&quot;:0,&quot;3&quot;:1},&quot;4&quot;:{&quot;1&quot;:2,&quot;2&quot;:16724889},&quot;5&quot;:{&quot;1&quot;:[{&quot;1&quot;:2,&quot;2&quot;:0,&quot;5&quot;:{&quot;1&quot;:0}},{&quot;1&quot;:0,&quot;2&quot;:0,&quot;3&quot;:3},{&quot;1&quot;:1,&quot;2&quot;:0,&quot;4&quot;:1}]},&quot;6&quot;:{&quot;1&quot;:[{&quot;1&quot;:2,&quot;2&quot;:0,&quot;5&quot;:{&quot;1&quot;:0}},{&quot;1&quot;:0,&quot;2&quot;:0,&quot;3&quot;:3},{&quot;1&quot;:1,&quot;2&quot;:0,&quot;4&quot;:1}]},&quot;7&quot;:{&quot;1&quot;:[{&quot;1&quot;:2,&quot;2&quot;:0,&quot;5&quot;:{&quot;1&quot;:0}},{&quot;1&quot;:0,&quot;2&quot;:0,&quot;3&quot;:3},{&quot;1&quot;:1,&quot;2&quot;:0,&quot;4&quot;:1}]},&quot;8&quot;:{&quot;1&quot;:[{&quot;1&quot;:2,&quot;2&quot;:0,&quot;5&quot;:{&quot;1&quot;:0}},{&quot;1&quot;:0,&quot;2&quot;:0,&quot;3&quot;:3},{&quot;1&quot;:1,&quot;2&quot;:0,&quot;4&quot;:1}]},&quot;14&quot;:{&quot;1&quot;:2,&quot;2&quot;:0},&quot;15&quot;:&quot;Arial&quot;,&quot;16&quot;:10,&quot;17&quot;:1}\">DISCOVER SCUBA DIVING \/ BAPT\u00caME : INITIATION \u00c0 LA PLONG\u00c9E<\/span><\/h4>\n<p>[\/vc_column_text][vc_separator type=\u00bbnormal\u00bb][vc_column_text]<\/p>\n<p style=\"text-align: left;\">Si la plong\u00e9e sous-marine vous int\u00e9resse mais que vous n\u2019\u00eates pas encore pr\u00eat \u00e0 vous inscrire pour votre certification Scuba Diver ou Open Water, Discover Scuba Diving sera parfait pour vous ! Con\u00e7ue pour s&#8217;initier \u00e0 la plong\u00e9e sous-marine, cette exp\u00e9rience vous fera d\u00e9couvrir les bases de la plong\u00e9e et vous aidera \u00e0 respirer sous l&#8217;eau pour la premi\u00e8re fois !<\/p>\n<p>[\/vc_column_text][vc_empty_space height=\u00bb30px\u00bb]<a  href=\"https:\/\/www.alonaboholdiversclub.com\/fr\/initiation-a-la-plongee\/\" target=\"_self\" data-hover-background-color=#ffffff data-hover-border-color=#04937e data-hover-color=#04937e class=\"qbutton  large center\" style=\"color: #ffffff; border-color: #04937e; font-style: normal; font-weight: 700; background-color: #04937e;\">En savoir plus<\/a>[vc_empty_space height=\u00bb30px\u00bb][\/vc_column_inner][vc_column_inner width=\u00bb1\/2&#8243;][vc_single_image image=\u00bb25237&#8243; img_size=\u00bb900x500px\u00bb alignment=\u00bbcenter\u00bb qode_css_animation=\u00bb\u00bb][vc_separator type=\u00bbnormal\u00bb][vc_column_text]<\/p>\n<h4 style=\"text-align: center;\"><span data-sheets-root=\"1\" data-sheets-value=\"{&quot;1&quot;:2,&quot;2&quot;:&quot;POUR LES ENFANTS&quot;}\" data-sheets-userformat=\"{&quot;2&quot;:31103,&quot;3&quot;:{&quot;1&quot;:0,&quot;3&quot;:1},&quot;4&quot;:{&quot;1&quot;:2,&quot;2&quot;:16724889},&quot;5&quot;:{&quot;1&quot;:[{&quot;1&quot;:2,&quot;2&quot;:0,&quot;5&quot;:{&quot;1&quot;:0}},{&quot;1&quot;:0,&quot;2&quot;:0,&quot;3&quot;:3},{&quot;1&quot;:1,&quot;2&quot;:0,&quot;4&quot;:1}]},&quot;6&quot;:{&quot;1&quot;:[{&quot;1&quot;:2,&quot;2&quot;:0,&quot;5&quot;:{&quot;1&quot;:0}},{&quot;1&quot;:0,&quot;2&quot;:0,&quot;3&quot;:3},{&quot;1&quot;:1,&quot;2&quot;:0,&quot;4&quot;:1}]},&quot;7&quot;:{&quot;1&quot;:[{&quot;1&quot;:2,&quot;2&quot;:0,&quot;5&quot;:{&quot;1&quot;:0}},{&quot;1&quot;:0,&quot;2&quot;:0,&quot;3&quot;:3},{&quot;1&quot;:1,&quot;2&quot;:0,&quot;4&quot;:1}]},&quot;8&quot;:{&quot;1&quot;:[{&quot;1&quot;:2,&quot;2&quot;:0,&quot;5&quot;:{&quot;1&quot;:0}},{&quot;1&quot;:0,&quot;2&quot;:0,&quot;3&quot;:3},{&quot;1&quot;:1,&quot;2&quot;:0,&quot;4&quot;:1}]},&quot;9&quot;:0,&quot;11&quot;:4,&quot;14&quot;:{&quot;1&quot;:3,&quot;3&quot;:1},&quot;15&quot;:&quot;Arial&quot;,&quot;16&quot;:10,&quot;17&quot;:1}\">POUR LES ENFANTS<\/span><\/h4>\n<p>[\/vc_column_text][vc_separator type=\u00bbnormal\u00bb][vc_column_text]<\/p>\n<p style=\"text-align: left;\">Les enfants de moins de 10 ans peuvent \u00e9galement s&#8217;amuser en plongeant gr\u00e2ce \u00e0 l&#8217;exp\u00e9rience \u00ab Bubblemaker \u00bb de PADI. L&#8217;exp\u00e9rience se d\u00e9roule uniquement sur terre et en eau peu profonde, jusqu&#8217;\u00e0 une profondeur maximale de 2 m\u00e8tres.<\/p>\n<p>[\/vc_column_text][vc_empty_space height=\u00bb30px\u00bb]<a  href=\"https:\/\/www.alonaboholdiversclub.com\/fr\/les-enfants-bubblemaker\/\" target=\"_self\" data-hover-background-color=#ffffff data-hover-border-color=#04937e data-hover-color=#04937e class=\"qbutton  large center\" style=\"color: #ffffff; border-color: #04937e; font-style: normal; font-weight: 700; background-color: #04937e;\">en savoir plus<\/a>[vc_empty_space height=\u00bb30px\u00bb][\/vc_column_inner][\/vc_row_inner][vc_empty_space height=\u00bb50px\u00bb][vc_separator type=\u00bbnormal\u00bb][vc_empty_space height=\u00bb50px\u00bb][vc_column_text]<\/p>\n<h1 style=\"text-align: center;\">Certification Courses<\/h1>\n<p>[\/vc_column_text][vc_empty_space height=\u00bb50px\u00bb][vc_row_inner row_type=\u00bbrow\u00bb type=\u00bbfull_width\u00bb text_align=\u00bbleft\u00bb css_animation=\u00bb\u00bb][vc_column_inner width=\u00bb1\/3&#8243;][vc_single_image image=\u00bb25238&#8243; img_size=\u00bb900x500px\u00bb alignment=\u00bbcenter\u00bb qode_css_animation=\u00bb\u00bb][vc_separator type=\u00bbnormal\u00bb][vc_column_text]<\/p>\n<h4 style=\"text-align: center;\"><span style=\"color: #ffffff;\" data-sheets-value=\"{&quot;1&quot;:2,&quot;2&quot;:&quot;SCUBA DIVER&quot;}\" data-sheets-userformat=\"{&quot;2&quot;:31571,&quot;3&quot;:{&quot;1&quot;:0},&quot;4&quot;:{&quot;1&quot;:3,&quot;3&quot;:8},&quot;7&quot;:{&quot;1&quot;:[{&quot;1&quot;:2,&quot;2&quot;:0,&quot;5&quot;:{&quot;1&quot;:2,&quot;2&quot;:0}},{&quot;1&quot;:0,&quot;2&quot;:0,&quot;3&quot;:3},{&quot;1&quot;:1,&quot;2&quot;:0,&quot;4&quot;:1}]},&quot;9&quot;:0,&quot;11&quot;:4,&quot;12&quot;:0,&quot;14&quot;:{&quot;1&quot;:2,&quot;2&quot;:0},&quot;15&quot;:&quot;Arial&quot;,&quot;16&quot;:11,&quot;17&quot;:1}\">SCUBA DIVER<\/span><\/h4>\n<p>[\/vc_column_text][vc_separator type=\u00bbnormal\u00bb][vc_column_text]<\/p>\n<p style=\"text-align: left;\">La certification Scuba Diver pourrait vous convenir si vous souhaitez devenir plongeur certifi\u00e9 mais que vous n&#8217;avez pas suffisamment de temps pour obtenir votre certification Open Water.<\/p>\n<p>[\/vc_column_text][vc_empty_space height=\u00bb30px\u00bb]<a  href=\"https:\/\/www.alonaboholdiversclub.com\/fr\/scuba-diver\/\" target=\"_self\" data-hover-background-color=#ffffff data-hover-border-color=#04937e data-hover-color=#04937e class=\"qbutton  large center\" style=\"color: #ffffff; border-color: #04937e; font-style: normal; font-weight: 700; background-color: #04937e;\">en savoir plus<\/a>[vc_empty_space height=\u00bb30px\u00bb][\/vc_column_inner][vc_column_inner width=\u00bb1\/3&#8243;][vc_single_image image=\u00bb25235&#8243; img_size=\u00bb900x500px\u00bb alignment=\u00bbcenter\u00bb qode_css_animation=\u00bb\u00bb][vc_separator type=\u00bbnormal\u00bb][vc_column_text]<\/p>\n<h4 style=\"text-align: center;\"><span style=\"color: #ffffff;\">OPEN WATER DIVER<\/span><\/h4>\n<p>[\/vc_column_text][vc_separator type=\u00bbnormal\u00bb][vc_column_text]<\/p>\n<p style=\"text-align: left;\">Pour la plupart des gens, le cours PADI Open Water est la meilleure premi\u00e8re \u00e9tape pour devenir plongeur.<\/p>\n<p>[\/vc_column_text][vc_empty_space height=\u00bb30px\u00bb]<a  href=\"https:\/\/www.alonaboholdiversclub.com\/fr\/open-water-diver-cours\/\" target=\"_self\" data-hover-background-color=#ffffff data-hover-border-color=#04937e data-hover-color=#04937e class=\"qbutton  large center\" style=\"color: #ffffff; border-color: #04937e; font-style: normal; font-weight: 700; background-color: #04937e;\">en savoir plus<\/a>[vc_empty_space height=\u00bb30px\u00bb][\/vc_column_inner][vc_column_inner width=\u00bb1\/3&#8243;][vc_single_image image=\u00bb25241&#8243; img_size=\u00bb900x500px\u00bb alignment=\u00bbcenter\u00bb qode_css_animation=\u00bb\u00bb][vc_separator type=\u00bbnormal\u00bb][vc_column_text]<\/p>\n<h4 style=\"text-align: center;\"><span style=\"color: #ffffff;\">ADVENTURE DIVER \/ ADVANCED OPEN WATER\u00a0<\/span><\/h4>\n<p>[\/vc_column_text][vc_separator type=\u00bbnormal\u00bb][vc_column_text]<\/p>\n<p style=\"text-align: left;\">Le cours Advanced Open Water Diver vous aide \u00e0 perfectionner vos comp\u00e9tences et \u00e0 accro\u00eetre votre confiance. Avec les conseils de votre instructeur exp\u00e9riment\u00e9, vous acquerrez de nouvelles connaissances en mati\u00e8re de s\u00e9curit\u00e9 et d\u00e9velopperez votre capacit\u00e9 \u00e0 plonger dans des conditions difficiles.<\/p>\n<p>[\/vc_column_text][vc_empty_space height=\u00bb30px\u00bb]<a  href=\"https:\/\/www.alonaboholdiversclub.com\/fr\/eau-libre-avancee\" target=\"_self\" data-hover-background-color=#ffffff data-hover-border-color=#04937e data-hover-color=#04937e class=\"qbutton  large center\" style=\"color: #ffffff; border-color: #04937e; font-style: normal; font-weight: 700; background-color: #04937e;\">en savoir plus<\/a>[vc_empty_space height=\u00bb30px\u00bb][\/vc_column_inner][\/vc_row_inner][vc_empty_space height=\u00bb50px\u00bb][vc_separator type=\u00bbnormal\u00bb][vc_empty_space height=\u00bb50px\u00bb][vc_column_text]<\/p>\n<h1 style=\"text-align: center;\">Rescue Diver &amp; FORMATION PREMIER INTERVENANT<\/h1>\n<p>[\/vc_column_text][vc_empty_space height=\u00bb50px\u00bb][vc_row_inner row_type=\u00bbrow\u00bb type=\u00bbfull_width\u00bb text_align=\u00bbleft\u00bb css_animation=\u00bb\u00bb][vc_column_inner width=\u00bb1\/2&#8243;][vc_single_image image=\u00bb25234&#8243; img_size=\u00bb900x500px\u00bb alignment=\u00bbcenter\u00bb qode_css_animation=\u00bb\u00bb][vc_separator type=\u00bbnormal\u00bb][vc_column_text]<\/p>\n<h4 style=\"text-align: center;\"><span data-sheets-root=\"1\" data-sheets-value=\"{&quot;1&quot;:2,&quot;2&quot;:&quot;RESCUE DIVER \/ PLONGEUR SECOURISTE&quot;}\" data-sheets-userformat=\"{&quot;2&quot;:30783,&quot;3&quot;:{&quot;1&quot;:0,&quot;3&quot;:1},&quot;4&quot;:{&quot;1&quot;:2,&quot;2&quot;:16724889},&quot;5&quot;:{&quot;1&quot;:[{&quot;1&quot;:2,&quot;2&quot;:0,&quot;5&quot;:{&quot;1&quot;:0}},{&quot;1&quot;:0,&quot;2&quot;:0,&quot;3&quot;:3},{&quot;1&quot;:1,&quot;2&quot;:0,&quot;4&quot;:1}]},&quot;6&quot;:{&quot;1&quot;:[{&quot;1&quot;:2,&quot;2&quot;:0,&quot;5&quot;:{&quot;1&quot;:0}},{&quot;1&quot;:0,&quot;2&quot;:0,&quot;3&quot;:3},{&quot;1&quot;:1,&quot;2&quot;:0,&quot;4&quot;:1}]},&quot;7&quot;:{&quot;1&quot;:[{&quot;1&quot;:2,&quot;2&quot;:0,&quot;5&quot;:{&quot;1&quot;:0}},{&quot;1&quot;:0,&quot;2&quot;:0,&quot;3&quot;:3},{&quot;1&quot;:1,&quot;2&quot;:0,&quot;4&quot;:1}]},&quot;8&quot;:{&quot;1&quot;:[{&quot;1&quot;:2,&quot;2&quot;:0,&quot;5&quot;:{&quot;1&quot;:0}},{&quot;1&quot;:0,&quot;2&quot;:0,&quot;3&quot;:3},{&quot;1&quot;:1,&quot;2&quot;:0,&quot;4&quot;:1}]},&quot;14&quot;:{&quot;1&quot;:2,&quot;2&quot;:0},&quot;15&quot;:&quot;Arial&quot;,&quot;16&quot;:10,&quot;17&quot;:1}\">RESCUE DIVER \/ PLONGEUR SECOURISTE<\/span><\/h4>\n<p>[\/vc_column_text][vc_separator type=\u00bbnormal\u00bb][vc_column_text]<\/p>\n<p style=\"text-align: left;\">Comme dans tout sport, des incidents de sant\u00e9 et de s\u00e9curit\u00e9 sont possibles en plong\u00e9e sous-marine. Ce cours \u00e9largit vos connaissances sur la fa\u00e7on de pr\u00e9venir les probl\u00e8mes et de les g\u00e9rer s&#8217;ils surviennent.<\/p>\n<p>[\/vc_column_text][vc_empty_space height=\u00bb30px\u00bb]<a  href=\"https:\/\/www.alonaboholdiversclub.com\/fr\/plongeur-sauvetage\/\" target=\"_self\" data-hover-background-color=#ffffff data-hover-border-color=#04937e data-hover-color=#04937e class=\"qbutton  large center\" style=\"color: #ffffff; border-color: #04937e; font-style: normal; font-weight: 700; background-color: #04937e;\">EN SAVOIR PLUS<\/a>[vc_empty_space height=\u00bb30px\u00bb][\/vc_column_inner][vc_column_inner width=\u00bb1\/2&#8243;][vc_single_image image=\u00bb25233&#8243; img_size=\u00bb900x500px\u00bb alignment=\u00bbcenter\u00bb qode_css_animation=\u00bb\u00bb][vc_separator type=\u00bbnormal\u00bb][vc_column_text]<\/p>\n<h4 style=\"text-align: center;\">FORMATION PREMIER INTERVENANT<\/h4>\n<p>[\/vc_column_text][vc_separator type=\u00bbnormal\u00bb][vc_column_text]<\/p>\n<p style=\"text-align: left;\">Le cours PADI Emergency First Responder est un programme de formation d&#8217;une journ\u00e9e qui vous forme aux premiers secours et \u00e0 la RCR, y compris le fonctionnement de base de l&#8217;oxyg\u00e8ne d&#8217;urgence et de l&#8217;\u00e9quipement AED.<\/p>\n<p>[\/vc_column_text][vc_empty_space height=\u00bb30px\u00bb]<a  href=\"https:\/\/www.alonaboholdiversclub.com\/fr\/formation-premier-intervenant\/\" target=\"_self\" data-hover-background-color=#ffffff data-hover-border-color=#04937e data-hover-color=#04937e class=\"qbutton  large center\" style=\"color: #ffffff; border-color: #04937e; font-style: normal; font-weight: 700; background-color: #04937e;\">EN SAVOIR PLUS<\/a>[vc_empty_space height=\u00bb30px\u00bb][\/vc_column_inner][\/vc_row_inner][vc_empty_space height=\u00bb50px\u00bb][vc_separator type=\u00bbnormal\u00bb][vc_empty_space height=\u00bb50px\u00bb][vc_column_text]<\/p>\n<h1 style=\"text-align: center;\">Cours Sp\u00e9cialis\u00e9s<\/h1>\n<p>&nbsp;<\/p>\n<p style=\"text-align: center;\">Les plongeurs Open Water certifi\u00e9s PADI et au-del\u00e0 peuvent choisir de continuer leur apprentissage en obtenant des certifications de comp\u00e9tences sp\u00e9cialis\u00e9es en fonction de leurs int\u00e9r\u00eats. Bohol Divers Club propose tous les cours sp\u00e9cialis\u00e9s suivants\u00a0:<\/p>\n<p>&nbsp;<\/p>\n<p style=\"text-align: center;\">Plongeur en configuration lat\u00e9rale<\/p>\n<p style=\"text-align: center;\">PADI Plongeur profond<\/p>\n<p style=\"text-align: center;\">PADI Plongeur autonome<\/p>\n<p style=\"text-align: center;\">PADI Plongeur de recherche et de r\u00e9cup\u00e9ration<\/p>\n<p style=\"text-align: center;\">PADI Plongeur sur \u00e9paves<\/p>\n<p style=\"text-align: center;\">PADI Photographe num\u00e9rique sous-marin<\/p>\n<p style=\"text-align: center;\">PADI Air enrichi Nitrox<\/p>\n<p style=\"text-align: center;\">PADI Fournisseur d&#8217;oxyg\u00e8ne d&#8217;urgence<\/p>\n<p style=\"text-align: center;\">PADI Plongeur Maitrise de la flottabilit\u00e9<\/p>\n<p style=\"text-align: center;\">PADI Plongeur de nuit PADI<\/p>\n<p>[\/vc_column_text][vc_empty_space height=\u00bb30px\u00bb]<a  href=\"https:\/\/www.alonaboholdiversclub.com\/fr\/cours-de-specialite\/\" target=\"_self\" data-hover-background-color=#ffffff data-hover-border-color=#04937e data-hover-color=#04937e class=\"qbutton  large center\" style=\"color: #ffffff; border-color: #04937e; font-style: normal; font-weight: 700; background-color: #04937e;\">en savoir plus<\/a>[vc_empty_space height=\u00bb50px\u00bb][\/vc_column][\/vc_row][vc_row css_animation=\u00bb\u00bb row_type=\u00bbrow\u00bb use_row_as_full_screen_section=\u00bbno\u00bb type=\u00bbfull_width\u00bb angled_section=\u00bbno\u00bb text_align=\u00bbcenter\u00bb background_image_as_pattern=\u00bbwithout_pattern\u00bb background_color=\u00bb#ffffff\u00bb][vc_column][vc_single_image image=\u00bb21367&#8243; img_size=\u00bbfull\u00bb alignment=\u00bbcenter\u00bb onclick=\u00bbcustom_link\u00bb qode_css_animation=\u00bb\u00bb link=\u00bbhttps:\/\/www.alonaboholdiversclub.com\/dive-master-idc\/\u00bb][\/vc_column][\/vc_row][vc_row css_animation=\u00bb\u00bb row_type=\u00bbrow\u00bb use_row_as_full_screen_section=\u00bbno\u00bb type=\u00bbgrid\u00bb angled_section=\u00bbno\u00bb text_align=\u00bbleft\u00bb background_image_as_pattern=\u00bbwithout_pattern\u00bb background_color=\u00bb#ffffff\u00bb padding_top=\u00bb46&#8243; padding_bottom=\u00bb49&#8243;][vc_column][vc_empty_space][\/vc_column][\/vc_row][vc_row css_animation=\u00bb\u00bb row_type=\u00bbrow\u00bb use_row_as_full_screen_section=\u00bbno\u00bb type=\u00bbfull_width\u00bb angled_section=\u00bbno\u00bb text_align=\u00bbleft\u00bb background_image_as_pattern=\u00bbwithout_pattern\u00bb][vc_column][\/vc_column][\/vc_row]<\/p>\n","protected":false},"excerpt":{"rendered":"<p>[vc_row css_animation=\u00bb\u00bb row_type=\u00bbrow\u00bb use_row_as_full_screen_section=\u00bbno\u00bb type=\u00bbfull_width\u00bb anchor=\u00bbportfolio\u00bb angled_section=\u00bbno\u00bb text_align=\u00bbcenter\u00bb background_image_as_pattern=\u00bbwithout_pattern\u00bb][vc_column][vc_single_image image=\u00bb25239&#8243; img_size=\u00bbfull\u00bb alignment=\u00bbcenter\u00bb qode_css_animation=\u00bb\u00bb][vc_row_inner row_type=\u00bbrow\u00bb type=\u00bbfull_width\u00bb text_align=\u00bbleft\u00bb css_animation=\u00bb\u00bb][vc_column_inner width=\u00bb1\/6&#8243;][\/vc_column_inner][vc_column_inner width=\u00bb2\/3&#8243;][vc_empty_space height=\u00bb40px\u00bb][vc_column_text] VENEZ APPRENDRE AVEC NOUS &nbsp; Que vous soyez nouveau dans la plong\u00e9e sous-marine ou que vous souhaitiez perfectionner vos comp\u00e9tences avec des certifications PADI suppl\u00e9mentaires,&#8230;<\/p>\n","protected":false},"author":2,"featured_media":24980,"parent":0,"menu_order":0,"comment_status":"open","ping_status":"open","template":"full_width.php","meta":{"footnotes":""},"_links":{"self":[{"href":"https:\/\/www.alonaboholdiversclub.com\/fr\/wp-json\/wp\/v2\/pages\/20445"}],"collection":[{"href":"https:\/\/www.alonaboholdiversclub.com\/fr\/wp-json\/wp\/v2\/pages"}],"about":[{"href":"https:\/\/www.alonaboholdiversclub.com\/fr\/wp-json\/wp\/v2\/types\/page"}],"author":[{"embeddable":true,"href":"https:\/\/www.alonaboholdiversclub.com\/fr\/wp-json\/wp\/v2\/users\/2"}],"replies":[{"embeddable":true,"href":"https:\/\/www.alonaboholdiversclub.com\/fr\/wp-json\/wp\/v2\/comments?post=20445"}],"version-history":[{"count":12,"href":"https:\/\/www.alonaboholdiversclub.com\/fr\/wp-json\/wp\/v2\/pages\/20445\/revisions"}],"predecessor-version":[{"id":25232,"href":"https:\/\/www.alonaboholdiversclub.com\/fr\/wp-json\/wp\/v2\/pages\/20445\/revisions\/25232"}],"wp:featuredmedia":[{"embeddable":true,"href":"https:\/\/www.alonaboholdiversclub.com\/fr\/wp-json\/wp\/v2\/media\/24980"}],"wp:attachment":[{"href":"https:\/\/www.alonaboholdiversclub.com\/fr\/wp-json\/wp\/v2\/media?parent=20445"}],"curies":[{"name":"wp","href":"https:\/\/api.w.org\/{rel}","templated":true}]}}