{"id":16036,"date":"2017-06-02T15:47:58","date_gmt":"2017-06-02T15:47:58","guid":{"rendered":"http:\/\/www.alonaboholdiversclub.com\/?page_id=16036"},"modified":"2024-03-21T01:13:48","modified_gmt":"2024-03-21T01:13:48","slug":"centre-plongee-alona-plage","status":"publish","type":"page","link":"https:\/\/www.alonaboholdiversclub.com\/fr\/centre-plongee-alona-plage\/","title":{"rendered":"Centre de plong\u00e9e \u00e0 Alona Beach aux Philippines"},"content":{"rendered":"<p>[vc_row css_animation=\u00bb\u00bb row_type=\u00bbrow\u00bb use_row_as_full_screen_section=\u00bbno\u00bb type=\u00bbgrid\u00bb angled_section=\u00bbno\u00bb text_align=\u00bbleft\u00bb background_image_as_pattern=\u00bbwithout_pattern\u00bb padding_top=\u00bb20&#8243; padding_bottom=\u00bb20&#8243; transition_delay=\u00bb10&#8243;][vc_column width=\u00bb1\/2&#8243;][vc_separator type=\u00bbtransparent\u00bb up=\u00bb20&#8243;][vc_column_text]<\/p>\n<h2 style=\"text-align: left;\">Bohol Divers Club &#8211; Centre de plong\u00e9e<\/h2>\n<p>[\/vc_column_text][vc_separator type=\u00bbsmall\u00bb position=\u00bbleft\u00bb up=\u00bb5&#8243; down=\u00bb5&#8243;][vc_separator type=\u00bbtransparent\u00bb up=\u00bb23&#8243; down=\u00bb20&#8243;][vc_column_text]<span data-sheets-root=\"1\" data-sheets-value=\"{&quot;1&quot;:2,&quot;2&quot;:&quot;Bohol Divers Club est un centre de plong\u00e9e PADI 5 \u00e9toiles offrant un acc\u00e8s privil\u00e9gi\u00e9 \u00e0 plus d'une douzaine de sites de plong\u00e9e de renomm\u00e9e mondiale. Que vous soyez nouveau dans la plong\u00e9e sous-marine et vous souhaitez perfectionner vos comp\u00e9tences avec des certifications PADI suppl\u00e9mentaires, ou un plongeur certifi\u00e9 souhaitant profiter de la plong\u00e9e loisirs, nous sommes impatients de vous accueillir ! \\nAu Bohol Divers Club, nous aimons aider les plongeurs \u00e0 d\u00e9couvrir une vie aquatique locale dynamique et diversifi\u00e9e comme les coraux color\u00e9s, les hippocampes pygm\u00e9es, les poulpes aux anneaux bleus, les poissons-clowns, les poissons-scorpions, les tortues de mer vertes et imbriqu\u00e9es, et les nudibranches de toutes tailles et couleurs. Nous prenons votre s\u00e9curit\u00e9 au s\u00e9rieux en proposant du mat\u00e9riel de qualit\u00e9 sup\u00e9rieure, des groupes de petite taille et un personnel de plong\u00e9e professionnel exp\u00e9riment\u00e9. Profitez de la beaut\u00e9 et de l'excitation de la plong\u00e9e sur les r\u00e9cifs et les \u00eeles aux alentours de Panglao. Venez explorer le monde sous-marin avec nous !&quot;}\" data-sheets-userformat=\"{&quot;2&quot;:14593,&quot;3&quot;:{&quot;1&quot;:0,&quot;3&quot;:1},&quot;11&quot;:4,&quot;14&quot;:{&quot;1&quot;:2,&quot;2&quot;:0},&quot;15&quot;:&quot;Arial&quot;,&quot;16&quot;:10}\">Bohol Divers Club est un centre de plong\u00e9e PADI 5 \u00e9toiles offrant un acc\u00e8s privil\u00e9gi\u00e9 \u00e0 plus d&#8217;une douzaine de sites de plong\u00e9e de renomm\u00e9e mondiale. Que vous soyez nouveau dans la plong\u00e9e sous-marine et vous souhaitez perfectionner vos comp\u00e9tences avec des certifications PADI suppl\u00e9mentaires, ou un plongeur certifi\u00e9 souhaitant profiter de la plong\u00e9e loisirs, nous sommes impatients de vous accueillir !<\/span><\/p>\n<p><span data-sheets-root=\"1\" data-sheets-value=\"{&quot;1&quot;:2,&quot;2&quot;:&quot;Bohol Divers Club est un centre de plong\u00e9e PADI 5 \u00e9toiles offrant un acc\u00e8s privil\u00e9gi\u00e9 \u00e0 plus d'une douzaine de sites de plong\u00e9e de renomm\u00e9e mondiale. Que vous soyez nouveau dans la plong\u00e9e sous-marine et vous souhaitez perfectionner vos comp\u00e9tences avec des certifications PADI suppl\u00e9mentaires, ou un plongeur certifi\u00e9 souhaitant profiter de la plong\u00e9e loisirs, nous sommes impatients de vous accueillir ! \\nAu Bohol Divers Club, nous aimons aider les plongeurs \u00e0 d\u00e9couvrir une vie aquatique locale dynamique et diversifi\u00e9e comme les coraux color\u00e9s, les hippocampes pygm\u00e9es, les poulpes aux anneaux bleus, les poissons-clowns, les poissons-scorpions, les tortues de mer vertes et imbriqu\u00e9es, et les nudibranches de toutes tailles et couleurs. Nous prenons votre s\u00e9curit\u00e9 au s\u00e9rieux en proposant du mat\u00e9riel de qualit\u00e9 sup\u00e9rieure, des groupes de petite taille et un personnel de plong\u00e9e professionnel exp\u00e9riment\u00e9. Profitez de la beaut\u00e9 et de l'excitation de la plong\u00e9e sur les r\u00e9cifs et les \u00eeles aux alentours de Panglao. Venez explorer le monde sous-marin avec nous !&quot;}\" data-sheets-userformat=\"{&quot;2&quot;:14593,&quot;3&quot;:{&quot;1&quot;:0,&quot;3&quot;:1},&quot;11&quot;:4,&quot;14&quot;:{&quot;1&quot;:2,&quot;2&quot;:0},&quot;15&quot;:&quot;Arial&quot;,&quot;16&quot;:10}\"><br \/>\nAu Bohol Divers Club, nous aimons aider les plongeurs \u00e0 d\u00e9couvrir une vie aquatique locale dynamique et diversifi\u00e9e comme les coraux color\u00e9s, les hippocampes pygm\u00e9es, les poulpes aux anneaux bleus, les poissons-clowns, les poissons-scorpions, les tortues de mer vertes et imbriqu\u00e9es, et les nudibranches de toutes tailles et couleurs.<\/span><\/p>\n<p>&nbsp;<\/p>\n<p><span data-sheets-root=\"1\" data-sheets-value=\"{&quot;1&quot;:2,&quot;2&quot;:&quot;Bohol Divers Club est un centre de plong\u00e9e PADI 5 \u00e9toiles offrant un acc\u00e8s privil\u00e9gi\u00e9 \u00e0 plus d'une douzaine de sites de plong\u00e9e de renomm\u00e9e mondiale. Que vous soyez nouveau dans la plong\u00e9e sous-marine et vous souhaitez perfectionner vos comp\u00e9tences avec des certifications PADI suppl\u00e9mentaires, ou un plongeur certifi\u00e9 souhaitant profiter de la plong\u00e9e loisirs, nous sommes impatients de vous accueillir ! \\nAu Bohol Divers Club, nous aimons aider les plongeurs \u00e0 d\u00e9couvrir une vie aquatique locale dynamique et diversifi\u00e9e comme les coraux color\u00e9s, les hippocampes pygm\u00e9es, les poulpes aux anneaux bleus, les poissons-clowns, les poissons-scorpions, les tortues de mer vertes et imbriqu\u00e9es, et les nudibranches de toutes tailles et couleurs. Nous prenons votre s\u00e9curit\u00e9 au s\u00e9rieux en proposant du mat\u00e9riel de qualit\u00e9 sup\u00e9rieure, des groupes de petite taille et un personnel de plong\u00e9e professionnel exp\u00e9riment\u00e9. Profitez de la beaut\u00e9 et de l'excitation de la plong\u00e9e sur les r\u00e9cifs et les \u00eeles aux alentours de Panglao. Venez explorer le monde sous-marin avec nous !&quot;}\" data-sheets-userformat=\"{&quot;2&quot;:14593,&quot;3&quot;:{&quot;1&quot;:0,&quot;3&quot;:1},&quot;11&quot;:4,&quot;14&quot;:{&quot;1&quot;:2,&quot;2&quot;:0},&quot;15&quot;:&quot;Arial&quot;,&quot;16&quot;:10}\">Nous prenons votre s\u00e9curit\u00e9 au s\u00e9rieux en proposant du mat\u00e9riel de qualit\u00e9 sup\u00e9rieure, des groupes de petite taille et un personnel de plong\u00e9e professionnel exp\u00e9riment\u00e9. Profitez de la beaut\u00e9 et de l&#8217;excitation de la plong\u00e9e sur les r\u00e9cifs et les \u00eeles aux alentours de Panglao. Venez explorer le monde sous-marin avec nous !<\/span>[\/vc_column_text][vc_empty_space height=\u00bb30px\u00bb][vc_single_image image=\u00bb16614&#8243; img_size=\u00bbfull\u00bb qode_css_animation=\u00bb\u00bb][vc_column_text]<\/p>\n<h5 style=\"text-align: left;\">Bohol Club Padi Resort (# 21546)<\/h5>\n<p>[\/vc_column_text][\/vc_column][vc_column width=\u00bb1\/2&#8243;][vc_separator type=\u00bbtransparent\u00bb up=\u00bb23&#8243; down=\u00bb58&#8243;][vc_gallery type=\u00bbflexslider_slide\u00bb interval=\u00bb3&#8243; images=\u00bb16573,16570,16575,16589,16543,16544,16565,16566,16528,16531,16530,16559,16555,16527,16529,16532,16533,16534,16535,16536,16537,16538,16539,16540,16541,16542,16545,16546,16547,16548,16549,16550,16551,16552,16553,16554,16556,16557,16558,16560,16561,16562,16563,16564,16567,16568,16569,16571,16572,16574,16576,16577,16578,16579,16580,16581,16582,16583,16584,16585,16586,16587,16588,16590,16591,16592,16593,16594,16595,16596,16597,16598,16599,16600,16601,16602,16603,16604,16605,16606,16607,16608,16609&#8243; img_size=\u00bb800&#215;600&#8243;][vc_separator type=\u00bbtransparent\u00bb up=\u00bb23&#8243; down=\u00bb58&#8243;][\/vc_column][\/vc_row][vc_row css_animation=\u00bb\u00bb row_type=\u00bbrow\u00bb use_row_as_full_screen_section=\u00bbno\u00bb type=\u00bbgrid\u00bb angled_section=\u00bbno\u00bb text_align=\u00bbleft\u00bb background_image_as_pattern=\u00bbwithout_pattern\u00bb background_color=\u00bb#1e1e1e\u00bb padding_top=\u00bb85&#8243;][vc_column width=\u00bb1\/2&#8243;][vc_single_image image=\u00bb15621&#8243; img_size=\u00bb400&#215;400&#8243; alignment=\u00bbcenter\u00bb qode_css_animation=\u00bbelement_from_fade\u00bb transition_delay=\u00bb0.2&#8243;][vc_separator type=\u00bbtransparent\u00bb up=\u00bb29&#8243; down=\u00bb0&#8243;][vc_column_text]<\/p>\n<h4 style=\"text-align: center;\">ETUDES EN CLASSE<\/h4>\n<p>[\/vc_column_text][vc_separator type=\u00bbtransparent\u00bb up=\u00bb10&#8243; down=\u00bb0&#8243;][vc_column_text]Le centre poss\u00e8de une classe de cours spacieuse avec t\u00e9l\u00e9vision et tableau blanc, une zone pour rincer et ranger l&#8217;\u00e9quipement ainsi qu&#8217;une terrasse avec vue superbe vers l&#8217;ext\u00e9rieur pour y \u00e9tudier en toute tranquilit\u00e9. [\/vc_column_text][vc_separator type=\u00bbtransparent\u00bb up=\u00bb89&#8243; down=\u00bb0&#8243;][\/vc_column][vc_column width=\u00bb1\/2&#8243;][vc_single_image image=\u00bb15582&#8243; img_size=\u00bb400&#215;400&#8243; alignment=\u00bbcenter\u00bb qode_css_animation=\u00bbelement_from_fade\u00bb transition_delay=\u00bb0.2&#8243;][vc_separator type=\u00bbtransparent\u00bb up=\u00bb29&#8243; down=\u00bb0&#8243;][vc_column_text]<\/p>\n<h4 style=\"text-align: center;\">PISCINE<\/h4>\n<p>[\/vc_column_text][vc_separator type=\u00bbtransparent\u00bb up=\u00bb10&#8243; down=\u00bb0&#8243;][vc_column_text]Une piscine est \u00e0 votre disposition pour pratiquer les exercices du Discover Scuba Diving (bapt\u00e8me) et rafraichir vos pratiques. C&#8217;est aussi l\u00e0 o\u00f9 vous vous accoutumerez \u00e0 l&#8217;\u00e9l\u00e9ment, \u00e0 l&#8217;\u00e9quipement et aux pratiques de flottabilit\u00e9 et de s\u00e9curit\u00e9 durant le cours Open Water, avant de profiter pleinement des joies de l&#8217;oc\u00e9an.[\/vc_column_text][vc_separator type=\u00bbtransparent\u00bb up=\u00bb89&#8243; down=\u00bb0&#8243;][\/vc_column][\/vc_row][vc_row css_animation=\u00bb\u00bb row_type=\u00bbrow\u00bb use_row_as_full_screen_section=\u00bbno\u00bb type=\u00bbgrid\u00bb angled_section=\u00bbno\u00bb text_align=\u00bbleft\u00bb background_image_as_pattern=\u00bbwithout_pattern\u00bb background_color=\u00bb#1e1e1e\u00bb padding_top=\u00bb85&#8243;][vc_column width=\u00bb1\/2&#8243;][vc_single_image image=\u00bb15981&#8243; img_size=\u00bb400&#215;400&#8243; alignment=\u00bbcenter\u00bb qode_css_animation=\u00bbelement_from_fade\u00bb transition_delay=\u00bb0.2&#8243;][vc_separator type=\u00bbtransparent\u00bb up=\u00bb29&#8243; down=\u00bb0&#8243;][vc_column_text]<\/p>\n<h4 style=\"text-align: center;\">VOLEY PLAYA<\/h4>\n<p>[\/vc_column_text][vc_separator type=\u00bbtransparent\u00bb up=\u00bb10&#8243; down=\u00bb0&#8243;][vc_column_text]Le soir, une partie beach volley est un classique suivi, pourquoi pas, du plaisir de partager un barbecue apr\u00e8s le coucher du soleil et bavarder des plaisirs partag\u00e9s durant la journ\u00e9e[\/vc_column_text][vc_separator type=\u00bbtransparent\u00bb up=\u00bb89&#8243; down=\u00bb0&#8243;][\/vc_column][vc_column width=\u00bb1\/2&#8243;][vc_single_image image=\u00bb15616&#8243; img_size=\u00bb400&#215;400&#8243; alignment=\u00bbcenter\u00bb qode_css_animation=\u00bbelement_from_fade\u00bb transition_delay=\u00bb0.2&#8243;][vc_separator type=\u00bbtransparent\u00bb up=\u00bb29&#8243; down=\u00bb0&#8243;][vc_column_text]<\/p>\n<h4 style=\"text-align: center;\"><span data-sheets-root=\"1\" data-sheets-value=\"{&quot;1&quot;:2,&quot;2&quot;:&quot;Nos Bateaux&quot;}\">NOS BATEAUX<\/span><\/h4>\n<p>[\/vc_column_text][vc_separator type=\u00bbtransparent\u00bb up=\u00bb10&#8243; down=\u00bb0&#8243;][vc_column_text]<span data-sheets-root=\"1\" data-sheets-value=\"{&quot;1&quot;:2,&quot;2&quot;:&quot;Le Bohol Divers Club dispose de 5 bateaux de plong\u00e9e. Deux bateaux rapides mesurent 8 m de long, ce qui est id\u00e9al pour effectuer des excursions rapides vers nos sites de plong\u00e9e locaux. La Fortuna est notre bangka de taille moyenne (bateau traditionnel Philippin avec des balanciers en bambou), nous l'utilisons pour des sorties de snorkeling ou de petits groupes de plong\u00e9e. La Castiza et El Gran Titan sont nos plus grands bangkas, construit sur mesure pour les voyages de plong\u00e9e. Ils ont une capacit\u00e9 de 25 plongeurs chacun pour profiter d'excursions d'une journ\u00e9e sur l'\u00eele Balicasag, l'\u00eele Pamilacan et le mur de Doljo. Ils sont spacieux, \u00e9quip\u00e9s de toilettes, d'un espace sec et d'un grand espace ombrag\u00e9 pour se prot\u00e9ger du soleil, ainsi que non ombrag\u00e9 pour ceux qui souhaitent bronzer.&quot;}\" data-sheets-userformat=\"{&quot;2&quot;:14593,&quot;3&quot;:{&quot;1&quot;:0,&quot;3&quot;:1},&quot;11&quot;:4,&quot;14&quot;:{&quot;1&quot;:2,&quot;2&quot;:0},&quot;15&quot;:&quot;Arial&quot;,&quot;16&quot;:10}\">Le Bohol Divers Club dispose de 5 bateaux de plong\u00e9e. Deux bateaux rapides mesurent 8 m de long, ce qui est id\u00e9al pour effectuer des excursions rapides vers nos sites de plong\u00e9e locaux. <\/span><\/p>\n<p>&nbsp;<\/p>\n<p><span data-sheets-root=\"1\" data-sheets-value=\"{&quot;1&quot;:2,&quot;2&quot;:&quot;Le Bohol Divers Club dispose de 5 bateaux de plong\u00e9e. Deux bateaux rapides mesurent 8 m de long, ce qui est id\u00e9al pour effectuer des excursions rapides vers nos sites de plong\u00e9e locaux. La Fortuna est notre bangka de taille moyenne (bateau traditionnel Philippin avec des balanciers en bambou), nous l'utilisons pour des sorties de snorkeling ou de petits groupes de plong\u00e9e. La Castiza et El Gran Titan sont nos plus grands bangkas, construit sur mesure pour les voyages de plong\u00e9e. Ils ont une capacit\u00e9 de 25 plongeurs chacun pour profiter d'excursions d'une journ\u00e9e sur l'\u00eele Balicasag, l'\u00eele Pamilacan et le mur de Doljo. Ils sont spacieux, \u00e9quip\u00e9s de toilettes, d'un espace sec et d'un grand espace ombrag\u00e9 pour se prot\u00e9ger du soleil, ainsi que non ombrag\u00e9 pour ceux qui souhaitent bronzer.&quot;}\" data-sheets-userformat=\"{&quot;2&quot;:14593,&quot;3&quot;:{&quot;1&quot;:0,&quot;3&quot;:1},&quot;11&quot;:4,&quot;14&quot;:{&quot;1&quot;:2,&quot;2&quot;:0},&quot;15&quot;:&quot;Arial&quot;,&quot;16&quot;:10}\">La Fortuna est notre bangka de taille moyenne (bateau traditionnel Philippin avec des balanciers en bambou), nous l&#8217;utilisons pour des sorties de snorkeling ou de petits groupes de plong\u00e9e. La Castiza et El Gran Titan sont nos plus grands bangkas, construit sur mesure pour les voyages de plong\u00e9e. Ils ont une capacit\u00e9 de 25 plongeurs chacun pour profiter d&#8217;excursions d&#8217;une journ\u00e9e sur l&#8217;\u00eele Balicasag, l&#8217;\u00eele Pamilacan et le mur de Doljo. Ils sont spacieux, \u00e9quip\u00e9s de toilettes, d&#8217;un espace sec et d&#8217;un grand espace ombrag\u00e9 pour se prot\u00e9ger du soleil, ainsi que non ombrag\u00e9 pour ceux qui souhaitent bronzer.<\/span>[\/vc_column_text][vc_separator type=\u00bbtransparent\u00bb up=\u00bb89&#8243; down=\u00bb0&#8243;][\/vc_column][\/vc_row][vc_row css_animation=\u00bb\u00bb row_type=\u00bbrow\u00bb use_row_as_full_screen_section=\u00bbno\u00bb type=\u00bbgrid\u00bb angled_section=\u00bbno\u00bb text_align=\u00bbleft\u00bb background_image_as_pattern=\u00bbwithout_pattern\u00bb background_color=\u00bb#ffffff\u00bb padding_top=\u00bb132&#8243; padding_bottom=\u00bb4&#8243;][vc_column width=\u00bb1\/6&#8243;][\/vc_column][vc_column width=\u00bb2\/3&#8243;][vc_separator type=\u00bbtransparent\u00bb up=\u00bb47&#8243; down=\u00bb0&#8243;][vc_column_text]<\/p>\n<h2 style=\"text-align: center; color: #444444;\">Nous sommes l&#8217;un des centres les plus reconnus des Philippines pour la plong\u00e9e<\/h2>\n<p>[\/vc_column_text][vc_separator type=\u00bbtransparent\u00bb up=\u00bb10&#8243; down=\u00bb0&#8243;][vc_column_text]<\/p>\n<p style=\"text-align: center;\"><strong>Vous organisez un voyage aux Philippines? Contactez-nous pour tout ce dont vous avez besoin.<\/strong><\/p>\n<p>[\/vc_column_text][vc_separator type=\u00bbtransparent\u00bb up=\u00bb10&#8243; down=\u00bb0&#8243;][vc_column_text]<\/p>\n<div id=\"TA_selfserveprop376\" class=\"TA_selfserveprop\">\n<ul id=\"BbenDGPw1Jp\" class=\"TA_links 42VSFIrx\">\n<li id=\"uDSJtZhM0\" class=\"yPMDjxUUJP9b\"><a href=\"https:\/\/www.tripadvisor.es\/\" target=\"_blank\" rel=\"noopener noreferrer\"><img decoding=\"async\" src=\"https:\/\/www.tripadvisor.es\/img\/cdsi\/img2\/branding\/150_logo-11900-2.png\" alt=\"TripAdvisor\" \/><\/a><\/li>\n<\/ul>\n<\/div>\n<p><script src=\"https:\/\/www.jscache.com\/wejs?wtype=selfserveprop&amp;uniq=376&amp;locationId=6434110&amp;lang=es&amp;rating=true&amp;nreviews=4&amp;writereviewlink=true&amp;popIdx=true&amp;iswide=true&amp;border=true&amp;display_version=2\"><\/script>[\/vc_column_text][vc_separator type=\u00bbtransparent\u00bb up=\u00bb47&#8243; down=\u00bb0&#8243;][\/vc_column][vc_column width=\u00bb1\/6&#8243;][\/vc_column][\/vc_row][vc_row css_animation=\u00bb\u00bb row_type=\u00bbrow\u00bb use_row_as_full_screen_section=\u00bbno\u00bb type=\u00bbgrid\u00bb angled_section=\u00bbno\u00bb text_align=\u00bbleft\u00bb background_image_as_pattern=\u00bbwithout_pattern\u00bb background_color=\u00bb#151515&#8243; padding_top=\u00bb125&#8243; padding_bottom=\u00bb60&#8243;][vc_column][vc_column_text]<\/p>\n<h2 style=\"text-align: center;\">les services<\/h2>\n<p>[\/vc_column_text][vc_column_text]<\/p>\n<h5 style=\"text-align: center;\">Bohol Club Padi Resort (# 21546) services qui comprend<\/h5>\n<p>[\/vc_column_text][vc_separator type=\u00bbsmall\u00bb position=\u00bbcenter\u00bb up=\u00bb23&#8243; down=\u00bb60&#8243;][vc_row_inner row_type=\u00bbrow\u00bb type=\u00bbfull_width\u00bb text_align=\u00bbleft\u00bb css_animation=\u00bb\u00bb][vc_column_inner width=\u00bb1\/4&#8243;]<div class='q_icon_with_title medium normal_icon center'><div class=\"icon_holder \" style=\" \"><span data-icon-type=\"normal\"   style=\"\" class=\"qode_iwt_icon_holder q_font_awsome_icon fa-3x \"><i class=\"qode_icon_font_awesome fa fa-book qode_iwt_icon_element\" style=\"color: #ffffff;\" ><\/i><\/span><\/div><div class=\"icon_text_holder\" style=\"\"><div class=\"icon_text_inner\" style=\"\"><h5 class=\"icon_title\" style=\"color: #ffffff;\">Cours PADI<\/h5><p style=''>Cours PADI<\/p><\/div><\/div><\/div>[vc_separator type=\u00bbtransparent\u00bb up=\u00bb49&#8243; down=\u00bb0&#8243;][\/vc_column_inner][vc_column_inner width=\u00bb1\/4&#8243;]<div class='q_icon_with_title medium normal_icon center'><div class=\"icon_holder \" style=\" \"><span data-icon-type=\"normal\"   style=\"\" class=\"qode_iwt_icon_holder q_font_awsome_icon fa-3x \"><i class=\"qode_icon_font_awesome fa fa-star qode_iwt_icon_element\" style=\"color: #ffffff;\" ><\/i><\/span><\/div><div class=\"icon_text_holder\" style=\"\"><div class=\"icon_text_inner\" style=\"\"><h5 class=\"icon_title\" style=\"color: #ffffff;\">Plong\u00e9e amusante<\/h5><p style=''>Plong\u00e9e amusante<\/p><\/div><\/div><\/div>[vc_separator type=\u00bbtransparent\u00bb up=\u00bb49&#8243; down=\u00bb0&#8243;][\/vc_column_inner][vc_column_inner width=\u00bb1\/4&#8243;]<div class='q_icon_with_title medium normal_icon center'><div class=\"icon_holder \" style=\" \"><span data-icon-type=\"normal\"   style=\"\" class=\"qode_iwt_icon_holder q_font_awsome_icon fa-3x \"><i class=\"qode_icon_font_awesome fa fa-moon-o qode_iwt_icon_element\" style=\"color: #ffffff;\" ><\/i><\/span><\/div><div class=\"icon_text_holder\" style=\"\"><div class=\"icon_text_inner\" style=\"\"><h5 class=\"icon_title\" style=\"color: #ffffff;\">Plong\u00e9e de nuit<\/h5><p style=''>Plong\u00e9e de nuit<\/p><\/div><\/div><\/div>[vc_separator type=\u00bbtransparent\u00bb up=\u00bb49&#8243; down=\u00bb0&#8243;][\/vc_column_inner][vc_column_inner width=\u00bb1\/4&#8243;]<div class='q_icon_with_title medium normal_icon center'><div class=\"icon_holder \" style=\" \"><span data-icon-type=\"normal\"   style=\"\" class=\"qode_iwt_icon_holder q_font_awsome_icon fa-3x \"><i class=\"qode_icon_font_awesome fa fa-eye-slash qode_iwt_icon_element\" style=\"color: #ffffff;\" ><\/i><\/span><\/div><div class=\"icon_text_holder\" style=\"\"><div class=\"icon_text_inner\" style=\"\"><h5 class=\"icon_title\" style=\"color: #ffffff;\">Plong\u00e9e sp\u00e9ciale nuit fluo<\/h5><p style=''>Plong\u00e9e sp\u00e9ciale nuit fluo<\/p><\/div><\/div><\/div>[vc_separator type=\u00bbtransparent\u00bb up=\u00bb49&#8243; down=\u00bb0&#8243;][\/vc_column_inner][\/vc_row_inner][\/vc_column][\/vc_row][vc_row css_animation=\u00bb\u00bb row_type=\u00bbrow\u00bb use_row_as_full_screen_section=\u00bbno\u00bb type=\u00bbgrid\u00bb angled_section=\u00bbno\u00bb text_align=\u00bbleft\u00bb background_image_as_pattern=\u00bbwithout_pattern\u00bb background_color=\u00bb#611194&#8243; padding_top=\u00bb125&#8243; padding_bottom=\u00bb60&#8243;][vc_column][vc_column_text]<\/p>\n<h2 style=\"text-align: center;\">Laissez-nous vous aider \u00e0 organiser votre voyage<\/h2>\n<p>[\/vc_column_text][vc_column_text]<\/p>\n<h5 style=\"text-align: center;\">Vous ne nous dites que votre budget et nous allons trouver la meilleure option.<br \/>\nTransferts: de Cebu ou Tagbilaran \u00e0 Alona.<\/h5>\n<h5 style=\"text-align: center;\">Excursion \u00e0 Bohol (excursion terrestre). Visitez les collines de chocolat, le Tarsier, profitez de la tyrolienne et de la rivi\u00e8re Loboc.<\/h5>\n<h5 style=\"text-align: center;\">Ou peut-\u00eatre pr\u00e9f\u00e9rez-vous profiter des cascades non touristiques autour de Bohol.<\/h5>\n<p>[\/vc_column_text][vc_separator type=\u00bbsmall\u00bb position=\u00bbcenter\u00bb color=\u00bb#ffffff\u00bb up=\u00bb23&#8243; down=\u00bb60&#8243;][\/vc_column][\/vc_row]<\/p>\n","protected":false},"excerpt":{"rendered":"<p>[vc_row css_animation=\u00bb\u00bb row_type=\u00bbrow\u00bb use_row_as_full_screen_section=\u00bbno\u00bb type=\u00bbgrid\u00bb angled_section=\u00bbno\u00bb text_align=\u00bbleft\u00bb background_image_as_pattern=\u00bbwithout_pattern\u00bb padding_top=\u00bb20&#8243; padding_bottom=\u00bb20&#8243; transition_delay=\u00bb10&#8243;][vc_column width=\u00bb1\/2&#8243;][vc_separator type=\u00bbtransparent\u00bb up=\u00bb20&#8243;][vc_column_text] Bohol Divers Club &#8211; Centre de plong\u00e9e [\/vc_column_text][vc_separator type=\u00bbsmall\u00bb position=\u00bbleft\u00bb up=\u00bb5&#8243; down=\u00bb5&#8243;][vc_separator type=\u00bbtransparent\u00bb up=\u00bb23&#8243; down=\u00bb20&#8243;][vc_column_text]Bohol Divers Club est un centre de plong\u00e9e PADI 5 \u00e9toiles offrant un acc\u00e8s privil\u00e9gi\u00e9 \u00e0 plus&#8230;<\/p>\n","protected":false},"author":2,"featured_media":15555,"parent":0,"menu_order":0,"comment_status":"closed","ping_status":"closed","template":"full_width.php","meta":{"footnotes":""},"_links":{"self":[{"href":"https:\/\/www.alonaboholdiversclub.com\/fr\/wp-json\/wp\/v2\/pages\/16036"}],"collection":[{"href":"https:\/\/www.alonaboholdiversclub.com\/fr\/wp-json\/wp\/v2\/pages"}],"about":[{"href":"https:\/\/www.alonaboholdiversclub.com\/fr\/wp-json\/wp\/v2\/types\/page"}],"author":[{"embeddable":true,"href":"https:\/\/www.alonaboholdiversclub.com\/fr\/wp-json\/wp\/v2\/users\/2"}],"replies":[{"embeddable":true,"href":"https:\/\/www.alonaboholdiversclub.com\/fr\/wp-json\/wp\/v2\/comments?post=16036"}],"version-history":[{"count":18,"href":"https:\/\/www.alonaboholdiversclub.com\/fr\/wp-json\/wp\/v2\/pages\/16036\/revisions"}],"predecessor-version":[{"id":25202,"href":"https:\/\/www.alonaboholdiversclub.com\/fr\/wp-json\/wp\/v2\/pages\/16036\/revisions\/25202"}],"wp:featuredmedia":[{"embeddable":true,"href":"https:\/\/www.alonaboholdiversclub.com\/fr\/wp-json\/wp\/v2\/media\/15555"}],"wp:attachment":[{"href":"https:\/\/www.alonaboholdiversclub.com\/fr\/wp-json\/wp\/v2\/media?parent=16036"}],"curies":[{"name":"wp","href":"https:\/\/api.w.org\/{rel}","templated":true}]}}