{"id":15969,"date":"2017-05-28T12:02:27","date_gmt":"2017-05-28T12:02:27","guid":{"rendered":"http:\/\/s672431363.mialojamiento.es\/?page_id=15969"},"modified":"2024-02-25T11:51:22","modified_gmt":"2024-02-25T11:51:22","slug":"visiter-plage-alona","status":"publish","type":"page","link":"https:\/\/www.alonaboholdiversclub.com\/fr\/visiter-plage-alona\/","title":{"rendered":"Comment Arriver"},"content":{"rendered":"<p>[vc_row css_animation=\u00bb\u00bb row_type=\u00bbrow\u00bb use_row_as_full_screen_section=\u00bbno\u00bb type=\u00bbfull_width\u00bb angled_section=\u00bbno\u00bb text_align=\u00bbleft\u00bb background_image_as_pattern=\u00bbwithout_pattern\u00bb][vc_column width=\u00bb1\/4&#8243;][\/vc_column][vc_column width=\u00bb1\/2&#8243;][vc_column_text]<span data-sheets-root=\"1\" data-sheets-value=\"{&quot;1&quot;:2,&quot;2&quot;:&quot;Le Bohol Divers Club est situ\u00e9 directement sur la plage d'Alona, \u200b\u200b\u00e0 quelques m\u00e8tres du magnifique r\u00e9cif local ! La plage d'Alona se trouve \u00e0 la pointe sud-ouest de l'\u00eele de Panglao, \u00e0 Bohol. Panglao est reli\u00e9e par la route \u00e0 la plus grande \u00eele de Bohol et est \u00e9galement accessible par ferry et par avion. L'a\u00e9roport le plus proche, Tagbilaran (TAG), situ\u00e9 sur la m\u00eame \u00eele de Panglao, se trouve \u00e0 seulement 10 minutes de notre centre de plong\u00e9e.&quot;}\" data-sheets-userformat=\"{&quot;2&quot;:14657,&quot;3&quot;:{&quot;1&quot;:0,&quot;3&quot;:1},&quot;9&quot;:0,&quot;11&quot;:4,&quot;14&quot;:{&quot;1&quot;:2,&quot;2&quot;:0},&quot;15&quot;:&quot;Arial&quot;,&quot;16&quot;:11}\">Le Bohol Divers Club est situ\u00e9 directement sur la plage d&#8217;Alona, \u200b\u200b\u00e0 quelques m\u00e8tres du magnifique r\u00e9cif local ! La plage d&#8217;Alona se trouve \u00e0 la pointe sud-ouest de l&#8217;\u00eele de Panglao, \u00e0 Bohol. Panglao est reli\u00e9e par la route \u00e0 la plus grande \u00eele de Bohol et est \u00e9galement accessible par ferry et par avion. L&#8217;a\u00e9roport le plus proche, Tagbilaran (TAG), situ\u00e9 sur la m\u00eame \u00eele de Panglao, se trouve \u00e0 seulement 10 minutes de notre centre de plong\u00e9e.<\/span>[\/vc_column_text][vc_separator type=\u00bbtransparent\u00bb down=\u00bb40&#8243;][\/vc_column][vc_column width=\u00bb1\/4&#8243;][\/vc_column][\/vc_row][vc_row css_animation=\u00bb\u00bb row_type=\u00bbrow\u00bb use_row_as_full_screen_section=\u00bbno\u00bb type=\u00bbfull_width\u00bb angled_section=\u00bbno\u00bb text_align=\u00bbleft\u00bb background_image_as_pattern=\u00bbwithout_pattern\u00bb][vc_column width=\u00bb1\/3&#8243;][vc_single_image image=\u00bb15974&#8243; alignment=\u00bbcenter\u00bb qode_css_animation=\u00bb\u00bb][vc_separator type=\u00bbtransparent\u00bb up=\u00bb10&#8243;][vc_column_text]<\/p>\n<h4 style=\"text-align: center;\">En avi\u00f3n de Manila a Tagbilaran<\/h4>\n<p>[\/vc_column_text][vc_separator type=\u00bbtransparent\u00bb up=\u00bb10&#8243;][vc_column_text]Il y a 3 compagnies offrant des vols directs de Manille \u00e0 Tagbilaran [\/vc_column_text][vc_separator type=\u00bbtransparent\u00bb up=\u00bb10&#8243;][vc_single_image image=\u00bb15976&#8243; img_size=\u00bbfull\u00bb onclick=\u00bbcustom_link\u00bb qode_css_animation=\u00bb\u00bb link=\u00bbhttps:\/\/www.philippineairlines.com\/\u00bb][vc_separator type=\u00bbtransparent\u00bb up=\u00bb10&#8243;][vc_single_image image=\u00bb15971&#8243; img_size=\u00bbfull\u00bb onclick=\u00bbcustom_link\u00bb qode_css_animation=\u00bb\u00bb link=\u00bbhttps:\/\/www.cebupacificair.com\/\u00bb][vc_separator type=\u00bbtransparent\u00bb up=\u00bb10&#8243;][vc_single_image image=\u00bb15970&#8243; img_size=\u00bbfull\u00bb onclick=\u00bbcustom_link\u00bb qode_css_animation=\u00bb\u00bb link=\u00bbhttp:\/\/www.airasia.com\/\u00bb][vc_separator type=\u00bbtransparent\u00bb up=\u00bb30&#8243;][\/vc_column][vc_column width=\u00bb1\/3&#8243;][vc_single_image image=\u00bb15972&#8243; alignment=\u00bbcenter\u00bb qode_css_animation=\u00bb\u00bb][vc_separator type=\u00bbtransparent\u00bb up=\u00bb10&#8243;][vc_column_text]<\/p>\n<h4 style=\"text-align: center;\">En ferry de Ceb\u00fa a Tagbilaran<\/h4>\n<p>[\/vc_column_text][vc_separator type=\u00bbtransparent\u00bb up=\u00bb10&#8243;][vc_column_text]<\/p>\n<div class=\"et_pb_text et_pb_module et_pb_bg_layout_light et_pb_text_align_justified et_pb_text_3\">\n<p>L\u2019a\u00e9roport International de Mactan Island est localis\u00e9 \u00e0 Lapu Lapu City,\u00e0 cot\u00e9 de la ville de Cebu. Un taxi peut vous emmener de l\u2019a\u00e9roport jusqu\u2019au port en 30\/45 minutes pour un tarif d\u2019environs 300 Php.N\u2019oubliez pas d\u2019aller au pier num\u00e9ro 1.<\/p>\n<p>Vous devrez acheter votre billet \u00e0 une des officines du port qui couvre le trajet Cebu-Tagbilaran:<\/p>\n<\/div>\n<div class=\"et_pb_text et_pb_module et_pb_bg_layout_light et_pb_text_align_left et_pb_text_4\">\n<ul>\n<li><strong>OCEAN JET<\/strong> (<a href=\"http:\/\/www.oceanjet.net\/\" target=\"_blank\" rel=\"noopener noreferrer\">http:\/\/www.oceanjet.net<\/a>) PORT #1. Il est le plus c\u00e9l\u00e8bre, propose 9 ferries par jour.<\/li>\n<li><strong>SuperCat<\/strong> (<a href=\"http:\/\/www.supercat.com.ph\/\" target=\"_blank\" rel=\"noopener noreferrer\">http:\/\/www.supercat.com.ph<\/a>) PORT#1. Il propose 3 ferries rapides par jour.<\/li>\n<li><strong>Cokaliong<\/strong> (<a href=\"http:\/\/www.cokaliongshipping.com\/\" target=\"_blank\" rel=\"noopener noreferrer\">http:\/\/www.cokaliongshipping.com<\/a>). Il n&#8217;y a qu&#8217;un seul ferry par jour, chaque nuit.<\/li>\n<li><strong>Lite Shipping<\/strong> (<a href=\"http:\/\/www.liteferries.com\/\" target=\"_blank\" rel=\"noopener noreferrer\">http:\/\/www.liteferries.com<\/a>)<\/li>\n<li><strong>Weesam<\/strong> (<a href=\"https:\/\/www.weesam.ph\/\" target=\"_blank\" rel=\"noopener noreferrer\">https:\/\/www.weesam.ph<\/a>)<\/li>\n<\/ul>\n<\/div>\n<p>[\/vc_column_text][vc_separator type=\u00bbtransparent\u00bb up=\u00bb10&#8243;][vc_single_image image=\u00bb15975&#8243; img_size=\u00bbfull\u00bb alignment=\u00bbcenter\u00bb qode_css_animation=\u00bb\u00bb][vc_separator type=\u00bbtransparent\u00bb up=\u00bb30&#8243;][\/vc_column][vc_column width=\u00bb1\/3&#8243;][vc_single_image image=\u00bb15973&#8243; alignment=\u00bbcenter\u00bb qode_css_animation=\u00bb\u00bb][vc_separator type=\u00bbtransparent\u00bb up=\u00bb10&#8243;][vc_column_text]<\/p>\n<h4 style=\"text-align: center;\">Desde Tagbilaran a Alona Beach<\/h4>\n<p>[\/vc_column_text][vc_separator type=\u00bbtransparent\u00bb up=\u00bb10&#8243;][vc_column_text]La plage d&#8217;Alona est situ\u00e9e \u00e0 seulement 20 kilom\u00e8tres \u2013 30 minutes \u2013 de Tagbilaran. Si vous arrivez en ferry, vous pouvez vous rendre \u00e0 Alona Beach en tricycle, la moto typique des Philippines avec un side-car, pour environ 400 php, en voiture priv\u00e9e pour environ 700 php, ou en taxi\u2026 si vous en trouvez un.<\/p>\n<p>&nbsp;<\/p>\n<p>Vous pouvez \u00e9galement prendre un Jeepney, mais vous devez d&#8217;abord vous rendre \u00e0 la \u00ab gare routi\u00e8re \u00bb et attendre la suivante. Nous ne recommandons pas cette option. Demandez au chauffeur de vous emmener au Bohol Divers Club. Nous sommes situ\u00e9s en bas lorsque vous entrez dans le complexe, juste en face de la plage.[\/vc_column_text][vc_separator type=\u00bbtransparent\u00bb up=\u00bb30&#8243;][\/vc_column][\/vc_row][vc_row css_animation=\u00bb\u00bb row_type=\u00bbrow\u00bb use_row_as_full_screen_section=\u00bbno\u00bb type=\u00bbfull_width\u00bb angled_section=\u00bbno\u00bb text_align=\u00bbleft\u00bb background_image_as_pattern=\u00bbwithout_pattern\u00bb][vc_column][vc_empty_space][\/vc_column][\/vc_row]<\/p>\n","protected":false},"excerpt":{"rendered":"<p>[vc_row css_animation=\u00bb\u00bb row_type=\u00bbrow\u00bb use_row_as_full_screen_section=\u00bbno\u00bb type=\u00bbfull_width\u00bb angled_section=\u00bbno\u00bb text_align=\u00bbleft\u00bb background_image_as_pattern=\u00bbwithout_pattern\u00bb][vc_column width=\u00bb1\/4&#8243;][\/vc_column][vc_column width=\u00bb1\/2&#8243;][vc_column_text]Le Bohol Divers Club est situ\u00e9 directement sur la plage d&#8217;Alona, \u200b\u200b\u00e0 quelques m\u00e8tres du magnifique r\u00e9cif local ! La plage d&#8217;Alona se trouve \u00e0 la pointe sud-ouest de l&#8217;\u00eele de Panglao, \u00e0 Bohol. Panglao est&#8230;<\/p>\n","protected":false},"author":2,"featured_media":15575,"parent":0,"menu_order":0,"comment_status":"closed","ping_status":"closed","template":"","meta":{"footnotes":""},"_links":{"self":[{"href":"https:\/\/www.alonaboholdiversclub.com\/fr\/wp-json\/wp\/v2\/pages\/15969"}],"collection":[{"href":"https:\/\/www.alonaboholdiversclub.com\/fr\/wp-json\/wp\/v2\/pages"}],"about":[{"href":"https:\/\/www.alonaboholdiversclub.com\/fr\/wp-json\/wp\/v2\/types\/page"}],"author":[{"embeddable":true,"href":"https:\/\/www.alonaboholdiversclub.com\/fr\/wp-json\/wp\/v2\/users\/2"}],"replies":[{"embeddable":true,"href":"https:\/\/www.alonaboholdiversclub.com\/fr\/wp-json\/wp\/v2\/comments?post=15969"}],"version-history":[{"count":14,"href":"https:\/\/www.alonaboholdiversclub.com\/fr\/wp-json\/wp\/v2\/pages\/15969\/revisions"}],"predecessor-version":[{"id":25105,"href":"https:\/\/www.alonaboholdiversclub.com\/fr\/wp-json\/wp\/v2\/pages\/15969\/revisions\/25105"}],"wp:featuredmedia":[{"embeddable":true,"href":"https:\/\/www.alonaboholdiversclub.com\/fr\/wp-json\/wp\/v2\/media\/15575"}],"wp:attachment":[{"href":"https:\/\/www.alonaboholdiversclub.com\/fr\/wp-json\/wp\/v2\/media?parent=15969"}],"curies":[{"name":"wp","href":"https:\/\/api.w.org\/{rel}","templated":true}]}}