{"id":15777,"date":"2017-04-27T10:43:11","date_gmt":"2017-04-27T10:43:11","guid":{"rendered":"http:\/\/s672431363.mialojamiento.es\/?page_id=15777"},"modified":"2024-04-01T03:55:24","modified_gmt":"2024-04-01T03:55:24","slug":"zones-de-plongee-pamilacan","status":"publish","type":"page","link":"https:\/\/www.alonaboholdiversclub.com\/fr\/sites-plongees-bohol\/zones-de-plongee-pamilacan\/","title":{"rendered":"ZONES DE PLONG\u00c9E \u00c0 PAMILACAN"},"content":{"rendered":"<p>[vc_row css_animation=\u00bb\u00bb row_type=\u00bbrow\u00bb use_row_as_full_screen_section=\u00bbno\u00bb type=\u00bbfull_width\u00bb angled_section=\u00bbno\u00bb text_align=\u00bbleft\u00bb background_image_as_pattern=\u00bbwithout_pattern\u00bb][vc_column]<div class=\"call_to_action normal\" style=\"background-color: #611194;padding-top: 57px;padding-bottom: 59px;\"><div class=\"container_inner\"><div class=\"two_columns_75_25 clearfix\"><div class=\"text_wrapper column1\"><div class=\"call_to_action_text\" style=\"font-size:20px;font-weight: 400;\">Nous avons plusieurs endroits pour plonger \u00e0 Bohol, aux Philippines.<\/p>\n<p><strong>Zones de plong\u00e9e<\/strong><\/div><\/div><div class=\"button_wrapper column2\"><a href=\"https:\/\/www.alonaboholdiversclub.com\/fr\/reserver\/\" class=\"qbutton white \" target=\"_blank\" style=\"color: #611194;border-color: #ffffff;background-color: #ffffff;\"data-hover-background-color=#611194 data-hover-border-color=#611194 data-hover-color=#ffffff>R\u00c9SERVER MAINTENANT<\/a><\/div><\/div><\/div><\/div>[vc_separator type=\u00bbtransparent\u00bb up=\u00bb32&#8243; down=\u00bb0&#8243;][\/vc_column][\/vc_row][vc_row css_animation=\u00bb\u00bb row_type=\u00bbrow\u00bb use_row_as_full_screen_section=\u00bbno\u00bb type=\u00bbfull_width\u00bb angled_section=\u00bbno\u00bb text_align=\u00bbleft\u00bb background_image_as_pattern=\u00bbwithout_pattern\u00bb][vc_column width=\u00bb1\/4&#8243;][vc_separator type=\u00bbtransparent\u00bb up=\u00bb32&#8243; down=\u00bb0&#8243;][\/vc_column][vc_column width=\u00bb1\/2&#8243;][vc_empty_space height=\u00bb20px\u00bb][vc_column_text]<span data-sheets-root=\"1\" data-sheets-value=\"{&quot;1&quot;:2,&quot;2&quot;:&quot;L'\u00eele de Pamilacan abrite des r\u00e9cifs en pente raide, de grands coraux durs et mous. Ce lieu regorge de poissons et d'une vie macro rare, de grands animaux comme les tortues imbriqu\u00e9es et des bancs de barracudas. L'\u00eele est situ\u00e9 \u00e0 environ 40 minutes en bateau de notre centre de plong\u00e9e sur la plage d'Alona.&quot;}\" data-sheets-userformat=\"{&quot;2&quot;:14593,&quot;3&quot;:{&quot;1&quot;:0,&quot;3&quot;:1},&quot;11&quot;:4,&quot;14&quot;:{&quot;1&quot;:2,&quot;2&quot;:0},&quot;15&quot;:&quot;Arial&quot;,&quot;16&quot;:10}\">L&#8217;\u00eele de Pamilacan abrite des r\u00e9cifs en pente raide, de grands coraux durs et mous. Ce lieu regorge de poissons et d&#8217;une vie macro rare, de grands animaux comme les tortues imbriqu\u00e9es et des bancs de barracudas. L&#8217;\u00eele est situ\u00e9 \u00e0 environ 40 minutes en bateau de notre centre de plong\u00e9e sur la plage d&#8217;Alona.<\/span>[\/vc_column_text][vc_empty_space height=\u00bb20px\u00bb][\/vc_column][vc_column width=\u00bb1\/4&#8243;][\/vc_column][\/vc_row][vc_row css_animation=\u00bb\u00bb row_type=\u00bbrow\u00bb use_row_as_full_screen_section=\u00bbno\u00bb type=\u00bbgrid\u00bb angled_section=\u00bbno\u00bb text_align=\u00bbleft\u00bb background_image_as_pattern=\u00bbwithout_pattern\u00bb background_color=\u00bb#1e1e1e\u00bb padding_top=\u00bb104&#8243; padding_bottom=\u00bb65&#8243;][vc_column width=\u00bb1\/2&#8243;][vc_separator type=\u00bbtransparent\u00bb up=\u00bb32&#8243; down=\u00bb0&#8243;][vc_column_text]<\/p>\n<h4><span style=\"color: #ffffff;\">25. SANCTUARY<\/span><\/h4>\n<p>[\/vc_column_text][vc_separator type=\u00bbsmall\u00bb position=\u00bbleft\u00bb up=\u00bb23&#8243; down=\u00bb19&#8243;][vc_column_text]<\/p>\n<p style=\"text-align: justify;\"><strong>Profondeur:<\/strong> 3-30 meters<\/p>\n<p>&nbsp;<\/p>\n<p style=\"text-align: justify;\"><strong>Description:<\/strong> Pret de la tour espagnole se trouve le sanctuaire delimite par des bouees ou la plongee est interdite. La mise a l\u2019eau se fait pr\u00eat du sanctuaire, avant les bouees, dans la zone peux profondes se trouve beaucoup de coreaux, suivant la pente nous chercherons de nombeuses creatures microscopiques. Si nous approchons trop pr\u00eat du sanctuaire nous sortirons dans le bleu pour faire le palier de securite.<\/p>\n<p>&nbsp;<\/p>\n<p style=\"text-align: justify;\"><strong>Vie Marine:<\/strong> Mandarin fish, cuttlefish, robust pipefish, nudibranch, sweetlips, garden eel, moray eel, butterflyfish, bannerfish, trumpet fish, etc.<\/p>\n<p>[\/vc_column_text][vc_separator type=\u00bbtransparent\u00bb up=\u00bb32&#8243; down=\u00bb0&#8243;][vc_single_image image=\u00bb16344&#8243; img_size=\u00bbfull\u00bb qode_css_animation=\u00bb\u00bb][\/vc_column][vc_column width=\u00bb1\/2&#8243;][vc_separator type=\u00bbtransparent\u00bb up=\u00bb32&#8243; down=\u00bb0&#8243;][vc_column_text]<\/p>\n<h4><span style=\"color: #ffffff;\">26. SPANISH TOWER<\/span><\/h4>\n<p>[\/vc_column_text][vc_separator type=\u00bbsmall\u00bb position=\u00bbleft\u00bb up=\u00bb23&#8243; down=\u00bb19&#8243;][vc_column_text]<\/p>\n<p style=\"text-align: justify;\"><strong>Profondeur:<\/strong> 3-30 meters<\/p>\n<p>&nbsp;<\/p>\n<p style=\"text-align: justify;\"><strong>Description:<\/strong> Nous commencons la plongee devant la tour Espagnole au nord oust de Pamilacan. Il y a une superbe pente sableuse avec des formations corailliennes et rocheuses. Tres bon site pour la PMT.<\/p>\n<p>&nbsp;<\/p>\n<p style=\"text-align: justify;\"><strong>Vie Marine:<\/strong> Mandarin fish, cuttlefish, robust pipefish, turtle, bluefin trevally, surgeon fish, pufferfish, nudibranch, lion fish, batfish, butterflyfish.<\/p>\n<p>[\/vc_column_text][vc_separator type=\u00bbtransparent\u00bb up=\u00bb32&#8243; down=\u00bb0&#8243;][vc_single_image image=\u00bb16345&#8243; img_size=\u00bbfull\u00bb qode_css_animation=\u00bb\u00bb][\/vc_column][\/vc_row][vc_row css_animation=\u00bb\u00bb row_type=\u00bbrow\u00bb use_row_as_full_screen_section=\u00bbno\u00bb type=\u00bbgrid\u00bb angled_section=\u00bbno\u00bb text_align=\u00bbleft\u00bb background_image_as_pattern=\u00bbwithout_pattern\u00bb background_color=\u00bb#1e1e1e\u00bb padding_top=\u00bb104&#8243; padding_bottom=\u00bb65&#8243;][vc_column width=\u00bb1\/2&#8243;][vc_separator type=\u00bbtransparent\u00bb up=\u00bb32&#8243; down=\u00bb0&#8243;][vc_column_text]<\/p>\n<h4><span style=\"color: #ffffff;\">27. DAKIT DAKIT<\/span><\/h4>\n<p>[\/vc_column_text][vc_separator type=\u00bbsmall\u00bb position=\u00bbleft\u00bb up=\u00bb23&#8243; down=\u00bb19&#8243;][vc_column_text]<\/p>\n<p style=\"text-align: justify;\"><strong>Profondeur:<\/strong> 10-35 meters<\/p>\n<p>&nbsp;<\/p>\n<p style=\"text-align: justify;\"><strong>Description:<\/strong> Dakit-dakit signifie \u00ab grand arbre \u00bb dans la langue locale, le Bisaya. \u00c0 la pointe sud-est de l&#8217;\u00eele de Pamilacan, il y a une pente sablonneuse d\u00e9cor\u00e9e d&#8217;immenses arbres de coraux noirs, de coraux mous et de coraux longs, \u00e0 environ 25 m\u00e8tres de profondeur commence un mur. Si, comme d\u2019habitude, le courant est mod\u00e9r\u00e9, nous ferons une plong\u00e9e d\u00e9rivante. Le site de plong\u00e9e ressemble \u00e0 un aquarium, bien d\u00e9cor\u00e9, rempli de poissons de r\u00e9cif autour des formations coralliennes. Si le courant nous permet d&#8217;y aller doucement, il y a la chance de trouver plein de macro cr\u00e9atures. Habituellement, nous pouvons rencontrer des tortues, des bancs de barracudas, des poissons empereurs, des maquereaux \u00e0 grande bouche et le grand banc de carangues !<\/p>\n<p>&nbsp;<\/p>\n<p style=\"text-align: justify;\"><strong>La vie marine:<\/strong> Observez le sable o\u00f9 se cachent des raies \u00e0 points bleus, des tortues, des nudibranches, des barracudas, des maquereaux \u00e0 grande bouche, des poissons empereurs, des crevettes, des poissons-licornes, des serpents de mer, des poissons-grenouilles, des mur\u00e8nes, des poissons-ballons, des poissons clown.<\/p>\n<p>[\/vc_column_text][vc_separator type=\u00bbtransparent\u00bb up=\u00bb32&#8243; down=\u00bb0&#8243;][vc_single_image image=\u00bb16346&#8243; img_size=\u00bbfull\u00bb qode_css_animation=\u00bb\u00bb][\/vc_column][vc_column width=\u00bb1\/2&#8243;][\/vc_column][\/vc_row][vc_row css_animation=\u00bb\u00bb row_type=\u00bbrow\u00bb use_row_as_full_screen_section=\u00bbno\u00bb type=\u00bbfull_width\u00bb angled_section=\u00bbno\u00bb text_align=\u00bbleft\u00bb background_image_as_pattern=\u00bbwithout_pattern\u00bb background_color=\u00bb#611194&#8243;][vc_column]<div class=\"call_to_action normal\" style=\"background-color: #611194;padding-top: 57px;padding-bottom: 59px;\"><div class=\"container_inner\"><div class=\"two_columns_75_25 clearfix\"><div class=\"text_wrapper column1\"><div class=\"call_to_action_text\" style=\"font-size:20px;font-weight: 400;\"><\/p>\n<h4>VOULEZ-VOUS PLUS D\u2019INFORMATIONS? NOUS ENVOYONS UN EMAIL AVEC TOUTES QUESTIONS.<\/h4>\n<p><\/div><\/div><div class=\"button_wrapper column2\"><a href=\"http:\/\/www.alonaboholdiversclub.com\/fr\/contact\" class=\"qbutton white \" target=\"\" style=\"color: #611194;border-color: #ffffff;background-color: #ffffff;\"data-hover-background-color=#611194 data-hover-border-color=#ffffff data-hover-color=#ffffff>CONTACT<\/a><\/div><\/div><\/div><\/div>[\/vc_column][\/vc_row]<\/p>\n","protected":false},"excerpt":{"rendered":"<p>[vc_row css_animation=\u00bb\u00bb row_type=\u00bbrow\u00bb use_row_as_full_screen_section=\u00bbno\u00bb type=\u00bbfull_width\u00bb angled_section=\u00bbno\u00bb text_align=\u00bbleft\u00bb background_image_as_pattern=\u00bbwithout_pattern\u00bb][vc_column][vc_separator type=\u00bbtransparent\u00bb up=\u00bb32&#8243; down=\u00bb0&#8243;][\/vc_column][\/vc_row][vc_row css_animation=\u00bb\u00bb row_type=\u00bbrow\u00bb use_row_as_full_screen_section=\u00bbno\u00bb type=\u00bbfull_width\u00bb angled_section=\u00bbno\u00bb text_align=\u00bbleft\u00bb background_image_as_pattern=\u00bbwithout_pattern\u00bb][vc_column width=\u00bb1\/4&#8243;][vc_separator type=\u00bbtransparent\u00bb up=\u00bb32&#8243; down=\u00bb0&#8243;][\/vc_column][vc_column width=\u00bb1\/2&#8243;][vc_empty_space height=\u00bb20px\u00bb][vc_column_text]L&#8217;\u00eele de Pamilacan abrite des r\u00e9cifs en pente raide, de grands coraux durs et mous. Ce lieu regorge de poissons et d&#8217;une&#8230;<\/p>\n","protected":false},"author":2,"featured_media":15627,"parent":16033,"menu_order":0,"comment_status":"closed","ping_status":"closed","template":"full_width.php","meta":{"footnotes":""},"_links":{"self":[{"href":"https:\/\/www.alonaboholdiversclub.com\/fr\/wp-json\/wp\/v2\/pages\/15777"}],"collection":[{"href":"https:\/\/www.alonaboholdiversclub.com\/fr\/wp-json\/wp\/v2\/pages"}],"about":[{"href":"https:\/\/www.alonaboholdiversclub.com\/fr\/wp-json\/wp\/v2\/types\/page"}],"author":[{"embeddable":true,"href":"https:\/\/www.alonaboholdiversclub.com\/fr\/wp-json\/wp\/v2\/users\/2"}],"replies":[{"embeddable":true,"href":"https:\/\/www.alonaboholdiversclub.com\/fr\/wp-json\/wp\/v2\/comments?post=15777"}],"version-history":[{"count":17,"href":"https:\/\/www.alonaboholdiversclub.com\/fr\/wp-json\/wp\/v2\/pages\/15777\/revisions"}],"predecessor-version":[{"id":25308,"href":"https:\/\/www.alonaboholdiversclub.com\/fr\/wp-json\/wp\/v2\/pages\/15777\/revisions\/25308"}],"up":[{"embeddable":true,"href":"https:\/\/www.alonaboholdiversclub.com\/fr\/wp-json\/wp\/v2\/pages\/16033"}],"wp:featuredmedia":[{"embeddable":true,"href":"https:\/\/www.alonaboholdiversclub.com\/fr\/wp-json\/wp\/v2\/media\/15627"}],"wp:attachment":[{"href":"https:\/\/www.alonaboholdiversclub.com\/fr\/wp-json\/wp\/v2\/media?parent=15777"}],"curies":[{"name":"wp","href":"https:\/\/api.w.org\/{rel}","templated":true}]}}