{"id":15763,"date":"2017-04-27T10:29:23","date_gmt":"2017-04-27T10:29:23","guid":{"rendered":"http:\/\/s672431363.mialojamiento.es\/?page_id=15763"},"modified":"2024-04-01T04:42:05","modified_gmt":"2024-04-01T04:42:05","slug":"zones-de-plongee-balicasag","status":"publish","type":"page","link":"https:\/\/www.alonaboholdiversclub.com\/fr\/sites-plongees-bohol\/zones-de-plongee-balicasag\/","title":{"rendered":"ZONES DE PLONG\u00c9E \u00c0 BALICASAG"},"content":{"rendered":"<p>[vc_row css_animation=\u00bb\u00bb row_type=\u00bbrow\u00bb use_row_as_full_screen_section=\u00bbno\u00bb type=\u00bbfull_width\u00bb angled_section=\u00bbno\u00bb text_align=\u00bbleft\u00bb background_image_as_pattern=\u00bbwithout_pattern\u00bb][vc_column]<div class=\"call_to_action normal\" style=\"background-color: #611194;padding-top: 57px;padding-bottom: 59px;\"><div class=\"container_inner\"><div class=\"two_columns_75_25 clearfix\"><div class=\"text_wrapper column1\"><div class=\"call_to_action_text\" style=\"font-size:20px;font-weight: 400;\">Nous avons plusieurs endroits pour plonger \u00e0 Bohol, aux Philippines.<\/p>\n<p><strong>Zones de plong\u00e9e<\/strong><\/div><\/div><div class=\"button_wrapper column2\"><a href=\"https:\/\/www.alonaboholdiversclub.com\/fr\/reserver\/\" class=\"qbutton white \" target=\"_blank\" style=\"color: #611194;border-color: #ffffff;background-color: #ffffff;\"data-hover-background-color=#611194 data-hover-border-color=#611194 data-hover-color=#ffffff>R\u00c9SERVER MAINTENANT<\/a><\/div><\/div><\/div><\/div>[\/vc_column][\/vc_row][vc_row css_animation=\u00bb\u00bb row_type=\u00bbrow\u00bb use_row_as_full_screen_section=\u00bbno\u00bb type=\u00bbfull_width\u00bb angled_section=\u00bbno\u00bb text_align=\u00bbleft\u00bb background_image_as_pattern=\u00bbwithout_pattern\u00bb][vc_column width=\u00bb1\/4&#8243;][\/vc_column][vc_column width=\u00bb1\/2&#8243;][vc_empty_space height=\u00bb25px\u00bb][vc_column_text]<span data-sheets-root=\"1\" data-sheets-value=\"{&quot;1&quot;:2,&quot;2&quot;:&quot;L'\u00eele de Balicasag, refuge corallien pour petites et grandes cr\u00e9atures, est situ\u00e9e \u00e0 seulement 12 kilom\u00e8tres de notre centre de plong\u00e9e, soit environ 30 minutes en bateau. Vous pouvez voir des coraux vibrants et une vie marine comme des tortues, des serpents de mer, des mur\u00e8nes, des poissons grenouilles et bien plus encore sur les nombreux sites de plong\u00e9e de la r\u00e9gion.&quot;}\" data-sheets-userformat=\"{&quot;2&quot;:14721,&quot;3&quot;:{&quot;1&quot;:0,&quot;3&quot;:1},&quot;10&quot;:0,&quot;11&quot;:4,&quot;14&quot;:{&quot;1&quot;:2,&quot;2&quot;:0},&quot;15&quot;:&quot;Arial&quot;,&quot;16&quot;:10}\">L&#8217;\u00eele de Balicasag, refuge corallien pour petites et grandes cr\u00e9atures, est situ\u00e9e \u00e0 seulement 12 kilom\u00e8tres de notre centre de plong\u00e9e, soit environ 30 minutes en bateau. Vous pouvez voir des coraux vibrants et une vie marine comme des tortues, des serpents de mer, des mur\u00e8nes, des poissons grenouilles et bien plus encore sur les nombreux sites de plong\u00e9e de la r\u00e9gion.<\/span>[\/vc_column_text][vc_empty_space height=\u00bb25px\u00bb][\/vc_column][vc_column width=\u00bb1\/4&#8243;][\/vc_column][\/vc_row][vc_row css_animation=\u00bb\u00bb row_type=\u00bbrow\u00bb use_row_as_full_screen_section=\u00bbno\u00bb type=\u00bbgrid\u00bb angled_section=\u00bbno\u00bb text_align=\u00bbleft\u00bb background_image_as_pattern=\u00bbwithout_pattern\u00bb background_color=\u00bb#1e1e1e\u00bb padding_top=\u00bb104&#8243; padding_bottom=\u00bb65&#8243;][vc_column width=\u00bb1\/2&#8243;][vc_separator type=\u00bbtransparent\u00bb up=\u00bb32&#8243; down=\u00bb0&#8243;][vc_column_text]<\/p>\n<h4>19. CATHEDRAL<\/h4>\n<p>[\/vc_column_text][vc_separator type=\u00bbsmall\u00bb position=\u00bbleft\u00bb up=\u00bb23&#8243; down=\u00bb19&#8243;][vc_column_text]<\/p>\n<p style=\"text-align: justify;\"><strong>Description:<\/strong> Entre Royal Garden et Sanctuary se trouve ce site de plong\u00e9e mural, d\u00e9cor\u00e9 de grandes gorgones, de coraux et de corniches. Si nous avons de la chance, nous pourrons trouver quelques requins \u00e0 pointe blanche se reposant dans les petites grottes ainsi que des poissons grenouilles et des nudifranches cach\u00e9s sur la paroi. Nous surveillerons le maquereau brillant \u00e0 grande bouche, les carangues \u00e0 nageoires bleues, les tortues et les barracudas.<\/p>\n<p>&nbsp;<\/p>\n<p style=\"text-align: justify;\"><strong>La vie marine:<\/strong> Carangues, barracudas, poisson-ange, poisson clown, poisson grenouille, nudibranche, rascasse feuille, mur\u00e8ne, poisson perroquet.<\/p>\n<p>[\/vc_column_text][vc_separator type=\u00bbtransparent\u00bb up=\u00bb32&#8243; down=\u00bb0&#8243;][vc_single_image image=\u00bb16337&#8243; img_size=\u00bbfull\u00bb qode_css_animation=\u00bb\u00bb][\/vc_column][vc_column width=\u00bb1\/2&#8243;][vc_separator type=\u00bbtransparent\u00bb up=\u00bb32&#8243; down=\u00bb0&#8243;][vc_column_text]<\/p>\n<h4>20. MARINE SANCTUARY<\/h4>\n<p>[\/vc_column_text][vc_separator type=\u00bbsmall\u00bb position=\u00bbleft\u00bb up=\u00bb23&#8243; down=\u00bb19&#8243;][vc_column_text]<\/p>\n<p style=\"text-align: justify;\"><strong>Profondeur:<\/strong> 3-35 meters<\/p>\n<p>&nbsp;<\/p>\n<p style=\"text-align: justify;\"><strong>Currant:<\/strong> Parfois un leger a modere.<\/p>\n<p>&nbsp;<\/p>\n<p style=\"text-align: justify;\"><strong>Description:<\/strong> Situ\u00e9 dans une zone prot\u00e9g\u00e9e, c&#8217;est un mur avec de nombreuses petites cavernes, corniches et surplombs. Aux beaux jours, le mur nous fascinera par le reflet de la lumi\u00e8re \u00e0 travers les fissures et les trous. Nous terminerons la plong\u00e9e entour\u00e9s de poissons color\u00e9s et de coraux au sanctuaire, o\u00f9 nous retrouverons les b\u00e9nitiers g\u00e9ants. C&#8217;est une r\u00e9gion incroyable pour la plong\u00e9e avec tuba<\/p>\n<p>&nbsp;<\/p>\n<p style=\"text-align: justify;\"><strong>La vie marine:<\/strong> Tortue, carangue, carangue rouge, vivaneau minuit, bancs de poissons chirurgiens, poissons-lions, nudibranches bananiers, poissons-aiguilles, balistes, etc.<\/p>\n<p>[\/vc_column_text][vc_separator type=\u00bbtransparent\u00bb up=\u00bb32&#8243; down=\u00bb0&#8243;][vc_single_image image=\u00bb16339&#8243; img_size=\u00bbfull\u00bb qode_css_animation=\u00bb\u00bb][\/vc_column][\/vc_row][vc_row css_animation=\u00bb\u00bb row_type=\u00bbrow\u00bb use_row_as_full_screen_section=\u00bbno\u00bb type=\u00bbgrid\u00bb angled_section=\u00bbno\u00bb text_align=\u00bbleft\u00bb background_image_as_pattern=\u00bbwithout_pattern\u00bb background_color=\u00bb#1e1e1e\u00bb padding_top=\u00bb104&#8243; padding_bottom=\u00bb65&#8243;][vc_column width=\u00bb1\/2&#8243;][vc_separator type=\u00bbtransparent\u00bb up=\u00bb32&#8243; down=\u00bb0&#8243;][vc_column_text]<\/p>\n<h4><span style=\"color: #ffffff;\">21. RUDY\u00b4S ROCK <\/span><\/h4>\n<p>[\/vc_column_text][vc_separator type=\u00bbsmall\u00bb position=\u00bbleft\u00bb up=\u00bb23&#8243; down=\u00bb19&#8243;][vc_column_text]<\/p>\n<p style=\"text-align: justify;\"><strong>Profondeur:<\/strong> 8-40 meters<\/p>\n<p>&nbsp;<\/p>\n<p style=\"text-align: justify;\"><strong>Description:<\/strong> Un tombant tres profound avec du magnifique corail crevasses et failles sur le mur. Sur la partie moins profonde, nous trouvons un tres joli jardin de corail moux et durs. Assez souvent, nous trouvons le banc de carrangues qui forme une tornade.<\/p>\n<p>&nbsp;<\/p>\n<p style=\"text-align: justify;\"><strong>Vie Marine:<\/strong> Jackfish, turtle, surgeonfish, snapper, moorish idol, trumpet-fish, sweetlips, bluefin trevally, needlefish, barracuda, rainbow runner, etc.<\/p>\n<p>[\/vc_column_text][vc_separator type=\u00bbtransparent\u00bb up=\u00bb32&#8243; down=\u00bb0&#8243;][vc_single_image image=\u00bb16340&#8243; img_size=\u00bbfull\u00bb qode_css_animation=\u00bb\u00bb][\/vc_column][vc_column width=\u00bb1\/2&#8243;][vc_separator type=\u00bbtransparent\u00bb up=\u00bb32&#8243; down=\u00bb0&#8243;][vc_column_text]<\/p>\n<h4><span style=\"color: #ffffff;\">22. BLACK FOREST<\/span><\/h4>\n<p>[\/vc_column_text][vc_separator type=\u00bbsmall\u00bb position=\u00bbleft\u00bb up=\u00bb23&#8243; down=\u00bb19&#8243;][vc_column_text]<\/p>\n<p style=\"text-align: justify;\"><strong>Profondeur:<\/strong> 8-40 meters<\/p>\n<p>&nbsp;<\/p>\n<p style=\"text-align: justify;\"><strong>Courant:<\/strong> Peut etre assez fort parfois.<\/p>\n<p>&nbsp;<\/p>\n<p style=\"text-align: justify;\"><strong>Description:<\/strong> En raison de sa grande biodiversit\u00e9, c&#8217;est l&#8217;une des plong\u00e9es les plus c\u00e9l\u00e8bres de l&#8217;\u00eele de Balicasag. Il tire son nom des coraux noirs Antipathes, trouv\u00e9s \u00e0 une profondeur de 35 \u00e0 45 m\u00e8tres. Nous commen\u00e7ons la plong\u00e9e sur une zone sablonneuse peu profonde avec de nombreuses formations coralliennes et des herbiers marins o\u00f9 se nourrissent les tortues vertes, pleines de macro-vie et de poissons de r\u00e9cif. Nous descendons ensuite en suivant la pente qui descend jusqu&#8217;\u00e0 40 m\u00e8tres. Nous trouverons probablement le fameux grand banc de carangues (carangues \u00e0 gros yeux) formant une \u00e9tonnante tornade et si nous avons de la chance, nous pourrons \u00e9galement trouver quelques requins \u00e0 pointe blanche se reposant dans les petites grottes. Si, comme cela arrive souvent, il y a du courant, nous ferons une plong\u00e9e d\u00e9rivante.<\/p>\n<p>&nbsp;<\/p>\n<p style=\"text-align: justify;\"><strong>La vie marine:<\/strong> On y trouve de nombreuses t\u00eates de corail, des tortues, des carangues, des poissons perroquets, des demoiselles, des poissons clowns, des barracudas, des grands m\u00e9rous, des balistes (attention, entre mai et juillet ils vous attaqueront probablement), des poissons grenouilles, etc.<\/p>\n<p>[\/vc_column_text][vc_separator type=\u00bbtransparent\u00bb up=\u00bb32&#8243; down=\u00bb0&#8243;][vc_single_image image=\u00bb16341&#8243; img_size=\u00bbfull\u00bb qode_css_animation=\u00bb\u00bb][\/vc_column][\/vc_row][vc_row css_animation=\u00bb\u00bb row_type=\u00bbrow\u00bb use_row_as_full_screen_section=\u00bbno\u00bb type=\u00bbgrid\u00bb angled_section=\u00bbno\u00bb text_align=\u00bbleft\u00bb background_image_as_pattern=\u00bbwithout_pattern\u00bb background_color=\u00bb#1e1e1e\u00bb padding_top=\u00bb104&#8243; padding_bottom=\u00bb65&#8243;][vc_column width=\u00bb1\/2&#8243;][vc_separator type=\u00bbtransparent\u00bb up=\u00bb32&#8243; down=\u00bb0&#8243;][vc_column_text]<\/p>\n<h4><span style=\"color: #ffffff;\">23. ROYAL GARDEN<\/span><\/h4>\n<p>[\/vc_column_text][vc_separator type=\u00bbsmall\u00bb position=\u00bbleft\u00bb up=\u00bb23&#8243; down=\u00bb19&#8243;][vc_column_text]<\/p>\n<p style=\"text-align: justify;\"><strong>Profondeur:<\/strong> 8-35 meter<\/p>\n<p>&nbsp;<\/p>\n<p style=\"text-align: justify;\"><strong>Description:<\/strong> Sur le fond sableux peu profond, nous pouvons trouver de nombreuses formations coralliennes, abritant de nombreux poissons de r\u00e9cif. Sur les zones couvertes d&#8217;herbes marines nous verrons des tortues manger, les petites ont encore peur des plongeurs mais les vieilles et grandes mangent paisiblement. Il y a aussi la possibilit\u00e9 de trouver le c\u00e9l\u00e8bre grand banc de carangues (carangues \u00e0 gros yeux) formant une \u00e9tonnante tornade sur ce site de plong\u00e9e.<\/p>\n<p>&nbsp;<\/p>\n<p style=\"text-align: justify;\"><strong>La vie marine:<\/strong> Tortue verte, carangue, tortue imbriqu\u00e9e, anguille ruban, baliste titan, mur\u00e8ne, nudibranche, poisson grenouille, carangue bleue chassant le poisson-ange, poisson fant\u00f4me robuste, poisson clown, poisson dragon, poisson-globe, poisson-porc-\u00e9pic.<\/p>\n<p>[\/vc_column_text][vc_separator type=\u00bbtransparent\u00bb up=\u00bb32&#8243; down=\u00bb0&#8243;][vc_single_image image=\u00bb16342&#8243; img_size=\u00bbfull\u00bb qode_css_animation=\u00bb\u00bb][\/vc_column][vc_column width=\u00bb1\/2&#8243;][\/vc_column][\/vc_row][vc_row css_animation=\u00bb\u00bb row_type=\u00bbrow\u00bb use_row_as_full_screen_section=\u00bbno\u00bb type=\u00bbfull_width\u00bb angled_section=\u00bbno\u00bb text_align=\u00bbleft\u00bb background_image_as_pattern=\u00bbwithout_pattern\u00bb background_color=\u00bb#611194&#8243;][vc_column][vc_separator type=\u00bbtransparent\u00bb up=\u00bb40&#8243; down=\u00bb10&#8243;]<div class=\"call_to_action normal\" style=\"background-color: #611194;padding-top: 57px;padding-bottom: 59px;\"><div class=\"container_inner\"><div class=\"two_columns_75_25 clearfix\"><div class=\"text_wrapper column1\"><div class=\"call_to_action_text\" style=\"font-size:20px;font-weight: 400;\"><\/p>\n<h4>VOULEZ-VOUS PLUS D\u2019INFORMATIONS? NOUS ENVOYONS UN EMAIL AVEC TOUTES QUESTIONS.<\/h4>\n<p><\/div><\/div><div class=\"button_wrapper column2\"><a href=\"http:\/\/www.alonaboholdiversclub.com\/fr\/contact\" class=\"qbutton white \" target=\"\" style=\"color: #611194;border-color: #ffffff;background-color: #ffffff;\"data-hover-background-color=#611194 data-hover-border-color=#ffffff data-hover-color=#ffffff>CONTACT<\/a><\/div><\/div><\/div><\/div>[vc_separator type=\u00bbtransparent\u00bb up=\u00bb40&#8243; down=\u00bb10&#8243;][\/vc_column][\/vc_row][vc_section][\/vc_section]<\/p>\n","protected":false},"excerpt":{"rendered":"<p>[vc_row css_animation=\u00bb\u00bb row_type=\u00bbrow\u00bb use_row_as_full_screen_section=\u00bbno\u00bb type=\u00bbfull_width\u00bb angled_section=\u00bbno\u00bb text_align=\u00bbleft\u00bb background_image_as_pattern=\u00bbwithout_pattern\u00bb][vc_column][\/vc_column][\/vc_row][vc_row css_animation=\u00bb\u00bb row_type=\u00bbrow\u00bb use_row_as_full_screen_section=\u00bbno\u00bb type=\u00bbfull_width\u00bb angled_section=\u00bbno\u00bb text_align=\u00bbleft\u00bb background_image_as_pattern=\u00bbwithout_pattern\u00bb][vc_column width=\u00bb1\/4&#8243;][\/vc_column][vc_column width=\u00bb1\/2&#8243;][vc_empty_space height=\u00bb25px\u00bb][vc_column_text]L&#8217;\u00eele de Balicasag, refuge corallien pour petites et grandes cr\u00e9atures, est situ\u00e9e \u00e0 seulement 12 kilom\u00e8tres de notre centre de plong\u00e9e, soit environ 30 minutes en bateau. Vous&#8230;<\/p>\n","protected":false},"author":2,"featured_media":15577,"parent":16033,"menu_order":0,"comment_status":"closed","ping_status":"closed","template":"full_width.php","meta":{"footnotes":""},"_links":{"self":[{"href":"https:\/\/www.alonaboholdiversclub.com\/fr\/wp-json\/wp\/v2\/pages\/15763"}],"collection":[{"href":"https:\/\/www.alonaboholdiversclub.com\/fr\/wp-json\/wp\/v2\/pages"}],"about":[{"href":"https:\/\/www.alonaboholdiversclub.com\/fr\/wp-json\/wp\/v2\/types\/page"}],"author":[{"embeddable":true,"href":"https:\/\/www.alonaboholdiversclub.com\/fr\/wp-json\/wp\/v2\/users\/2"}],"replies":[{"embeddable":true,"href":"https:\/\/www.alonaboholdiversclub.com\/fr\/wp-json\/wp\/v2\/comments?post=15763"}],"version-history":[{"count":22,"href":"https:\/\/www.alonaboholdiversclub.com\/fr\/wp-json\/wp\/v2\/pages\/15763\/revisions"}],"predecessor-version":[{"id":25315,"href":"https:\/\/www.alonaboholdiversclub.com\/fr\/wp-json\/wp\/v2\/pages\/15763\/revisions\/25315"}],"up":[{"embeddable":true,"href":"https:\/\/www.alonaboholdiversclub.com\/fr\/wp-json\/wp\/v2\/pages\/16033"}],"wp:featuredmedia":[{"embeddable":true,"href":"https:\/\/www.alonaboholdiversclub.com\/fr\/wp-json\/wp\/v2\/media\/15577"}],"wp:attachment":[{"href":"https:\/\/www.alonaboholdiversclub.com\/fr\/wp-json\/wp\/v2\/media?parent=15763"}],"curies":[{"name":"wp","href":"https:\/\/api.w.org\/{rel}","templated":true}]}}