{"id":17752,"date":"2024-02-28T17:02:11","date_gmt":"2024-02-28T17:02:11","guid":{"rendered":"https:\/\/www.alonaboholdiversclub.com\/es\/?page_id=17752"},"modified":"2024-02-28T17:04:45","modified_gmt":"2024-02-28T17:04:45","slug":"excursion-snorkel","status":"publish","type":"page","link":"https:\/\/www.alonaboholdiversclub.com\/es\/excursion-snorkel\/","title":{"rendered":"Excursi\u00f3n Snorkel"},"content":{"rendered":"<p>[vc_row css_animation=\u00bb\u00bb row_type=\u00bbrow\u00bb use_row_as_full_screen_section=\u00bbno\u00bb type=\u00bbfull_width\u00bb anchor=\u00bbportfolio\u00bb angled_section=\u00bbno\u00bb text_align=\u00bbcenter\u00bb background_image_as_pattern=\u00bbwithout_pattern\u00bb][vc_column][vc_single_image image=\u00bb17753&#8243; img_size=\u00bb1000&#215;1000&#8243; alignment=\u00bbcenter\u00bb qode_css_animation=\u00bb\u00bb][vc_row_inner row_type=\u00bbrow\u00bb type=\u00bbfull_width\u00bb text_align=\u00bbleft\u00bb css_animation=\u00bb\u00bb][vc_column_inner width=\u00bb1\/2&#8243;][vc_empty_space height=\u00bb40px\u00bb][vc_column_text]<\/p>\n<h1>INFORMACI\u00d3N GENERAL:<\/h1>\n<p>&nbsp;<\/p>\n<p>Disfruta de los espectaculares fondos marinos y toda sus vida con un d\u00eda de esnorquel! Ofrecemos excursiones de esnorquel a las dos islas, Balicasag y Pamilacan. Si no tenemos un viaje privado, todos los quieren disfrutar del esnorquel se unen al barco de buceo con nuestros buceadores.<\/p>\n<p>&nbsp;<\/p>\n<p>Pararemos en tres puntos de inmersi\u00f3n durante nuestro viaje y tambi\u00e9n disfrutar\u00e1s de la comida cocinada a bordo en nuestros c\u00f3modos barcos. (Opciones vegetarianas disponibles, av\u00edsanos con antelaci\u00f3n de cualquier restricci\u00f3n alimentaria) M\u00e1scara, tubo y aletas incluidas.<\/p>\n<p>&nbsp;<\/p>\n<p>Caf\u00e9, t\u00e9, agua y la comida estar\u00e1n disponibles en el viaje.<\/p>\n<p>[\/vc_column_text][vc_empty_space height=\u00bb40px\u00bb]<a  href=\"https:\/\/www.alonaboholdiversclub.com\/es\/reserva-ahora\/\" target=\"_self\" data-hover-background-color=#ffffff data-hover-border-color=#04937e data-hover-color=#04937e class=\"qbutton  large center\" style=\"color: #ffffff; border-color: #04937e; font-style: normal; font-weight: 700; background-color: #04937e;\">RESERVA SNORKELING AHORA<\/a>[\/vc_column_inner][vc_column_inner width=\u00bb1\/2&#8243;][vc_empty_space height=\u00bb40px\u00bb][vc_column_text]<\/p>\n<h1>DETALLES DEL VIAJE:<\/h1>\n<p>&nbsp;<\/p>\n<p><strong>Hora de inicio:<\/strong> Debes llegar al centro de buceo a las 7:45am. El barco saldr\u00e1 a las 8:00am. Los clientes que no hayan preparado su m\u00e1scara y aletas en d\u00eda anterior deber\u00e1n llegar a las 7:30am<\/p>\n<p>&nbsp;<\/p>\n<p><strong>Hora de regreso:<\/strong> Entre las 2:00pm y las 3:30pm, depende de los buceos y estado del mar.<\/p>\n<p>&nbsp;<\/p>\n<p><strong>Itinerario:<\/strong> Habr\u00e1n tres oportunidades para disfrutar del esnorquel en total con descansos para snacks o la comida entre los puntos.<\/p>\n<p>&nbsp;<\/p>\n<p>Se incluye caf\u00e9, t\u00e9, agua, snack y comida.<\/p>\n<p>&nbsp;<\/p>\n<p><strong>No incluye:<\/strong> Si te apetecen refrescos, bebidas alcoh\u00f3licas, snacks extra, fotos o videos puedes solicitarlos por adelantado o tr\u00e1elo tu mismo.<\/p>\n<p>&nbsp;<\/p>\n<p><strong>Qu\u00e9 traer:<\/strong> S\u00f3lo debes venir tu con un ba\u00f1ador! Te pediremos que dejes tu calzado en el centro de buceo. Puedes llevar el resto de objetos personales en el barco si quieres. Si te aplicas cremas solares, recuerda que debe ser unos 30min antes de saltar al agua y siempre deber\u00e1n ser ecol\u00f3gicas, Los qu\u00edmicos de las cremas solares da\u00f1an los arrecifes y toda la vida que hay en ellos.<\/p>\n<p>&nbsp;<\/p>\n<p><strong>Habilidades acu\u00e1ticas:<\/strong> Debes sentirte c\u00f3modo en el agua, si no es as\u00ed, pregunta por los cursos de skin diving para prepararte antes del d\u00eda de esnorquel y estaremos encantados de ayudarte.<\/p>\n<p>[\/vc_column_text][\/vc_column_inner][\/vc_row_inner][vc_empty_space height=\u00bb50px\u00bb][\/vc_column][\/vc_row][vc_row css_animation=\u00bb\u00bb row_type=\u00bbrow\u00bb use_row_as_full_screen_section=\u00bbno\u00bb type=\u00bbfull_width\u00bb angled_section=\u00bbno\u00bb text_align=\u00bbleft\u00bb background_image_as_pattern=\u00bbwithout_pattern\u00bb][vc_column][\/vc_column][\/vc_row]<\/p>\n","protected":false},"excerpt":{"rendered":"<p>[vc_row css_animation=\u00bb\u00bb row_type=\u00bbrow\u00bb use_row_as_full_screen_section=\u00bbno\u00bb type=\u00bbfull_width\u00bb anchor=\u00bbportfolio\u00bb angled_section=\u00bbno\u00bb text_align=\u00bbcenter\u00bb background_image_as_pattern=\u00bbwithout_pattern\u00bb][vc_column][vc_single_image image=\u00bb17753&#8243; img_size=\u00bb1000&#215;1000&#8243; alignment=\u00bbcenter\u00bb qode_css_animation=\u00bb\u00bb][vc_row_inner row_type=\u00bbrow\u00bb type=\u00bbfull_width\u00bb text_align=\u00bbleft\u00bb css_animation=\u00bb\u00bb][vc_column_inner width=\u00bb1\/2&#8243;][vc_empty_space height=\u00bb40px\u00bb][vc_column_text] INFORMACI\u00d3N GENERAL: &nbsp; Disfruta de los espectaculares fondos marinos y toda sus vida con un d\u00eda de esnorquel! Ofrecemos excursiones de esnorquel a las dos islas,&#8230;<\/p>\n","protected":false},"author":2,"featured_media":0,"parent":0,"menu_order":0,"comment_status":"closed","ping_status":"closed","template":"","meta":{"footnotes":""},"yoast_head":"<!-- This site is optimized with the Yoast SEO plugin v22.4 - https:\/\/yoast.com\/wordpress\/plugins\/seo\/ -->\n<title>Excursi\u00f3n Snorkel &#8226; Bohol Divers | Centro Buceo Filipinas<\/title>\n<meta name=\"robots\" content=\"index, follow, max-snippet:-1, max-image-preview:large, max-video-preview:-1\" \/>\n<link rel=\"canonical\" href=\"https:\/\/www.alonaboholdiversclub.com\/es\/excursion-snorkel\/\" \/>\n<meta property=\"og:locale\" content=\"es_ES\" \/>\n<meta property=\"og:type\" content=\"article\" \/>\n<meta property=\"og:title\" content=\"Excursi\u00f3n Snorkel &#8226; Bohol Divers | Centro Buceo Filipinas\" \/>\n<meta property=\"og:description\" content=\"[vc_row css_animation=\u00bb\u00bb row_type=\u00bbrow\u00bb use_row_as_full_screen_section=\u00bbno\u00bb type=\u00bbfull_width\u00bb anchor=\u00bbportfolio\u00bb angled_section=\u00bbno\u00bb text_align=\u00bbcenter\u00bb background_image_as_pattern=\u00bbwithout_pattern\u00bb][vc_column][vc_single_image image=\u00bb17753&#8243; img_size=\u00bb1000&#215;1000&#8243; alignment=\u00bbcenter\u00bb qode_css_animation=\u00bb\u00bb][vc_row_inner row_type=\u00bbrow\u00bb type=\u00bbfull_width\u00bb text_align=\u00bbleft\u00bb css_animation=\u00bb\u00bb][vc_column_inner width=\u00bb1\/2&#8243;][vc_empty_space height=\u00bb40px\u00bb][vc_column_text] INFORMACI\u00d3N GENERAL: &nbsp; Disfruta de los espectaculares fondos marinos y toda sus vida con un d\u00eda de esnorquel! Ofrecemos excursiones de esnorquel a las dos islas,...\" \/>\n<meta property=\"og:url\" content=\"https:\/\/www.alonaboholdiversclub.com\/es\/excursion-snorkel\/\" \/>\n<meta property=\"og:site_name\" content=\"Bohol Divers | Centro Buceo Filipinas\" \/>\n<meta property=\"article:publisher\" content=\"https:\/\/www.facebook.com\/boholdiversclub\/\" \/>\n<meta property=\"article:modified_time\" content=\"2024-02-28T17:04:45+00:00\" \/>\n<meta name=\"twitter:card\" content=\"summary_large_image\" \/>\n<meta name=\"twitter:site\" content=\"@boholdiversclub\" \/>\n<meta name=\"twitter:label1\" content=\"Tiempo de lectura\" \/>\n\t<meta name=\"twitter:data1\" content=\"2 minutos\" \/>\n<script type=\"application\/ld+json\" class=\"yoast-schema-graph\">{\"@context\":\"https:\/\/schema.org\",\"@graph\":[{\"@type\":\"WebPage\",\"@id\":\"https:\/\/www.alonaboholdiversclub.com\/es\/excursion-snorkel\/\",\"url\":\"https:\/\/www.alonaboholdiversclub.com\/es\/excursion-snorkel\/\",\"name\":\"Excursi\u00f3n Snorkel &#8226; Bohol Divers | Centro Buceo Filipinas\",\"isPartOf\":{\"@id\":\"https:\/\/www.alonaboholdiversclub.com\/es\/#website\"},\"datePublished\":\"2024-02-28T17:02:11+00:00\",\"dateModified\":\"2024-02-28T17:04:45+00:00\",\"breadcrumb\":{\"@id\":\"https:\/\/www.alonaboholdiversclub.com\/es\/excursion-snorkel\/#breadcrumb\"},\"inLanguage\":\"es\",\"potentialAction\":[{\"@type\":\"ReadAction\",\"target\":[\"https:\/\/www.alonaboholdiversclub.com\/es\/excursion-snorkel\/\"]}]},{\"@type\":\"BreadcrumbList\",\"@id\":\"https:\/\/www.alonaboholdiversclub.com\/es\/excursion-snorkel\/#breadcrumb\",\"itemListElement\":[{\"@type\":\"ListItem\",\"position\":1,\"name\":\"Home\",\"item\":\"https:\/\/www.alonaboholdiversclub.com\/es\/\"},{\"@type\":\"ListItem\",\"position\":2,\"name\":\"Excursi\u00f3n Snorkel\"}]},{\"@type\":\"WebSite\",\"@id\":\"https:\/\/www.alonaboholdiversclub.com\/es\/#website\",\"url\":\"https:\/\/www.alonaboholdiversclub.com\/es\/\",\"name\":\"Bohol Divers | Centro Buceo Filipinas\",\"description\":\"Buceo en Filipinas\",\"potentialAction\":[{\"@type\":\"SearchAction\",\"target\":{\"@type\":\"EntryPoint\",\"urlTemplate\":\"https:\/\/www.alonaboholdiversclub.com\/es\/?s={search_term_string}\"},\"query-input\":\"required name=search_term_string\"}],\"inLanguage\":\"es\"}]}<\/script>\n<!-- \/ Yoast SEO plugin. -->","yoast_head_json":{"title":"Excursi\u00f3n Snorkel &#8226; Bohol Divers | Centro Buceo Filipinas","robots":{"index":"index","follow":"follow","max-snippet":"max-snippet:-1","max-image-preview":"max-image-preview:large","max-video-preview":"max-video-preview:-1"},"canonical":"https:\/\/www.alonaboholdiversclub.com\/es\/excursion-snorkel\/","og_locale":"es_ES","og_type":"article","og_title":"Excursi\u00f3n Snorkel &#8226; Bohol Divers | Centro Buceo Filipinas","og_description":"[vc_row css_animation=\u00bb\u00bb row_type=\u00bbrow\u00bb use_row_as_full_screen_section=\u00bbno\u00bb type=\u00bbfull_width\u00bb anchor=\u00bbportfolio\u00bb angled_section=\u00bbno\u00bb text_align=\u00bbcenter\u00bb background_image_as_pattern=\u00bbwithout_pattern\u00bb][vc_column][vc_single_image image=\u00bb17753&#8243; img_size=\u00bb1000&#215;1000&#8243; alignment=\u00bbcenter\u00bb qode_css_animation=\u00bb\u00bb][vc_row_inner row_type=\u00bbrow\u00bb type=\u00bbfull_width\u00bb text_align=\u00bbleft\u00bb css_animation=\u00bb\u00bb][vc_column_inner width=\u00bb1\/2&#8243;][vc_empty_space height=\u00bb40px\u00bb][vc_column_text] INFORMACI\u00d3N GENERAL: &nbsp; Disfruta de los espectaculares fondos marinos y toda sus vida con un d\u00eda de esnorquel! Ofrecemos excursiones de esnorquel a las dos islas,...","og_url":"https:\/\/www.alonaboholdiversclub.com\/es\/excursion-snorkel\/","og_site_name":"Bohol Divers | Centro Buceo Filipinas","article_publisher":"https:\/\/www.facebook.com\/boholdiversclub\/","article_modified_time":"2024-02-28T17:04:45+00:00","twitter_card":"summary_large_image","twitter_site":"@boholdiversclub","twitter_misc":{"Tiempo de lectura":"2 minutos"},"schema":{"@context":"https:\/\/schema.org","@graph":[{"@type":"WebPage","@id":"https:\/\/www.alonaboholdiversclub.com\/es\/excursion-snorkel\/","url":"https:\/\/www.alonaboholdiversclub.com\/es\/excursion-snorkel\/","name":"Excursi\u00f3n Snorkel &#8226; Bohol Divers | Centro Buceo Filipinas","isPartOf":{"@id":"https:\/\/www.alonaboholdiversclub.com\/es\/#website"},"datePublished":"2024-02-28T17:02:11+00:00","dateModified":"2024-02-28T17:04:45+00:00","breadcrumb":{"@id":"https:\/\/www.alonaboholdiversclub.com\/es\/excursion-snorkel\/#breadcrumb"},"inLanguage":"es","potentialAction":[{"@type":"ReadAction","target":["https:\/\/www.alonaboholdiversclub.com\/es\/excursion-snorkel\/"]}]},{"@type":"BreadcrumbList","@id":"https:\/\/www.alonaboholdiversclub.com\/es\/excursion-snorkel\/#breadcrumb","itemListElement":[{"@type":"ListItem","position":1,"name":"Home","item":"https:\/\/www.alonaboholdiversclub.com\/es\/"},{"@type":"ListItem","position":2,"name":"Excursi\u00f3n Snorkel"}]},{"@type":"WebSite","@id":"https:\/\/www.alonaboholdiversclub.com\/es\/#website","url":"https:\/\/www.alonaboholdiversclub.com\/es\/","name":"Bohol Divers | Centro Buceo Filipinas","description":"Buceo en Filipinas","potentialAction":[{"@type":"SearchAction","target":{"@type":"EntryPoint","urlTemplate":"https:\/\/www.alonaboholdiversclub.com\/es\/?s={search_term_string}"},"query-input":"required name=search_term_string"}],"inLanguage":"es"}]}},"_links":{"self":[{"href":"https:\/\/www.alonaboholdiversclub.com\/es\/wp-json\/wp\/v2\/pages\/17752"}],"collection":[{"href":"https:\/\/www.alonaboholdiversclub.com\/es\/wp-json\/wp\/v2\/pages"}],"about":[{"href":"https:\/\/www.alonaboholdiversclub.com\/es\/wp-json\/wp\/v2\/types\/page"}],"author":[{"embeddable":true,"href":"https:\/\/www.alonaboholdiversclub.com\/es\/wp-json\/wp\/v2\/users\/2"}],"replies":[{"embeddable":true,"href":"https:\/\/www.alonaboholdiversclub.com\/es\/wp-json\/wp\/v2\/comments?post=17752"}],"version-history":[{"count":2,"href":"https:\/\/www.alonaboholdiversclub.com\/es\/wp-json\/wp\/v2\/pages\/17752\/revisions"}],"predecessor-version":[{"id":17757,"href":"https:\/\/www.alonaboholdiversclub.com\/es\/wp-json\/wp\/v2\/pages\/17752\/revisions\/17757"}],"wp:attachment":[{"href":"https:\/\/www.alonaboholdiversclub.com\/es\/wp-json\/wp\/v2\/media?parent=17752"}],"curies":[{"name":"wp","href":"https:\/\/api.w.org\/{rel}","templated":true}]}}