{"id":17744,"date":"2024-02-28T16:51:10","date_gmt":"2024-02-28T16:51:10","guid":{"rendered":"https:\/\/www.alonaboholdiversclub.com\/es\/?page_id=17744"},"modified":"2024-02-28T17:03:39","modified_gmt":"2024-02-28T17:03:39","slug":"otras-actividades-en-centro-buceo-bohol","status":"publish","type":"page","link":"https:\/\/www.alonaboholdiversclub.com\/es\/otras-actividades-en-centro-buceo-bohol\/","title":{"rendered":"Otras actividades"},"content":{"rendered":"<p>[vc_row css_animation=\u00bb\u00bb row_type=\u00bbrow\u00bb use_row_as_full_screen_section=\u00bbno\u00bb type=\u00bbfull_width\u00bb anchor=\u00bbportfolio\u00bb angled_section=\u00bbno\u00bb text_align=\u00bbcenter\u00bb background_image_as_pattern=\u00bbwithout_pattern\u00bb][vc_column][vc_empty_space height=\u00bb50px\u00bb][vc_row_inner row_type=\u00bbrow\u00bb type=\u00bbfull_width\u00bb text_align=\u00bbleft\u00bb css_animation=\u00bb\u00bb][vc_column_inner width=\u00bb1\/2&#8243;][vc_single_image image=\u00bb17746&#8243; img_size=\u00bb800px500px\u00bb alignment=\u00bbcenter\u00bb qode_css_animation=\u00bb\u00bb][vc_separator type=\u00bbnormal\u00bb][vc_column_text]<\/p>\n<h4><span data-sheets-value=\"{&quot;1&quot;:2,&quot;2&quot;:&quot;Balicasag Island Day Trip&quot;}\" data-sheets-userformat=\"{&quot;2&quot;:31555,&quot;3&quot;:{&quot;1&quot;:0},&quot;4&quot;:{&quot;1&quot;:3,&quot;3&quot;:8},&quot;9&quot;:0,&quot;11&quot;:4,&quot;12&quot;:0,&quot;14&quot;:{&quot;1&quot;:2,&quot;2&quot;:0},&quot;15&quot;:&quot;Arial&quot;,&quot;16&quot;:11,&quot;17&quot;:1}\">YOGA EN LA PLAYA<br \/>\n<\/span><\/h4>\n<p>[\/vc_column_text][vc_separator type=\u00bbnormal\u00bb][vc_column_text]<strong>\u00bfSab\u00edas que Bohol Divers Club ofrece sesiones de yoga al atardecer en la playa de Alona todas las semanas?<\/strong><\/p>\n<p>\u00danase a nosotros para practicar yoga todos los lunes y jueves a las 17:30.<\/p>\n<p>Todos los niveles son bienvenidos y se proporcionan esterillas de yoga.[\/vc_column_text][vc_empty_space height=\u00bb30px\u00bb]<a  href=\"https:\/\/www.alonaboholdiversclub.com\/es\/yoga-al-atardecer-en-bohol-divers-club\/\" target=\"_self\" data-hover-background-color=#ffffff data-hover-border-color=#04937e data-hover-color=#04937e class=\"qbutton  large center\" style=\"color: #ffffff; border-color: #04937e; font-style: normal; font-weight: 700; background-color: #04937e;\">YOGA INFO<\/a>[vc_empty_space height=\u00bb30px\u00bb][\/vc_column_inner][vc_column_inner width=\u00bb1\/2&#8243;][vc_single_image image=\u00bb17747&#8243; img_size=\u00bb800px500px\u00bb alignment=\u00bbcenter\u00bb qode_css_animation=\u00bb\u00bb][vc_separator type=\u00bbnormal\u00bb][vc_column_text]<\/p>\n<h4><span data-sheets-value=\"{&quot;1&quot;:2,&quot;2&quot;:&quot;Pamilacan Island Day Trip&quot;}\" data-sheets-userformat=\"{&quot;2&quot;:31555,&quot;3&quot;:{&quot;1&quot;:0},&quot;4&quot;:{&quot;1&quot;:3,&quot;3&quot;:8},&quot;9&quot;:0,&quot;11&quot;:4,&quot;12&quot;:0,&quot;14&quot;:{&quot;1&quot;:2,&quot;2&quot;:0},&quot;15&quot;:&quot;Arial&quot;,&quot;16&quot;:11,&quot;17&quot;:1}\">SNORKELING<\/span><\/h4>\n<p>[\/vc_column_text][vc_separator type=\u00bbnormal\u00bb][vc_column_text]Disfrute de hermosos paisajes submarinos y de la vida marina con un d\u00eda de snorkel. Ofrecemos excursiones de snorkel a las islas Balicasag y Pamilacan. M\u00e1scara, tubo y aletas incluidos. Se incluye caf\u00e9, t\u00e9, agua potable y almuerzo.[\/vc_column_text][vc_empty_space height=\u00bb30px\u00bb]<a  href=\"https:\/\/www.alonaboholdiversclub.com\/es\/excursion-snorkel\/\" target=\"_self\" data-hover-background-color=#ffffff data-hover-border-color=#04937e data-hover-color=#04937e class=\"qbutton  large center\" style=\"color: #ffffff; border-color: #04937e; font-style: normal; font-weight: 700; background-color: #04937e;\">Snorkeling Info<\/a>[vc_empty_space height=\u00bb30px\u00bb][\/vc_column_inner][\/vc_row_inner][vc_empty_space height=\u00bb50px\u00bb][\/vc_column][\/vc_row][vc_row css_animation=\u00bb\u00bb row_type=\u00bbrow\u00bb use_row_as_full_screen_section=\u00bbno\u00bb type=\u00bbfull_width\u00bb angled_section=\u00bbno\u00bb text_align=\u00bbleft\u00bb background_image_as_pattern=\u00bbwithout_pattern\u00bb][vc_column][\/vc_column][\/vc_row]<\/p>\n","protected":false},"excerpt":{"rendered":"<p>[vc_row css_animation=\u00bb\u00bb row_type=\u00bbrow\u00bb use_row_as_full_screen_section=\u00bbno\u00bb type=\u00bbfull_width\u00bb anchor=\u00bbportfolio\u00bb angled_section=\u00bbno\u00bb text_align=\u00bbcenter\u00bb background_image_as_pattern=\u00bbwithout_pattern\u00bb][vc_column][vc_empty_space height=\u00bb50px\u00bb][vc_row_inner row_type=\u00bbrow\u00bb type=\u00bbfull_width\u00bb text_align=\u00bbleft\u00bb css_animation=\u00bb\u00bb][vc_column_inner width=\u00bb1\/2&#8243;][vc_single_image image=\u00bb17746&#8243; img_size=\u00bb800px500px\u00bb alignment=\u00bbcenter\u00bb qode_css_animation=\u00bb\u00bb][vc_separator type=\u00bbnormal\u00bb][vc_column_text] YOGA EN LA PLAYA [\/vc_column_text][vc_separator type=\u00bbnormal\u00bb][vc_column_text]\u00bfSab\u00edas que Bohol Divers Club ofrece sesiones de yoga al atardecer en la playa de Alona todas las semanas? \u00danase&#8230;<\/p>\n","protected":false},"author":2,"featured_media":0,"parent":0,"menu_order":0,"comment_status":"closed","ping_status":"closed","template":"","meta":{"footnotes":""},"yoast_head":"<!-- This site is optimized with the Yoast SEO plugin v22.4 - https:\/\/yoast.com\/wordpress\/plugins\/seo\/ -->\n<title>Otras actividades &#8226; Bohol Divers | Centro Buceo Filipinas<\/title>\n<meta name=\"robots\" content=\"index, follow, max-snippet:-1, max-image-preview:large, max-video-preview:-1\" \/>\n<link rel=\"canonical\" href=\"https:\/\/www.alonaboholdiversclub.com\/es\/otras-actividades-en-centro-buceo-bohol\/\" \/>\n<meta property=\"og:locale\" content=\"es_ES\" \/>\n<meta property=\"og:type\" content=\"article\" \/>\n<meta property=\"og:title\" content=\"Otras actividades &#8226; Bohol Divers | Centro Buceo Filipinas\" \/>\n<meta property=\"og:description\" content=\"[vc_row css_animation=\u00bb\u00bb row_type=\u00bbrow\u00bb use_row_as_full_screen_section=\u00bbno\u00bb type=\u00bbfull_width\u00bb anchor=\u00bbportfolio\u00bb angled_section=\u00bbno\u00bb text_align=\u00bbcenter\u00bb background_image_as_pattern=\u00bbwithout_pattern\u00bb][vc_column][vc_empty_space height=\u00bb50px\u00bb][vc_row_inner row_type=\u00bbrow\u00bb type=\u00bbfull_width\u00bb text_align=\u00bbleft\u00bb css_animation=\u00bb\u00bb][vc_column_inner width=\u00bb1\/2&#8243;][vc_single_image image=\u00bb17746&#8243; img_size=\u00bb800px500px\u00bb alignment=\u00bbcenter\u00bb qode_css_animation=\u00bb\u00bb][vc_separator type=\u00bbnormal\u00bb][vc_column_text] YOGA EN LA PLAYA [\/vc_column_text][vc_separator type=\u00bbnormal\u00bb][vc_column_text]\u00bfSab\u00edas que Bohol Divers Club ofrece sesiones de yoga al atardecer en la playa de Alona todas las semanas? \u00danase...\" \/>\n<meta property=\"og:url\" content=\"https:\/\/www.alonaboholdiversclub.com\/es\/otras-actividades-en-centro-buceo-bohol\/\" \/>\n<meta property=\"og:site_name\" content=\"Bohol Divers | Centro Buceo Filipinas\" \/>\n<meta property=\"article:publisher\" content=\"https:\/\/www.facebook.com\/boholdiversclub\/\" \/>\n<meta property=\"article:modified_time\" content=\"2024-02-28T17:03:39+00:00\" \/>\n<meta name=\"twitter:card\" content=\"summary_large_image\" \/>\n<meta name=\"twitter:site\" content=\"@boholdiversclub\" \/>\n<meta name=\"twitter:label1\" content=\"Tiempo de lectura\" \/>\n\t<meta name=\"twitter:data1\" content=\"1 minuto\" \/>\n<script type=\"application\/ld+json\" class=\"yoast-schema-graph\">{\"@context\":\"https:\/\/schema.org\",\"@graph\":[{\"@type\":\"WebPage\",\"@id\":\"https:\/\/www.alonaboholdiversclub.com\/es\/otras-actividades-en-centro-buceo-bohol\/\",\"url\":\"https:\/\/www.alonaboholdiversclub.com\/es\/otras-actividades-en-centro-buceo-bohol\/\",\"name\":\"Otras actividades &#8226; Bohol Divers | Centro Buceo Filipinas\",\"isPartOf\":{\"@id\":\"https:\/\/www.alonaboholdiversclub.com\/es\/#website\"},\"datePublished\":\"2024-02-28T16:51:10+00:00\",\"dateModified\":\"2024-02-28T17:03:39+00:00\",\"breadcrumb\":{\"@id\":\"https:\/\/www.alonaboholdiversclub.com\/es\/otras-actividades-en-centro-buceo-bohol\/#breadcrumb\"},\"inLanguage\":\"es\",\"potentialAction\":[{\"@type\":\"ReadAction\",\"target\":[\"https:\/\/www.alonaboholdiversclub.com\/es\/otras-actividades-en-centro-buceo-bohol\/\"]}]},{\"@type\":\"BreadcrumbList\",\"@id\":\"https:\/\/www.alonaboholdiversclub.com\/es\/otras-actividades-en-centro-buceo-bohol\/#breadcrumb\",\"itemListElement\":[{\"@type\":\"ListItem\",\"position\":1,\"name\":\"Home\",\"item\":\"https:\/\/www.alonaboholdiversclub.com\/es\/\"},{\"@type\":\"ListItem\",\"position\":2,\"name\":\"Otras actividades\"}]},{\"@type\":\"WebSite\",\"@id\":\"https:\/\/www.alonaboholdiversclub.com\/es\/#website\",\"url\":\"https:\/\/www.alonaboholdiversclub.com\/es\/\",\"name\":\"Bohol Divers | Centro Buceo Filipinas\",\"description\":\"Buceo en Filipinas\",\"potentialAction\":[{\"@type\":\"SearchAction\",\"target\":{\"@type\":\"EntryPoint\",\"urlTemplate\":\"https:\/\/www.alonaboholdiversclub.com\/es\/?s={search_term_string}\"},\"query-input\":\"required name=search_term_string\"}],\"inLanguage\":\"es\"}]}<\/script>\n<!-- \/ Yoast SEO plugin. -->","yoast_head_json":{"title":"Otras actividades &#8226; Bohol Divers | Centro Buceo Filipinas","robots":{"index":"index","follow":"follow","max-snippet":"max-snippet:-1","max-image-preview":"max-image-preview:large","max-video-preview":"max-video-preview:-1"},"canonical":"https:\/\/www.alonaboholdiversclub.com\/es\/otras-actividades-en-centro-buceo-bohol\/","og_locale":"es_ES","og_type":"article","og_title":"Otras actividades &#8226; Bohol Divers | Centro Buceo Filipinas","og_description":"[vc_row css_animation=\u00bb\u00bb row_type=\u00bbrow\u00bb use_row_as_full_screen_section=\u00bbno\u00bb type=\u00bbfull_width\u00bb anchor=\u00bbportfolio\u00bb angled_section=\u00bbno\u00bb text_align=\u00bbcenter\u00bb background_image_as_pattern=\u00bbwithout_pattern\u00bb][vc_column][vc_empty_space height=\u00bb50px\u00bb][vc_row_inner row_type=\u00bbrow\u00bb type=\u00bbfull_width\u00bb text_align=\u00bbleft\u00bb css_animation=\u00bb\u00bb][vc_column_inner width=\u00bb1\/2&#8243;][vc_single_image image=\u00bb17746&#8243; img_size=\u00bb800px500px\u00bb alignment=\u00bbcenter\u00bb qode_css_animation=\u00bb\u00bb][vc_separator type=\u00bbnormal\u00bb][vc_column_text] YOGA EN LA PLAYA [\/vc_column_text][vc_separator type=\u00bbnormal\u00bb][vc_column_text]\u00bfSab\u00edas que Bohol Divers Club ofrece sesiones de yoga al atardecer en la playa de Alona todas las semanas? \u00danase...","og_url":"https:\/\/www.alonaboholdiversclub.com\/es\/otras-actividades-en-centro-buceo-bohol\/","og_site_name":"Bohol Divers | Centro Buceo Filipinas","article_publisher":"https:\/\/www.facebook.com\/boholdiversclub\/","article_modified_time":"2024-02-28T17:03:39+00:00","twitter_card":"summary_large_image","twitter_site":"@boholdiversclub","twitter_misc":{"Tiempo de lectura":"1 minuto"},"schema":{"@context":"https:\/\/schema.org","@graph":[{"@type":"WebPage","@id":"https:\/\/www.alonaboholdiversclub.com\/es\/otras-actividades-en-centro-buceo-bohol\/","url":"https:\/\/www.alonaboholdiversclub.com\/es\/otras-actividades-en-centro-buceo-bohol\/","name":"Otras actividades &#8226; Bohol Divers | Centro Buceo Filipinas","isPartOf":{"@id":"https:\/\/www.alonaboholdiversclub.com\/es\/#website"},"datePublished":"2024-02-28T16:51:10+00:00","dateModified":"2024-02-28T17:03:39+00:00","breadcrumb":{"@id":"https:\/\/www.alonaboholdiversclub.com\/es\/otras-actividades-en-centro-buceo-bohol\/#breadcrumb"},"inLanguage":"es","potentialAction":[{"@type":"ReadAction","target":["https:\/\/www.alonaboholdiversclub.com\/es\/otras-actividades-en-centro-buceo-bohol\/"]}]},{"@type":"BreadcrumbList","@id":"https:\/\/www.alonaboholdiversclub.com\/es\/otras-actividades-en-centro-buceo-bohol\/#breadcrumb","itemListElement":[{"@type":"ListItem","position":1,"name":"Home","item":"https:\/\/www.alonaboholdiversclub.com\/es\/"},{"@type":"ListItem","position":2,"name":"Otras actividades"}]},{"@type":"WebSite","@id":"https:\/\/www.alonaboholdiversclub.com\/es\/#website","url":"https:\/\/www.alonaboholdiversclub.com\/es\/","name":"Bohol Divers | Centro Buceo Filipinas","description":"Buceo en Filipinas","potentialAction":[{"@type":"SearchAction","target":{"@type":"EntryPoint","urlTemplate":"https:\/\/www.alonaboholdiversclub.com\/es\/?s={search_term_string}"},"query-input":"required name=search_term_string"}],"inLanguage":"es"}]}},"_links":{"self":[{"href":"https:\/\/www.alonaboholdiversclub.com\/es\/wp-json\/wp\/v2\/pages\/17744"}],"collection":[{"href":"https:\/\/www.alonaboholdiversclub.com\/es\/wp-json\/wp\/v2\/pages"}],"about":[{"href":"https:\/\/www.alonaboholdiversclub.com\/es\/wp-json\/wp\/v2\/types\/page"}],"author":[{"embeddable":true,"href":"https:\/\/www.alonaboholdiversclub.com\/es\/wp-json\/wp\/v2\/users\/2"}],"replies":[{"embeddable":true,"href":"https:\/\/www.alonaboholdiversclub.com\/es\/wp-json\/wp\/v2\/comments?post=17744"}],"version-history":[{"count":4,"href":"https:\/\/www.alonaboholdiversclub.com\/es\/wp-json\/wp\/v2\/pages\/17744\/revisions"}],"predecessor-version":[{"id":17755,"href":"https:\/\/www.alonaboholdiversclub.com\/es\/wp-json\/wp\/v2\/pages\/17744\/revisions\/17755"}],"wp:attachment":[{"href":"https:\/\/www.alonaboholdiversclub.com\/es\/wp-json\/wp\/v2\/media?parent=17744"}],"curies":[{"name":"wp","href":"https:\/\/api.w.org\/{rel}","templated":true}]}}