{"id":17727,"date":"2024-02-28T16:26:08","date_gmt":"2024-02-28T16:26:08","guid":{"rendered":"https:\/\/www.alonaboholdiversclub.com\/es\/?page_id=17727"},"modified":"2024-03-13T06:33:13","modified_gmt":"2024-03-13T06:33:13","slug":"viaje-de-buceo-a-las-islas","status":"publish","type":"page","link":"https:\/\/www.alonaboholdiversclub.com\/es\/viaje-de-buceo-a-las-islas\/","title":{"rendered":"Viaje de buceo a las Islas"},"content":{"rendered":"<p>[vc_row css_animation=\u00bb\u00bb row_type=\u00bbrow\u00bb use_row_as_full_screen_section=\u00bbno\u00bb type=\u00bbfull_width\u00bb anchor=\u00bbportfolio\u00bb angled_section=\u00bbno\u00bb text_align=\u00bbcenter\u00bb background_image_as_pattern=\u00bbwithout_pattern\u00bb][vc_column][vc_single_image image=\u00bb17728&#8243; img_size=\u00bbfull\u00bb alignment=\u00bbcenter\u00bb qode_css_animation=\u00bb\u00bb][vc_row_inner row_type=\u00bbrow\u00bb type=\u00bbfull_width\u00bb text_align=\u00bbleft\u00bb css_animation=\u00bb\u00bb][vc_column_inner width=\u00bb1\/2&#8243;][vc_empty_space height=\u00bb40px\u00bb][vc_column_text]<\/p>\n<h1>INFORMACI\u00d3N GENERAL:<\/h1>\n<p>&nbsp;<\/p>\n<p>\u00danete al inolvidable viaje de buceo a las islas, Balicasag o Pamilacan, para disfrutar de los mejores arrecifes de nuestra zona.<\/p>\n<p>&nbsp;<\/p>\n<p>Sube a nuestro barco justo delante de centro de buceo y te llevaremos hasta nuestra c\u00f3moda y espaciosa Bangka, Bangka es como se llaman los barcos tradicionales con los bamb\u00fas a los lados, all\u00ed ser\u00e1 donde pasar\u00e1s el d\u00eda de buceo.<\/p>\n<p>&nbsp;<\/p>\n<p>En todas nuestras bangkas dispondr\u00e1s de caf\u00e9, te y agua, zonas de descanso y sol\u00e1rium. Cada d\u00eda de buceo consta de tres inmersiones, dos de ellas en la isla y una en Panglao.<\/p>\n<p>&nbsp;<\/p>\n<p>Las islas de Balicasag y Pamilacan son santuarios marinos, all\u00ed tendr\u00e1s la oportunidad de disfrutar tortugas, bancos de jureles, barracudas y caballa de boca gande, adem\u00e1s ver\u00e1s much\u00edsimos peces de arrecife y otras especies m\u00e1s especiales como anguila de list\u00f3n azul, sepia flamboyante, nudibranquios o gambas.<\/p>\n<p>&nbsp;<\/p>\n<p>Los viajes de buceo de un d\u00eda incluyen tambi\u00e9n la comida, consistir\u00e1 en carne y vegetales cocinados con salsas como curry o adobo, o en la barbacoa al estilo local.<\/p>\n<p>&nbsp;<\/p>\n<p>Hay opciones vegetarianas disponibles, por favor, no olvides mencionar con antelaci\u00f3n de cualquier restricci\u00f3n alimentaria al hacer tu reserva.<\/p>\n<p>[\/vc_column_text][\/vc_column_inner][vc_column_inner width=\u00bb1\/2&#8243;][vc_empty_space height=\u00bb40px\u00bb][vc_column_text]<\/p>\n<h1>DETALLES:<\/h1>\n<p>&nbsp;<\/p>\n<p><strong>Hora de salida:<\/strong> La hora de llegada al centro de buceo es 7:45\u202fam, el barco saldr\u00e1 a las 8\u202fam. Los buceadores que no hayan podido preparar sus equipos de buceo previamente deber\u00e1n llegar a las 7:30\u202fam para tener suficiente tiempo para prepararlo.<\/p>\n<p>&nbsp;<\/p>\n<p><strong>Hora de regreso:<\/strong> Entre las 2pm y las 3:30pm, depender\u00e1 de las inmersiones y condiciones del mar<\/p>\n<p>&nbsp;<\/p>\n<p><strong>Itinerario:<\/strong> Tres inmersiones en total con un m\u00ednimo de una hora de intervalo de superficie entre buceos.<\/p>\n<p>&nbsp;<\/p>\n<p><strong>Incluye:<\/strong> Caf\u00e9, te, agua, comida y un snack por la ma\u00f1ana.<\/p>\n<p>&nbsp;<\/p>\n<p><strong>No incluido:<\/strong> Refrescos, bebidas alcoh\u00f3licas, snacks extras, fotos o videos. Estos puedes solicitarlos con cargo extra o tra\u00e9rtelos tu mismo.[\/vc_column_text][\/vc_column_inner][\/vc_row_inner][vc_empty_space height=\u00bb50px\u00bb][vc_separator type=\u00bbnormal\u00bb][vc_empty_space height=\u00bb50px\u00bb][vc_column_text]<\/p>\n<h1>NUESTRAS OPCIONES DE ISLAS:<\/h1>\n<p>[\/vc_column_text][vc_empty_space height=\u00bb50px\u00bb][vc_row_inner row_type=\u00bbrow\u00bb type=\u00bbfull_width\u00bb text_align=\u00bbleft\u00bb css_animation=\u00bb\u00bb][vc_column_inner width=\u00bb1\/2&#8243;][vc_single_image image=\u00bb17817&#8243; img_size=\u00bbfull\u00bb alignment=\u00bbcenter\u00bb qode_css_animation=\u00bb\u00bb][vc_separator type=\u00bbnormal\u00bb][vc_column_text]<\/p>\n<h4><span data-sheets-value=\"{&quot;1&quot;:2,&quot;2&quot;:&quot;Balicasag Island Day Trip&quot;}\" data-sheets-userformat=\"{&quot;2&quot;:31555,&quot;3&quot;:{&quot;1&quot;:0},&quot;4&quot;:{&quot;1&quot;:3,&quot;3&quot;:8},&quot;9&quot;:0,&quot;11&quot;:4,&quot;12&quot;:0,&quot;14&quot;:{&quot;1&quot;:2,&quot;2&quot;:0},&quot;15&quot;:&quot;Arial&quot;,&quot;16&quot;:11,&quot;17&quot;:1}\">Buceo en Balicasag<\/span><\/h4>\n<p>[\/vc_column_text][vc_separator type=\u00bbnormal\u00bb][vc_column_text]<span data-sheets-value=\"{&quot;1&quot;:2,&quot;2&quot;:&quot;On your trip to Balicasag island, you can see vibrant corals and marine life along sloping reefs which circle the small round island. This marine sanctuary offers opportunities to see several kind of corals, large fauna like green sea turtles and schools of jackfish, and diverse macro life like nudibranch. This beautiful marine sanctuary is located about a 30-minute boat ride from our dive center. You'll not soon forget this magical diving experience!&quot;}\" data-sheets-userformat=\"{&quot;2&quot;:769,&quot;3&quot;:{&quot;1&quot;:0},&quot;11&quot;:4,&quot;12&quot;:0}\">En nuestro viaje a la isla de Balicasag, podr\u00e1s ver magn\u00edficos corales y vida marina a lo largo de los arrecifes que rodean la isla. Este santuario marino ofrece la oportunidad de ver corales negros, tortugas, bancos de Jureles, bancos de barracudas y otros peces de arrecife en gran cantidad, tambi\u00e9n hay una variada vida peque\u00f1a (macro) como nudibranquios o gambas entre otros. Esta preciosa isla est\u00e1 situada a unos 30 minutos en barco de nuestro centro de buceo. \u00a1No podr\u00e1s olvidar f\u00e1cilmente estas inmersiones!<\/span>[\/vc_column_text][vc_empty_space height=\u00bb30px\u00bb]<a  href=\"https:\/\/www.alonaboholdiversclub.com\/es\/zonas-de-buceo-en-bohol\/zona-buceo-en-balicasag\/\" target=\"_self\" data-hover-background-color=#ffffff data-hover-border-color=#04937e data-hover-color=#04937e class=\"qbutton  large center\" style=\"color: #ffffff; border-color: #04937e; font-style: normal; font-weight: 700; background-color: #04937e;\">VER M\u00c1S DE BALICASAG<\/a>[vc_empty_space height=\u00bb30px\u00bb][\/vc_column_inner][vc_column_inner width=\u00bb1\/2&#8243;][vc_single_image image=\u00bb17730&#8243; img_size=\u00bb900&#215;500&#8243; alignment=\u00bbcenter\u00bb qode_css_animation=\u00bb\u00bb][vc_separator type=\u00bbnormal\u00bb][vc_column_text]<\/p>\n<h4><span data-sheets-value=\"{&quot;1&quot;:2,&quot;2&quot;:&quot;Pamilacan Island Day Trip&quot;}\" data-sheets-userformat=\"{&quot;2&quot;:31555,&quot;3&quot;:{&quot;1&quot;:0},&quot;4&quot;:{&quot;1&quot;:3,&quot;3&quot;:8},&quot;9&quot;:0,&quot;11&quot;:4,&quot;12&quot;:0,&quot;14&quot;:{&quot;1&quot;:2,&quot;2&quot;:0},&quot;15&quot;:&quot;Arial&quot;,&quot;16&quot;:11,&quot;17&quot;:1}\">Buceo en Pamilacan<\/span><\/h4>\n<p>[\/vc_column_text][vc_separator type=\u00bbnormal\u00bb][vc_column_text]<span data-sheets-value=\"{&quot;1&quot;:2,&quot;2&quot;:&quot;On your trip to Pamilacan island, dive along the steep sloping reefs that ring the island. Check out large hard and soft corals teeming with fish and rare macro life. You'll also have opportunities to see large animals like hawksbill sea turtles and schools of barracudas and jackfish. It is located about 40-minute boat ride from our dive center on Alona beach. On the way to and from the island it's also possible to see dolphins if you are lucky!&quot;}\" data-sheets-userformat=\"{&quot;2&quot;:769,&quot;3&quot;:{&quot;1&quot;:0},&quot;11&quot;:4,&quot;12&quot;:0}\">En la excursi\u00f3n a la isla de Pamilacan podr\u00e1s disfrutar del buceo en los arrecifes que rodean la isla. Los puntos de inmersi\u00f3n est\u00e1n llenos de corales duros y blandos, de coloridos peces de arrecife y vida macro. Tambi\u00e9n tendr\u00e1s la oportunidad de ver otros animales m\u00e1s grandes como tortugas verdes y carey, barracudas, jureles o peces emperador. La isla se situa a unos 40\u202fmin en barco desde nuestro centro de buceo en la playa de Alona. <\/span><\/p>\n<p>&nbsp;<\/p>\n<p><span data-sheets-value=\"{&quot;1&quot;:2,&quot;2&quot;:&quot;On your trip to Pamilacan island, dive along the steep sloping reefs that ring the island. Check out large hard and soft corals teeming with fish and rare macro life. You'll also have opportunities to see large animals like hawksbill sea turtles and schools of barracudas and jackfish. It is located about 40-minute boat ride from our dive center on Alona beach. On the way to and from the island it's also possible to see dolphins if you are lucky!&quot;}\" data-sheets-userformat=\"{&quot;2&quot;:769,&quot;3&quot;:{&quot;1&quot;:0},&quot;11&quot;:4,&quot;12&quot;:0}\">\u00a1En los trayectos hay la posibilidad de encontrarse con delfines!<\/span>[\/vc_column_text][vc_empty_space height=\u00bb30px\u00bb]<a  href=\"https:\/\/www.alonaboholdiversclub.com\/es\/zonas-de-buceo-en-bohol\/zona-de-buceo-en-pamilacan\/\" target=\"_self\" data-hover-background-color=#ffffff data-hover-border-color=#04937e data-hover-color=#04937e class=\"qbutton  large center\" style=\"color: #ffffff; border-color: #04937e; font-style: normal; font-weight: 700; background-color: #04937e;\">VER M\u00c1S DE PAMILACAN<\/a>[vc_empty_space height=\u00bb30px\u00bb][\/vc_column_inner][\/vc_row_inner][vc_empty_space height=\u00bb50px\u00bb][vc_separator type=\u00bbnormal\u00bb][vc_empty_space height=\u00bb50px\u00bb][\/vc_column][\/vc_row][vc_row css_animation=\u00bb\u00bb row_type=\u00bbrow\u00bb use_row_as_full_screen_section=\u00bbno\u00bb type=\u00bbfull_width\u00bb angled_section=\u00bbno\u00bb text_align=\u00bbleft\u00bb background_image_as_pattern=\u00bbwithout_pattern\u00bb][vc_column][\/vc_column][\/vc_row]<\/p>\n","protected":false},"excerpt":{"rendered":"<p>[vc_row css_animation=\u00bb\u00bb row_type=\u00bbrow\u00bb use_row_as_full_screen_section=\u00bbno\u00bb type=\u00bbfull_width\u00bb anchor=\u00bbportfolio\u00bb angled_section=\u00bbno\u00bb text_align=\u00bbcenter\u00bb background_image_as_pattern=\u00bbwithout_pattern\u00bb][vc_column][vc_single_image image=\u00bb17728&#8243; img_size=\u00bbfull\u00bb alignment=\u00bbcenter\u00bb qode_css_animation=\u00bb\u00bb][vc_row_inner row_type=\u00bbrow\u00bb type=\u00bbfull_width\u00bb text_align=\u00bbleft\u00bb css_animation=\u00bb\u00bb][vc_column_inner width=\u00bb1\/2&#8243;][vc_empty_space height=\u00bb40px\u00bb][vc_column_text] INFORMACI\u00d3N GENERAL: &nbsp; \u00danete al inolvidable viaje de buceo a las islas, Balicasag o Pamilacan, para disfrutar de los mejores arrecifes de nuestra zona. &nbsp; Sube&#8230;<\/p>\n","protected":false},"author":2,"featured_media":0,"parent":0,"menu_order":0,"comment_status":"closed","ping_status":"closed","template":"","meta":{"footnotes":""},"yoast_head":"<!-- This site is optimized with the Yoast SEO plugin v22.4 - https:\/\/yoast.com\/wordpress\/plugins\/seo\/ -->\n<title>Viaje de buceo a las Islas &#8226; Bohol Divers | Centro Buceo Filipinas<\/title>\n<meta name=\"robots\" content=\"index, follow, max-snippet:-1, max-image-preview:large, max-video-preview:-1\" \/>\n<link rel=\"canonical\" href=\"https:\/\/www.alonaboholdiversclub.com\/es\/viaje-de-buceo-a-las-islas\/\" \/>\n<meta property=\"og:locale\" content=\"es_ES\" \/>\n<meta property=\"og:type\" content=\"article\" \/>\n<meta property=\"og:title\" content=\"Viaje de buceo a las Islas &#8226; Bohol Divers | Centro Buceo Filipinas\" \/>\n<meta property=\"og:description\" content=\"[vc_row css_animation=\u00bb\u00bb row_type=\u00bbrow\u00bb use_row_as_full_screen_section=\u00bbno\u00bb type=\u00bbfull_width\u00bb anchor=\u00bbportfolio\u00bb angled_section=\u00bbno\u00bb text_align=\u00bbcenter\u00bb background_image_as_pattern=\u00bbwithout_pattern\u00bb][vc_column][vc_single_image image=\u00bb17728&#8243; img_size=\u00bbfull\u00bb alignment=\u00bbcenter\u00bb qode_css_animation=\u00bb\u00bb][vc_row_inner row_type=\u00bbrow\u00bb type=\u00bbfull_width\u00bb text_align=\u00bbleft\u00bb css_animation=\u00bb\u00bb][vc_column_inner width=\u00bb1\/2&#8243;][vc_empty_space height=\u00bb40px\u00bb][vc_column_text] INFORMACI\u00d3N GENERAL: &nbsp; \u00danete al inolvidable viaje de buceo a las islas, Balicasag o Pamilacan, para disfrutar de los mejores arrecifes de nuestra zona. &nbsp; Sube...\" \/>\n<meta property=\"og:url\" content=\"https:\/\/www.alonaboholdiversclub.com\/es\/viaje-de-buceo-a-las-islas\/\" \/>\n<meta property=\"og:site_name\" content=\"Bohol Divers | Centro Buceo Filipinas\" \/>\n<meta property=\"article:publisher\" content=\"https:\/\/www.facebook.com\/boholdiversclub\/\" \/>\n<meta property=\"article:modified_time\" content=\"2024-03-13T06:33:13+00:00\" \/>\n<meta name=\"twitter:card\" content=\"summary_large_image\" \/>\n<meta name=\"twitter:site\" content=\"@boholdiversclub\" \/>\n<meta name=\"twitter:label1\" content=\"Tiempo de lectura\" \/>\n\t<meta name=\"twitter:data1\" content=\"3 minutos\" \/>\n<script type=\"application\/ld+json\" class=\"yoast-schema-graph\">{\"@context\":\"https:\/\/schema.org\",\"@graph\":[{\"@type\":\"WebPage\",\"@id\":\"https:\/\/www.alonaboholdiversclub.com\/es\/viaje-de-buceo-a-las-islas\/\",\"url\":\"https:\/\/www.alonaboholdiversclub.com\/es\/viaje-de-buceo-a-las-islas\/\",\"name\":\"Viaje de buceo a las Islas &#8226; Bohol Divers | Centro Buceo Filipinas\",\"isPartOf\":{\"@id\":\"https:\/\/www.alonaboholdiversclub.com\/es\/#website\"},\"datePublished\":\"2024-02-28T16:26:08+00:00\",\"dateModified\":\"2024-03-13T06:33:13+00:00\",\"breadcrumb\":{\"@id\":\"https:\/\/www.alonaboholdiversclub.com\/es\/viaje-de-buceo-a-las-islas\/#breadcrumb\"},\"inLanguage\":\"es\",\"potentialAction\":[{\"@type\":\"ReadAction\",\"target\":[\"https:\/\/www.alonaboholdiversclub.com\/es\/viaje-de-buceo-a-las-islas\/\"]}]},{\"@type\":\"BreadcrumbList\",\"@id\":\"https:\/\/www.alonaboholdiversclub.com\/es\/viaje-de-buceo-a-las-islas\/#breadcrumb\",\"itemListElement\":[{\"@type\":\"ListItem\",\"position\":1,\"name\":\"Home\",\"item\":\"https:\/\/www.alonaboholdiversclub.com\/es\/\"},{\"@type\":\"ListItem\",\"position\":2,\"name\":\"Viaje de buceo a las Islas\"}]},{\"@type\":\"WebSite\",\"@id\":\"https:\/\/www.alonaboholdiversclub.com\/es\/#website\",\"url\":\"https:\/\/www.alonaboholdiversclub.com\/es\/\",\"name\":\"Bohol Divers | Centro Buceo Filipinas\",\"description\":\"Buceo en Filipinas\",\"potentialAction\":[{\"@type\":\"SearchAction\",\"target\":{\"@type\":\"EntryPoint\",\"urlTemplate\":\"https:\/\/www.alonaboholdiversclub.com\/es\/?s={search_term_string}\"},\"query-input\":\"required name=search_term_string\"}],\"inLanguage\":\"es\"}]}<\/script>\n<!-- \/ Yoast SEO plugin. -->","yoast_head_json":{"title":"Viaje de buceo a las Islas &#8226; Bohol Divers | Centro Buceo Filipinas","robots":{"index":"index","follow":"follow","max-snippet":"max-snippet:-1","max-image-preview":"max-image-preview:large","max-video-preview":"max-video-preview:-1"},"canonical":"https:\/\/www.alonaboholdiversclub.com\/es\/viaje-de-buceo-a-las-islas\/","og_locale":"es_ES","og_type":"article","og_title":"Viaje de buceo a las Islas &#8226; Bohol Divers | Centro Buceo Filipinas","og_description":"[vc_row css_animation=\u00bb\u00bb row_type=\u00bbrow\u00bb use_row_as_full_screen_section=\u00bbno\u00bb type=\u00bbfull_width\u00bb anchor=\u00bbportfolio\u00bb angled_section=\u00bbno\u00bb text_align=\u00bbcenter\u00bb background_image_as_pattern=\u00bbwithout_pattern\u00bb][vc_column][vc_single_image image=\u00bb17728&#8243; img_size=\u00bbfull\u00bb alignment=\u00bbcenter\u00bb qode_css_animation=\u00bb\u00bb][vc_row_inner row_type=\u00bbrow\u00bb type=\u00bbfull_width\u00bb text_align=\u00bbleft\u00bb css_animation=\u00bb\u00bb][vc_column_inner width=\u00bb1\/2&#8243;][vc_empty_space height=\u00bb40px\u00bb][vc_column_text] INFORMACI\u00d3N GENERAL: &nbsp; \u00danete al inolvidable viaje de buceo a las islas, Balicasag o Pamilacan, para disfrutar de los mejores arrecifes de nuestra zona. &nbsp; Sube...","og_url":"https:\/\/www.alonaboholdiversclub.com\/es\/viaje-de-buceo-a-las-islas\/","og_site_name":"Bohol Divers | Centro Buceo Filipinas","article_publisher":"https:\/\/www.facebook.com\/boholdiversclub\/","article_modified_time":"2024-03-13T06:33:13+00:00","twitter_card":"summary_large_image","twitter_site":"@boholdiversclub","twitter_misc":{"Tiempo de lectura":"3 minutos"},"schema":{"@context":"https:\/\/schema.org","@graph":[{"@type":"WebPage","@id":"https:\/\/www.alonaboholdiversclub.com\/es\/viaje-de-buceo-a-las-islas\/","url":"https:\/\/www.alonaboholdiversclub.com\/es\/viaje-de-buceo-a-las-islas\/","name":"Viaje de buceo a las Islas &#8226; Bohol Divers | Centro Buceo Filipinas","isPartOf":{"@id":"https:\/\/www.alonaboholdiversclub.com\/es\/#website"},"datePublished":"2024-02-28T16:26:08+00:00","dateModified":"2024-03-13T06:33:13+00:00","breadcrumb":{"@id":"https:\/\/www.alonaboholdiversclub.com\/es\/viaje-de-buceo-a-las-islas\/#breadcrumb"},"inLanguage":"es","potentialAction":[{"@type":"ReadAction","target":["https:\/\/www.alonaboholdiversclub.com\/es\/viaje-de-buceo-a-las-islas\/"]}]},{"@type":"BreadcrumbList","@id":"https:\/\/www.alonaboholdiversclub.com\/es\/viaje-de-buceo-a-las-islas\/#breadcrumb","itemListElement":[{"@type":"ListItem","position":1,"name":"Home","item":"https:\/\/www.alonaboholdiversclub.com\/es\/"},{"@type":"ListItem","position":2,"name":"Viaje de buceo a las Islas"}]},{"@type":"WebSite","@id":"https:\/\/www.alonaboholdiversclub.com\/es\/#website","url":"https:\/\/www.alonaboholdiversclub.com\/es\/","name":"Bohol Divers | Centro Buceo Filipinas","description":"Buceo en Filipinas","potentialAction":[{"@type":"SearchAction","target":{"@type":"EntryPoint","urlTemplate":"https:\/\/www.alonaboholdiversclub.com\/es\/?s={search_term_string}"},"query-input":"required name=search_term_string"}],"inLanguage":"es"}]}},"_links":{"self":[{"href":"https:\/\/www.alonaboholdiversclub.com\/es\/wp-json\/wp\/v2\/pages\/17727"}],"collection":[{"href":"https:\/\/www.alonaboholdiversclub.com\/es\/wp-json\/wp\/v2\/pages"}],"about":[{"href":"https:\/\/www.alonaboholdiversclub.com\/es\/wp-json\/wp\/v2\/types\/page"}],"author":[{"embeddable":true,"href":"https:\/\/www.alonaboholdiversclub.com\/es\/wp-json\/wp\/v2\/users\/2"}],"replies":[{"embeddable":true,"href":"https:\/\/www.alonaboholdiversclub.com\/es\/wp-json\/wp\/v2\/comments?post=17727"}],"version-history":[{"count":6,"href":"https:\/\/www.alonaboholdiversclub.com\/es\/wp-json\/wp\/v2\/pages\/17727\/revisions"}],"predecessor-version":[{"id":17830,"href":"https:\/\/www.alonaboholdiversclub.com\/es\/wp-json\/wp\/v2\/pages\/17727\/revisions\/17830"}],"wp:attachment":[{"href":"https:\/\/www.alonaboholdiversclub.com\/es\/wp-json\/wp\/v2\/media?parent=17727"}],"curies":[{"name":"wp","href":"https:\/\/api.w.org\/{rel}","templated":true}]}}