{"id":17465,"date":"2020-04-17T09:58:36","date_gmt":"2020-04-17T09:58:36","guid":{"rendered":"https:\/\/www.alonaboholdiversclub.com\/es\/?page_id=17465"},"modified":"2024-02-28T15:35:21","modified_gmt":"2024-02-28T15:35:21","slug":"cursos-de-buceo-padi-en-filipinas","status":"publish","type":"page","link":"https:\/\/www.alonaboholdiversclub.com\/es\/cursos-de-buceo-padi-en-filipinas\/","title":{"rendered":"Cursos de buceo PADI en Filipinas"},"content":{"rendered":"<p>[vc_row css_animation=\u00bb\u00bb row_type=\u00bbrow\u00bb use_row_as_full_screen_section=\u00bbno\u00bb type=\u00bbfull_width\u00bb anchor=\u00bbportfolio\u00bb angled_section=\u00bbno\u00bb text_align=\u00bbcenter\u00bb background_image_as_pattern=\u00bbwithout_pattern\u00bb][vc_column][vc_single_image image=\u00bb17466&#8243; img_size=\u00bbfull\u00bb alignment=\u00bbcenter\u00bb qode_css_animation=\u00bb\u00bb][vc_row_inner row_type=\u00bbrow\u00bb type=\u00bbfull_width\u00bb text_align=\u00bbleft\u00bb css_animation=\u00bb\u00bb][vc_column_inner width=\u00bb1\/6&#8243;][\/vc_column_inner][vc_column_inner width=\u00bb2\/3&#8243;][vc_empty_space height=\u00bb40px\u00bb][vc_column_text]<\/p>\n<h1>VEN A APRENDER CON NOSOTROS<\/h1>\n<p>&nbsp;<\/p>\n<p>Tanto si eres nuevo en el buceo, como si deseas mejorar tus habilidades realizando otros cursos PADI, nuestros profesionales y apasionados instructores est\u00e1n deseando ayudarte a continuar tu viaje de buceo.<\/p>\n<p>&nbsp;<\/p>\n<p>Bohol Divers Club ofrece cursos para iniciarte en el buceo, experiencias de buceo para ni\u00f1os, cursos PADI avanzados y de especialidad, formaci\u00f3n de Emergency First Responder y formaci\u00f3n como divemaster para empezar tu carrera como profesional del buceo o formarte como instructor (PADI IDC courses)<\/p>\n<p>[\/vc_column_text][vc_empty_space height=\u00bb40px\u00bb][\/vc_column_inner][vc_column_inner width=\u00bb1\/6&#8243;][\/vc_column_inner][\/vc_row_inner][vc_separator type=\u00bbnormal\u00bb][vc_empty_space height=\u00bb40px\u00bb][vc_column_text]<\/p>\n<h1>Programas sin certificaci\u00f3n<\/h1>\n<p>[\/vc_column_text][vc_empty_space height=\u00bb50px\u00bb][vc_row_inner row_type=\u00bbrow\u00bb type=\u00bbfull_width\u00bb text_align=\u00bbleft\u00bb css_animation=\u00bb\u00bb][vc_column_inner width=\u00bb1\/2&#8243;][vc_single_image image=\u00bb17671&#8243; img_size=\u00bb900x500px\u00bb alignment=\u00bbcenter\u00bb qode_css_animation=\u00bb\u00bb][vc_separator type=\u00bbnormal\u00bb][vc_column_text]<\/p>\n<h4>Bautizo &#8211; Buceo de Iniciaci\u00f3n<\/h4>\n<p>[\/vc_column_text][vc_separator type=\u00bbnormal\u00bb][vc_column_text]\u00bfTe has preguntado alguna vez c\u00f3mo es respirar bajo el agua? \u00a1Tienes una gran oportunidad para descubrirlo! No necesitas titulaci\u00f3n, \u00a1ven a descubrir el buceo con nosotros![\/vc_column_text][vc_empty_space height=\u00bb30px\u00bb]<a  href=\"https:\/\/www.alonaboholdiversclub.com\/es\/bautizo-buceo-iniciacion\/\" target=\"_self\" data-hover-background-color=#ffffff data-hover-border-color=#04937e data-hover-color=#04937e class=\"qbutton  large center\" style=\"color: #ffffff; border-color: #04937e; font-style: normal; font-weight: 700; background-color: #04937e;\">LEER M\u00c1S<\/a>[vc_empty_space height=\u00bb30px\u00bb][\/vc_column_inner][vc_column_inner width=\u00bb1\/2&#8243;][vc_single_image image=\u00bb17672&#8243; img_size=\u00bb900x500px\u00bb alignment=\u00bbcenter\u00bb qode_css_animation=\u00bb\u00bb][vc_separator type=\u00bbnormal\u00bb][vc_column_text]<\/p>\n<h4><span data-sheets-value=\"{&quot;1&quot;:2,&quot;2&quot;:&quot;DISCOVER SCUBA DIVING FOR CHILDREN&quot;}\" data-sheets-userformat=\"{&quot;2&quot;:31571,&quot;3&quot;:{&quot;1&quot;:0},&quot;4&quot;:{&quot;1&quot;:3,&quot;3&quot;:8},&quot;7&quot;:{&quot;1&quot;:[{&quot;1&quot;:2,&quot;2&quot;:0,&quot;5&quot;:{&quot;1&quot;:2,&quot;2&quot;:0}},{&quot;1&quot;:0,&quot;2&quot;:0,&quot;3&quot;:3},{&quot;1&quot;:1,&quot;2&quot;:0,&quot;4&quot;:1}]},&quot;9&quot;:0,&quot;11&quot;:4,&quot;12&quot;:0,&quot;14&quot;:{&quot;1&quot;:2,&quot;2&quot;:0},&quot;15&quot;:&quot;Arial&quot;,&quot;16&quot;:11,&quot;17&quot;:1}\">DESCUBRE EL SUBMARINISMO PARA NI\u00d1OS BUBBLEMAKER<\/span><\/h4>\n<p>[\/vc_column_text][vc_separator type=\u00bbnormal\u00bb][vc_column_text]Los ni\u00f1os menores de 10 a\u00f1os tambi\u00e9n pueden divertirse buceando con la experiencia \u00abBubblemaker\u00bb de PADI.[\/vc_column_text][vc_empty_space height=\u00bb30px\u00bb]<a  href=\"https:\/\/www.alonaboholdiversclub.com\/es\/descubre-el-submarinismo-para-ninos-bubblemaker\/\" target=\"_self\" data-hover-background-color=#ffffff data-hover-border-color=#04937e data-hover-color=#04937e class=\"qbutton  large center\" style=\"color: #ffffff; border-color: #04937e; font-style: normal; font-weight: 700; background-color: #04937e;\">LEER M\u00c1S<\/a>[vc_empty_space height=\u00bb30px\u00bb][\/vc_column_inner][\/vc_row_inner][vc_empty_space height=\u00bb50px\u00bb][vc_separator type=\u00bbnormal\u00bb][vc_empty_space height=\u00bb50px\u00bb][vc_column_text]<\/p>\n<h1>Cursos de certificaci\u00f3n<\/h1>\n<p>[\/vc_column_text][vc_empty_space height=\u00bb50px\u00bb][vc_row_inner row_type=\u00bbrow\u00bb type=\u00bbfull_width\u00bb text_align=\u00bbleft\u00bb css_animation=\u00bb\u00bb][vc_column_inner width=\u00bb1\/3&#8243;][vc_single_image image=\u00bb17673&#8243; img_size=\u00bb900x500px\u00bb alignment=\u00bbcenter\u00bb qode_css_animation=\u00bb\u00bb][vc_separator type=\u00bbnormal\u00bb][vc_column_text]<\/p>\n<h4><span data-sheets-value=\"{&quot;1&quot;:2,&quot;2&quot;:&quot;SCUBA DIVER&quot;}\" data-sheets-userformat=\"{&quot;2&quot;:31571,&quot;3&quot;:{&quot;1&quot;:0},&quot;4&quot;:{&quot;1&quot;:3,&quot;3&quot;:8},&quot;7&quot;:{&quot;1&quot;:[{&quot;1&quot;:2,&quot;2&quot;:0,&quot;5&quot;:{&quot;1&quot;:2,&quot;2&quot;:0}},{&quot;1&quot;:0,&quot;2&quot;:0,&quot;3&quot;:3},{&quot;1&quot;:1,&quot;2&quot;:0,&quot;4&quot;:1}]},&quot;9&quot;:0,&quot;11&quot;:4,&quot;12&quot;:0,&quot;14&quot;:{&quot;1&quot;:2,&quot;2&quot;:0},&quot;15&quot;:&quot;Arial&quot;,&quot;16&quot;:11,&quot;17&quot;:1}\">SCUBA DIVER<\/span><\/h4>\n<p>[\/vc_column_text][vc_separator type=\u00bbnormal\u00bb][vc_column_text]Con una certificaci\u00f3n Scuba Diver, puedes obtener una certificaci\u00f3n a corto plazo y completar tu curso completo Open Water m\u00e1s adelante.[\/vc_column_text][vc_empty_space height=\u00bb30px\u00bb]<a  href=\"https:\/\/www.alonaboholdiversclub.com\/es\/scuba-divers-en-filipinas\/\" target=\"_self\" data-hover-background-color=#ffffff data-hover-border-color=#04937e data-hover-color=#04937e class=\"qbutton  large center\" style=\"color: #ffffff; border-color: #04937e; font-style: normal; font-weight: 700; background-color: #04937e;\">LEER M\u00c1S<\/a>[vc_empty_space height=\u00bb30px\u00bb][\/vc_column_inner][vc_column_inner width=\u00bb1\/3&#8243;][vc_single_image image=\u00bb17674&#8243; img_size=\u00bb900x500px\u00bb alignment=\u00bbcenter\u00bb qode_css_animation=\u00bb\u00bb][vc_separator type=\u00bbnormal\u00bb][vc_column_text]<\/p>\n<h4>OPEN WATER DIVER<\/h4>\n<p>[\/vc_column_text][vc_separator type=\u00bbnormal\u00bb][vc_column_text]El curso PADI Open Water Diver es el curso de submarinismo m\u00e1s popular del mundo y ha introducido a millones de personas en el deporte del buceo.[\/vc_column_text][vc_empty_space height=\u00bb30px\u00bb]<a  href=\"https:\/\/www.alonaboholdiversclub.com\/es\/open-water-diver\/\" target=\"_self\" data-hover-background-color=#ffffff data-hover-border-color=#04937e data-hover-color=#04937e class=\"qbutton  large center\" style=\"color: #ffffff; border-color: #04937e; font-style: normal; font-weight: 700; background-color: #04937e;\">LEER M\u00c1S<\/a>[vc_empty_space height=\u00bb30px\u00bb][\/vc_column_inner][vc_column_inner width=\u00bb1\/3&#8243;][vc_single_image image=\u00bb17675&#8243; img_size=\u00bb900x500px\u00bb alignment=\u00bbcenter\u00bb qode_css_animation=\u00bb\u00bb][vc_separator type=\u00bbnormal\u00bb][vc_column_text]<\/p>\n<h4>ADVENTURE DIVER \/ ADVANCED OPEN WATER<\/h4>\n<p>[\/vc_column_text][vc_separator type=\u00bbnormal\u00bb][vc_column_text]Con la orientaci\u00f3n de un instructor experimentado, adquirir\u00e1s nuevos conocimientos sobre seguridad y ampliar\u00e1s tu capacidad para bucear en condiciones dif\u00edciles.[\/vc_column_text][vc_empty_space height=\u00bb30px\u00bb]<a  href=\"https:\/\/www.alonaboholdiversclub.com\/es\/adventure-diver-advanced-open-water-diver\/\" target=\"_self\" data-hover-background-color=#ffffff data-hover-border-color=#04937e data-hover-color=#04937e class=\"qbutton  large center\" style=\"color: #ffffff; border-color: #04937e; font-style: normal; font-weight: 700; background-color: #04937e;\">LEER M\u00c1S<\/a>[vc_empty_space height=\u00bb30px\u00bb][\/vc_column_inner][\/vc_row_inner][vc_empty_space height=\u00bb50px\u00bb][vc_separator type=\u00bbnormal\u00bb][vc_empty_space height=\u00bb50px\u00bb][vc_column_text]<\/p>\n<h1>Cursos de buceador de rescate y EFR<\/h1>\n<p>[\/vc_column_text][vc_empty_space height=\u00bb50px\u00bb][vc_row_inner row_type=\u00bbrow\u00bb type=\u00bbfull_width\u00bb text_align=\u00bbleft\u00bb css_animation=\u00bb\u00bb][vc_column_inner width=\u00bb1\/2&#8243;][vc_single_image image=\u00bb17677&#8243; img_size=\u00bb900x500px\u00bb alignment=\u00bbcenter\u00bb qode_css_animation=\u00bb\u00bb][vc_separator type=\u00bbnormal\u00bb][vc_column_text]<\/p>\n<h4><span data-sheets-value=\"{&quot;1&quot;:2,&quot;2&quot;:&quot;RESCUE DIVER&quot;}\" data-sheets-userformat=\"{&quot;2&quot;:31571,&quot;3&quot;:{&quot;1&quot;:0},&quot;4&quot;:{&quot;1&quot;:3,&quot;3&quot;:8},&quot;7&quot;:{&quot;1&quot;:[{&quot;1&quot;:2,&quot;2&quot;:0,&quot;5&quot;:{&quot;1&quot;:2,&quot;2&quot;:0}},{&quot;1&quot;:0,&quot;2&quot;:0,&quot;3&quot;:3},{&quot;1&quot;:1,&quot;2&quot;:0,&quot;4&quot;:1}]},&quot;9&quot;:0,&quot;11&quot;:4,&quot;12&quot;:0,&quot;14&quot;:{&quot;1&quot;:2,&quot;2&quot;:0},&quot;15&quot;:&quot;Arial&quot;,&quot;16&quot;:11,&quot;17&quot;:1}\">BUCEADOR DE RESCATE<\/span><\/h4>\n<p>[\/vc_column_text][vc_separator type=\u00bbnormal\u00bb][vc_column_text]Como Buceador de Rescate certificado, estar\u00e1s preparado para ayudarte a ti mismo y a los que te rodean a bucear de forma segura, y para saber c\u00f3mo responder y ayudar en caso de emergencia.[\/vc_column_text][vc_empty_space height=\u00bb30px\u00bb]<a  href=\"https:\/\/www.alonaboholdiversclub.com\/es\/buceador-de-rescate\/\" target=\"_self\" data-hover-background-color=#ffffff data-hover-border-color=#04937e data-hover-color=#04937e class=\"qbutton  large center\" style=\"color: #ffffff; border-color: #04937e; font-style: normal; font-weight: 700; background-color: #04937e;\">LEER M\u00c1S<\/a>[vc_empty_space height=\u00bb30px\u00bb][\/vc_column_inner][vc_column_inner width=\u00bb1\/2&#8243;][vc_single_image image=\u00bb17678&#8243; img_size=\u00bb900x500px\u00bb alignment=\u00bbcenter\u00bb qode_css_animation=\u00bb\u00bb][vc_separator type=\u00bbnormal\u00bb][vc_column_text]<\/p>\n<h4>PRIMEROS AUXILIOS<\/h4>\n<p>[\/vc_column_text][vc_separator type=\u00bbnormal\u00bb][vc_column_text]Programa de formaci\u00f3n de un d\u00eda que le capacita en primeros auxilios y reanimaci\u00f3n cardiopulmonar, incluido el funcionamiento b\u00e1sico de equipos de ox\u00edgeno de emergencia y DEA.[\/vc_column_text][vc_empty_space height=\u00bb30px\u00bb]<a  href=\"https:\/\/www.alonaboholdiversclub.com\/es\/primeros-auxilios\/\" target=\"_self\" data-hover-background-color=#ffffff data-hover-border-color=#04937e data-hover-color=#04937e class=\"qbutton  large center\" style=\"color: #ffffff; border-color: #04937e; font-style: normal; font-weight: 700; background-color: #04937e;\">LEER M\u00c1S<\/a>[vc_empty_space height=\u00bb30px\u00bb][\/vc_column_inner][\/vc_row_inner][vc_empty_space height=\u00bb50px\u00bb][vc_separator type=\u00bbnormal\u00bb][vc_empty_space height=\u00bb50px\u00bb][vc_column_text]<\/p>\n<h1>Especialidades PADI<\/h1>\n<p>&nbsp;<\/p>\n<p>Buceadores PADI Open Water y certificaciones superiores pueden optar por continuar aprendiendo con los cursos de especialidad dependiendo de sus intereses, Bohol Divers Club ofrece las siguientes certificaciones de especialidad:<\/p>\n<p>&nbsp;<\/p>\n<p>PADI Sidemount Diver<\/p>\n<p>PADI Deep Diver<\/p>\n<p>PADI Self-Reliant Diver<\/p>\n<p>PADI Search and Recovery Diver<\/p>\n<p>PADI Wreck Diver<\/p>\n<p>PADI Digital Underwater Photographer<\/p>\n<p>PADI Aire Enriquecido Nitrox<\/p>\n<p>PADI Emergency Oxygen Provider<\/p>\n<p>PADI Peak Performance Buoyancy Diver<\/p>\n<p>PADI Night Diver<\/p>\n<p>[\/vc_column_text][vc_empty_space height=\u00bb30px\u00bb]<a  href=\"https:\/\/www.alonaboholdiversclub.com\/es\/cursos-especializados\" target=\"_self\" data-hover-background-color=#ffffff data-hover-border-color=#04937e data-hover-color=#04937e class=\"qbutton  large center\" style=\"color: #ffffff; border-color: #04937e; font-style: normal; font-weight: 700; background-color: #04937e;\">CURSOS ESPECIALIZADOS<\/a>[vc_empty_space height=\u00bb50px\u00bb][\/vc_column][\/vc_row][vc_row css_animation=\u00bb\u00bb row_type=\u00bbrow\u00bb use_row_as_full_screen_section=\u00bbno\u00bb type=\u00bbfull_width\u00bb angled_section=\u00bbno\u00bb text_align=\u00bbcenter\u00bb background_image_as_pattern=\u00bbwithout_pattern\u00bb background_color=\u00bb#ffffff\u00bb][vc_column][vc_empty_space height=\u00bb50px\u00bb][vc_single_image image=\u00bb17680&#8243; img_size=\u00bbfull\u00bb alignment=\u00bbcenter\u00bb onclick=\u00bbcustom_link\u00bb qode_css_animation=\u00bb\u00bb link=\u00bbhttps:\/\/www.alonaboholdiversclub.com\/es\/dive-master-idc\/\u00bb][\/vc_column][\/vc_row][vc_row css_animation=\u00bb\u00bb row_type=\u00bbrow\u00bb use_row_as_full_screen_section=\u00bbno\u00bb type=\u00bbgrid\u00bb angled_section=\u00bbno\u00bb text_align=\u00bbleft\u00bb background_image_as_pattern=\u00bbwithout_pattern\u00bb background_color=\u00bb#ffffff\u00bb padding_top=\u00bb46&#8243; padding_bottom=\u00bb49&#8243;][vc_column][vc_empty_space][\/vc_column][\/vc_row][vc_row css_animation=\u00bb\u00bb row_type=\u00bbrow\u00bb use_row_as_full_screen_section=\u00bbno\u00bb type=\u00bbfull_width\u00bb angled_section=\u00bbno\u00bb text_align=\u00bbleft\u00bb background_image_as_pattern=\u00bbwithout_pattern\u00bb][vc_column][\/vc_column][\/vc_row]<\/p>\n","protected":false},"excerpt":{"rendered":"<p>[vc_row css_animation=\u00bb\u00bb row_type=\u00bbrow\u00bb use_row_as_full_screen_section=\u00bbno\u00bb type=\u00bbfull_width\u00bb anchor=\u00bbportfolio\u00bb angled_section=\u00bbno\u00bb text_align=\u00bbcenter\u00bb background_image_as_pattern=\u00bbwithout_pattern\u00bb][vc_column][vc_single_image image=\u00bb17466&#8243; img_size=\u00bbfull\u00bb alignment=\u00bbcenter\u00bb qode_css_animation=\u00bb\u00bb][vc_row_inner row_type=\u00bbrow\u00bb type=\u00bbfull_width\u00bb text_align=\u00bbleft\u00bb css_animation=\u00bb\u00bb][vc_column_inner width=\u00bb1\/6&#8243;][\/vc_column_inner][vc_column_inner width=\u00bb2\/3&#8243;][vc_empty_space height=\u00bb40px\u00bb][vc_column_text] VEN A APRENDER CON NOSOTROS &nbsp; Tanto si eres nuevo en el buceo, como si deseas mejorar tus habilidades realizando otros cursos PADI, nuestros profesionales&#8230;<\/p>\n","protected":false},"author":2,"featured_media":15690,"parent":0,"menu_order":0,"comment_status":"open","ping_status":"open","template":"full_width.php","meta":{"footnotes":""},"yoast_head":"<!-- This site is optimized with the Yoast SEO plugin v22.4 - https:\/\/yoast.com\/wordpress\/plugins\/seo\/ -->\n<title>Cursos de Buceo Centro Padi Profesional en Alona Beach Filipinas<\/title>\n<meta name=\"description\" content=\"Buceo en el centro de buceo con las mejores instalaciones en Alona Beach. Desde Bautismo al curso PADI Dive Master.\" \/>\n<meta name=\"robots\" content=\"index, follow, max-snippet:-1, max-image-preview:large, max-video-preview:-1\" \/>\n<link rel=\"canonical\" href=\"https:\/\/www.alonaboholdiversclub.com\/es\/cursos-de-buceo-padi-en-filipinas\/\" \/>\n<meta property=\"og:locale\" content=\"es_ES\" \/>\n<meta property=\"og:type\" content=\"article\" \/>\n<meta property=\"og:title\" content=\"Cursos de Buceo Centro Padi Profesional en Alona Beach Filipinas\" \/>\n<meta property=\"og:description\" content=\"Buceo en el centro de buceo con las mejores instalaciones en Alona Beach. Desde Bautismo al curso PADI Dive Master.\" \/>\n<meta property=\"og:url\" content=\"https:\/\/www.alonaboholdiversclub.com\/es\/cursos-de-buceo-padi-en-filipinas\/\" \/>\n<meta property=\"og:site_name\" content=\"Bohol Divers | Centro Buceo Filipinas\" \/>\n<meta property=\"article:publisher\" content=\"https:\/\/www.facebook.com\/boholdiversclub\/\" \/>\n<meta property=\"article:modified_time\" content=\"2024-02-28T15:35:21+00:00\" \/>\n<meta property=\"og:image\" content=\"https:\/\/www.alonaboholdiversclub.com\/es\/wp-content\/uploads\/2014\/05\/experiencias-buceo-en-panglao-filipinas-1.png\" \/>\n\t<meta property=\"og:image:width\" content=\"352\" \/>\n\t<meta property=\"og:image:height\" content=\"352\" \/>\n\t<meta property=\"og:image:type\" content=\"image\/png\" \/>\n<meta name=\"twitter:card\" content=\"summary_large_image\" \/>\n<meta name=\"twitter:site\" content=\"@boholdiversclub\" \/>\n<meta name=\"twitter:label1\" content=\"Tiempo de lectura\" \/>\n\t<meta name=\"twitter:data1\" content=\"4 minutos\" \/>\n<script type=\"application\/ld+json\" class=\"yoast-schema-graph\">{\"@context\":\"https:\/\/schema.org\",\"@graph\":[{\"@type\":\"WebPage\",\"@id\":\"https:\/\/www.alonaboholdiversclub.com\/es\/cursos-de-buceo-padi-en-filipinas\/\",\"url\":\"https:\/\/www.alonaboholdiversclub.com\/es\/cursos-de-buceo-padi-en-filipinas\/\",\"name\":\"Cursos de Buceo Centro Padi Profesional en Alona Beach Filipinas\",\"isPartOf\":{\"@id\":\"https:\/\/www.alonaboholdiversclub.com\/es\/#website\"},\"primaryImageOfPage\":{\"@id\":\"https:\/\/www.alonaboholdiversclub.com\/es\/cursos-de-buceo-padi-en-filipinas\/#primaryimage\"},\"image\":{\"@id\":\"https:\/\/www.alonaboholdiversclub.com\/es\/cursos-de-buceo-padi-en-filipinas\/#primaryimage\"},\"thumbnailUrl\":\"https:\/\/www.alonaboholdiversclub.com\/es\/wp-content\/uploads\/2014\/05\/experiencias-buceo-en-panglao-filipinas-1.png\",\"datePublished\":\"2020-04-17T09:58:36+00:00\",\"dateModified\":\"2024-02-28T15:35:21+00:00\",\"description\":\"Buceo en el centro de buceo con las mejores instalaciones en Alona Beach. Desde Bautismo al curso PADI Dive Master.\",\"breadcrumb\":{\"@id\":\"https:\/\/www.alonaboholdiversclub.com\/es\/cursos-de-buceo-padi-en-filipinas\/#breadcrumb\"},\"inLanguage\":\"es\",\"potentialAction\":[{\"@type\":\"ReadAction\",\"target\":[\"https:\/\/www.alonaboholdiversclub.com\/es\/cursos-de-buceo-padi-en-filipinas\/\"]}]},{\"@type\":\"ImageObject\",\"inLanguage\":\"es\",\"@id\":\"https:\/\/www.alonaboholdiversclub.com\/es\/cursos-de-buceo-padi-en-filipinas\/#primaryimage\",\"url\":\"https:\/\/www.alonaboholdiversclub.com\/es\/wp-content\/uploads\/2014\/05\/experiencias-buceo-en-panglao-filipinas-1.png\",\"contentUrl\":\"https:\/\/www.alonaboholdiversclub.com\/es\/wp-content\/uploads\/2014\/05\/experiencias-buceo-en-panglao-filipinas-1.png\",\"width\":352,\"height\":352,\"caption\":\"Experiencias de Buceo en Panglao Filipinas\"},{\"@type\":\"BreadcrumbList\",\"@id\":\"https:\/\/www.alonaboholdiversclub.com\/es\/cursos-de-buceo-padi-en-filipinas\/#breadcrumb\",\"itemListElement\":[{\"@type\":\"ListItem\",\"position\":1,\"name\":\"Home\",\"item\":\"https:\/\/www.alonaboholdiversclub.com\/es\/\"},{\"@type\":\"ListItem\",\"position\":2,\"name\":\"Cursos de buceo PADI en Filipinas\"}]},{\"@type\":\"WebSite\",\"@id\":\"https:\/\/www.alonaboholdiversclub.com\/es\/#website\",\"url\":\"https:\/\/www.alonaboholdiversclub.com\/es\/\",\"name\":\"Bohol Divers | Centro Buceo Filipinas\",\"description\":\"Buceo en Filipinas\",\"potentialAction\":[{\"@type\":\"SearchAction\",\"target\":{\"@type\":\"EntryPoint\",\"urlTemplate\":\"https:\/\/www.alonaboholdiversclub.com\/es\/?s={search_term_string}\"},\"query-input\":\"required name=search_term_string\"}],\"inLanguage\":\"es\"}]}<\/script>\n<!-- \/ Yoast SEO plugin. -->","yoast_head_json":{"title":"Cursos de Buceo Centro Padi Profesional en Alona Beach Filipinas","description":"Buceo en el centro de buceo con las mejores instalaciones en Alona Beach. Desde Bautismo al curso PADI Dive Master.","robots":{"index":"index","follow":"follow","max-snippet":"max-snippet:-1","max-image-preview":"max-image-preview:large","max-video-preview":"max-video-preview:-1"},"canonical":"https:\/\/www.alonaboholdiversclub.com\/es\/cursos-de-buceo-padi-en-filipinas\/","og_locale":"es_ES","og_type":"article","og_title":"Cursos de Buceo Centro Padi Profesional en Alona Beach Filipinas","og_description":"Buceo en el centro de buceo con las mejores instalaciones en Alona Beach. Desde Bautismo al curso PADI Dive Master.","og_url":"https:\/\/www.alonaboholdiversclub.com\/es\/cursos-de-buceo-padi-en-filipinas\/","og_site_name":"Bohol Divers | Centro Buceo Filipinas","article_publisher":"https:\/\/www.facebook.com\/boholdiversclub\/","article_modified_time":"2024-02-28T15:35:21+00:00","og_image":[{"width":352,"height":352,"url":"https:\/\/www.alonaboholdiversclub.com\/es\/wp-content\/uploads\/2014\/05\/experiencias-buceo-en-panglao-filipinas-1.png","type":"image\/png"}],"twitter_card":"summary_large_image","twitter_site":"@boholdiversclub","twitter_misc":{"Tiempo de lectura":"4 minutos"},"schema":{"@context":"https:\/\/schema.org","@graph":[{"@type":"WebPage","@id":"https:\/\/www.alonaboholdiversclub.com\/es\/cursos-de-buceo-padi-en-filipinas\/","url":"https:\/\/www.alonaboholdiversclub.com\/es\/cursos-de-buceo-padi-en-filipinas\/","name":"Cursos de Buceo Centro Padi Profesional en Alona Beach Filipinas","isPartOf":{"@id":"https:\/\/www.alonaboholdiversclub.com\/es\/#website"},"primaryImageOfPage":{"@id":"https:\/\/www.alonaboholdiversclub.com\/es\/cursos-de-buceo-padi-en-filipinas\/#primaryimage"},"image":{"@id":"https:\/\/www.alonaboholdiversclub.com\/es\/cursos-de-buceo-padi-en-filipinas\/#primaryimage"},"thumbnailUrl":"https:\/\/www.alonaboholdiversclub.com\/es\/wp-content\/uploads\/2014\/05\/experiencias-buceo-en-panglao-filipinas-1.png","datePublished":"2020-04-17T09:58:36+00:00","dateModified":"2024-02-28T15:35:21+00:00","description":"Buceo en el centro de buceo con las mejores instalaciones en Alona Beach. Desde Bautismo al curso PADI Dive Master.","breadcrumb":{"@id":"https:\/\/www.alonaboholdiversclub.com\/es\/cursos-de-buceo-padi-en-filipinas\/#breadcrumb"},"inLanguage":"es","potentialAction":[{"@type":"ReadAction","target":["https:\/\/www.alonaboholdiversclub.com\/es\/cursos-de-buceo-padi-en-filipinas\/"]}]},{"@type":"ImageObject","inLanguage":"es","@id":"https:\/\/www.alonaboholdiversclub.com\/es\/cursos-de-buceo-padi-en-filipinas\/#primaryimage","url":"https:\/\/www.alonaboholdiversclub.com\/es\/wp-content\/uploads\/2014\/05\/experiencias-buceo-en-panglao-filipinas-1.png","contentUrl":"https:\/\/www.alonaboholdiversclub.com\/es\/wp-content\/uploads\/2014\/05\/experiencias-buceo-en-panglao-filipinas-1.png","width":352,"height":352,"caption":"Experiencias de Buceo en Panglao Filipinas"},{"@type":"BreadcrumbList","@id":"https:\/\/www.alonaboholdiversclub.com\/es\/cursos-de-buceo-padi-en-filipinas\/#breadcrumb","itemListElement":[{"@type":"ListItem","position":1,"name":"Home","item":"https:\/\/www.alonaboholdiversclub.com\/es\/"},{"@type":"ListItem","position":2,"name":"Cursos de buceo PADI en Filipinas"}]},{"@type":"WebSite","@id":"https:\/\/www.alonaboholdiversclub.com\/es\/#website","url":"https:\/\/www.alonaboholdiversclub.com\/es\/","name":"Bohol Divers | Centro Buceo Filipinas","description":"Buceo en Filipinas","potentialAction":[{"@type":"SearchAction","target":{"@type":"EntryPoint","urlTemplate":"https:\/\/www.alonaboholdiversclub.com\/es\/?s={search_term_string}"},"query-input":"required name=search_term_string"}],"inLanguage":"es"}]}},"_links":{"self":[{"href":"https:\/\/www.alonaboholdiversclub.com\/es\/wp-json\/wp\/v2\/pages\/17465"}],"collection":[{"href":"https:\/\/www.alonaboholdiversclub.com\/es\/wp-json\/wp\/v2\/pages"}],"about":[{"href":"https:\/\/www.alonaboholdiversclub.com\/es\/wp-json\/wp\/v2\/types\/page"}],"author":[{"embeddable":true,"href":"https:\/\/www.alonaboholdiversclub.com\/es\/wp-json\/wp\/v2\/users\/2"}],"replies":[{"embeddable":true,"href":"https:\/\/www.alonaboholdiversclub.com\/es\/wp-json\/wp\/v2\/comments?post=17465"}],"version-history":[{"count":14,"href":"https:\/\/www.alonaboholdiversclub.com\/es\/wp-json\/wp\/v2\/pages\/17465\/revisions"}],"predecessor-version":[{"id":17716,"href":"https:\/\/www.alonaboholdiversclub.com\/es\/wp-json\/wp\/v2\/pages\/17465\/revisions\/17716"}],"wp:featuredmedia":[{"embeddable":true,"href":"https:\/\/www.alonaboholdiversclub.com\/es\/wp-json\/wp\/v2\/media\/15690"}],"wp:attachment":[{"href":"https:\/\/www.alonaboholdiversclub.com\/es\/wp-json\/wp\/v2\/media?parent=17465"}],"curies":[{"name":"wp","href":"https:\/\/api.w.org\/{rel}","templated":true}]}}