{"id":16033,"date":"2017-06-02T15:39:53","date_gmt":"2017-06-02T15:39:53","guid":{"rendered":"http:\/\/www.alonaboholdiversclub.com\/?page_id=16033"},"modified":"2024-02-28T18:19:30","modified_gmt":"2024-02-28T18:19:30","slug":"zonas-de-buceo-en-bohol","status":"publish","type":"page","link":"https:\/\/www.alonaboholdiversclub.com\/es\/zonas-de-buceo-en-bohol\/","title":{"rendered":"Zonas de Buceo en Bohol"},"content":{"rendered":"<p>[vc_row css_animation=\u00bb\u00bb row_type=\u00bbrow\u00bb use_row_as_full_screen_section=\u00bbno\u00bb type=\u00bbgrid\u00bb angled_section=\u00bbno\u00bb text_align=\u00bbcenter\u00bb background_image_as_pattern=\u00bbwithout_pattern\u00bb background_color=\u00bb#90cdff\u00bb][vc_column][vc_column_text]<img loading=\"lazy\" decoding=\"async\" id=\"Image-Maps-Com-image-maps-2017-06-19-140153\" src=\"http:\/\/www.alonaboholdiversclub.com\/wp-content\/uploads\/2014\/05\/map-dive-bohol-philipines-club.png\" alt=\"\" usemap=\"#image-maps-2017-06-19-140153\" width=\"1100\" height=\"609\" border=\"0\" \/><\/p>\n<map id=\"ImageMapsCom-image-maps-2017-06-19-140153\" name=\"image-maps-2017-06-19-140153\">\n<area style=\"outline: none;\" title=\"dive in panglao\" alt=\"dive in panglao\" coords=\"280,0,902,404\" shape=\"rect\" href=\"http:\/\/www.alonaboholdiversclub.com\/es\/zonas-de-buceo-en-panglao\/\" target=\"_self\" \/>\n<area style=\"outline: none;\" title=\"balicasag dive site\" alt=\"balicasag dive site\" coords=\"40,424,270,574\" shape=\"rect\" href=\"http:\/\/www.alonaboholdiversclub.com\/es\/zona-buceo-en-balicasag\/\" target=\"_self\" \/>\n<area style=\"outline: none;\" title=\"cervera dive\" alt=\"cervera dive\" coords=\"614,495,767,585\" shape=\"rect\" href=\"http:\/\/www.alonaboholdiversclub.com\/es\/zona-de-buceo-en-cervera-shoal\/\" target=\"_self\" \/>\n<area style=\"outline: none;\" title=\"pamilacan dive\" alt=\"pamilacan dive\" coords=\"840,443,1024,574\" shape=\"rect\" href=\"http:\/\/www.alonaboholdiversclub.com\/es\/zona-de-buceo-en-pamilacan\/\" target=\"_self\" \/>\n<area style=\"outline: none;\" title=\"cabilao island\" alt=\"cabilao island\" coords=\"42,49,235,210\" shape=\"rect\" href=\"http:\/\/www.alonaboholdiversclub.com\/es\/zona-de-buceo-en-cabilao\/\" target=\"_self\" \/>\n<area style=\"outline: none;\" title=\"Image Map\" alt=\"Image Map\" coords=\"1098,607,1100,609\" shape=\"rect\" href=\"http:\/\/www.image-maps.com\/index.php?aff=mapped_users_0\" \/> <\/map>\n<p>[\/vc_column_text][vc_separator type=\u00bbtransparent\u00bb up=\u00bb32&#8243; down=\u00bb0&#8243;][vc_separator type=\u00bbtransparent\u00bb up=\u00bb32&#8243; down=\u00bb0&#8243;][\/vc_column][\/vc_row][vc_row css_animation=\u00bb\u00bb row_type=\u00bbrow\u00bb use_row_as_full_screen_section=\u00bbno\u00bb type=\u00bbgrid\u00bb angled_section=\u00bbno\u00bb text_align=\u00bbleft\u00bb background_image_as_pattern=\u00bbwithout_pattern\u00bb background_color=\u00bb#1e1e1e\u00bb padding_top=\u00bb104&#8243; padding_bottom=\u00bb65&#8243;][vc_column width=\u00bb1\/2&#8243;][vc_separator type=\u00bbtransparent\u00bb up=\u00bb32&#8243; down=\u00bb0&#8243;][vc_single_image image=\u00bb16558&#8243; img_size=\u00bbfull\u00bb alignment=\u00bbcenter\u00bb qode_css_animation=\u00bbelement_from_left\u00bb transition_delay=\u00bb0.3&#8243;][\/vc_column][vc_column width=\u00bb1\/2&#8243;][vc_separator type=\u00bbtransparent\u00bb up=\u00bb32&#8243; down=\u00bb0&#8243;][vc_column_text]<\/p>\n<h4><span style=\"color: #ffffff;\">Isla de Panglao<\/span><\/h4>\n<p>[\/vc_column_text][vc_separator type=\u00bbsmall\u00bb position=\u00bbleft\u00bb up=\u00bb23&#8243; down=\u00bb19&#8243;][vc_column_text]<\/p>\n<p style=\"text-align: left;\">\u00a0A menos de 1km de distancia de nuestro centro de buceo en Panglao, se encuentra uno de los mejores arrecifes de Filipinas. En nuestros puntos de buceo locales podr\u00e1s disfrutar de variedad corales, blandos y duros, coloridos bancos de peces como peces \u00e1ngel, peces mariposa, damiselas y otras especies m\u00e1s camufladas como peces rana, peces escorpi\u00f3n o morenas, tambi\u00e9n encontramos m\u00e1s de una docena de diferentes nudibr\u00e1nquios, tortugas, serpientes marinas y m\u00e1s.<\/p>\n<p>[\/vc_column_text][vc_separator type=\u00bbtransparent\u00bb up=\u00bb32&#8243; down=\u00bb0&#8243;]<a  href=\"http:\/\/www.alonaboholdiversclub.com\/es\/zonas-de-buceo-en-panglao\/\" target=\"_self\" data-hover-background-color=#000000 data-hover-border-color=#ffffff data-hover-color=#ffffff class=\"qbutton  small center\" style=\"color: #000000; border-color: #ffffff; font-style: normal; font-weight: 700; background-color: #ffffff;\">Puntos de buceo<\/a>[\/vc_column][\/vc_row][vc_row css_animation=\u00bb\u00bb row_type=\u00bbrow\u00bb use_row_as_full_screen_section=\u00bbno\u00bb type=\u00bbgrid\u00bb angled_section=\u00bbno\u00bb text_align=\u00bbleft\u00bb background_image_as_pattern=\u00bbwithout_pattern\u00bb background_color=\u00bb#1e1e1e\u00bb padding_top=\u00bb65&#8243; padding_bottom=\u00bb65&#8243;][vc_column width=\u00bb1\/2&#8243;][vc_separator type=\u00bbtransparent\u00bb up=\u00bb32&#8243; down=\u00bb0&#8243;][vc_single_image image=\u00bb16555&#8243; img_size=\u00bbfull\u00bb alignment=\u00bbcenter\u00bb qode_css_animation=\u00bbelement_from_left\u00bb transition_delay=\u00bb0.3&#8243;][\/vc_column][vc_column width=\u00bb1\/2&#8243;][vc_separator type=\u00bbtransparent\u00bb up=\u00bb32&#8243; down=\u00bb0&#8243;][vc_column_text]<\/p>\n<h4><span style=\"color: #ffffff;\">Isla de Balicasag<\/span><\/h4>\n<p>[\/vc_column_text][vc_separator type=\u00bbsmall\u00bb position=\u00bbleft\u00bb up=\u00bb23&#8243; down=\u00bb19&#8243;][vc_column_text]La isla de Balicasag, espectacular zona de coral y llena de vida marina, est\u00e1 situada a 12 kil\u00f3metros de distancia de nuestro centro de buceo, alrededor de 30 minutos en barco. Podr\u00e1s disfrutar de diversidad de corales y abundante vida marina a lo largo de las pendientes y paredes que rodean esta peque\u00f1a isla. Este santuario marino est\u00e1 protegido de la pesca y limita el n\u00famero de buceadores diarios en sus aguas. En sus paredes o pendientes podr\u00e1s ver los corales negros, especies m\u00e1s grandes como tortugas, bancos de jureles y variada vida peque\u00f1a com nudibr\u00e1nquios.[\/vc_column_text][vc_separator type=\u00bbtransparent\u00bb up=\u00bb32&#8243; down=\u00bb0&#8243;]<a  href=\"http:\/\/www.alonaboholdiversclub.com\/es\/zona-buceo-en-balicasag\/\" target=\"_self\" data-hover-background-color=#000000 data-hover-border-color=#ffffff data-hover-color=#ffffff class=\"qbutton  small center\" style=\"color: #000000; border-color: #ffffff; font-style: normal; font-weight: 700; background-color: #ffffff;\">Puntos de buceo<\/a>[\/vc_column][\/vc_row][vc_row css_animation=\u00bb\u00bb row_type=\u00bbrow\u00bb use_row_as_full_screen_section=\u00bbno\u00bb type=\u00bbgrid\u00bb angled_section=\u00bbno\u00bb text_align=\u00bbleft\u00bb background_image_as_pattern=\u00bbwithout_pattern\u00bb background_color=\u00bb#1e1e1e\u00bb padding_top=\u00bb65&#8243; padding_bottom=\u00bb65&#8243;][vc_column width=\u00bb1\/2&#8243;][vc_separator type=\u00bbtransparent\u00bb up=\u00bb32&#8243; down=\u00bb0&#8243;][vc_single_image image=\u00bb16559&#8243; img_size=\u00bbfull\u00bb alignment=\u00bbcenter\u00bb qode_css_animation=\u00bbelement_from_left\u00bb transition_delay=\u00bb0.3&#8243;][\/vc_column][vc_column width=\u00bb1\/2&#8243;][vc_separator type=\u00bbtransparent\u00bb up=\u00bb32&#8243; down=\u00bb0&#8243;][vc_column_text]<\/p>\n<h4><span style=\"color: #ffffff;\">Snake island<\/span><\/h4>\n<p>[\/vc_column_text][vc_separator type=\u00bbsmall\u00bb position=\u00bbleft\u00bb up=\u00bb23&#8243; down=\u00bb19&#8243;][vc_column_text]De camino a la isla de Pamilacan, encontramos un pin\u00e1culo sumergido a unos 8 metros de profundidad, descendiendo a las profundidades. Dependiendo de las condiciones de las corrientes en la zona, podemos parar o no en este punto de buceo. Esta zona ofrece serpientes marinas, morenas de diferentes tipos, nudibr\u00e1nquios, cangrejos y diversidad de otros peces de arrecife.<\/p>\n<p>&nbsp;<\/p>\n<p>Este punto de buceo est\u00e1 solamente recomenndado para buceadores experimetados debido a las corrientes.[\/vc_column_text][vc_separator type=\u00bbtransparent\u00bb up=\u00bb32&#8243; down=\u00bb0&#8243;]<a  href=\"http:\/\/www.alonaboholdiversclub.com\/es\/zona-de-buceo-en-cervera-shoal\/\" target=\"_self\" data-hover-background-color=#000000 data-hover-border-color=#ffffff data-hover-color=#ffffff class=\"qbutton  small center\" style=\"color: #000000; border-color: #ffffff; font-style: normal; font-weight: 700; background-color: #ffffff;\">Puntos de buceo<\/a>[\/vc_column][\/vc_row][vc_row css_animation=\u00bb\u00bb row_type=\u00bbrow\u00bb use_row_as_full_screen_section=\u00bbno\u00bb type=\u00bbgrid\u00bb angled_section=\u00bbno\u00bb text_align=\u00bbleft\u00bb background_image_as_pattern=\u00bbwithout_pattern\u00bb background_color=\u00bb#1e1e1e\u00bb padding_top=\u00bb65&#8243; padding_bottom=\u00bb65&#8243;][vc_column width=\u00bb1\/2&#8243;][vc_separator type=\u00bbtransparent\u00bb up=\u00bb32&#8243; down=\u00bb0&#8243;][vc_single_image image=\u00bb16557&#8243; img_size=\u00bbfull\u00bb alignment=\u00bbcenter\u00bb qode_css_animation=\u00bbelement_from_right\u00bb transition_delay=\u00bb0.6&#8243;][\/vc_column][vc_column width=\u00bb1\/2&#8243;][vc_separator type=\u00bbtransparent\u00bb up=\u00bb32&#8243; down=\u00bb0&#8243;][vc_column_text]<\/p>\n<h4><span style=\"color: #ffffff;\">Isla de Pamilacan<\/span><\/h4>\n<p>[\/vc_column_text][vc_separator type=\u00bbsmall\u00bb position=\u00bbleft\u00bb up=\u00bb23&#8243; down=\u00bb19&#8243;][vc_column_text]<\/p>\n<p style=\"text-align: left;\">En el viaje a la isla de Pamilacan podr\u00e1s bucear en sus pendientes escalonadas que rodean la isla. Grandes zonas de coral duro llenas de coloridos peces y algunas especies m\u00e1s peque\u00f1as y especiales. Tambi\u00e9n tendr\u00e1s la oportunidad de encontrar otros animales marinos como tortugas Carey y bancos de barracudas. Est\u00e1 situada a unos 40 minutos en barco desde nuestro centro de buceo. En el trayecto a la isla hay la posibilidad de encontrarse con delfines si tienes suerte!!<\/p>\n<p>[\/vc_column_text][vc_separator type=\u00bbtransparent\u00bb up=\u00bb32&#8243; down=\u00bb0&#8243;]<a  href=\"http:\/\/www.alonaboholdiversclub.com\/es\/zona-de-buceo-en-pamilacan\/\" target=\"_self\" data-hover-background-color=#000000 data-hover-border-color=#ffffff data-hover-color=#ffffff class=\"qbutton  small center\" style=\"color: #000000; border-color: #ffffff; font-style: normal; font-weight: 700; background-color: #ffffff;\">Puntos de buceo<\/a>[\/vc_column][\/vc_row][vc_row css_animation=\u00bb\u00bb row_type=\u00bbrow\u00bb use_row_as_full_screen_section=\u00bbno\u00bb type=\u00bbgrid\u00bb angled_section=\u00bbno\u00bb text_align=\u00bbleft\u00bb background_image_as_pattern=\u00bbwithout_pattern\u00bb background_color=\u00bb#1e1e1e\u00bb padding_top=\u00bb65&#8243; padding_bottom=\u00bb65&#8243;][vc_column width=\u00bb1\/2&#8243;][vc_separator type=\u00bbtransparent\u00bb up=\u00bb32&#8243; down=\u00bb0&#8243;][vc_single_image image=\u00bb16556&#8243; img_size=\u00bbfull\u00bb alignment=\u00bbcenter\u00bb qode_css_animation=\u00bbelement_from_right\u00bb transition_delay=\u00bb0.6&#8243;][\/vc_column][vc_column width=\u00bb1\/2&#8243;][vc_separator type=\u00bbtransparent\u00bb up=\u00bb32&#8243; down=\u00bb0&#8243;][vc_column_text]<\/p>\n<h4><span style=\"color: #ffffff;\">Isla de Cabilao<\/span><\/h4>\n<p>[\/vc_column_text][vc_separator type=\u00bbsmall\u00bb position=\u00bbleft\u00bb up=\u00bb23&#8243; down=\u00bb19&#8243;][vc_column_text]<\/p>\n<p style=\"text-align: left;\">La peque\u00f1a isla de Cabilao se encuentra a unas 3 horas en barco desde la playa de Alona. Esta zona de buceo ofrece una gran diversidad de corales, peces de arrecife, caballitos de mar pigmeos y m\u00e1s. En el pasado, se pod\u00edan avisar tiburones martillo pero ya hace algunos a\u00f1os que no hay ning\u00fan avistamiento.<\/p>\n<p>[\/vc_column_text][vc_separator type=\u00bbtransparent\u00bb up=\u00bb32&#8243; down=\u00bb0&#8243;]<a  href=\"http:\/\/www.alonaboholdiversclub.com\/es\/zona-de-buceo-en-cabilao\/\" target=\"_self\" data-hover-background-color=#000000 data-hover-border-color=#ffffff data-hover-color=#ffffff class=\"qbutton  small center\" style=\"color: #000000; border-color: #ffffff; font-style: normal; font-weight: 700; background-color: #ffffff;\">Puntos de buceo<\/a>[\/vc_column][\/vc_row][vc_row css_animation=\u00bb\u00bb row_type=\u00bbrow\u00bb use_row_as_full_screen_section=\u00bbno\u00bb type=\u00bbfull_width\u00bb angled_section=\u00bbno\u00bb text_align=\u00bbleft\u00bb background_image_as_pattern=\u00bbwithout_pattern\u00bb][vc_column][vc_empty_space height=\u00bb50px\u00bb][\/vc_column][\/vc_row][vc_row css_animation=\u00bb\u00bb row_type=\u00bbrow\u00bb use_row_as_full_screen_section=\u00bbno\u00bb type=\u00bbgrid\u00bb angled_section=\u00bbno\u00bb text_align=\u00bbleft\u00bb background_image_as_pattern=\u00bbwithout_pattern\u00bb padding_top=\u00bb30&#8243; padding_bottom=\u00bb10&#8243;][vc_column width=\u00bb1\/2&#8243;][vc_column_text]<\/p>\n<h2>SUBMARINISMO<\/h2>\n<p>Contamos con:<\/p>\n<ul>\n<li>Viajes a Isla Balicasag, Isla Pamilacan y Isla Cabilao<\/li>\n<li>Buceo en Panglao Island<\/li>\n<li>Buceo nocturno y buceo nocturno con fluo<\/li>\n<\/ul>\n<p>[\/vc_column_text][vc_separator type=\u00bbtransparent\u00bb up=\u00bb32&#8243; down=\u00bb0&#8243;][vc_row_inner row_type=\u00bbrow\u00bb type=\u00bbfull_width\u00bb text_align=\u00bbleft\u00bb css_animation=\u00bb\u00bb][vc_column_inner width=\u00bb1\/2&#8243;][vc_column_text]<\/p>\n<p style=\"text-align: right;\">Reserva ahora! <strong>la mejor<\/strong><\/p>\n<p style=\"text-align: right;\"><strong>experiencia de buceo en Filipinas<\/strong><\/p>\n<p>[\/vc_column_text][\/vc_column_inner][vc_column_inner width=\u00bb1\/2&#8243;]<span data-type=\"normal\" data-hover-icon-color=\"#04937e\" class=\"qode_icon_shortcode  q_font_awsome_icon fa-3x  \" style=\" \"><a  href=\"http:\/\/www.alonaboholdiversclub.com\/es\/contacto\" target=\"_self\"><i class=\"qode_icon_font_awesome fa fa-calendar-check-o qode_icon_element\" style=\"color: #ffffff;\" ><\/i><\/a><\/span>[\/vc_column_inner][\/vc_row_inner][vc_separator type=\u00bbtransparent\u00bb up=\u00bb32&#8243; down=\u00bb0&#8243;][\/vc_column][vc_column width=\u00bb1\/2&#8243;][vc_gallery interval=\u00bb10&#8243; images=\u00bb15629,15628,15627,15626,15625,15623,15622,15621,15620,15619,15618,15617,15616,15615,15614,15613,15612,15611,15610,15609,15608,15607,15606,15605,15602,15601,15600,15599,15598,15597,15596,15595,15594,15593,15592,15591,15590,15589,15588,15587,15586,15585,15584,15583,15582,15581,15580,15579,15578,15577,15576,15575,15574,15573,15572,15571,15569,15568,15567,15566,15565,15564,15563,15562,15561,15560,15559,15558,15557,15556,15555,15554,15553,15552,15551,15550,15549,15548,15547,15546,15544,15543,15542,15541,15540,15539,15537,15536,15535,15534,15532,15531,15530,15528,17618,17617,17616,17615,17614,17613,17612,17611,17610,17609,17608,17607,17606,17605,17604,17603,17602,17601,17600,17599,17598,17597,17596,17595,17594,17593,17592,17591,17590,17589,17588,17587,17586,17585&#8243; img_size=\u00bbfull\u00bb onclick=\u00bb\u00bb][vc_column_text]<br \/>\n[\/vc_column_text][\/vc_column][\/vc_row][vc_row css_animation=\u00bb\u00bb row_type=\u00bbrow\u00bb use_row_as_full_screen_section=\u00bbno\u00bb type=\u00bbfull_width\u00bb angled_section=\u00bbno\u00bb text_align=\u00bbleft\u00bb background_image_as_pattern=\u00bbwithout_pattern\u00bb][vc_column]<div class=\"call_to_action normal\" style=\"background-color: #611194;padding-top: 57px;padding-bottom: 59px;\"><div class=\"container_inner\"><div class=\"two_columns_75_25 clearfix\"><div class=\"text_wrapper column1\"><div class=\"call_to_action_text\" style=\"font-size:20px;font-weight: 400;\"><\/p>\n<h4>\u00bfQuieres m\u00e1s informaci\u00f3n? Enviamos un email desde el apartado de contacto con cualquier pregunta.<\/h4>\n<p><\/div><\/div><div class=\"button_wrapper column2\"><a href=\"http:\/\/www.alonaboholdiversclub.com\/es\/contacto\" class=\"qbutton white \" target=\"\" style=\"color: #000000;border-color: #ffffff;background-color: #ffffff;\"data-hover-background-color=#611194 data-hover-border-color=#ffffff data-hover-color=#ffffff>CONTACTO<\/a><\/div><\/div><\/div><\/div>[\/vc_column][\/vc_row]<\/p>\n","protected":false},"excerpt":{"rendered":"<p>[vc_row css_animation=\u00bb\u00bb row_type=\u00bbrow\u00bb use_row_as_full_screen_section=\u00bbno\u00bb type=\u00bbgrid\u00bb angled_section=\u00bbno\u00bb text_align=\u00bbcenter\u00bb background_image_as_pattern=\u00bbwithout_pattern\u00bb background_color=\u00bb#90cdff\u00bb][vc_column][vc_column_text] [\/vc_column_text][vc_separator type=\u00bbtransparent\u00bb up=\u00bb32&#8243; down=\u00bb0&#8243;][vc_separator type=\u00bbtransparent\u00bb up=\u00bb32&#8243; down=\u00bb0&#8243;][\/vc_column][\/vc_row][vc_row css_animation=\u00bb\u00bb row_type=\u00bbrow\u00bb use_row_as_full_screen_section=\u00bbno\u00bb type=\u00bbgrid\u00bb angled_section=\u00bbno\u00bb text_align=\u00bbleft\u00bb background_image_as_pattern=\u00bbwithout_pattern\u00bb background_color=\u00bb#1e1e1e\u00bb padding_top=\u00bb104&#8243; padding_bottom=\u00bb65&#8243;][vc_column width=\u00bb1\/2&#8243;][vc_separator type=\u00bbtransparent\u00bb up=\u00bb32&#8243; down=\u00bb0&#8243;][vc_single_image image=\u00bb16558&#8243; img_size=\u00bbfull\u00bb alignment=\u00bbcenter\u00bb qode_css_animation=\u00bbelement_from_left\u00bb transition_delay=\u00bb0.3&#8243;][\/vc_column][vc_column width=\u00bb1\/2&#8243;][vc_separator type=\u00bbtransparent\u00bb up=\u00bb32&#8243; down=\u00bb0&#8243;][vc_column_text] Isla de Panglao [\/vc_column_text][vc_separator type=\u00bbsmall\u00bb position=\u00bbleft\u00bb&#8230;<\/p>\n","protected":false},"author":2,"featured_media":15625,"parent":0,"menu_order":0,"comment_status":"closed","ping_status":"closed","template":"full_width.php","meta":{"footnotes":""},"yoast_head":"<!-- This site is optimized with the Yoast SEO plugin v22.4 - https:\/\/yoast.com\/wordpress\/plugins\/seo\/ -->\n<title>Tenemos varios lugares para hacer buceo en las zonas de buceo en Bohol<\/title>\n<meta name=\"description\" content=\"Las mejores zonas de buceo en Bohol Filipinas para descubrir las maravillas que nos esperan en el oceano debajo del mar.\" \/>\n<meta name=\"robots\" content=\"index, follow, max-snippet:-1, max-image-preview:large, max-video-preview:-1\" \/>\n<link rel=\"canonical\" href=\"https:\/\/www.alonaboholdiversclub.com\/es\/zonas-de-buceo-en-bohol\/\" \/>\n<meta property=\"og:locale\" content=\"es_ES\" \/>\n<meta property=\"og:type\" content=\"article\" \/>\n<meta property=\"og:title\" content=\"Tenemos varios lugares para hacer buceo en las zonas de buceo en Bohol\" \/>\n<meta property=\"og:description\" content=\"Las mejores zonas de buceo en Bohol Filipinas para descubrir las maravillas que nos esperan en el oceano debajo del mar.\" \/>\n<meta property=\"og:url\" content=\"https:\/\/www.alonaboholdiversclub.com\/es\/zonas-de-buceo-en-bohol\/\" \/>\n<meta property=\"og:site_name\" content=\"Bohol Divers | Centro Buceo Filipinas\" \/>\n<meta property=\"article:publisher\" content=\"https:\/\/www.facebook.com\/boholdiversclub\/\" \/>\n<meta property=\"article:modified_time\" content=\"2024-02-28T18:19:30+00:00\" \/>\n<meta property=\"og:image\" content=\"https:\/\/www.alonaboholdiversclub.com\/es\/wp-content\/uploads\/2014\/05\/Bohol-Dive-Center-Alona-Filipinas-Club-Buceo-1093.jpg\" \/>\n\t<meta property=\"og:image:width\" content=\"810\" \/>\n\t<meta property=\"og:image:height\" content=\"540\" \/>\n\t<meta property=\"og:image:type\" content=\"image\/jpeg\" \/>\n<meta name=\"twitter:card\" content=\"summary_large_image\" \/>\n<meta name=\"twitter:site\" content=\"@boholdiversclub\" \/>\n<meta name=\"twitter:label1\" content=\"Tiempo de lectura\" \/>\n\t<meta name=\"twitter:data1\" content=\"4 minutos\" \/>\n<script type=\"application\/ld+json\" class=\"yoast-schema-graph\">{\"@context\":\"https:\/\/schema.org\",\"@graph\":[{\"@type\":\"WebPage\",\"@id\":\"https:\/\/www.alonaboholdiversclub.com\/es\/zonas-de-buceo-en-bohol\/\",\"url\":\"https:\/\/www.alonaboholdiversclub.com\/es\/zonas-de-buceo-en-bohol\/\",\"name\":\"Tenemos varios lugares para hacer buceo en las zonas de buceo en Bohol\",\"isPartOf\":{\"@id\":\"https:\/\/www.alonaboholdiversclub.com\/es\/#website\"},\"primaryImageOfPage\":{\"@id\":\"https:\/\/www.alonaboholdiversclub.com\/es\/zonas-de-buceo-en-bohol\/#primaryimage\"},\"image\":{\"@id\":\"https:\/\/www.alonaboholdiversclub.com\/es\/zonas-de-buceo-en-bohol\/#primaryimage\"},\"thumbnailUrl\":\"https:\/\/www.alonaboholdiversclub.com\/es\/wp-content\/uploads\/2014\/05\/Bohol-Dive-Center-Alona-Filipinas-Club-Buceo-1093.jpg\",\"datePublished\":\"2017-06-02T15:39:53+00:00\",\"dateModified\":\"2024-02-28T18:19:30+00:00\",\"description\":\"Las mejores zonas de buceo en Bohol Filipinas para descubrir las maravillas que nos esperan en el oceano debajo del mar.\",\"breadcrumb\":{\"@id\":\"https:\/\/www.alonaboholdiversclub.com\/es\/zonas-de-buceo-en-bohol\/#breadcrumb\"},\"inLanguage\":\"es\",\"potentialAction\":[{\"@type\":\"ReadAction\",\"target\":[\"https:\/\/www.alonaboholdiversclub.com\/es\/zonas-de-buceo-en-bohol\/\"]}]},{\"@type\":\"ImageObject\",\"inLanguage\":\"es\",\"@id\":\"https:\/\/www.alonaboholdiversclub.com\/es\/zonas-de-buceo-en-bohol\/#primaryimage\",\"url\":\"https:\/\/www.alonaboholdiversclub.com\/es\/wp-content\/uploads\/2014\/05\/Bohol-Dive-Center-Alona-Filipinas-Club-Buceo-1093.jpg\",\"contentUrl\":\"https:\/\/www.alonaboholdiversclub.com\/es\/wp-content\/uploads\/2014\/05\/Bohol-Dive-Center-Alona-Filipinas-Club-Buceo-1093.jpg\",\"width\":810,\"height\":540,\"caption\":\"Centro Buceo en Bohol Alona Filipinas Club Buceo\"},{\"@type\":\"BreadcrumbList\",\"@id\":\"https:\/\/www.alonaboholdiversclub.com\/es\/zonas-de-buceo-en-bohol\/#breadcrumb\",\"itemListElement\":[{\"@type\":\"ListItem\",\"position\":1,\"name\":\"Home\",\"item\":\"https:\/\/www.alonaboholdiversclub.com\/es\/\"},{\"@type\":\"ListItem\",\"position\":2,\"name\":\"Zonas de Buceo en Bohol\"}]},{\"@type\":\"WebSite\",\"@id\":\"https:\/\/www.alonaboholdiversclub.com\/es\/#website\",\"url\":\"https:\/\/www.alonaboholdiversclub.com\/es\/\",\"name\":\"Bohol Divers | Centro Buceo Filipinas\",\"description\":\"Buceo en Filipinas\",\"potentialAction\":[{\"@type\":\"SearchAction\",\"target\":{\"@type\":\"EntryPoint\",\"urlTemplate\":\"https:\/\/www.alonaboholdiversclub.com\/es\/?s={search_term_string}\"},\"query-input\":\"required name=search_term_string\"}],\"inLanguage\":\"es\"}]}<\/script>\n<!-- \/ Yoast SEO plugin. -->","yoast_head_json":{"title":"Tenemos varios lugares para hacer buceo en las zonas de buceo en Bohol","description":"Las mejores zonas de buceo en Bohol Filipinas para descubrir las maravillas que nos esperan en el oceano debajo del mar.","robots":{"index":"index","follow":"follow","max-snippet":"max-snippet:-1","max-image-preview":"max-image-preview:large","max-video-preview":"max-video-preview:-1"},"canonical":"https:\/\/www.alonaboholdiversclub.com\/es\/zonas-de-buceo-en-bohol\/","og_locale":"es_ES","og_type":"article","og_title":"Tenemos varios lugares para hacer buceo en las zonas de buceo en Bohol","og_description":"Las mejores zonas de buceo en Bohol Filipinas para descubrir las maravillas que nos esperan en el oceano debajo del mar.","og_url":"https:\/\/www.alonaboholdiversclub.com\/es\/zonas-de-buceo-en-bohol\/","og_site_name":"Bohol Divers | Centro Buceo Filipinas","article_publisher":"https:\/\/www.facebook.com\/boholdiversclub\/","article_modified_time":"2024-02-28T18:19:30+00:00","og_image":[{"width":810,"height":540,"url":"https:\/\/www.alonaboholdiversclub.com\/es\/wp-content\/uploads\/2014\/05\/Bohol-Dive-Center-Alona-Filipinas-Club-Buceo-1093.jpg","type":"image\/jpeg"}],"twitter_card":"summary_large_image","twitter_site":"@boholdiversclub","twitter_misc":{"Tiempo de lectura":"4 minutos"},"schema":{"@context":"https:\/\/schema.org","@graph":[{"@type":"WebPage","@id":"https:\/\/www.alonaboholdiversclub.com\/es\/zonas-de-buceo-en-bohol\/","url":"https:\/\/www.alonaboholdiversclub.com\/es\/zonas-de-buceo-en-bohol\/","name":"Tenemos varios lugares para hacer buceo en las zonas de buceo en Bohol","isPartOf":{"@id":"https:\/\/www.alonaboholdiversclub.com\/es\/#website"},"primaryImageOfPage":{"@id":"https:\/\/www.alonaboholdiversclub.com\/es\/zonas-de-buceo-en-bohol\/#primaryimage"},"image":{"@id":"https:\/\/www.alonaboholdiversclub.com\/es\/zonas-de-buceo-en-bohol\/#primaryimage"},"thumbnailUrl":"https:\/\/www.alonaboholdiversclub.com\/es\/wp-content\/uploads\/2014\/05\/Bohol-Dive-Center-Alona-Filipinas-Club-Buceo-1093.jpg","datePublished":"2017-06-02T15:39:53+00:00","dateModified":"2024-02-28T18:19:30+00:00","description":"Las mejores zonas de buceo en Bohol Filipinas para descubrir las maravillas que nos esperan en el oceano debajo del mar.","breadcrumb":{"@id":"https:\/\/www.alonaboholdiversclub.com\/es\/zonas-de-buceo-en-bohol\/#breadcrumb"},"inLanguage":"es","potentialAction":[{"@type":"ReadAction","target":["https:\/\/www.alonaboholdiversclub.com\/es\/zonas-de-buceo-en-bohol\/"]}]},{"@type":"ImageObject","inLanguage":"es","@id":"https:\/\/www.alonaboholdiversclub.com\/es\/zonas-de-buceo-en-bohol\/#primaryimage","url":"https:\/\/www.alonaboholdiversclub.com\/es\/wp-content\/uploads\/2014\/05\/Bohol-Dive-Center-Alona-Filipinas-Club-Buceo-1093.jpg","contentUrl":"https:\/\/www.alonaboholdiversclub.com\/es\/wp-content\/uploads\/2014\/05\/Bohol-Dive-Center-Alona-Filipinas-Club-Buceo-1093.jpg","width":810,"height":540,"caption":"Centro Buceo en Bohol Alona Filipinas Club Buceo"},{"@type":"BreadcrumbList","@id":"https:\/\/www.alonaboholdiversclub.com\/es\/zonas-de-buceo-en-bohol\/#breadcrumb","itemListElement":[{"@type":"ListItem","position":1,"name":"Home","item":"https:\/\/www.alonaboholdiversclub.com\/es\/"},{"@type":"ListItem","position":2,"name":"Zonas de Buceo en Bohol"}]},{"@type":"WebSite","@id":"https:\/\/www.alonaboholdiversclub.com\/es\/#website","url":"https:\/\/www.alonaboholdiversclub.com\/es\/","name":"Bohol Divers | Centro Buceo Filipinas","description":"Buceo en Filipinas","potentialAction":[{"@type":"SearchAction","target":{"@type":"EntryPoint","urlTemplate":"https:\/\/www.alonaboholdiversclub.com\/es\/?s={search_term_string}"},"query-input":"required name=search_term_string"}],"inLanguage":"es"}]}},"_links":{"self":[{"href":"https:\/\/www.alonaboholdiversclub.com\/es\/wp-json\/wp\/v2\/pages\/16033"}],"collection":[{"href":"https:\/\/www.alonaboholdiversclub.com\/es\/wp-json\/wp\/v2\/pages"}],"about":[{"href":"https:\/\/www.alonaboholdiversclub.com\/es\/wp-json\/wp\/v2\/types\/page"}],"author":[{"embeddable":true,"href":"https:\/\/www.alonaboholdiversclub.com\/es\/wp-json\/wp\/v2\/users\/2"}],"replies":[{"embeddable":true,"href":"https:\/\/www.alonaboholdiversclub.com\/es\/wp-json\/wp\/v2\/comments?post=16033"}],"version-history":[{"count":3,"href":"https:\/\/www.alonaboholdiversclub.com\/es\/wp-json\/wp\/v2\/pages\/16033\/revisions"}],"predecessor-version":[{"id":17775,"href":"https:\/\/www.alonaboholdiversclub.com\/es\/wp-json\/wp\/v2\/pages\/16033\/revisions\/17775"}],"wp:featuredmedia":[{"embeddable":true,"href":"https:\/\/www.alonaboholdiversclub.com\/es\/wp-json\/wp\/v2\/media\/15625"}],"wp:attachment":[{"href":"https:\/\/www.alonaboholdiversclub.com\/es\/wp-json\/wp\/v2\/media?parent=16033"}],"curies":[{"name":"wp","href":"https:\/\/api.w.org\/{rel}","templated":true}]}}