{"id":15781,"date":"2017-04-27T10:50:36","date_gmt":"2017-04-27T10:50:36","guid":{"rendered":"http:\/\/s672431363.mialojamiento.es\/?page_id=15781"},"modified":"2020-05-04T12:36:03","modified_gmt":"2020-05-04T12:36:03","slug":"zona-de-buceo-en-cervera-shoal","status":"publish","type":"page","link":"https:\/\/www.alonaboholdiversclub.com\/es\/zonas-de-buceo-en-bohol\/zona-de-buceo-en-cervera-shoal\/","title":{"rendered":"Zona de buceo en Cervera Shoal"},"content":{"rendered":"<p>[vc_row css_animation=\u00bb\u00bb row_type=\u00bbrow\u00bb use_row_as_full_screen_section=\u00bbno\u00bb type=\u00bbfull_width\u00bb angled_section=\u00bbno\u00bb text_align=\u00bbleft\u00bb background_image_as_pattern=\u00bbwithout_pattern\u00bb][vc_column]<div class=\"call_to_action normal\" style=\"background-color: #611194;padding-top: 57px;padding-bottom: 59px;\"><div class=\"container_inner\"><div class=\"two_columns_75_25 clearfix\"><div class=\"text_wrapper column1\"><div class=\"call_to_action_text\" style=\"font-size:20px;font-weight: 400;\">Descubre con nosotros los diferentes puntos de buceo en <strong>Bohol, Filipinas.<\/strong><\/p>\n<p>Zonas de buceo<\/div><\/div><div class=\"button_wrapper column2\"><a href=\"https:\/\/drive.google.com\/open?id=134f4lBpAmCogyNLpSOGGBEbJtNU&amp;usp=sharing\" class=\"qbutton white \" target=\"_blank\" style=\"color: #611194;border-color: #ffffff;background-color: #ffffff;\"data-hover-background-color=#611194 data-hover-border-color=#611194 data-hover-color=#ffffff>MAPA INTERACTIVO<\/a><\/div><\/div><\/div><\/div>[vc_separator type=\u00bbtransparent\u00bb up=\u00bb32&#8243; down=\u00bb0&#8243;][\/vc_column][\/vc_row][vc_row css_animation=\u00bb\u00bb row_type=\u00bbrow\u00bb use_row_as_full_screen_section=\u00bbno\u00bb type=\u00bbgrid\u00bb angled_section=\u00bbno\u00bb text_align=\u00bbleft\u00bb background_image_as_pattern=\u00bbwithout_pattern\u00bb background_color=\u00bb#1e1e1e\u00bb padding_top=\u00bb104&#8243; padding_bottom=\u00bb65&#8243;][vc_column width=\u00bb1\/2&#8243;][vc_separator type=\u00bbtransparent\u00bb up=\u00bb32&#8243; down=\u00bb0&#8243;][vc_single_image image=\u00bb16343&#8243; img_size=\u00bbfull\u00bb alignment=\u00bbcenter\u00bb qode_css_animation=\u00bbelement_from_left\u00bb transition_delay=\u00bb0.3&#8243;][vc_separator type=\u00bbtransparent\u00bb up=\u00bb32&#8243; down=\u00bb0&#8243;][\/vc_column][vc_column width=\u00bb1\/2&#8243;][vc_separator type=\u00bbtransparent\u00bb up=\u00bb32&#8243; down=\u00bb0&#8243;][vc_column_text]<\/p>\n<h4><span style=\"color: #ffffff;\">24. CERVERA SHOAL \/ SNAKE ISLAND<\/span><\/h4>\n<p>[\/vc_column_text][vc_separator type=\u00bbsmall\u00bb position=\u00bbleft\u00bb up=\u00bb23&#8243; down=\u00bb19&#8243;][vc_column_text]<strong>Profundidad:<\/strong><br \/>\n8-35 metros<\/p>\n<p>&nbsp;<\/p>\n<p><strong>Corriente:<\/strong><br \/>\nSuele haber corriente pudiendo ser bastante fuerte.<\/p>\n<p>&nbsp;<\/p>\n<p><strong>Descripci\u00f3n:<\/strong><br \/>\nAl sur de la isla de Pamilacan, a mitad de camino desde Alona encontramos una pataforma en mitad del mar. Si la corriente nos lo permite haremos un buceo muy especial. La plataforma est\u00e1 a 8 metros de profundidad, despu\u00e9s comienza una pendiente suave. Iniciamos el buceo en la plataforma y buscamos la pendiente para encontrar refugio de la corriente entre 18 y 25 metros.<\/p>\n<p>A lo largo del buceo podemos ver cabos de antiguas nasas de pesca en las que podemos agarrarnos en caso de tener que esperar a alguien. Dependiendo de la fuerza de la corriente iremos hacia la izquierda o hacia la derecha. La parada de seguridad se realiza en el azul. Lo m\u00e1s destacado aqu\u00ed ser\u00e1n la infinidad de serpientes que encontraremos, especialmente en los meses de Abril a Junio que es la \u00e9poca de reproducci\u00f3n. Tambien son abundantes las esponjas barril, an\u00e9monas y crinoides.<\/p>\n<p>&nbsp;<\/p>\n<p>&nbsp;<\/p>\n<p><strong>Vida marina:<\/strong><br \/>\nSerpiente de mar, morenas, nudibranquios, peces ballesta, emperadores, etc.[\/vc_column_text][\/vc_column][\/vc_row][vc_row css_animation=\u00bb\u00bb row_type=\u00bbrow\u00bb use_row_as_full_screen_section=\u00bbno\u00bb type=\u00bbfull_width\u00bb angled_section=\u00bbno\u00bb text_align=\u00bbleft\u00bb background_image_as_pattern=\u00bbwithout_pattern\u00bb background_color=\u00bb#611194&#8243;][vc_column]<div class=\"call_to_action normal\" style=\"background-color: #611194;padding-top: 57px;padding-bottom: 59px;\"><div class=\"container_inner\"><div class=\"two_columns_75_25 clearfix\"><div class=\"text_wrapper column1\"><div class=\"call_to_action_text\" style=\"font-size:20px;font-weight: 400;\"><\/p>\n<h4>\u00bfQUIERES M\u00c1S INFORMACI\u00d3N? ENVIAMOS UN CORREO ELECTR\u00d3NICO CON CUALQUIER PREGUNTA.<\/h4>\n<p><\/div><\/div><div class=\"button_wrapper column2\"><a href=\"http:\/\/www.alonaboholdiversclub.com\/es\/contacto\" class=\"qbutton white \" target=\"\" style=\"color: #611194;border-color: #ffffff;background-color: #ffffff;\"data-hover-background-color=#611194 data-hover-border-color=#ffffff data-hover-color=#ffffff>CONTACTO<\/a><\/div><\/div><\/div><\/div>[\/vc_column][\/vc_row]<\/p>\n","protected":false},"excerpt":{"rendered":"<p>[vc_row css_animation=\u00bb\u00bb row_type=\u00bbrow\u00bb use_row_as_full_screen_section=\u00bbno\u00bb type=\u00bbfull_width\u00bb angled_section=\u00bbno\u00bb text_align=\u00bbleft\u00bb background_image_as_pattern=\u00bbwithout_pattern\u00bb][vc_column][vc_separator type=\u00bbtransparent\u00bb up=\u00bb32&#8243; down=\u00bb0&#8243;][\/vc_column][\/vc_row][vc_row css_animation=\u00bb\u00bb row_type=\u00bbrow\u00bb use_row_as_full_screen_section=\u00bbno\u00bb type=\u00bbgrid\u00bb angled_section=\u00bbno\u00bb text_align=\u00bbleft\u00bb background_image_as_pattern=\u00bbwithout_pattern\u00bb background_color=\u00bb#1e1e1e\u00bb padding_top=\u00bb104&#8243; padding_bottom=\u00bb65&#8243;][vc_column width=\u00bb1\/2&#8243;][vc_separator type=\u00bbtransparent\u00bb up=\u00bb32&#8243; down=\u00bb0&#8243;][vc_single_image image=\u00bb16343&#8243; img_size=\u00bbfull\u00bb alignment=\u00bbcenter\u00bb qode_css_animation=\u00bbelement_from_left\u00bb transition_delay=\u00bb0.3&#8243;][vc_separator type=\u00bbtransparent\u00bb up=\u00bb32&#8243; down=\u00bb0&#8243;][\/vc_column][vc_column width=\u00bb1\/2&#8243;][vc_separator type=\u00bbtransparent\u00bb up=\u00bb32&#8243; down=\u00bb0&#8243;][vc_column_text] 24. CERVERA SHOAL \/ SNAKE ISLAND [\/vc_column_text][vc_separator type=\u00bbsmall\u00bb&#8230;<\/p>\n","protected":false},"author":2,"featured_media":15620,"parent":16033,"menu_order":0,"comment_status":"closed","ping_status":"closed","template":"full_width.php","meta":{"footnotes":""},"yoast_head":"<!-- This site is optimized with the Yoast SEO plugin v22.4 - https:\/\/yoast.com\/wordpress\/plugins\/seo\/ -->\n<title>Zona de buceo en Cervera Shoal Filipinas Centro Buceo Padi<\/title>\n<meta name=\"description\" content=\"Bueando en Cervera Shoal. Al sur de la isla de Pamilacan, a mitad de camino desde alona encontramos una pataforma en mitad del mar.\" \/>\n<meta name=\"robots\" content=\"index, follow, max-snippet:-1, max-image-preview:large, max-video-preview:-1\" \/>\n<link rel=\"canonical\" href=\"https:\/\/www.alonaboholdiversclub.com\/es\/zonas-de-buceo-en-bohol\/zona-de-buceo-en-cervera-shoal\/\" \/>\n<meta property=\"og:locale\" content=\"es_ES\" \/>\n<meta property=\"og:type\" content=\"article\" \/>\n<meta property=\"og:title\" content=\"Zona de buceo en Cervera Shoal Filipinas Centro Buceo Padi\" \/>\n<meta property=\"og:description\" content=\"Bueando en Cervera Shoal. Al sur de la isla de Pamilacan, a mitad de camino desde alona encontramos una pataforma en mitad del mar.\" \/>\n<meta property=\"og:url\" content=\"https:\/\/www.alonaboholdiversclub.com\/es\/zonas-de-buceo-en-bohol\/zona-de-buceo-en-cervera-shoal\/\" \/>\n<meta property=\"og:site_name\" content=\"Bohol Divers | Centro Buceo Filipinas\" \/>\n<meta property=\"article:publisher\" content=\"https:\/\/www.facebook.com\/boholdiversclub\/\" \/>\n<meta property=\"article:modified_time\" content=\"2020-05-04T12:36:03+00:00\" \/>\n<meta property=\"og:image\" content=\"https:\/\/www.alonaboholdiversclub.com\/es\/wp-content\/uploads\/2014\/05\/Bohol-Dive-Center-Alona-Filipinas-Club-Buceo-1050.jpg\" \/>\n\t<meta property=\"og:image:width\" content=\"768\" \/>\n\t<meta property=\"og:image:height\" content=\"600\" \/>\n\t<meta property=\"og:image:type\" content=\"image\/jpeg\" \/>\n<meta name=\"twitter:card\" content=\"summary_large_image\" \/>\n<meta name=\"twitter:site\" content=\"@boholdiversclub\" \/>\n<meta name=\"twitter:label1\" content=\"Tiempo de lectura\" \/>\n\t<meta name=\"twitter:data1\" content=\"3 minutos\" \/>\n<script type=\"application\/ld+json\" class=\"yoast-schema-graph\">{\"@context\":\"https:\/\/schema.org\",\"@graph\":[{\"@type\":\"WebPage\",\"@id\":\"https:\/\/www.alonaboholdiversclub.com\/es\/zonas-de-buceo-en-bohol\/zona-de-buceo-en-cervera-shoal\/\",\"url\":\"https:\/\/www.alonaboholdiversclub.com\/es\/zonas-de-buceo-en-bohol\/zona-de-buceo-en-cervera-shoal\/\",\"name\":\"Zona de buceo en Cervera Shoal Filipinas Centro Buceo Padi\",\"isPartOf\":{\"@id\":\"https:\/\/www.alonaboholdiversclub.com\/es\/#website\"},\"primaryImageOfPage\":{\"@id\":\"https:\/\/www.alonaboholdiversclub.com\/es\/zonas-de-buceo-en-bohol\/zona-de-buceo-en-cervera-shoal\/#primaryimage\"},\"image\":{\"@id\":\"https:\/\/www.alonaboholdiversclub.com\/es\/zonas-de-buceo-en-bohol\/zona-de-buceo-en-cervera-shoal\/#primaryimage\"},\"thumbnailUrl\":\"https:\/\/www.alonaboholdiversclub.com\/es\/wp-content\/uploads\/2014\/05\/Bohol-Dive-Center-Alona-Filipinas-Club-Buceo-1050.jpg\",\"datePublished\":\"2017-04-27T10:50:36+00:00\",\"dateModified\":\"2020-05-04T12:36:03+00:00\",\"description\":\"Bueando en Cervera Shoal. Al sur de la isla de Pamilacan, a mitad de camino desde alona encontramos una pataforma en mitad del mar.\",\"breadcrumb\":{\"@id\":\"https:\/\/www.alonaboholdiversclub.com\/es\/zonas-de-buceo-en-bohol\/zona-de-buceo-en-cervera-shoal\/#breadcrumb\"},\"inLanguage\":\"es\",\"potentialAction\":[{\"@type\":\"ReadAction\",\"target\":[\"https:\/\/www.alonaboholdiversclub.com\/es\/zonas-de-buceo-en-bohol\/zona-de-buceo-en-cervera-shoal\/\"]}]},{\"@type\":\"ImageObject\",\"inLanguage\":\"es\",\"@id\":\"https:\/\/www.alonaboholdiversclub.com\/es\/zonas-de-buceo-en-bohol\/zona-de-buceo-en-cervera-shoal\/#primaryimage\",\"url\":\"https:\/\/www.alonaboholdiversclub.com\/es\/wp-content\/uploads\/2014\/05\/Bohol-Dive-Center-Alona-Filipinas-Club-Buceo-1050.jpg\",\"contentUrl\":\"https:\/\/www.alonaboholdiversclub.com\/es\/wp-content\/uploads\/2014\/05\/Bohol-Dive-Center-Alona-Filipinas-Club-Buceo-1050.jpg\",\"width\":768,\"height\":600,\"caption\":\"Centro Buceo en Bohol Alona Filipinas Club Buceo\"},{\"@type\":\"BreadcrumbList\",\"@id\":\"https:\/\/www.alonaboholdiversclub.com\/es\/zonas-de-buceo-en-bohol\/zona-de-buceo-en-cervera-shoal\/#breadcrumb\",\"itemListElement\":[{\"@type\":\"ListItem\",\"position\":1,\"name\":\"Home\",\"item\":\"https:\/\/www.alonaboholdiversclub.com\/es\/\"},{\"@type\":\"ListItem\",\"position\":2,\"name\":\"Zonas de Buceo en Bohol\",\"item\":\"https:\/\/www.alonaboholdiversclub.com\/es\/zonas-de-buceo-en-bohol\/\"},{\"@type\":\"ListItem\",\"position\":3,\"name\":\"Zona de buceo en Cervera Shoal\"}]},{\"@type\":\"WebSite\",\"@id\":\"https:\/\/www.alonaboholdiversclub.com\/es\/#website\",\"url\":\"https:\/\/www.alonaboholdiversclub.com\/es\/\",\"name\":\"Bohol Divers | Centro Buceo Filipinas\",\"description\":\"Buceo en Filipinas\",\"potentialAction\":[{\"@type\":\"SearchAction\",\"target\":{\"@type\":\"EntryPoint\",\"urlTemplate\":\"https:\/\/www.alonaboholdiversclub.com\/es\/?s={search_term_string}\"},\"query-input\":\"required name=search_term_string\"}],\"inLanguage\":\"es\"}]}<\/script>\n<!-- \/ Yoast SEO plugin. -->","yoast_head_json":{"title":"Zona de buceo en Cervera Shoal Filipinas Centro Buceo Padi","description":"Bueando en Cervera Shoal. Al sur de la isla de Pamilacan, a mitad de camino desde alona encontramos una pataforma en mitad del mar.","robots":{"index":"index","follow":"follow","max-snippet":"max-snippet:-1","max-image-preview":"max-image-preview:large","max-video-preview":"max-video-preview:-1"},"canonical":"https:\/\/www.alonaboholdiversclub.com\/es\/zonas-de-buceo-en-bohol\/zona-de-buceo-en-cervera-shoal\/","og_locale":"es_ES","og_type":"article","og_title":"Zona de buceo en Cervera Shoal Filipinas Centro Buceo Padi","og_description":"Bueando en Cervera Shoal. Al sur de la isla de Pamilacan, a mitad de camino desde alona encontramos una pataforma en mitad del mar.","og_url":"https:\/\/www.alonaboholdiversclub.com\/es\/zonas-de-buceo-en-bohol\/zona-de-buceo-en-cervera-shoal\/","og_site_name":"Bohol Divers | Centro Buceo Filipinas","article_publisher":"https:\/\/www.facebook.com\/boholdiversclub\/","article_modified_time":"2020-05-04T12:36:03+00:00","og_image":[{"width":768,"height":600,"url":"https:\/\/www.alonaboholdiversclub.com\/es\/wp-content\/uploads\/2014\/05\/Bohol-Dive-Center-Alona-Filipinas-Club-Buceo-1050.jpg","type":"image\/jpeg"}],"twitter_card":"summary_large_image","twitter_site":"@boholdiversclub","twitter_misc":{"Tiempo de lectura":"3 minutos"},"schema":{"@context":"https:\/\/schema.org","@graph":[{"@type":"WebPage","@id":"https:\/\/www.alonaboholdiversclub.com\/es\/zonas-de-buceo-en-bohol\/zona-de-buceo-en-cervera-shoal\/","url":"https:\/\/www.alonaboholdiversclub.com\/es\/zonas-de-buceo-en-bohol\/zona-de-buceo-en-cervera-shoal\/","name":"Zona de buceo en Cervera Shoal Filipinas Centro Buceo Padi","isPartOf":{"@id":"https:\/\/www.alonaboholdiversclub.com\/es\/#website"},"primaryImageOfPage":{"@id":"https:\/\/www.alonaboholdiversclub.com\/es\/zonas-de-buceo-en-bohol\/zona-de-buceo-en-cervera-shoal\/#primaryimage"},"image":{"@id":"https:\/\/www.alonaboholdiversclub.com\/es\/zonas-de-buceo-en-bohol\/zona-de-buceo-en-cervera-shoal\/#primaryimage"},"thumbnailUrl":"https:\/\/www.alonaboholdiversclub.com\/es\/wp-content\/uploads\/2014\/05\/Bohol-Dive-Center-Alona-Filipinas-Club-Buceo-1050.jpg","datePublished":"2017-04-27T10:50:36+00:00","dateModified":"2020-05-04T12:36:03+00:00","description":"Bueando en Cervera Shoal. Al sur de la isla de Pamilacan, a mitad de camino desde alona encontramos una pataforma en mitad del mar.","breadcrumb":{"@id":"https:\/\/www.alonaboholdiversclub.com\/es\/zonas-de-buceo-en-bohol\/zona-de-buceo-en-cervera-shoal\/#breadcrumb"},"inLanguage":"es","potentialAction":[{"@type":"ReadAction","target":["https:\/\/www.alonaboholdiversclub.com\/es\/zonas-de-buceo-en-bohol\/zona-de-buceo-en-cervera-shoal\/"]}]},{"@type":"ImageObject","inLanguage":"es","@id":"https:\/\/www.alonaboholdiversclub.com\/es\/zonas-de-buceo-en-bohol\/zona-de-buceo-en-cervera-shoal\/#primaryimage","url":"https:\/\/www.alonaboholdiversclub.com\/es\/wp-content\/uploads\/2014\/05\/Bohol-Dive-Center-Alona-Filipinas-Club-Buceo-1050.jpg","contentUrl":"https:\/\/www.alonaboholdiversclub.com\/es\/wp-content\/uploads\/2014\/05\/Bohol-Dive-Center-Alona-Filipinas-Club-Buceo-1050.jpg","width":768,"height":600,"caption":"Centro Buceo en Bohol Alona Filipinas Club Buceo"},{"@type":"BreadcrumbList","@id":"https:\/\/www.alonaboholdiversclub.com\/es\/zonas-de-buceo-en-bohol\/zona-de-buceo-en-cervera-shoal\/#breadcrumb","itemListElement":[{"@type":"ListItem","position":1,"name":"Home","item":"https:\/\/www.alonaboholdiversclub.com\/es\/"},{"@type":"ListItem","position":2,"name":"Zonas de Buceo en Bohol","item":"https:\/\/www.alonaboholdiversclub.com\/es\/zonas-de-buceo-en-bohol\/"},{"@type":"ListItem","position":3,"name":"Zona de buceo en Cervera Shoal"}]},{"@type":"WebSite","@id":"https:\/\/www.alonaboholdiversclub.com\/es\/#website","url":"https:\/\/www.alonaboholdiversclub.com\/es\/","name":"Bohol Divers | Centro Buceo Filipinas","description":"Buceo en Filipinas","potentialAction":[{"@type":"SearchAction","target":{"@type":"EntryPoint","urlTemplate":"https:\/\/www.alonaboholdiversclub.com\/es\/?s={search_term_string}"},"query-input":"required name=search_term_string"}],"inLanguage":"es"}]}},"_links":{"self":[{"href":"https:\/\/www.alonaboholdiversclub.com\/es\/wp-json\/wp\/v2\/pages\/15781"}],"collection":[{"href":"https:\/\/www.alonaboholdiversclub.com\/es\/wp-json\/wp\/v2\/pages"}],"about":[{"href":"https:\/\/www.alonaboholdiversclub.com\/es\/wp-json\/wp\/v2\/types\/page"}],"author":[{"embeddable":true,"href":"https:\/\/www.alonaboholdiversclub.com\/es\/wp-json\/wp\/v2\/users\/2"}],"replies":[{"embeddable":true,"href":"https:\/\/www.alonaboholdiversclub.com\/es\/wp-json\/wp\/v2\/comments?post=15781"}],"version-history":[{"count":0,"href":"https:\/\/www.alonaboholdiversclub.com\/es\/wp-json\/wp\/v2\/pages\/15781\/revisions"}],"up":[{"embeddable":true,"href":"https:\/\/www.alonaboholdiversclub.com\/es\/wp-json\/wp\/v2\/pages\/16033"}],"wp:featuredmedia":[{"embeddable":true,"href":"https:\/\/www.alonaboholdiversclub.com\/es\/wp-json\/wp\/v2\/media\/15620"}],"wp:attachment":[{"href":"https:\/\/www.alonaboholdiversclub.com\/es\/wp-json\/wp\/v2\/media?parent=15781"}],"curies":[{"name":"wp","href":"https:\/\/api.w.org\/{rel}","templated":true}]}}