{"id":15777,"date":"2017-04-27T10:43:11","date_gmt":"2017-04-27T10:43:11","guid":{"rendered":"http:\/\/s672431363.mialojamiento.es\/?page_id=15777"},"modified":"2024-02-28T16:39:21","modified_gmt":"2024-02-28T16:39:21","slug":"zona-de-buceo-en-pamilacan","status":"publish","type":"page","link":"https:\/\/www.alonaboholdiversclub.com\/es\/zonas-de-buceo-en-bohol\/zona-de-buceo-en-pamilacan\/","title":{"rendered":"Zona de buceo en Pamilacan"},"content":{"rendered":"<p>[vc_row css_animation=\u00bb\u00bb row_type=\u00bbrow\u00bb use_row_as_full_screen_section=\u00bbno\u00bb type=\u00bbgrid\u00bb angled_section=\u00bbno\u00bb text_align=\u00bbleft\u00bb background_image_as_pattern=\u00bbwithout_pattern\u00bb][vc_column][vc_separator type=\u00bbtransparent\u00bb up=\u00bb32&#8243; down=\u00bb0&#8243;][vc_single_image image=\u00bb17741&#8243; img_size=\u00bbfull\u00bb alignment=\u00bbcenter\u00bb qode_css_animation=\u00bb\u00bb][vc_column_text]<\/p>\n<p>&nbsp;<\/p>\n<p>[\/vc_column_text][vc_column_text]La isla de Pamilacan tiene un arrecife en sus pendientes escalonadas, grandes zonas de coral duro cubiertos de coloridos peces de arrecife, vida m\u00e1s peque\u00f1a y tambi\u00e9n especies m\u00e1s grandes como tortugas o barracudas.<\/p>\n<p>&nbsp;<\/p>\n<p>Est\u00e1 situada a unos 40 minutos en barco desde nuestro centro de buceo en la playa de Alona.[\/vc_column_text][vc_column_text]<\/p>\n<p>&nbsp;<\/p>\n<p>[\/vc_column_text][\/vc_column][\/vc_row][vc_row css_animation=\u00bb\u00bb row_type=\u00bbrow\u00bb use_row_as_full_screen_section=\u00bbno\u00bb type=\u00bbgrid\u00bb angled_section=\u00bbno\u00bb text_align=\u00bbleft\u00bb background_image_as_pattern=\u00bbwithout_pattern\u00bb background_color=\u00bb#1e1e1e\u00bb padding_top=\u00bb104&#8243; padding_bottom=\u00bb65&#8243;][vc_column width=\u00bb1\/2&#8243;][vc_separator type=\u00bbtransparent\u00bb up=\u00bb32&#8243; down=\u00bb0&#8243;][vc_column_text]<\/p>\n<h4><span style=\"color: #ffffff;\">25. SANCTUARY<\/span><\/h4>\n<p>[\/vc_column_text][vc_separator type=\u00bbsmall\u00bb position=\u00bbleft\u00bb up=\u00bb23&#8243; down=\u00bb19&#8243;][vc_column_text]<strong>Profundidad:<\/strong><br \/>\n3-30 metros<\/p>\n<p>&nbsp;<\/p>\n<p><strong>Descripci\u00f3n:<\/strong><br \/>\nA mano derecha de la torre espa\u00f1ola encontramos una zona acotada por boyas donde esta prohibido el buceo, el santuario. Saltamos unos 500 metros antes de las boyas que delimitan el santuario. Comenzamos en una zona poco profunda repleta de corales para desdender por una pendiente pronunciada rica en vida macro. Cuando llegamos a las boyas salimos al azul y hacemos la parada de seguridad.<\/p>\n<p>&nbsp;<\/p>\n<p><strong>Vida marina:<\/strong><br \/>\nSepias, nudibranquios, labios dulces, tortugas, peces pipa, peces rana, etc.[\/vc_column_text][vc_separator type=\u00bbtransparent\u00bb up=\u00bb32&#8243; down=\u00bb0&#8243;][vc_single_image image=\u00bb16344&#8243; img_size=\u00bbfull\u00bb qode_css_animation=\u00bb\u00bb][\/vc_column][vc_column width=\u00bb1\/2&#8243;][vc_separator type=\u00bbtransparent\u00bb up=\u00bb32&#8243; down=\u00bb0&#8243;][vc_column_text]<\/p>\n<h4><span style=\"color: #ffffff;\">26. SPANISH TOWER<\/span><\/h4>\n<p>[\/vc_column_text][vc_separator type=\u00bbsmall\u00bb position=\u00bbleft\u00bb up=\u00bb23&#8243; down=\u00bb19&#8243;][vc_column_text]<strong>Profundidad:<\/strong><br \/>\n3-30 metros<\/p>\n<p>&nbsp;<\/p>\n<p><strong>Descripci\u00f3n:<\/strong><br \/>\nComenzamos el buceo en frente de la torre de vigia espa\u00f1ola de 200 a\u00f1os de antig\u00fcedad en el noroeste de la isla, con una pendiente de arena con enormes rocas y formaciones coralinas, la parte poco profunda est\u00e1 poblada de corales. Es una buena zona para el snorkel.<\/p>\n<p>&nbsp;<\/p>\n<p><strong>Vida marina:<\/strong><br \/>\nPez mandar\u00edn, sepias, pez pipa fantasma, nudibranquios, peces le\u00f3n, peces globo, pez cirujano, etc.[\/vc_column_text][vc_separator type=\u00bbtransparent\u00bb up=\u00bb32&#8243; down=\u00bb0&#8243;][vc_single_image image=\u00bb16345&#8243; img_size=\u00bbfull\u00bb qode_css_animation=\u00bb\u00bb][\/vc_column][\/vc_row][vc_row css_animation=\u00bb\u00bb row_type=\u00bbrow\u00bb use_row_as_full_screen_section=\u00bbno\u00bb type=\u00bbgrid\u00bb angled_section=\u00bbno\u00bb text_align=\u00bbleft\u00bb background_image_as_pattern=\u00bbwithout_pattern\u00bb background_color=\u00bb#1e1e1e\u00bb padding_top=\u00bb104&#8243; padding_bottom=\u00bb65&#8243;][vc_column width=\u00bb1\/2&#8243;][vc_separator type=\u00bbtransparent\u00bb up=\u00bb32&#8243; down=\u00bb0&#8243;][vc_column_text]<\/p>\n<h4><span style=\"color: #ffffff;\">27. DAKIT DAKIT<\/span><\/h4>\n<p>[\/vc_column_text][vc_separator type=\u00bbsmall\u00bb position=\u00bbleft\u00bb up=\u00bb23&#8243; down=\u00bb19&#8243;][vc_column_text]<strong>Profundidad:<\/strong><br \/>\n10-35 metros<br \/>\n<strong>Descripci\u00f3n:<\/strong><br \/>\nDakit Dakit significa \u00e1rbol en visaya. Este punto de buceo, al sureste de la isla, recibe el nombre por este \u00e1rbol que se encuentra justo en frente saliendo del mar. Aqu\u00ed encontramos una pendiente de arena progresiva con corales blandos y formaciones de coral. Sorprende la gran cantidad de arboles de coral sol negro y es com\u00fan encontrarse con una escuela de jureles (jackfish) en el azul. Solemos encontrar una corriente moderada.<\/p>\n<p>&nbsp;<\/p>\n<p><strong>Vida marina:<\/strong><br \/>\nEn la zona de arena encontramos rayas escondidas, tortugas, nudibranquios, peces unicornio, serpientes, barracudas y Jackfish entre otros.[\/vc_column_text][vc_separator type=\u00bbtransparent\u00bb up=\u00bb32&#8243; down=\u00bb0&#8243;][vc_single_image image=\u00bb16346&#8243; img_size=\u00bbfull\u00bb qode_css_animation=\u00bb\u00bb][\/vc_column][vc_column width=\u00bb1\/2&#8243;][\/vc_column][\/vc_row][vc_row css_animation=\u00bb\u00bb row_type=\u00bbrow\u00bb use_row_as_full_screen_section=\u00bbno\u00bb type=\u00bbfull_width\u00bb angled_section=\u00bbno\u00bb text_align=\u00bbleft\u00bb background_image_as_pattern=\u00bbwithout_pattern\u00bb background_color=\u00bb#611194&#8243;][vc_column]<div class=\"call_to_action normal\" style=\"background-color: #611194;padding-top: 57px;padding-bottom: 59px;\"><div class=\"container_inner\"><div class=\"two_columns_75_25 clearfix\"><div class=\"text_wrapper column1\"><div class=\"call_to_action_text\" style=\"font-size:20px;font-weight: 400;\"><\/p>\n<h4>\u00bfQUIERES M\u00c1S INFORMACI\u00d3N? ENVIANOS UN CORREO ELECTR\u00d3NICO CON CUALQUIER PREGUNTA<\/h4>\n<p><\/div><\/div><div class=\"button_wrapper column2\"><a href=\"http:\/\/www.alonaboholdiversclub.com\/es\/contacto\" class=\"qbutton white \" target=\"\" style=\"color: #611194;border-color: #ffffff;background-color: #ffffff;\"data-hover-background-color=#611194 data-hover-border-color=#ffffff data-hover-color=#ffffff>CONTACTO<\/a><\/div><\/div><\/div><\/div>[\/vc_column][\/vc_row]<\/p>\n","protected":false},"excerpt":{"rendered":"<p>[vc_row css_animation=\u00bb\u00bb row_type=\u00bbrow\u00bb use_row_as_full_screen_section=\u00bbno\u00bb type=\u00bbgrid\u00bb angled_section=\u00bbno\u00bb text_align=\u00bbleft\u00bb background_image_as_pattern=\u00bbwithout_pattern\u00bb][vc_column][vc_separator type=\u00bbtransparent\u00bb up=\u00bb32&#8243; down=\u00bb0&#8243;][vc_single_image image=\u00bb17741&#8243; img_size=\u00bbfull\u00bb alignment=\u00bbcenter\u00bb qode_css_animation=\u00bb\u00bb][vc_column_text] &nbsp; [\/vc_column_text][vc_column_text]La isla de Pamilacan tiene un arrecife en sus pendientes escalonadas, grandes zonas de coral duro cubiertos de coloridos peces de arrecife, vida m\u00e1s peque\u00f1a y tambi\u00e9n especies m\u00e1s&#8230;<\/p>\n","protected":false},"author":2,"featured_media":15627,"parent":16033,"menu_order":0,"comment_status":"closed","ping_status":"closed","template":"full_width.php","meta":{"footnotes":""},"yoast_head":"<!-- This site is optimized with the Yoast SEO plugin v22.4 - https:\/\/yoast.com\/wordpress\/plugins\/seo\/ -->\n<title>Zona de buceo en Pamilacan Filipinas Padi Dive Center<\/title>\n<meta name=\"description\" content=\"A 12 km de la playa de Alona. En los \u00faltimos a\u00f1os es notable c\u00f3mo la cantidad de vida marina est\u00e1 creciendo m\u00e1s y m\u00e1s!\" \/>\n<meta name=\"robots\" content=\"index, follow, max-snippet:-1, max-image-preview:large, max-video-preview:-1\" \/>\n<link rel=\"canonical\" href=\"https:\/\/www.alonaboholdiversclub.com\/es\/zonas-de-buceo-en-bohol\/zona-de-buceo-en-pamilacan\/\" \/>\n<meta property=\"og:locale\" content=\"es_ES\" \/>\n<meta property=\"og:type\" content=\"article\" \/>\n<meta property=\"og:title\" content=\"Zona de buceo en Pamilacan Filipinas Padi Dive Center\" \/>\n<meta property=\"og:description\" content=\"A 12 km de la playa de Alona. En los \u00faltimos a\u00f1os es notable c\u00f3mo la cantidad de vida marina est\u00e1 creciendo m\u00e1s y m\u00e1s!\" \/>\n<meta property=\"og:url\" content=\"https:\/\/www.alonaboholdiversclub.com\/es\/zonas-de-buceo-en-bohol\/zona-de-buceo-en-pamilacan\/\" \/>\n<meta property=\"og:site_name\" content=\"Bohol Divers | Centro Buceo Filipinas\" \/>\n<meta property=\"article:publisher\" content=\"https:\/\/www.facebook.com\/boholdiversclub\/\" \/>\n<meta property=\"article:modified_time\" content=\"2024-02-28T16:39:21+00:00\" \/>\n<meta property=\"og:image\" content=\"https:\/\/www.alonaboholdiversclub.com\/es\/wp-content\/uploads\/2014\/05\/Bohol-Dive-Center-Alona-Filipinas-Club-Buceo-1115.jpg\" \/>\n\t<meta property=\"og:image:width\" content=\"826\" \/>\n\t<meta property=\"og:image:height\" content=\"600\" \/>\n\t<meta property=\"og:image:type\" content=\"image\/jpeg\" \/>\n<meta name=\"twitter:card\" content=\"summary_large_image\" \/>\n<meta name=\"twitter:site\" content=\"@boholdiversclub\" \/>\n<meta name=\"twitter:label1\" content=\"Tiempo de lectura\" \/>\n\t<meta name=\"twitter:data1\" content=\"3 minutos\" \/>\n<script type=\"application\/ld+json\" class=\"yoast-schema-graph\">{\"@context\":\"https:\/\/schema.org\",\"@graph\":[{\"@type\":\"WebPage\",\"@id\":\"https:\/\/www.alonaboholdiversclub.com\/es\/zonas-de-buceo-en-bohol\/zona-de-buceo-en-pamilacan\/\",\"url\":\"https:\/\/www.alonaboholdiversclub.com\/es\/zonas-de-buceo-en-bohol\/zona-de-buceo-en-pamilacan\/\",\"name\":\"Zona de buceo en Pamilacan Filipinas Padi Dive Center\",\"isPartOf\":{\"@id\":\"https:\/\/www.alonaboholdiversclub.com\/es\/#website\"},\"primaryImageOfPage\":{\"@id\":\"https:\/\/www.alonaboholdiversclub.com\/es\/zonas-de-buceo-en-bohol\/zona-de-buceo-en-pamilacan\/#primaryimage\"},\"image\":{\"@id\":\"https:\/\/www.alonaboholdiversclub.com\/es\/zonas-de-buceo-en-bohol\/zona-de-buceo-en-pamilacan\/#primaryimage\"},\"thumbnailUrl\":\"https:\/\/www.alonaboholdiversclub.com\/es\/wp-content\/uploads\/2014\/05\/Bohol-Dive-Center-Alona-Filipinas-Club-Buceo-1115.jpg\",\"datePublished\":\"2017-04-27T10:43:11+00:00\",\"dateModified\":\"2024-02-28T16:39:21+00:00\",\"description\":\"A 12 km de la playa de Alona. En los \u00faltimos a\u00f1os es notable c\u00f3mo la cantidad de vida marina est\u00e1 creciendo m\u00e1s y m\u00e1s!\",\"breadcrumb\":{\"@id\":\"https:\/\/www.alonaboholdiversclub.com\/es\/zonas-de-buceo-en-bohol\/zona-de-buceo-en-pamilacan\/#breadcrumb\"},\"inLanguage\":\"es\",\"potentialAction\":[{\"@type\":\"ReadAction\",\"target\":[\"https:\/\/www.alonaboholdiversclub.com\/es\/zonas-de-buceo-en-bohol\/zona-de-buceo-en-pamilacan\/\"]}]},{\"@type\":\"ImageObject\",\"inLanguage\":\"es\",\"@id\":\"https:\/\/www.alonaboholdiversclub.com\/es\/zonas-de-buceo-en-bohol\/zona-de-buceo-en-pamilacan\/#primaryimage\",\"url\":\"https:\/\/www.alonaboholdiversclub.com\/es\/wp-content\/uploads\/2014\/05\/Bohol-Dive-Center-Alona-Filipinas-Club-Buceo-1115.jpg\",\"contentUrl\":\"https:\/\/www.alonaboholdiversclub.com\/es\/wp-content\/uploads\/2014\/05\/Bohol-Dive-Center-Alona-Filipinas-Club-Buceo-1115.jpg\",\"width\":826,\"height\":600,\"caption\":\"Centro Buceo en Bohol Alona Filipinas Club Buceo\"},{\"@type\":\"BreadcrumbList\",\"@id\":\"https:\/\/www.alonaboholdiversclub.com\/es\/zonas-de-buceo-en-bohol\/zona-de-buceo-en-pamilacan\/#breadcrumb\",\"itemListElement\":[{\"@type\":\"ListItem\",\"position\":1,\"name\":\"Home\",\"item\":\"https:\/\/www.alonaboholdiversclub.com\/es\/\"},{\"@type\":\"ListItem\",\"position\":2,\"name\":\"Zonas de Buceo en Bohol\",\"item\":\"https:\/\/www.alonaboholdiversclub.com\/es\/zonas-de-buceo-en-bohol\/\"},{\"@type\":\"ListItem\",\"position\":3,\"name\":\"Zona de buceo en Pamilacan\"}]},{\"@type\":\"WebSite\",\"@id\":\"https:\/\/www.alonaboholdiversclub.com\/es\/#website\",\"url\":\"https:\/\/www.alonaboholdiversclub.com\/es\/\",\"name\":\"Bohol Divers | Centro Buceo Filipinas\",\"description\":\"Buceo en Filipinas\",\"potentialAction\":[{\"@type\":\"SearchAction\",\"target\":{\"@type\":\"EntryPoint\",\"urlTemplate\":\"https:\/\/www.alonaboholdiversclub.com\/es\/?s={search_term_string}\"},\"query-input\":\"required name=search_term_string\"}],\"inLanguage\":\"es\"}]}<\/script>\n<!-- \/ Yoast SEO plugin. -->","yoast_head_json":{"title":"Zona de buceo en Pamilacan Filipinas Padi Dive Center","description":"A 12 km de la playa de Alona. En los \u00faltimos a\u00f1os es notable c\u00f3mo la cantidad de vida marina est\u00e1 creciendo m\u00e1s y m\u00e1s!","robots":{"index":"index","follow":"follow","max-snippet":"max-snippet:-1","max-image-preview":"max-image-preview:large","max-video-preview":"max-video-preview:-1"},"canonical":"https:\/\/www.alonaboholdiversclub.com\/es\/zonas-de-buceo-en-bohol\/zona-de-buceo-en-pamilacan\/","og_locale":"es_ES","og_type":"article","og_title":"Zona de buceo en Pamilacan Filipinas Padi Dive Center","og_description":"A 12 km de la playa de Alona. En los \u00faltimos a\u00f1os es notable c\u00f3mo la cantidad de vida marina est\u00e1 creciendo m\u00e1s y m\u00e1s!","og_url":"https:\/\/www.alonaboholdiversclub.com\/es\/zonas-de-buceo-en-bohol\/zona-de-buceo-en-pamilacan\/","og_site_name":"Bohol Divers | Centro Buceo Filipinas","article_publisher":"https:\/\/www.facebook.com\/boholdiversclub\/","article_modified_time":"2024-02-28T16:39:21+00:00","og_image":[{"width":826,"height":600,"url":"https:\/\/www.alonaboholdiversclub.com\/es\/wp-content\/uploads\/2014\/05\/Bohol-Dive-Center-Alona-Filipinas-Club-Buceo-1115.jpg","type":"image\/jpeg"}],"twitter_card":"summary_large_image","twitter_site":"@boholdiversclub","twitter_misc":{"Tiempo de lectura":"3 minutos"},"schema":{"@context":"https:\/\/schema.org","@graph":[{"@type":"WebPage","@id":"https:\/\/www.alonaboholdiversclub.com\/es\/zonas-de-buceo-en-bohol\/zona-de-buceo-en-pamilacan\/","url":"https:\/\/www.alonaboholdiversclub.com\/es\/zonas-de-buceo-en-bohol\/zona-de-buceo-en-pamilacan\/","name":"Zona de buceo en Pamilacan Filipinas Padi Dive Center","isPartOf":{"@id":"https:\/\/www.alonaboholdiversclub.com\/es\/#website"},"primaryImageOfPage":{"@id":"https:\/\/www.alonaboholdiversclub.com\/es\/zonas-de-buceo-en-bohol\/zona-de-buceo-en-pamilacan\/#primaryimage"},"image":{"@id":"https:\/\/www.alonaboholdiversclub.com\/es\/zonas-de-buceo-en-bohol\/zona-de-buceo-en-pamilacan\/#primaryimage"},"thumbnailUrl":"https:\/\/www.alonaboholdiversclub.com\/es\/wp-content\/uploads\/2014\/05\/Bohol-Dive-Center-Alona-Filipinas-Club-Buceo-1115.jpg","datePublished":"2017-04-27T10:43:11+00:00","dateModified":"2024-02-28T16:39:21+00:00","description":"A 12 km de la playa de Alona. En los \u00faltimos a\u00f1os es notable c\u00f3mo la cantidad de vida marina est\u00e1 creciendo m\u00e1s y m\u00e1s!","breadcrumb":{"@id":"https:\/\/www.alonaboholdiversclub.com\/es\/zonas-de-buceo-en-bohol\/zona-de-buceo-en-pamilacan\/#breadcrumb"},"inLanguage":"es","potentialAction":[{"@type":"ReadAction","target":["https:\/\/www.alonaboholdiversclub.com\/es\/zonas-de-buceo-en-bohol\/zona-de-buceo-en-pamilacan\/"]}]},{"@type":"ImageObject","inLanguage":"es","@id":"https:\/\/www.alonaboholdiversclub.com\/es\/zonas-de-buceo-en-bohol\/zona-de-buceo-en-pamilacan\/#primaryimage","url":"https:\/\/www.alonaboholdiversclub.com\/es\/wp-content\/uploads\/2014\/05\/Bohol-Dive-Center-Alona-Filipinas-Club-Buceo-1115.jpg","contentUrl":"https:\/\/www.alonaboholdiversclub.com\/es\/wp-content\/uploads\/2014\/05\/Bohol-Dive-Center-Alona-Filipinas-Club-Buceo-1115.jpg","width":826,"height":600,"caption":"Centro Buceo en Bohol Alona Filipinas Club Buceo"},{"@type":"BreadcrumbList","@id":"https:\/\/www.alonaboholdiversclub.com\/es\/zonas-de-buceo-en-bohol\/zona-de-buceo-en-pamilacan\/#breadcrumb","itemListElement":[{"@type":"ListItem","position":1,"name":"Home","item":"https:\/\/www.alonaboholdiversclub.com\/es\/"},{"@type":"ListItem","position":2,"name":"Zonas de Buceo en Bohol","item":"https:\/\/www.alonaboholdiversclub.com\/es\/zonas-de-buceo-en-bohol\/"},{"@type":"ListItem","position":3,"name":"Zona de buceo en Pamilacan"}]},{"@type":"WebSite","@id":"https:\/\/www.alonaboholdiversclub.com\/es\/#website","url":"https:\/\/www.alonaboholdiversclub.com\/es\/","name":"Bohol Divers | Centro Buceo Filipinas","description":"Buceo en Filipinas","potentialAction":[{"@type":"SearchAction","target":{"@type":"EntryPoint","urlTemplate":"https:\/\/www.alonaboholdiversclub.com\/es\/?s={search_term_string}"},"query-input":"required name=search_term_string"}],"inLanguage":"es"}]}},"_links":{"self":[{"href":"https:\/\/www.alonaboholdiversclub.com\/es\/wp-json\/wp\/v2\/pages\/15777"}],"collection":[{"href":"https:\/\/www.alonaboholdiversclub.com\/es\/wp-json\/wp\/v2\/pages"}],"about":[{"href":"https:\/\/www.alonaboholdiversclub.com\/es\/wp-json\/wp\/v2\/types\/page"}],"author":[{"embeddable":true,"href":"https:\/\/www.alonaboholdiversclub.com\/es\/wp-json\/wp\/v2\/users\/2"}],"replies":[{"embeddable":true,"href":"https:\/\/www.alonaboholdiversclub.com\/es\/wp-json\/wp\/v2\/comments?post=15777"}],"version-history":[{"count":3,"href":"https:\/\/www.alonaboholdiversclub.com\/es\/wp-json\/wp\/v2\/pages\/15777\/revisions"}],"predecessor-version":[{"id":17743,"href":"https:\/\/www.alonaboholdiversclub.com\/es\/wp-json\/wp\/v2\/pages\/15777\/revisions\/17743"}],"up":[{"embeddable":true,"href":"https:\/\/www.alonaboholdiversclub.com\/es\/wp-json\/wp\/v2\/pages\/16033"}],"wp:featuredmedia":[{"embeddable":true,"href":"https:\/\/www.alonaboholdiversclub.com\/es\/wp-json\/wp\/v2\/media\/15627"}],"wp:attachment":[{"href":"https:\/\/www.alonaboholdiversclub.com\/es\/wp-json\/wp\/v2\/media?parent=15777"}],"curies":[{"name":"wp","href":"https:\/\/api.w.org\/{rel}","templated":true}]}}