{"id":15763,"date":"2017-04-27T10:29:23","date_gmt":"2017-04-27T10:29:23","guid":{"rendered":"http:\/\/s672431363.mialojamiento.es\/?page_id=15763"},"modified":"2024-02-28T16:33:14","modified_gmt":"2024-02-28T16:33:14","slug":"zona-buceo-en-balicasag","status":"publish","type":"page","link":"https:\/\/www.alonaboholdiversclub.com\/es\/zonas-de-buceo-en-bohol\/zona-buceo-en-balicasag\/","title":{"rendered":"Zona Buceo en Balicasag"},"content":{"rendered":"<p>[vc_row css_animation=\u00bb\u00bb row_type=\u00bbrow\u00bb use_row_as_full_screen_section=\u00bbno\u00bb type=\u00bbgrid\u00bb angled_section=\u00bbno\u00bb text_align=\u00bbleft\u00bb background_image_as_pattern=\u00bbwithout_pattern\u00bb][vc_column][vc_single_image image=\u00bb17736&#8243; img_size=\u00bblarge\u00bb alignment=\u00bbcenter\u00bb qode_css_animation=\u00bb\u00bb][vc_separator type=\u00bbnormal\u00bb up=\u00bb30&#8243;][vc_column_text]La isla de Balicasag, un para\u00edso submarino lleno de vida, esta situada a solo 12 km de nuestro dive center, unos 30 minutos en barco.<\/p>\n<p>&nbsp;<\/p>\n<p>Podr\u00e1s disfrutar de corales y vida marina como tortugas, serpientes, morenas, peces rana y mucho m\u00e1s en sus puntos de buceo.[\/vc_column_text][vc_separator type=\u00bbnormal\u00bb up=\u00bb30&#8243;][\/vc_column][\/vc_row][vc_row css_animation=\u00bb\u00bb row_type=\u00bbrow\u00bb use_row_as_full_screen_section=\u00bbno\u00bb type=\u00bbgrid\u00bb angled_section=\u00bbno\u00bb text_align=\u00bbleft\u00bb background_image_as_pattern=\u00bbwithout_pattern\u00bb background_color=\u00bb#1e1e1e\u00bb padding_top=\u00bb104&#8243; padding_bottom=\u00bb65&#8243;][vc_column width=\u00bb1\/2&#8243;][vc_separator type=\u00bbtransparent\u00bb up=\u00bb32&#8243; down=\u00bb0&#8243;][vc_column_text]<\/p>\n<h4><span style=\"color: #ffffff;\">19. DIVER\u2019S HEAVEN<\/span><\/h4>\n<p>[\/vc_column_text][vc_separator type=\u00bbsmall\u00bb position=\u00bbleft\u00bb up=\u00bb23&#8243; down=\u00bb19&#8243;][vc_column_text]<strong>Profundidad:<\/strong><br \/>\n8 \u2013 35 metros<\/p>\n<p>&nbsp;<\/p>\n<p><strong>Descripci\u00f3n:<\/strong><br \/>\nEntre el Jardin real y el santuario encontramos esta pendiente pronunciada decorada con grandes gorgonias, extraplomos, plataformas y corales.Durante los meses de invierno sus cuevas sirven de refugio para los tiburones de puntas blancas. En el azul podemos encontrar barracudas, tortugas, jureles, y las brillantes caballas de boca grande.<\/p>\n<p>&nbsp;<\/p>\n<p>&nbsp;<\/p>\n<p><strong>Vida marina:<\/strong><br \/>\nJureles de aleta azul, caballas, peces rana, morenas, peces escorpi\u00f3n, barracudas, tortugas, etc.[\/vc_column_text][vc_separator type=\u00bbtransparent\u00bb up=\u00bb32&#8243; down=\u00bb0&#8243;][vc_single_image image=\u00bb16337&#8243; img_size=\u00bbfull\u00bb qode_css_animation=\u00bb\u00bb][\/vc_column][vc_column width=\u00bb1\/2&#8243;][vc_separator type=\u00bbtransparent\u00bb up=\u00bb32&#8243; down=\u00bb0&#8243;][vc_column_text]<\/p>\n<h4><span style=\"color: #ffffff;\">20. MARINE SANCTUARY<\/span><\/h4>\n<p>[\/vc_column_text][vc_separator type=\u00bbsmall\u00bb position=\u00bbleft\u00bb up=\u00bb23&#8243; down=\u00bb19&#8243;][vc_column_text]<strong>Profundidad:<\/strong><br \/>\n3-35 metros<\/p>\n<p>&nbsp;<\/p>\n<p><strong>Corriente:<\/strong><br \/>\nA veces corriente suave<\/p>\n<p>&nbsp;<\/p>\n<p><strong>Descripci\u00f3n:<\/strong><br \/>\nEste punto de buceo se encuentra delimitado por unas boyas rojas justo en frente del \u00fanico resort de la isla. Es una pared que comienza en 3 metros y baja hasta los 60 en su punto mas profundo, la pared esta llena de salientes, cavernas y plataformas. Generalmente podemos encontrar aqu\u00ed una escuela de caranjidos de ojo grande o tambien conocidos como jackfish, que nadan en c\u00edrculos formando un tornado.La pared tambien esta adornada con impresionantes gorgonias de mas de 2 metros. Terminamos el buceo en la zona poco profunda del santuario que esta poblada de corales. Es un sitio ideal para hacer esnorkel.[\/vc_column_text][vc_separator type=\u00bbtransparent\u00bb up=\u00bb32&#8243; down=\u00bb0&#8243;][vc_single_image image=\u00bb16339&#8243; img_size=\u00bbfull\u00bb qode_css_animation=\u00bb\u00bb][\/vc_column][\/vc_row][vc_row css_animation=\u00bb\u00bb row_type=\u00bbrow\u00bb use_row_as_full_screen_section=\u00bbno\u00bb type=\u00bbgrid\u00bb angled_section=\u00bbno\u00bb text_align=\u00bbleft\u00bb background_image_as_pattern=\u00bbwithout_pattern\u00bb background_color=\u00bb#1e1e1e\u00bb padding_top=\u00bb104&#8243; padding_bottom=\u00bb65&#8243;][vc_column width=\u00bb1\/2&#8243;][vc_separator type=\u00bbtransparent\u00bb up=\u00bb32&#8243; down=\u00bb0&#8243;][vc_column_text]<\/p>\n<h4><span style=\"color: #ffffff;\">21. RUDY\u00b4S ROCK <\/span><\/h4>\n<p>[\/vc_column_text][vc_separator type=\u00bbsmall\u00bb position=\u00bbleft\u00bb up=\u00bb23&#8243; down=\u00bb19&#8243;][vc_column_text]<strong>Profundidad:<\/strong><br \/>\n8-40 metros<\/p>\n<p>&nbsp;<\/p>\n<p><strong>Descripci\u00f3n:<\/strong><br \/>\nProfunda pendiente con increibles corales, peque\u00f1as cavernas y grietas. En la parte poco profunda, el jard\u00edn de coral es rico en corales blandos y acroporas , En las grieta y cavernas de la pared son comunes los meros y los labios dulces, tambien a veces podemos encontrar al tornado de Jackfish.<\/p>\n<p>&nbsp;<\/p>\n<p>&nbsp;<\/p>\n<p><strong>Vida Marina:<\/strong><br \/>\nJackfish,peces cirujano, peces trompeta, meros, labios dulces, peces aguja, barracudas, etc.[\/vc_column_text][vc_separator type=\u00bbtransparent\u00bb up=\u00bb32&#8243; down=\u00bb0&#8243;][vc_single_image image=\u00bb16340&#8243; img_size=\u00bbfull\u00bb qode_css_animation=\u00bb\u00bb][\/vc_column][vc_column width=\u00bb1\/2&#8243;][vc_separator type=\u00bbtransparent\u00bb up=\u00bb32&#8243; down=\u00bb0&#8243;][vc_column_text]<\/p>\n<h4><span style=\"color: #ffffff;\">22. BLACK FOREST<\/span><\/h4>\n<p>[\/vc_column_text][vc_separator type=\u00bbsmall\u00bb position=\u00bbleft\u00bb up=\u00bb23&#8243; down=\u00bb19&#8243;][vc_column_text]<strong>Profundidad:<\/strong><br \/>\n8-40 metros<\/p>\n<p>&nbsp;<\/p>\n<p><strong>Corriente:<\/strong><br \/>\nA veces podemos encontrar corriente<\/p>\n<p>&nbsp;<\/p>\n<p><strong>Descripci\u00f3n:<\/strong><br \/>\nEste punto es el mas famoso de Balicasag debido a su gran biodiversidad. Recibe su nombre, Bosque negro, debido a que encontramos coral negro entre 35 y 40 metros. Comenzamos la inmersi\u00f3n en la zona de arena poco profunda, que esta repleta de formaciones de coral con abundante vida macro asi como infinidad de peces de arrecife. A unos 12 metros comienza la pendiente con abundante coral, tanto duro como blando , que desciende hasta los 40 metros donde podemos encontrar el coral negro. En algunas ocasiones podemos encontrar corriente, en ese caso nos dejaremos llevar por ella.<\/p>\n<p>&nbsp;<\/p>\n<p>&nbsp;<\/p>\n<p><strong>Vida Marina:<\/strong><br \/>\nCoral duro y Blando, sponjas barril, tortugas, peces loro, damiselas, barracudas, meros, trevallys , peces ballesta( atentos en los meses de Mayo, Junio y Julio, ya que est\u00e1n protegiendo los nidos y pueden atacarte) peces rana, etc.[\/vc_column_text][vc_separator type=\u00bbtransparent\u00bb up=\u00bb32&#8243; down=\u00bb0&#8243;][vc_single_image image=\u00bb16341&#8243; img_size=\u00bbfull\u00bb qode_css_animation=\u00bb\u00bb][\/vc_column][\/vc_row][vc_row css_animation=\u00bb\u00bb row_type=\u00bbrow\u00bb use_row_as_full_screen_section=\u00bbno\u00bb type=\u00bbgrid\u00bb angled_section=\u00bbno\u00bb text_align=\u00bbleft\u00bb background_image_as_pattern=\u00bbwithout_pattern\u00bb background_color=\u00bb#1e1e1e\u00bb padding_top=\u00bb104&#8243; padding_bottom=\u00bb65&#8243;][vc_column width=\u00bb1\/2&#8243;][vc_separator type=\u00bbtransparent\u00bb up=\u00bb32&#8243; down=\u00bb0&#8243;][vc_column_text]<\/p>\n<h4><span style=\"color: #ffffff;\">23. ROYAL GARDEN<\/span><\/h4>\n<p>[\/vc_column_text][vc_separator type=\u00bbsmall\u00bb position=\u00bbleft\u00bb up=\u00bb23&#8243; down=\u00bb19&#8243;][vc_column_text]<strong>Profundidad:<\/strong><br \/>\n8-35 metros<\/p>\n<p>&nbsp;<\/p>\n<p><strong>Descripci\u00f3n:<\/strong><br \/>\nPendiente de arena que comienza en la playa hasta los 12 metros para dar paso a una pendiente de coral hasta los 25 metros. La zona poco profunda esta repleta de formaciones coralinas y poblada de algas, es habitual encontrar a la tortuga verde pl\u00e1cidamente comiendo all\u00ed, la jovenes huir\u00e1n r\u00e1pidamente pero las mayores se quedaran para nuestro deleite. En la pendiente corales blandos y escuelas de peces estandarte, jureles y peces cirujano.<\/p>\n<p>&nbsp;<\/p>\n<p>&nbsp;<\/p>\n<p><strong>Vida marina:<\/strong><br \/>\nTortuga verde, morenas, peces rana, pez ballesta titan, nudibranquios, jureles,etc.[\/vc_column_text][vc_separator type=\u00bbtransparent\u00bb up=\u00bb32&#8243; down=\u00bb0&#8243;][vc_single_image image=\u00bb16342&#8243; img_size=\u00bbfull\u00bb qode_css_animation=\u00bb\u00bb][\/vc_column][vc_column width=\u00bb1\/2&#8243;][\/vc_column][\/vc_row][vc_row css_animation=\u00bb\u00bb row_type=\u00bbrow\u00bb use_row_as_full_screen_section=\u00bbno\u00bb type=\u00bbfull_width\u00bb angled_section=\u00bbno\u00bb text_align=\u00bbleft\u00bb background_image_as_pattern=\u00bbwithout_pattern\u00bb background_color=\u00bb#611194&#8243;][vc_column][vc_separator type=\u00bbtransparent\u00bb up=\u00bb40&#8243; down=\u00bb10&#8243;]<div class=\"call_to_action normal\" style=\"background-color: #611194;padding-top: 57px;padding-bottom: 59px;\"><div class=\"container_inner\"><div class=\"two_columns_75_25 clearfix\"><div class=\"text_wrapper column1\"><div class=\"call_to_action_text\" style=\"font-size:20px;font-weight: 400;\"><\/p>\n<h4>\u00bfQUIERES M\u00c1S INFORMACI\u00d3N? ENVIAMOS UN CORREO ELECTR\u00d3NICO CON CUALQUIER PREGUNTA.<\/h4>\n<p><\/div><\/div><div class=\"button_wrapper column2\"><a href=\"http:\/\/www.alonaboholdiversclub.com\/es\/contacto\" class=\"qbutton white \" target=\"\" style=\"color: #611194;border-color: #ffffff;background-color: #ffffff;\"data-hover-background-color=#611194 data-hover-border-color=#ffffff data-hover-color=#ffffff>CONTACT<\/a><\/div><\/div><\/div><\/div>[vc_separator type=\u00bbtransparent\u00bb up=\u00bb40&#8243; down=\u00bb10&#8243;][\/vc_column][\/vc_row]<\/p>\n","protected":false},"excerpt":{"rendered":"<p>[vc_row css_animation=\u00bb\u00bb row_type=\u00bbrow\u00bb use_row_as_full_screen_section=\u00bbno\u00bb type=\u00bbgrid\u00bb angled_section=\u00bbno\u00bb text_align=\u00bbleft\u00bb background_image_as_pattern=\u00bbwithout_pattern\u00bb][vc_column][vc_single_image image=\u00bb17736&#8243; img_size=\u00bblarge\u00bb alignment=\u00bbcenter\u00bb qode_css_animation=\u00bb\u00bb][vc_separator type=\u00bbnormal\u00bb up=\u00bb30&#8243;][vc_column_text]La isla de Balicasag, un para\u00edso submarino lleno de vida, esta situada a solo 12 km de nuestro dive center, unos 30 minutos en barco. &nbsp; Podr\u00e1s disfrutar de corales y vida&#8230;<\/p>\n","protected":false},"author":2,"featured_media":15577,"parent":16033,"menu_order":0,"comment_status":"closed","ping_status":"closed","template":"full_width.php","meta":{"footnotes":""},"yoast_head":"<!-- This site is optimized with the Yoast SEO plugin v22.4 - https:\/\/yoast.com\/wordpress\/plugins\/seo\/ -->\n<title>Zona Buceo en Balicasag Filipinas Padi Dive Center<\/title>\n<meta name=\"description\" content=\"Ven a bucear en Balicasag Island con nosotros. A una distancia de 12 Km de Alona Beach para practicar todo Submarinismo. \u00a1Reserva Ahora!\" \/>\n<meta name=\"robots\" content=\"index, follow, max-snippet:-1, max-image-preview:large, max-video-preview:-1\" \/>\n<link rel=\"canonical\" href=\"https:\/\/www.alonaboholdiversclub.com\/es\/zonas-de-buceo-en-bohol\/zona-buceo-en-balicasag\/\" \/>\n<meta property=\"og:locale\" content=\"es_ES\" \/>\n<meta property=\"og:type\" content=\"article\" \/>\n<meta property=\"og:title\" content=\"Zona Buceo en Balicasag Filipinas Padi Dive Center\" \/>\n<meta property=\"og:description\" content=\"Ven a bucear en Balicasag Island con nosotros. A una distancia de 12 Km de Alona Beach para practicar todo Submarinismo. \u00a1Reserva Ahora!\" \/>\n<meta property=\"og:url\" content=\"https:\/\/www.alonaboholdiversclub.com\/es\/zonas-de-buceo-en-bohol\/zona-buceo-en-balicasag\/\" \/>\n<meta property=\"og:site_name\" content=\"Bohol Divers | Centro Buceo Filipinas\" \/>\n<meta property=\"article:publisher\" content=\"https:\/\/www.facebook.com\/boholdiversclub\/\" \/>\n<meta property=\"article:modified_time\" content=\"2024-02-28T16:33:14+00:00\" \/>\n<meta property=\"og:image\" content=\"https:\/\/www.alonaboholdiversclub.com\/es\/wp-content\/uploads\/2014\/05\/Bohol-Dive-Center-Alona-Filipinas-Club-Buceo-583.jpg\" \/>\n\t<meta property=\"og:image:width\" content=\"800\" \/>\n\t<meta property=\"og:image:height\" content=\"600\" \/>\n\t<meta property=\"og:image:type\" content=\"image\/jpeg\" \/>\n<meta name=\"twitter:card\" content=\"summary_large_image\" \/>\n<meta name=\"twitter:site\" content=\"@boholdiversclub\" \/>\n<meta name=\"twitter:label1\" content=\"Tiempo de lectura\" \/>\n\t<meta name=\"twitter:data1\" content=\"4 minutos\" \/>\n<script type=\"application\/ld+json\" class=\"yoast-schema-graph\">{\"@context\":\"https:\/\/schema.org\",\"@graph\":[{\"@type\":\"WebPage\",\"@id\":\"https:\/\/www.alonaboholdiversclub.com\/es\/zonas-de-buceo-en-bohol\/zona-buceo-en-balicasag\/\",\"url\":\"https:\/\/www.alonaboholdiversclub.com\/es\/zonas-de-buceo-en-bohol\/zona-buceo-en-balicasag\/\",\"name\":\"Zona Buceo en Balicasag Filipinas Padi Dive Center\",\"isPartOf\":{\"@id\":\"https:\/\/www.alonaboholdiversclub.com\/es\/#website\"},\"primaryImageOfPage\":{\"@id\":\"https:\/\/www.alonaboholdiversclub.com\/es\/zonas-de-buceo-en-bohol\/zona-buceo-en-balicasag\/#primaryimage\"},\"image\":{\"@id\":\"https:\/\/www.alonaboholdiversclub.com\/es\/zonas-de-buceo-en-bohol\/zona-buceo-en-balicasag\/#primaryimage\"},\"thumbnailUrl\":\"https:\/\/www.alonaboholdiversclub.com\/es\/wp-content\/uploads\/2014\/05\/Bohol-Dive-Center-Alona-Filipinas-Club-Buceo-583.jpg\",\"datePublished\":\"2017-04-27T10:29:23+00:00\",\"dateModified\":\"2024-02-28T16:33:14+00:00\",\"description\":\"Ven a bucear en Balicasag Island con nosotros. A una distancia de 12 Km de Alona Beach para practicar todo Submarinismo. \u00a1Reserva Ahora!\",\"breadcrumb\":{\"@id\":\"https:\/\/www.alonaboholdiversclub.com\/es\/zonas-de-buceo-en-bohol\/zona-buceo-en-balicasag\/#breadcrumb\"},\"inLanguage\":\"es\",\"potentialAction\":[{\"@type\":\"ReadAction\",\"target\":[\"https:\/\/www.alonaboholdiversclub.com\/es\/zonas-de-buceo-en-bohol\/zona-buceo-en-balicasag\/\"]}]},{\"@type\":\"ImageObject\",\"inLanguage\":\"es\",\"@id\":\"https:\/\/www.alonaboholdiversclub.com\/es\/zonas-de-buceo-en-bohol\/zona-buceo-en-balicasag\/#primaryimage\",\"url\":\"https:\/\/www.alonaboholdiversclub.com\/es\/wp-content\/uploads\/2014\/05\/Bohol-Dive-Center-Alona-Filipinas-Club-Buceo-583.jpg\",\"contentUrl\":\"https:\/\/www.alonaboholdiversclub.com\/es\/wp-content\/uploads\/2014\/05\/Bohol-Dive-Center-Alona-Filipinas-Club-Buceo-583.jpg\",\"width\":800,\"height\":600,\"caption\":\"Centro Buceo en Bohol Alona Filipinas Club Buceo\"},{\"@type\":\"BreadcrumbList\",\"@id\":\"https:\/\/www.alonaboholdiversclub.com\/es\/zonas-de-buceo-en-bohol\/zona-buceo-en-balicasag\/#breadcrumb\",\"itemListElement\":[{\"@type\":\"ListItem\",\"position\":1,\"name\":\"Home\",\"item\":\"https:\/\/www.alonaboholdiversclub.com\/es\/\"},{\"@type\":\"ListItem\",\"position\":2,\"name\":\"Zonas de Buceo en Bohol\",\"item\":\"https:\/\/www.alonaboholdiversclub.com\/es\/zonas-de-buceo-en-bohol\/\"},{\"@type\":\"ListItem\",\"position\":3,\"name\":\"Zona Buceo en Balicasag\"}]},{\"@type\":\"WebSite\",\"@id\":\"https:\/\/www.alonaboholdiversclub.com\/es\/#website\",\"url\":\"https:\/\/www.alonaboholdiversclub.com\/es\/\",\"name\":\"Bohol Divers | Centro Buceo Filipinas\",\"description\":\"Buceo en Filipinas\",\"potentialAction\":[{\"@type\":\"SearchAction\",\"target\":{\"@type\":\"EntryPoint\",\"urlTemplate\":\"https:\/\/www.alonaboholdiversclub.com\/es\/?s={search_term_string}\"},\"query-input\":\"required name=search_term_string\"}],\"inLanguage\":\"es\"}]}<\/script>\n<!-- \/ Yoast SEO plugin. -->","yoast_head_json":{"title":"Zona Buceo en Balicasag Filipinas Padi Dive Center","description":"Ven a bucear en Balicasag Island con nosotros. A una distancia de 12 Km de Alona Beach para practicar todo Submarinismo. \u00a1Reserva Ahora!","robots":{"index":"index","follow":"follow","max-snippet":"max-snippet:-1","max-image-preview":"max-image-preview:large","max-video-preview":"max-video-preview:-1"},"canonical":"https:\/\/www.alonaboholdiversclub.com\/es\/zonas-de-buceo-en-bohol\/zona-buceo-en-balicasag\/","og_locale":"es_ES","og_type":"article","og_title":"Zona Buceo en Balicasag Filipinas Padi Dive Center","og_description":"Ven a bucear en Balicasag Island con nosotros. A una distancia de 12 Km de Alona Beach para practicar todo Submarinismo. \u00a1Reserva Ahora!","og_url":"https:\/\/www.alonaboholdiversclub.com\/es\/zonas-de-buceo-en-bohol\/zona-buceo-en-balicasag\/","og_site_name":"Bohol Divers | Centro Buceo Filipinas","article_publisher":"https:\/\/www.facebook.com\/boholdiversclub\/","article_modified_time":"2024-02-28T16:33:14+00:00","og_image":[{"width":800,"height":600,"url":"https:\/\/www.alonaboholdiversclub.com\/es\/wp-content\/uploads\/2014\/05\/Bohol-Dive-Center-Alona-Filipinas-Club-Buceo-583.jpg","type":"image\/jpeg"}],"twitter_card":"summary_large_image","twitter_site":"@boholdiversclub","twitter_misc":{"Tiempo de lectura":"4 minutos"},"schema":{"@context":"https:\/\/schema.org","@graph":[{"@type":"WebPage","@id":"https:\/\/www.alonaboholdiversclub.com\/es\/zonas-de-buceo-en-bohol\/zona-buceo-en-balicasag\/","url":"https:\/\/www.alonaboholdiversclub.com\/es\/zonas-de-buceo-en-bohol\/zona-buceo-en-balicasag\/","name":"Zona Buceo en Balicasag Filipinas Padi Dive Center","isPartOf":{"@id":"https:\/\/www.alonaboholdiversclub.com\/es\/#website"},"primaryImageOfPage":{"@id":"https:\/\/www.alonaboholdiversclub.com\/es\/zonas-de-buceo-en-bohol\/zona-buceo-en-balicasag\/#primaryimage"},"image":{"@id":"https:\/\/www.alonaboholdiversclub.com\/es\/zonas-de-buceo-en-bohol\/zona-buceo-en-balicasag\/#primaryimage"},"thumbnailUrl":"https:\/\/www.alonaboholdiversclub.com\/es\/wp-content\/uploads\/2014\/05\/Bohol-Dive-Center-Alona-Filipinas-Club-Buceo-583.jpg","datePublished":"2017-04-27T10:29:23+00:00","dateModified":"2024-02-28T16:33:14+00:00","description":"Ven a bucear en Balicasag Island con nosotros. A una distancia de 12 Km de Alona Beach para practicar todo Submarinismo. \u00a1Reserva Ahora!","breadcrumb":{"@id":"https:\/\/www.alonaboholdiversclub.com\/es\/zonas-de-buceo-en-bohol\/zona-buceo-en-balicasag\/#breadcrumb"},"inLanguage":"es","potentialAction":[{"@type":"ReadAction","target":["https:\/\/www.alonaboholdiversclub.com\/es\/zonas-de-buceo-en-bohol\/zona-buceo-en-balicasag\/"]}]},{"@type":"ImageObject","inLanguage":"es","@id":"https:\/\/www.alonaboholdiversclub.com\/es\/zonas-de-buceo-en-bohol\/zona-buceo-en-balicasag\/#primaryimage","url":"https:\/\/www.alonaboholdiversclub.com\/es\/wp-content\/uploads\/2014\/05\/Bohol-Dive-Center-Alona-Filipinas-Club-Buceo-583.jpg","contentUrl":"https:\/\/www.alonaboholdiversclub.com\/es\/wp-content\/uploads\/2014\/05\/Bohol-Dive-Center-Alona-Filipinas-Club-Buceo-583.jpg","width":800,"height":600,"caption":"Centro Buceo en Bohol Alona Filipinas Club Buceo"},{"@type":"BreadcrumbList","@id":"https:\/\/www.alonaboholdiversclub.com\/es\/zonas-de-buceo-en-bohol\/zona-buceo-en-balicasag\/#breadcrumb","itemListElement":[{"@type":"ListItem","position":1,"name":"Home","item":"https:\/\/www.alonaboholdiversclub.com\/es\/"},{"@type":"ListItem","position":2,"name":"Zonas de Buceo en Bohol","item":"https:\/\/www.alonaboholdiversclub.com\/es\/zonas-de-buceo-en-bohol\/"},{"@type":"ListItem","position":3,"name":"Zona Buceo en Balicasag"}]},{"@type":"WebSite","@id":"https:\/\/www.alonaboholdiversclub.com\/es\/#website","url":"https:\/\/www.alonaboholdiversclub.com\/es\/","name":"Bohol Divers | Centro Buceo Filipinas","description":"Buceo en Filipinas","potentialAction":[{"@type":"SearchAction","target":{"@type":"EntryPoint","urlTemplate":"https:\/\/www.alonaboholdiversclub.com\/es\/?s={search_term_string}"},"query-input":"required name=search_term_string"}],"inLanguage":"es"}]}},"_links":{"self":[{"href":"https:\/\/www.alonaboholdiversclub.com\/es\/wp-json\/wp\/v2\/pages\/15763"}],"collection":[{"href":"https:\/\/www.alonaboholdiversclub.com\/es\/wp-json\/wp\/v2\/pages"}],"about":[{"href":"https:\/\/www.alonaboholdiversclub.com\/es\/wp-json\/wp\/v2\/types\/page"}],"author":[{"embeddable":true,"href":"https:\/\/www.alonaboholdiversclub.com\/es\/wp-json\/wp\/v2\/users\/2"}],"replies":[{"embeddable":true,"href":"https:\/\/www.alonaboholdiversclub.com\/es\/wp-json\/wp\/v2\/comments?post=15763"}],"version-history":[{"count":4,"href":"https:\/\/www.alonaboholdiversclub.com\/es\/wp-json\/wp\/v2\/pages\/15763\/revisions"}],"predecessor-version":[{"id":17739,"href":"https:\/\/www.alonaboholdiversclub.com\/es\/wp-json\/wp\/v2\/pages\/15763\/revisions\/17739"}],"up":[{"embeddable":true,"href":"https:\/\/www.alonaboholdiversclub.com\/es\/wp-json\/wp\/v2\/pages\/16033"}],"wp:featuredmedia":[{"embeddable":true,"href":"https:\/\/www.alonaboholdiversclub.com\/es\/wp-json\/wp\/v2\/media\/15577"}],"wp:attachment":[{"href":"https:\/\/www.alonaboholdiversclub.com\/es\/wp-json\/wp\/v2\/media?parent=15763"}],"curies":[{"name":"wp","href":"https:\/\/api.w.org\/{rel}","templated":true}]}}