{"id":15760,"date":"2017-04-27T10:22:41","date_gmt":"2017-04-27T10:22:41","guid":{"rendered":"http:\/\/s672431363.mialojamiento.es\/?page_id=15760"},"modified":"2020-05-27T10:27:27","modified_gmt":"2020-05-27T10:27:27","slug":"zona-de-buceo-en-cabilao","status":"publish","type":"page","link":"https:\/\/www.alonaboholdiversclub.com\/es\/zonas-de-buceo-en-bohol\/zona-de-buceo-en-cabilao\/","title":{"rendered":"Zona de buceo en Cabilao"},"content":{"rendered":"<p>[vc_row css_animation=\u00bb\u00bb row_type=\u00bbrow\u00bb use_row_as_full_screen_section=\u00bbno\u00bb type=\u00bbfull_width\u00bb angled_section=\u00bbno\u00bb text_align=\u00bbleft\u00bb background_image_as_pattern=\u00bbwithout_pattern\u00bb][vc_column]<div class=\"call_to_action normal\" style=\"background-color: #611194;padding-top: 57px;padding-bottom: 59px;\"><div class=\"container_inner\"><div class=\"two_columns_75_25 clearfix\"><div class=\"text_wrapper column1\"><div class=\"call_to_action_text\" style=\"font-size:20px;font-weight: 400;\">Descubre con nosotros los diferentes puntos de buceo en <strong>Bohol, Filipinas.<\/strong><\/p>\n<p>Zonas de buceo<\/div><\/div><div class=\"button_wrapper column2\"><a href=\"https:\/\/drive.google.com\/open?id=134f4lBpAmCogyNLpSOGGBEbJtNU&amp;usp=sharing\" class=\"qbutton white \" target=\"_blank\" style=\"color: #611194;border-color: #ffffff;background-color: #ffffff;\"data-hover-background-color=#611194 data-hover-border-color=#611194 data-hover-color=#ffffff>MAPA INTERACTIVO<\/a><\/div><\/div><\/div><\/div>[vc_separator type=\u00bbtransparent\u00bb up=\u00bb32&#8243; down=\u00bb0&#8243;][\/vc_column][\/vc_row][vc_row css_animation=\u00bb\u00bb row_type=\u00bbrow\u00bb use_row_as_full_screen_section=\u00bbno\u00bb type=\u00bbgrid\u00bb angled_section=\u00bbno\u00bb text_align=\u00bbleft\u00bb background_image_as_pattern=\u00bbwithout_pattern\u00bb background_color=\u00bb#1e1e1e\u00bb padding_top=\u00bb104&#8243; padding_bottom=\u00bb65&#8243;][vc_column width=\u00bb1\/2&#8243;][vc_separator type=\u00bbtransparent\u00bb up=\u00bb32&#8243; down=\u00bb0&#8243;][vc_column_text]<\/p>\n<h4><span style=\"color: #ffffff;\">28. LIGHT HOUSE<\/span><\/h4>\n<p>[\/vc_column_text][vc_separator type=\u00bbsmall\u00bb position=\u00bbleft\u00bb up=\u00bb23&#8243; down=\u00bb19&#8243;][vc_column_text]<strong>Profundidad:<\/strong><br \/>\n3 -30 metros<\/p>\n<p>&nbsp;<\/p>\n<p><strong>Descripci\u00f3n:<\/strong><br \/>\nFrente a la playa y el faro, comenzamos la inmersi\u00f3n en la zona poco profunda cubierta por hierbas marinas y corales, seguida de una fuerte pendiente donde podemos encontrar gorgonias con su forma de grandes abanicos. Encontramos platsaformas a 22 y 30 metros. Este sitio de buceo con su vida marina \u00fanica es un para\u00edso para los fot\u00f3grafos.<\/p>\n<p>&nbsp;<\/p>\n<p><strong>Vida marina:<\/strong><br \/>\nHermosos corales y abanicos de mar, en algunos de ellos tal vez podamos encontrar el caballito de mar pigmeo, el pez pipa fantasma, el pez rana, y muchos tipos de peces escorpi\u00f3n tambi\u00e9n son comunes aqu\u00ed.[\/vc_column_text][vc_separator type=\u00bbtransparent\u00bb up=\u00bb32&#8243; down=\u00bb0&#8243;][vc_single_image image=\u00bb16347&#8243; img_size=\u00bbfull\u00bb qode_css_animation=\u00bb\u00bb][\/vc_column][vc_column width=\u00bb1\/2&#8243;][vc_separator type=\u00bbtransparent\u00bb up=\u00bb32&#8243; down=\u00bb0&#8243;][vc_column_text]<\/p>\n<h4><span style=\"color: #ffffff;\">29. GORGONIA WALL<\/span><\/h4>\n<p>[\/vc_column_text][vc_separator type=\u00bbsmall\u00bb position=\u00bbleft\u00bb up=\u00bb23&#8243; down=\u00bb19&#8243;][vc_column_text]<strong>Profundidad:<\/strong><br \/>\n5-60 metros<\/p>\n<p>&nbsp;<\/p>\n<p><strong>Descripci\u00f3n:<\/strong><br \/>\nEl punto de entrada est\u00e1 a unos 100 metros de la playa, donde se encuentra esta impresionante pared, que comienza a 5 metros bajando hasta 60, y que est\u00e1 completamente cubierta por corales con grandes gorgonias, esponjas de barril y muchos m\u00e1s corales blandos. En la pared, tambi\u00e9n se pueden encontrar salientes y peque\u00f1as cuevas.<\/p>\n<p>&nbsp;<\/p>\n<p><strong>La vida marina:<\/strong><br \/>\nPeces rana, extra\u00f1os nudibranquios, peces escorpi\u00f3n, caballitos de mar pigmeos, enormes gorgonias y todo tipo de peces de arrecife.[\/vc_column_text][vc_separator type=\u00bbtransparent\u00bb up=\u00bb32&#8243; down=\u00bb0&#8243;][vc_single_image image=\u00bb16348&#8243; img_size=\u00bbfull\u00bb qode_css_animation=\u00bb\u00bb][\/vc_column][\/vc_row][vc_row css_animation=\u00bb\u00bb row_type=\u00bbrow\u00bb use_row_as_full_screen_section=\u00bbno\u00bb type=\u00bbgrid\u00bb angled_section=\u00bbno\u00bb text_align=\u00bbleft\u00bb background_image_as_pattern=\u00bbwithout_pattern\u00bb background_color=\u00bb#1e1e1e\u00bb padding_top=\u00bb104&#8243; padding_bottom=\u00bb65&#8243;][vc_column width=\u00bb1\/2&#8243;][vc_separator type=\u00bbtransparent\u00bb up=\u00bb32&#8243; down=\u00bb0&#8243;][vc_column_text]<\/p>\n<h4><span style=\"color: #ffffff;\">30. CHAPEL<\/span><\/h4>\n<p>[\/vc_column_text][vc_separator type=\u00bbsmall\u00bb position=\u00bbleft\u00bb up=\u00bb23&#8243; down=\u00bb19&#8243;][vc_column_text]<strong>Profundidad:<\/strong><br \/>\n5-25 metros<\/p>\n<p>&nbsp;<\/p>\n<p><strong>Descripci\u00f3n:<\/strong><br \/>\nPendiente empinada con grandes corales duros en la parte superior, especialmente al final de la inmersi\u00f3n, tambi\u00e9n podemos encontrar peque\u00f1as cuevas y salientes, y una zona con grandes corales de mesa llenos de peces de arrecife.<\/p>\n<p><strong>Vida marina:<\/strong><br \/>\nCorales mesa, gorgonias, peces de arrecife, muchos tipos de nudibranquios y peces rana.[\/vc_column_text][vc_separator type=\u00bbtransparent\u00bb up=\u00bb32&#8243; down=\u00bb0&#8243;][vc_single_image image=\u00bb16349&#8243; img_size=\u00bbfull\u00bb qode_css_animation=\u00bb\u00bb][\/vc_column][vc_column width=\u00bb1\/2&#8243;][vc_separator type=\u00bbtransparent\u00bb up=\u00bb32&#8243; down=\u00bb0&#8243;][vc_column_text]<\/p>\n<h4><span style=\"color: #ffffff;\">31. SOUTH POINT<\/span><\/h4>\n<p>[\/vc_column_text][vc_separator type=\u00bbsmall\u00bb position=\u00bbleft\u00bb up=\u00bb23&#8243; down=\u00bb19&#8243;][vc_column_text]<strong>Profundidad:<\/strong><br \/>\n3-60 metros<\/p>\n<p>&nbsp;<\/p>\n<p><strong>Descripci\u00f3n:<\/strong><br \/>\nEste punto e buceo se encuentra en la esquina sur de la isla. La pared comienza en 3 metros y desciende hasta 60, entre 5 y 12 metros encontramos asombrosos corales duros, a 20 metros hay algunas cuevas donde se pueden ver tiburones de punta blanca. A veces hay una corriente suave aqu\u00ed.<\/p>\n<p>&nbsp;<\/p>\n<p><strong>La vida marina:<\/strong><br \/>\nLas cuevas tienen a veces peque\u00f1os tiburones de punta blanca, los corales duros son los mejores de la isla.[\/vc_column_text][vc_separator type=\u00bbtransparent\u00bb up=\u00bb32&#8243; down=\u00bb0&#8243;][vc_single_image image=\u00bb16350&#8243; img_size=\u00bbfull\u00bb qode_css_animation=\u00bb\u00bb][\/vc_column][\/vc_row][vc_row css_animation=\u00bb\u00bb row_type=\u00bbrow\u00bb use_row_as_full_screen_section=\u00bbno\u00bb type=\u00bbgrid\u00bb angled_section=\u00bbno\u00bb text_align=\u00bbleft\u00bb background_image_as_pattern=\u00bbwithout_pattern\u00bb background_color=\u00bb#1e1e1e\u00bb padding_top=\u00bb104&#8243; padding_bottom=\u00bb65&#8243;][vc_column width=\u00bb1\/2&#8243;][vc_separator type=\u00bbtransparent\u00bb up=\u00bb32&#8243; down=\u00bb0&#8243;][vc_column_text]<\/p>\n<h4><span style=\"color: #ffffff;\">32. TALISAY PIER<\/span><\/h4>\n<p>[\/vc_column_text][vc_separator type=\u00bbsmall\u00bb position=\u00bbleft\u00bb up=\u00bb23&#8243; down=\u00bb19&#8243;][vc_column_text]<strong>Profundidad:<\/strong><br \/>\n3-40 metros<\/p>\n<p>&nbsp;<\/p>\n<p><strong>Descripci\u00f3n:<\/strong><br \/>\nPendiente empinada. En la zona arenosa poco profunda, encontramos bloques de coral y pasto marino que es el lugar perfecto para los maestros del camuflaje.<\/p>\n<p>&nbsp;<\/p>\n<p><strong>La vida marina:<\/strong><br \/>\nPez mandar\u00edn, nudibranquios, pez rana, pez escorpi\u00f3n, pez hoja, etc.[\/vc_column_text][vc_separator type=\u00bbtransparent\u00bb up=\u00bb32&#8243; down=\u00bb0&#8243;][vc_single_image image=\u00bb16351&#8243; img_size=\u00bbfull\u00bb qode_css_animation=\u00bb\u00bb][\/vc_column][vc_column width=\u00bb1\/2&#8243;][\/vc_column][\/vc_row][vc_row css_animation=\u00bb\u00bb row_type=\u00bbrow\u00bb use_row_as_full_screen_section=\u00bbno\u00bb type=\u00bbfull_width\u00bb angled_section=\u00bbno\u00bb text_align=\u00bbleft\u00bb background_image_as_pattern=\u00bbwithout_pattern\u00bb][vc_column]<div class=\"call_to_action normal\" style=\"background-color: #611194;padding-top: 57px;padding-bottom: 59px;\"><div class=\"container_inner\"><div class=\"two_columns_75_25 clearfix\"><div class=\"text_wrapper column1\"><div class=\"call_to_action_text\" style=\"font-size:20px;font-weight: 400;\"><\/p>\n<h4>\u00bfQUIERES M\u00c1S INFORMACI\u00d3N? ENVIAMOS UN CORREO ELECTR\u00d3NICO CON CUALQUIER PREGUNTA.<\/h4>\n<p><\/div><\/div><div class=\"button_wrapper column2\"><a href=\"http:\/\/www.alonaboholdiversclub.com\/es\/contacto\" class=\"qbutton white \" target=\"\" style=\"color: #611194;border-color: #ffffff;background-color: #ffffff;\"data-hover-background-color=#611194 data-hover-border-color=#ffffff data-hover-color=#ffffff>CONTACTO<\/a><\/div><\/div><\/div><\/div>[\/vc_column][\/vc_row]<\/p>\n","protected":false},"excerpt":{"rendered":"<p>[vc_row css_animation=\u00bb\u00bb row_type=\u00bbrow\u00bb use_row_as_full_screen_section=\u00bbno\u00bb type=\u00bbfull_width\u00bb angled_section=\u00bbno\u00bb text_align=\u00bbleft\u00bb background_image_as_pattern=\u00bbwithout_pattern\u00bb][vc_column][vc_separator type=\u00bbtransparent\u00bb up=\u00bb32&#8243; down=\u00bb0&#8243;][\/vc_column][\/vc_row][vc_row css_animation=\u00bb\u00bb row_type=\u00bbrow\u00bb use_row_as_full_screen_section=\u00bbno\u00bb type=\u00bbgrid\u00bb angled_section=\u00bbno\u00bb text_align=\u00bbleft\u00bb background_image_as_pattern=\u00bbwithout_pattern\u00bb background_color=\u00bb#1e1e1e\u00bb padding_top=\u00bb104&#8243; padding_bottom=\u00bb65&#8243;][vc_column width=\u00bb1\/2&#8243;][vc_separator type=\u00bbtransparent\u00bb up=\u00bb32&#8243; down=\u00bb0&#8243;][vc_column_text] 28. LIGHT HOUSE [\/vc_column_text][vc_separator type=\u00bbsmall\u00bb position=\u00bbleft\u00bb up=\u00bb23&#8243; down=\u00bb19&#8243;][vc_column_text]Profundidad: 3 -30 metros &nbsp; Descripci\u00f3n: Frente a la playa y el faro,&#8230;<\/p>\n","protected":false},"author":2,"featured_media":15591,"parent":16033,"menu_order":0,"comment_status":"closed","ping_status":"closed","template":"full_width.php","meta":{"footnotes":""},"yoast_head":"<!-- This site is optimized with the Yoast SEO plugin v22.4 - https:\/\/yoast.com\/wordpress\/plugins\/seo\/ -->\n<title>Lugares de buceo en Cabilao en Filipinas Padi Dive Center<\/title>\n<meta name=\"description\" content=\"Isla Cabilao se encuentra en el suroeste de la isla de Pangangan, que est\u00e1 conectado a la costa oeste de Bohol por una calzada.\" \/>\n<meta name=\"robots\" content=\"index, follow, max-snippet:-1, max-image-preview:large, max-video-preview:-1\" \/>\n<link rel=\"canonical\" href=\"https:\/\/www.alonaboholdiversclub.com\/es\/zonas-de-buceo-en-bohol\/zona-de-buceo-en-cabilao\/\" \/>\n<meta property=\"og:locale\" content=\"es_ES\" \/>\n<meta property=\"og:type\" content=\"article\" \/>\n<meta property=\"og:title\" content=\"Lugares de buceo en Cabilao en Filipinas Padi Dive Center\" \/>\n<meta property=\"og:description\" content=\"Isla Cabilao se encuentra en el suroeste de la isla de Pangangan, que est\u00e1 conectado a la costa oeste de Bohol por una calzada.\" \/>\n<meta property=\"og:url\" content=\"https:\/\/www.alonaboholdiversclub.com\/es\/zonas-de-buceo-en-bohol\/zona-de-buceo-en-cabilao\/\" \/>\n<meta property=\"og:site_name\" content=\"Bohol Divers | Centro Buceo Filipinas\" \/>\n<meta property=\"article:publisher\" content=\"https:\/\/www.facebook.com\/boholdiversclub\/\" \/>\n<meta property=\"article:modified_time\" content=\"2020-05-27T10:27:27+00:00\" \/>\n<meta property=\"og:image\" content=\"https:\/\/www.alonaboholdiversclub.com\/es\/wp-content\/uploads\/2014\/05\/Bohol-Dive-Center-Alona-Filipinas-Club-Buceo-722.jpg\" \/>\n\t<meta property=\"og:image:width\" content=\"800\" \/>\n\t<meta property=\"og:image:height\" content=\"600\" \/>\n\t<meta property=\"og:image:type\" content=\"image\/jpeg\" \/>\n<meta name=\"twitter:card\" content=\"summary_large_image\" \/>\n<meta name=\"twitter:site\" content=\"@boholdiversclub\" \/>\n<meta name=\"twitter:label1\" content=\"Tiempo de lectura\" \/>\n\t<meta name=\"twitter:data1\" content=\"5 minutos\" \/>\n<script type=\"application\/ld+json\" class=\"yoast-schema-graph\">{\"@context\":\"https:\/\/schema.org\",\"@graph\":[{\"@type\":\"WebPage\",\"@id\":\"https:\/\/www.alonaboholdiversclub.com\/es\/zonas-de-buceo-en-bohol\/zona-de-buceo-en-cabilao\/\",\"url\":\"https:\/\/www.alonaboholdiversclub.com\/es\/zonas-de-buceo-en-bohol\/zona-de-buceo-en-cabilao\/\",\"name\":\"Lugares de buceo en Cabilao en Filipinas Padi Dive Center\",\"isPartOf\":{\"@id\":\"https:\/\/www.alonaboholdiversclub.com\/es\/#website\"},\"primaryImageOfPage\":{\"@id\":\"https:\/\/www.alonaboholdiversclub.com\/es\/zonas-de-buceo-en-bohol\/zona-de-buceo-en-cabilao\/#primaryimage\"},\"image\":{\"@id\":\"https:\/\/www.alonaboholdiversclub.com\/es\/zonas-de-buceo-en-bohol\/zona-de-buceo-en-cabilao\/#primaryimage\"},\"thumbnailUrl\":\"https:\/\/www.alonaboholdiversclub.com\/es\/wp-content\/uploads\/2014\/05\/Bohol-Dive-Center-Alona-Filipinas-Club-Buceo-722.jpg\",\"datePublished\":\"2017-04-27T10:22:41+00:00\",\"dateModified\":\"2020-05-27T10:27:27+00:00\",\"description\":\"Isla Cabilao se encuentra en el suroeste de la isla de Pangangan, que est\u00e1 conectado a la costa oeste de Bohol por una calzada.\",\"breadcrumb\":{\"@id\":\"https:\/\/www.alonaboholdiversclub.com\/es\/zonas-de-buceo-en-bohol\/zona-de-buceo-en-cabilao\/#breadcrumb\"},\"inLanguage\":\"es\",\"potentialAction\":[{\"@type\":\"ReadAction\",\"target\":[\"https:\/\/www.alonaboholdiversclub.com\/es\/zonas-de-buceo-en-bohol\/zona-de-buceo-en-cabilao\/\"]}]},{\"@type\":\"ImageObject\",\"inLanguage\":\"es\",\"@id\":\"https:\/\/www.alonaboholdiversclub.com\/es\/zonas-de-buceo-en-bohol\/zona-de-buceo-en-cabilao\/#primaryimage\",\"url\":\"https:\/\/www.alonaboholdiversclub.com\/es\/wp-content\/uploads\/2014\/05\/Bohol-Dive-Center-Alona-Filipinas-Club-Buceo-722.jpg\",\"contentUrl\":\"https:\/\/www.alonaboholdiversclub.com\/es\/wp-content\/uploads\/2014\/05\/Bohol-Dive-Center-Alona-Filipinas-Club-Buceo-722.jpg\",\"width\":800,\"height\":600,\"caption\":\"Centro Buceo en Bohol Alona Filipinas Club Buceo\"},{\"@type\":\"BreadcrumbList\",\"@id\":\"https:\/\/www.alonaboholdiversclub.com\/es\/zonas-de-buceo-en-bohol\/zona-de-buceo-en-cabilao\/#breadcrumb\",\"itemListElement\":[{\"@type\":\"ListItem\",\"position\":1,\"name\":\"Home\",\"item\":\"https:\/\/www.alonaboholdiversclub.com\/es\/\"},{\"@type\":\"ListItem\",\"position\":2,\"name\":\"Zonas de Buceo en Bohol\",\"item\":\"https:\/\/www.alonaboholdiversclub.com\/es\/zonas-de-buceo-en-bohol\/\"},{\"@type\":\"ListItem\",\"position\":3,\"name\":\"Zona de buceo en Cabilao\"}]},{\"@type\":\"WebSite\",\"@id\":\"https:\/\/www.alonaboholdiversclub.com\/es\/#website\",\"url\":\"https:\/\/www.alonaboholdiversclub.com\/es\/\",\"name\":\"Bohol Divers | Centro Buceo Filipinas\",\"description\":\"Buceo en Filipinas\",\"potentialAction\":[{\"@type\":\"SearchAction\",\"target\":{\"@type\":\"EntryPoint\",\"urlTemplate\":\"https:\/\/www.alonaboholdiversclub.com\/es\/?s={search_term_string}\"},\"query-input\":\"required name=search_term_string\"}],\"inLanguage\":\"es\"}]}<\/script>\n<!-- \/ Yoast SEO plugin. -->","yoast_head_json":{"title":"Lugares de buceo en Cabilao en Filipinas Padi Dive Center","description":"Isla Cabilao se encuentra en el suroeste de la isla de Pangangan, que est\u00e1 conectado a la costa oeste de Bohol por una calzada.","robots":{"index":"index","follow":"follow","max-snippet":"max-snippet:-1","max-image-preview":"max-image-preview:large","max-video-preview":"max-video-preview:-1"},"canonical":"https:\/\/www.alonaboholdiversclub.com\/es\/zonas-de-buceo-en-bohol\/zona-de-buceo-en-cabilao\/","og_locale":"es_ES","og_type":"article","og_title":"Lugares de buceo en Cabilao en Filipinas Padi Dive Center","og_description":"Isla Cabilao se encuentra en el suroeste de la isla de Pangangan, que est\u00e1 conectado a la costa oeste de Bohol por una calzada.","og_url":"https:\/\/www.alonaboholdiversclub.com\/es\/zonas-de-buceo-en-bohol\/zona-de-buceo-en-cabilao\/","og_site_name":"Bohol Divers | Centro Buceo Filipinas","article_publisher":"https:\/\/www.facebook.com\/boholdiversclub\/","article_modified_time":"2020-05-27T10:27:27+00:00","og_image":[{"width":800,"height":600,"url":"https:\/\/www.alonaboholdiversclub.com\/es\/wp-content\/uploads\/2014\/05\/Bohol-Dive-Center-Alona-Filipinas-Club-Buceo-722.jpg","type":"image\/jpeg"}],"twitter_card":"summary_large_image","twitter_site":"@boholdiversclub","twitter_misc":{"Tiempo de lectura":"5 minutos"},"schema":{"@context":"https:\/\/schema.org","@graph":[{"@type":"WebPage","@id":"https:\/\/www.alonaboholdiversclub.com\/es\/zonas-de-buceo-en-bohol\/zona-de-buceo-en-cabilao\/","url":"https:\/\/www.alonaboholdiversclub.com\/es\/zonas-de-buceo-en-bohol\/zona-de-buceo-en-cabilao\/","name":"Lugares de buceo en Cabilao en Filipinas Padi Dive Center","isPartOf":{"@id":"https:\/\/www.alonaboholdiversclub.com\/es\/#website"},"primaryImageOfPage":{"@id":"https:\/\/www.alonaboholdiversclub.com\/es\/zonas-de-buceo-en-bohol\/zona-de-buceo-en-cabilao\/#primaryimage"},"image":{"@id":"https:\/\/www.alonaboholdiversclub.com\/es\/zonas-de-buceo-en-bohol\/zona-de-buceo-en-cabilao\/#primaryimage"},"thumbnailUrl":"https:\/\/www.alonaboholdiversclub.com\/es\/wp-content\/uploads\/2014\/05\/Bohol-Dive-Center-Alona-Filipinas-Club-Buceo-722.jpg","datePublished":"2017-04-27T10:22:41+00:00","dateModified":"2020-05-27T10:27:27+00:00","description":"Isla Cabilao se encuentra en el suroeste de la isla de Pangangan, que est\u00e1 conectado a la costa oeste de Bohol por una calzada.","breadcrumb":{"@id":"https:\/\/www.alonaboholdiversclub.com\/es\/zonas-de-buceo-en-bohol\/zona-de-buceo-en-cabilao\/#breadcrumb"},"inLanguage":"es","potentialAction":[{"@type":"ReadAction","target":["https:\/\/www.alonaboholdiversclub.com\/es\/zonas-de-buceo-en-bohol\/zona-de-buceo-en-cabilao\/"]}]},{"@type":"ImageObject","inLanguage":"es","@id":"https:\/\/www.alonaboholdiversclub.com\/es\/zonas-de-buceo-en-bohol\/zona-de-buceo-en-cabilao\/#primaryimage","url":"https:\/\/www.alonaboholdiversclub.com\/es\/wp-content\/uploads\/2014\/05\/Bohol-Dive-Center-Alona-Filipinas-Club-Buceo-722.jpg","contentUrl":"https:\/\/www.alonaboholdiversclub.com\/es\/wp-content\/uploads\/2014\/05\/Bohol-Dive-Center-Alona-Filipinas-Club-Buceo-722.jpg","width":800,"height":600,"caption":"Centro Buceo en Bohol Alona Filipinas Club Buceo"},{"@type":"BreadcrumbList","@id":"https:\/\/www.alonaboholdiversclub.com\/es\/zonas-de-buceo-en-bohol\/zona-de-buceo-en-cabilao\/#breadcrumb","itemListElement":[{"@type":"ListItem","position":1,"name":"Home","item":"https:\/\/www.alonaboholdiversclub.com\/es\/"},{"@type":"ListItem","position":2,"name":"Zonas de Buceo en Bohol","item":"https:\/\/www.alonaboholdiversclub.com\/es\/zonas-de-buceo-en-bohol\/"},{"@type":"ListItem","position":3,"name":"Zona de buceo en Cabilao"}]},{"@type":"WebSite","@id":"https:\/\/www.alonaboholdiversclub.com\/es\/#website","url":"https:\/\/www.alonaboholdiversclub.com\/es\/","name":"Bohol Divers | Centro Buceo Filipinas","description":"Buceo en Filipinas","potentialAction":[{"@type":"SearchAction","target":{"@type":"EntryPoint","urlTemplate":"https:\/\/www.alonaboholdiversclub.com\/es\/?s={search_term_string}"},"query-input":"required name=search_term_string"}],"inLanguage":"es"}]}},"_links":{"self":[{"href":"https:\/\/www.alonaboholdiversclub.com\/es\/wp-json\/wp\/v2\/pages\/15760"}],"collection":[{"href":"https:\/\/www.alonaboholdiversclub.com\/es\/wp-json\/wp\/v2\/pages"}],"about":[{"href":"https:\/\/www.alonaboholdiversclub.com\/es\/wp-json\/wp\/v2\/types\/page"}],"author":[{"embeddable":true,"href":"https:\/\/www.alonaboholdiversclub.com\/es\/wp-json\/wp\/v2\/users\/2"}],"replies":[{"embeddable":true,"href":"https:\/\/www.alonaboholdiversclub.com\/es\/wp-json\/wp\/v2\/comments?post=15760"}],"version-history":[{"count":0,"href":"https:\/\/www.alonaboholdiversclub.com\/es\/wp-json\/wp\/v2\/pages\/15760\/revisions"}],"up":[{"embeddable":true,"href":"https:\/\/www.alonaboholdiversclub.com\/es\/wp-json\/wp\/v2\/pages\/16033"}],"wp:featuredmedia":[{"embeddable":true,"href":"https:\/\/www.alonaboholdiversclub.com\/es\/wp-json\/wp\/v2\/media\/15591"}],"wp:attachment":[{"href":"https:\/\/www.alonaboholdiversclub.com\/es\/wp-json\/wp\/v2\/media?parent=15760"}],"curies":[{"name":"wp","href":"https:\/\/api.w.org\/{rel}","templated":true}]}}